{"id":13313,"date":"2025-08-26T09:59:03","date_gmt":"2025-08-26T09:59:03","guid":{"rendered":"https:\/\/cannbliss.com\/?post_type=product&#038;p=13313"},"modified":"2026-04-08T14:37:32","modified_gmt":"2026-04-08T14:37:32","slug":"oleo-de-canhamo-8075mg-sabor-natural-30ml-full-spectrum","status":"publish","type":"product","link":"https:\/\/cannbliss.com\/es\/produto\/oleo-de-canhamo-8075mg-sabor-natural-30ml-full-spectrum\/","title":{"rendered":"\u00d3leo de C\u00e2nhamo 8075mg Sabor Natural \u2013 30ml (Full Spectrum)"},"content":{"rendered":"\t\t<div data-elementor-type=\"product-post\" data-elementor-id=\"13313\" class=\"elementor elementor-13313\" data-elementor-post-type=\"product\">\n\t\t\t\t\t\t<section class=\"elementor-section elementor-top-section elementor-element elementor-element-25ac44f elementor-section-boxed elementor-section-height-default elementor-section-height-default\" data-id=\"25ac44f\" data-element_type=\"section\" data-e-type=\"section\">\n\t\t\t\t\t\t<div class=\"elementor-container elementor-column-gap-default\">\n\t\t\t\t\t<div class=\"elementor-column elementor-col-100 elementor-top-column elementor-element elementor-element-852c8e6\" data-id=\"852c8e6\" data-element_type=\"column\" data-e-type=\"column\">\n\t\t\t<div class=\"elementor-widget-wrap elementor-element-populated\">\n\t\t\t\t\t\t<div class=\"elementor-element elementor-element-2fe4ab1 elementor-widget elementor-widget-text-editor\" data-id=\"2fe4ab1\" data-element_type=\"widget\" data-e-type=\"widget\" data-widget_type=\"text-editor.default\">\n\t\t\t\t<div class=\"elementor-widget-container\">\n\t\t\t\t\t\t\t\t\t<h5 class=\"titleproduct\">Descri\u00e7\u00e3o<\/h5><h6>\u00d3leo de C\u00e2nhamo 8075mg Sabor Natural \u2013 30ml<\/h6><p data-start=\"968\" data-end=\"1297\">O <strong data-start=\"970\" data-end=\"1006\">\u00d3leo de C\u00e2nhamo 8075mg Cannbliss<\/strong> \u00e9 indicado para utilizadores que procuram <strong data-start=\"1049\" data-end=\"1086\">a nossa concentra\u00e7\u00e3o mais elevada<\/strong>. Produzido na UE a partir de c\u00e2nhamo de elevada qualidade e <strong data-start=\"1147\" data-end=\"1189\">testado por laborat\u00f3rios independentes<\/strong>, combina um perfil completo de <strong data-start=\"1221\" data-end=\"1248\">canabin\u00f3ides e terpenos<\/strong> para preservar o potencial natural do c\u00e2nhamo.<\/p><p data-start=\"1299\" data-end=\"1553\">Cada 1 ml fornece <strong data-start=\"1315\" data-end=\"1340\">269mg de CBD (aprox.)<\/strong>, permitindo ajustar facilmente a dose di\u00e1ria. Gra\u00e7as \u00e0 extra\u00e7\u00e3o por <strong data-start=\"1409\" data-end=\"1429\">CO\u2082 supercr\u00edtico<\/strong> e ao fabrico com <strong data-start=\"1447\" data-end=\"1484\">boas pr\u00e1ticas de manufatura (GMP)<\/strong>, obt\u00e9m um \u00f3leo limpo, consistente e livre de solventes agressivos.<\/p><p data-start=\"1555\" data-end=\"1775\"><strong data-start=\"1555\" data-end=\"1570\">Como tomar:<\/strong> coloque a quantidade desejada <strong data-start=\"1601\" data-end=\"1617\">sob a l\u00edngua<\/strong>, aguarde cerca de <strong data-start=\"1636\" data-end=\"1651\">15 segundos<\/strong> e engula. <strong data-start=\"1662\" data-end=\"1697\">Dose inicial sugerida: 10 gotas<\/strong>, ajustando conforme necess\u00e1rio ou aconselhamento de um profissional de sa\u00fade.<\/p><p>Saiba mais sobre a CannBliss\u00a0<a href=\"https:\/\/cannbliss.com\/sobre-nos\/\" target=\"_blank\" rel=\"noopener\">aqui<\/a>, e se pretende conhecer melhor o potencial terap\u00eautico do C\u00e2nhamo, clique <a href=\"https:\/\/cannbliss.com\/porque-o-canhamo\/\" target=\"_blank\" rel=\"noopener\">aqui<\/a>.<\/p><p>\u00a0<\/p><h5 class=\"titleproduct\">Informa\u00e7\u00f5es Adicionais<\/h5><p><b>Todos os nossos produtos garantem qualidade, consist\u00eancia e transpar\u00eancia<\/b>:<\/p><p>&#8211; Livre de produtos qu\u00edmicos agressivos, pesticidas, e metais pesados<br \/>&#8211; Sem gl\u00faten (vegan-friendly), e livre de transg\u00eanicos (non-GMO)<br \/>&#8211; Extrato de c\u00e2nhamo Full Spectrum, com menos de 0,2% de THC, testado em laborat\u00f3rio<br \/>&#8211; Qualidade Premium, produzido na UE a partir de sementes certificadas pela UE<\/p><p>\u00a0<\/p><p><b>Canabin\u00f3ides presentes (12)<\/b>:<\/p><p><strong data-start=\"2166\" data-end=\"2234\">CBD, CBG, CBN, CBC, CBE, CBL, CBT, THC*, CBDV, CBDA, CBGA, CBNV<\/strong><br data-start=\"2234\" data-end=\"2237\" \/>*Tra\u00e7os dentro dos limites legais da UE.<\/p><p>\u00a0<\/p><p><strong>Concentra\u00e7\u00e3o e Dosagem<\/strong>:<\/p><p data-start=\"2313\" data-end=\"2371\"><strong data-start=\"2313\" data-end=\"2336\">&#8211; Concentra\u00e7\u00e3o total:<\/strong> <strong data-start=\"2337\" data-end=\"2347\">8075mg<\/strong> por frasco <strong data-start=\"2359\" data-end=\"2369\">(30ml)<\/strong><\/p><p data-start=\"2374\" data-end=\"2408\"><strong data-start=\"2374\" data-end=\"2395\">&#8211; Pot\u00eancia por 1ml:<\/strong> <strong data-start=\"2396\" data-end=\"2406\">~269mg<\/strong><\/p><p data-start=\"2411\" data-end=\"2463\"><strong data-start=\"2411\" data-end=\"2437\">&#8211; Equival\u00eancia por gota:<\/strong> <strong data-start=\"2438\" data-end=\"2446\">~9mg<\/strong> (30 gotas \u2248 1ml)<\/p><p data-start=\"2411\" data-end=\"2463\">\u00a0<\/p><p data-start=\"2411\" data-end=\"2463\"><strong>Escala em gotas (aprox.):<\/strong><\/p><p data-start=\"2499\" data-end=\"2525\">30 gotas \u2192 270mg<\/p><p>20 gotas \u2192 180mg<\/p><p data-start=\"2557\" data-end=\"2583\">15 gotas \u2192 135mg<\/p><p data-start=\"2586\" data-end=\"2611\">10 gotas \u2192 90mg<\/p><p data-start=\"2614\" data-end=\"2636\">5 gotas \u2192 45mg<\/p><p data-start=\"2614\" data-end=\"2636\">\u00a0<\/p><p><strong>Ingredientes<\/strong>:<\/p><p data-start=\"2661\" data-end=\"2701\">&#8211; Extrato Full Spectrum de c\u00e2nhamo (CO\u2082)<\/p><p data-start=\"2704\" data-end=\"2763\">&#8211; \u00d3leo transportador <strong data-start=\"2723\" data-end=\"2730\">MCT<\/strong> (Triglicer\u00eddeos de Cadeia M\u00e9dia)<\/p><p data-start=\"2704\" data-end=\"2763\">\u00a0<\/p><p><strong>Modo de Utiliza\u00e7\u00e3o<\/strong>:<\/p><p>Agitar antes de usar. Aplicar sob a l\u00edngua, <strong data-start=\"2836\" data-end=\"2849\">reter 15s<\/strong> e engolir. <strong data-start=\"2861\" data-end=\"2889\">Iniciar com 10 gotas\/dia<\/strong> (pode dividir entre manh\u00e3\/noite) e ajustar gradualmente.<\/p><p><span style=\"font-family: var( --e-global-typography-text-font-family ), Sans-serif; font-size: var( --e-global-typography-text-font-size ); font-weight: var( --e-global-typography-text-font-weight );\">\u00a0<\/span><\/p><p><b>Armazenamento<\/b>:<\/p><p data-start=\"2970\" data-end=\"3079\">Conservar bem fechado, em <strong data-start=\"2996\" data-end=\"3019\">local fresco e seco<\/strong>, ao abrigo da luz. Manter fora do alcance das <strong data-start=\"3066\" data-end=\"3078\">crian\u00e7as<\/strong>.<\/p><p data-start=\"2970\" data-end=\"3079\">\u00a0<\/p><p><b>Advert\u00eancias<\/b>:<\/p><p data-start=\"3104\" data-end=\"3148\"><strong data-start=\"3104\" data-end=\"3119\">&#8211; N\u00e3o exceder<\/strong> a dose di\u00e1ria recomendada.<\/p><p data-start=\"3151\" data-end=\"3246\">&#8211; Os suplementos alimentares <strong data-start=\"3178\" data-end=\"3196\">n\u00e3o substituem<\/strong> uma dieta variada e um estilo de vida saud\u00e1vel.<\/p><p data-start=\"3249\" data-end=\"3367\"><strong data-start=\"3249\" data-end=\"3262\">&#8211; Consultar<\/strong> um profissional de sa\u00fade se estiver gr\u00e1vida, a amamentar, a tomar medica\u00e7\u00e3o ou tiver condi\u00e7\u00e3o cl\u00ednica.<\/p><p data-start=\"3370\" data-end=\"3413\">&#8211; Produto destinado a <strong data-start=\"3390\" data-end=\"3412\">maiores de 18 anos<\/strong>.<\/p><p data-start=\"3370\" data-end=\"3413\">\u00a0<\/p><p><strong>Indica\u00e7\u00f5es &amp; Benef\u00edcios:<\/strong><\/p><p data-start=\"3655\" data-end=\"3737\"><strong data-start=\"3655\" data-end=\"3683\">&#8211; Bem-estar e relaxamento:<\/strong> suporte \u00e0 gest\u00e3o de stress e qualidade do descanso.<\/p><p data-start=\"3740\" data-end=\"3805\"><strong data-start=\"3740\" data-end=\"3759\">&#8211; Clareza e foco:<\/strong> perfil completo de canabin\u00f3ides e terpenos.<\/p><p><strong data-start=\"3808\" data-end=\"3824\">&#8211; Desconforto:<\/strong> apoio complementar em quadros de desconforto cr\u00f3nico.<\/p><p>\u00a0<\/p><p><b>Benef\u00edcios Documentados<\/b>:<\/p><p><a href=\"https:\/\/cannbliss.com\/wp-content\/uploads\/2025\/08\/beneficios-documentados.pdf\" target=\"_blank\" rel=\"noopener\">Ver PDF \u00bb<\/a><\/p>\t\t\t\t\t\t\t\t<\/div>\n\t\t\t\t<\/div>\n\t\t\t\t\t<\/div>\n\t\t<\/div>\n\t\t\t\t\t<\/div>\n\t\t<\/section>\n\t\t\t\t<\/div>\n\t\t","protected":false},"excerpt":{"rendered":"<p><strong data-start=\"396\" data-end=\"420\">Produto certificado.<\/strong><br data-start=\"420\" data-end=\"423\" \/>Este \u00d3leo de C\u00e2nhamo Full Spectrum \u00e9 <strong data-start=\"460\" data-end=\"480\">extra\u00eddo por CO\u2082<\/strong> a partir de c\u00e2nhamo NO-GMO e <strong data-start=\"511\" data-end=\"558\">fabricado em Laborat\u00f3rio Farmac\u00eautico na UE<\/strong> com certifica\u00e7\u00e3o <strong data-start=\"576\" data-end=\"583\">GMP<\/strong>, garantindo a m\u00e1xima pureza, seguran\u00e7a e qualidade. Formula\u00e7\u00e3o <strong data-start=\"649\" data-end=\"669\">de alta pot\u00eancia<\/strong> com <strong data-start=\"674\" data-end=\"684\">8075mg<\/strong> por frasco (30ml) e <strong data-start=\"705\" data-end=\"724\">12 canabin\u00f3ides<\/strong> naturais, desenvolvida para oferecer apoio ao <strong data-start=\"771\" data-end=\"813\">relaxamento, bem-estar, clareza mental<\/strong> e al\u00edvio de <strong data-start=\"826\" data-end=\"841\">desconforto<\/strong>.<br data-start=\"842\" data-end=\"845\" \/>Saiba mais sobre este \u00f3leo, j\u00e1 aqui em baixo.<\/p>\n","protected":false},"featured_media":13317,"comment_status":"open","ping_status":"closed","template":"","meta":[],"product_brand":[],"product_cat":[210],"product_tag":[],"class_list":{"0":"post-13313","1":"product","2":"type-product","3":"status-publish","4":"has-post-thumbnail","6":"product_cat-oleos-canhamo","8":"first","9":"instock","10":"taxable","11":"shipping-taxable","12":"purchasable","13":"product-type-simple"},"yoast_head":"<!-- This site is optimized with the Yoast SEO plugin v26.9 - https:\/\/yoast.com\/product\/yoast-seo-wordpress\/ -->\n<title>\u00d3leo de C\u00e2nhamo 8075mg Sabor Natural \u2013 30ml (Full Spectrum) - Cannbliss<\/title>\n<meta name=\"robots\" content=\"index, follow, max-snippet:-1, max-image-preview:large, max-video-preview:-1\" \/>\n<link rel=\"canonical\" href=\"https:\/\/cannbliss.com\/produto\/oleo-de-canhamo-8075mg-sabor-natural-30ml-full-spectrum\/\" \/>\n<meta property=\"og:locale\" content=\"es_ES\" \/>\n<meta property=\"og:type\" content=\"article\" \/>\n<meta property=\"og:title\" content=\"\u00d3leo de C\u00e2nhamo 8075mg Sabor Natural \u2013 30ml (Full Spectrum) - Cannbliss\" \/>\n<meta property=\"og:description\" content=\"Produto certificado.Este \u00d3leo de C\u00e2nhamo Full Spectrum \u00e9 extra\u00eddo por CO\u2082 a partir de c\u00e2nhamo NO-GMO e fabricado em Laborat\u00f3rio Farmac\u00eautico na UE com certifica\u00e7\u00e3o GMP, garantindo a m\u00e1xima pureza, seguran\u00e7a e qualidade. Formula\u00e7\u00e3o de alta pot\u00eancia com 8075mg por frasco (30ml) e 12 canabin\u00f3ides naturais, desenvolvida para oferecer apoio ao relaxamento, bem-estar, clareza mental e al\u00edvio de desconforto.Saiba mais sobre este \u00f3leo, j\u00e1 aqui em baixo.\" \/>\n<meta property=\"og:url\" content=\"https:\/\/cannbliss.com\/produto\/oleo-de-canhamo-8075mg-sabor-natural-30ml-full-spectrum\/\" \/>\n<meta property=\"og:site_name\" content=\"Cannbliss\" \/>\n<meta property=\"article:modified_time\" content=\"2026-04-08T14:37:32+00:00\" \/>\n<meta property=\"og:image\" content=\"https:\/\/cannbliss.com\/wp-content\/uploads\/2025\/08\/8075mg-CBD-oil-glass-min.jpg\" \/>\n\t<meta property=\"og:image:width\" content=\"1200\" \/>\n\t<meta property=\"og:image:height\" content=\"1200\" \/>\n\t<meta property=\"og:image:type\" content=\"image\/jpeg\" \/>\n<meta name=\"twitter:card\" content=\"summary_large_image\" \/>\n<meta name=\"twitter:label1\" content=\"Precio\" \/>\n\t<meta name=\"twitter:data1\" content=\"&euro;69,00\" \/>\n\t<meta name=\"twitter:label2\" content=\"Disponibilidad\" \/>\n\t<meta name=\"twitter:data2\" content=\"Disponible\" \/>\n<script type=\"application\/ld+json\" class=\"yoast-schema-graph\">{\"@context\":\"https:\/\/schema.org\",\"@graph\":[{\"@type\":[\"WebPage\",\"ItemPage\"],\"@id\":\"https:\/\/cannbliss.com\/produto\/oleo-de-canhamo-8075mg-sabor-natural-30ml-full-spectrum\/\",\"url\":\"https:\/\/cannbliss.com\/produto\/oleo-de-canhamo-8075mg-sabor-natural-30ml-full-spectrum\/\",\"name\":\"\u00d3leo de C\u00e2nhamo 8075mg Sabor Natural \u2013 30ml (Full Spectrum) - Cannbliss\",\"isPartOf\":{\"@id\":\"https:\/\/cannbliss.com\/#website\"},\"primaryImageOfPage\":{\"@id\":\"https:\/\/cannbliss.com\/produto\/oleo-de-canhamo-8075mg-sabor-natural-30ml-full-spectrum\/#primaryimage\"},\"image\":{\"@id\":\"https:\/\/cannbliss.com\/produto\/oleo-de-canhamo-8075mg-sabor-natural-30ml-full-spectrum\/#primaryimage\"},\"thumbnailUrl\":\"https:\/\/cannbliss.com\/wp-content\/uploads\/2025\/08\/8075mg-CBD-oil-glass-min.jpg\",\"datePublished\":\"2025-08-26T09:59:03+00:00\",\"dateModified\":\"2026-04-08T14:37:32+00:00\",\"breadcrumb\":{\"@id\":\"https:\/\/cannbliss.com\/produto\/oleo-de-canhamo-8075mg-sabor-natural-30ml-full-spectrum\/#breadcrumb\"},\"inLanguage\":\"es\",\"potentialAction\":[{\"@type\":\"ReadAction\",\"target\":[\"https:\/\/cannbliss.com\/produto\/oleo-de-canhamo-8075mg-sabor-natural-30ml-full-spectrum\/\"]}]},{\"@type\":\"ImageObject\",\"inLanguage\":\"es\",\"@id\":\"https:\/\/cannbliss.com\/produto\/oleo-de-canhamo-8075mg-sabor-natural-30ml-full-spectrum\/#primaryimage\",\"url\":\"https:\/\/cannbliss.com\/wp-content\/uploads\/2025\/08\/8075mg-CBD-oil-glass-min.jpg\",\"contentUrl\":\"https:\/\/cannbliss.com\/wp-content\/uploads\/2025\/08\/8075mg-CBD-oil-glass-min.jpg\",\"width\":1200,\"height\":1200},{\"@type\":\"BreadcrumbList\",\"@id\":\"https:\/\/cannbliss.com\/produto\/oleo-de-canhamo-8075mg-sabor-natural-30ml-full-spectrum\/#breadcrumb\",\"itemListElement\":[{\"@type\":\"ListItem\",\"position\":1,\"name\":\"Tienda\",\"item\":\"https:\/\/cannbliss.com\/es\/tienda\/\"},{\"@type\":\"ListItem\",\"position\":2,\"name\":\"\u00d3leo de C\u00e2nhamo 8075mg Sabor Natural \u2013 30ml (Full Spectrum)\"}]},{\"@type\":\"WebSite\",\"@id\":\"https:\/\/cannbliss.com\/#website\",\"url\":\"https:\/\/cannbliss.com\/\",\"name\":\"Cannbliss\",\"description\":\"Produtos \u00e0 Base de \u00d3leo de C\u00e2nhamo\",\"publisher\":{\"@id\":\"https:\/\/cannbliss.com\/#organization\"},\"potentialAction\":[{\"@type\":\"SearchAction\",\"target\":{\"@type\":\"EntryPoint\",\"urlTemplate\":\"https:\/\/cannbliss.com\/?s={search_term_string}\"},\"query-input\":{\"@type\":\"PropertyValueSpecification\",\"valueRequired\":true,\"valueName\":\"search_term_string\"}}],\"inLanguage\":\"es\"},{\"@type\":\"Organization\",\"@id\":\"https:\/\/cannbliss.com\/#organization\",\"name\":\"Cannbliss\",\"url\":\"https:\/\/cannbliss.com\/\",\"logo\":{\"@type\":\"ImageObject\",\"inLanguage\":\"es\",\"@id\":\"https:\/\/cannbliss.com\/#\/schema\/logo\/image\/\",\"url\":\"https:\/\/cannbliss.com\/wp-content\/uploads\/2022\/11\/cannbliss_verdeescuro.png\",\"contentUrl\":\"https:\/\/cannbliss.com\/wp-content\/uploads\/2022\/11\/cannbliss_verdeescuro.png\",\"width\":1000,\"height\":152,\"caption\":\"Cannbliss\"},\"image\":{\"@id\":\"https:\/\/cannbliss.com\/#\/schema\/logo\/image\/\"}}]}<\/script>\n<meta property=\"product:price:amount\" content=\"69.00\" \/>\n<meta property=\"product:price:currency\" content=\"EUR\" \/>\n<meta property=\"og:availability\" content=\"instock\" \/>\n<meta property=\"product:availability\" content=\"instock\" \/>\n<meta property=\"product:retailer_item_id\" content=\"CANN0547\" \/>\n<meta property=\"product:condition\" content=\"new\" \/>\n<!-- \/ Yoast SEO plugin. -->","yoast_head_json":{"title":"\u00d3leo de C\u00e2nhamo 8075mg Sabor Natural \u2013 30ml (Full Spectrum) - Cannbliss","robots":{"index":"index","follow":"follow","max-snippet":"max-snippet:-1","max-image-preview":"max-image-preview:large","max-video-preview":"max-video-preview:-1"},"canonical":"https:\/\/cannbliss.com\/produto\/oleo-de-canhamo-8075mg-sabor-natural-30ml-full-spectrum\/","og_locale":"es_ES","og_type":"article","og_title":"\u00d3leo de C\u00e2nhamo 8075mg Sabor Natural \u2013 30ml (Full Spectrum) - Cannbliss","og_description":"Produto certificado.Este \u00d3leo de C\u00e2nhamo Full Spectrum \u00e9 extra\u00eddo por CO\u2082 a partir de c\u00e2nhamo NO-GMO e fabricado em Laborat\u00f3rio Farmac\u00eautico na UE com certifica\u00e7\u00e3o GMP, garantindo a m\u00e1xima pureza, seguran\u00e7a e qualidade. Formula\u00e7\u00e3o de alta pot\u00eancia com 8075mg por frasco (30ml) e 12 canabin\u00f3ides naturais, desenvolvida para oferecer apoio ao relaxamento, bem-estar, clareza mental e al\u00edvio de desconforto.Saiba mais sobre este \u00f3leo, j\u00e1 aqui em baixo.","og_url":"https:\/\/cannbliss.com\/produto\/oleo-de-canhamo-8075mg-sabor-natural-30ml-full-spectrum\/","og_site_name":"Cannbliss","article_modified_time":"2026-04-08T14:37:32+00:00","og_image":[{"width":1200,"height":1200,"url":"https:\/\/cannbliss.com\/wp-content\/uploads\/2025\/08\/8075mg-CBD-oil-glass-min.jpg","type":"image\/jpeg"}],"twitter_card":"summary_large_image","twitter_misc":{"Precio":"&euro;69,00","Disponibilidad":"Disponible"},"schema":{"@context":"https:\/\/schema.org","@graph":[{"@type":["WebPage","ItemPage"],"@id":"https:\/\/cannbliss.com\/produto\/oleo-de-canhamo-8075mg-sabor-natural-30ml-full-spectrum\/","url":"https:\/\/cannbliss.com\/produto\/oleo-de-canhamo-8075mg-sabor-natural-30ml-full-spectrum\/","name":"\u00d3leo de C\u00e2nhamo 8075mg Sabor Natural \u2013 30ml (Full Spectrum) - Cannbliss","isPartOf":{"@id":"https:\/\/cannbliss.com\/#website"},"primaryImageOfPage":{"@id":"https:\/\/cannbliss.com\/produto\/oleo-de-canhamo-8075mg-sabor-natural-30ml-full-spectrum\/#primaryimage"},"image":{"@id":"https:\/\/cannbliss.com\/produto\/oleo-de-canhamo-8075mg-sabor-natural-30ml-full-spectrum\/#primaryimage"},"thumbnailUrl":"https:\/\/cannbliss.com\/wp-content\/uploads\/2025\/08\/8075mg-CBD-oil-glass-min.jpg","datePublished":"2025-08-26T09:59:03+00:00","dateModified":"2026-04-08T14:37:32+00:00","breadcrumb":{"@id":"https:\/\/cannbliss.com\/produto\/oleo-de-canhamo-8075mg-sabor-natural-30ml-full-spectrum\/#breadcrumb"},"inLanguage":"es","potentialAction":[{"@type":"ReadAction","target":["https:\/\/cannbliss.com\/produto\/oleo-de-canhamo-8075mg-sabor-natural-30ml-full-spectrum\/"]}]},{"@type":"ImageObject","inLanguage":"es","@id":"https:\/\/cannbliss.com\/produto\/oleo-de-canhamo-8075mg-sabor-natural-30ml-full-spectrum\/#primaryimage","url":"https:\/\/cannbliss.com\/wp-content\/uploads\/2025\/08\/8075mg-CBD-oil-glass-min.jpg","contentUrl":"https:\/\/cannbliss.com\/wp-content\/uploads\/2025\/08\/8075mg-CBD-oil-glass-min.jpg","width":1200,"height":1200},{"@type":"BreadcrumbList","@id":"https:\/\/cannbliss.com\/produto\/oleo-de-canhamo-8075mg-sabor-natural-30ml-full-spectrum\/#breadcrumb","itemListElement":[{"@type":"ListItem","position":1,"name":"Tienda","item":"https:\/\/cannbliss.com\/es\/tienda\/"},{"@type":"ListItem","position":2,"name":"\u00d3leo de C\u00e2nhamo 8075mg Sabor Natural \u2013 30ml (Full Spectrum)"}]},{"@type":"WebSite","@id":"https:\/\/cannbliss.com\/#website","url":"https:\/\/cannbliss.com\/","name":"Cannbliss","description":"Produtos \u00e0 Base de \u00d3leo de C\u00e2nhamo","publisher":{"@id":"https:\/\/cannbliss.com\/#organization"},"potentialAction":[{"@type":"SearchAction","target":{"@type":"EntryPoint","urlTemplate":"https:\/\/cannbliss.com\/?s={search_term_string}"},"query-input":{"@type":"PropertyValueSpecification","valueRequired":true,"valueName":"search_term_string"}}],"inLanguage":"es"},{"@type":"Organization","@id":"https:\/\/cannbliss.com\/#organization","name":"Cannbliss","url":"https:\/\/cannbliss.com\/","logo":{"@type":"ImageObject","inLanguage":"es","@id":"https:\/\/cannbliss.com\/#\/schema\/logo\/image\/","url":"https:\/\/cannbliss.com\/wp-content\/uploads\/2022\/11\/cannbliss_verdeescuro.png","contentUrl":"https:\/\/cannbliss.com\/wp-content\/uploads\/2022\/11\/cannbliss_verdeescuro.png","width":1000,"height":152,"caption":"Cannbliss"},"image":{"@id":"https:\/\/cannbliss.com\/#\/schema\/logo\/image\/"}}]},"product_price_amount":"69.00","product_price_currency":"EUR","og_availability":"instock","product_availability":"instock","product_retailer_item_id":"CANN0547","product_condition":"new"},"_links":{"self":[{"href":"https:\/\/cannbliss.com\/es\/wp-json\/wp\/v2\/product\/13313","targetHints":{"allow":["GET"]}}],"collection":[{"href":"https:\/\/cannbliss.com\/es\/wp-json\/wp\/v2\/product"}],"about":[{"href":"https:\/\/cannbliss.com\/es\/wp-json\/wp\/v2\/types\/product"}],"replies":[{"embeddable":true,"href":"https:\/\/cannbliss.com\/es\/wp-json\/wp\/v2\/comments?post=13313"}],"version-history":[{"count":14,"href":"https:\/\/cannbliss.com\/es\/wp-json\/wp\/v2\/product\/13313\/revisions"}],"predecessor-version":[{"id":14445,"href":"https:\/\/cannbliss.com\/es\/wp-json\/wp\/v2\/product\/13313\/revisions\/14445"}],"wp:featuredmedia":[{"embeddable":true,"href":"https:\/\/cannbliss.com\/es\/wp-json\/wp\/v2\/media\/13317"}],"wp:attachment":[{"href":"https:\/\/cannbliss.com\/es\/wp-json\/wp\/v2\/media?parent=13313"}],"wp:term":[{"taxonomy":"product_brand","embeddable":true,"href":"https:\/\/cannbliss.com\/es\/wp-json\/wp\/v2\/product_brand?post=13313"},{"taxonomy":"product_cat","embeddable":true,"href":"https:\/\/cannbliss.com\/es\/wp-json\/wp\/v2\/product_cat?post=13313"},{"taxonomy":"product_tag","embeddable":true,"href":"https:\/\/cannbliss.com\/es\/wp-json\/wp\/v2\/product_tag?post=13313"}],"curies":[{"name":"wp","href":"https:\/\/api.w.org\/{rel}","templated":true}]}}