{"id":13003,"date":"2025-01-06T15:11:40","date_gmt":"2025-01-06T15:11:40","guid":{"rendered":"https:\/\/cannbliss.com\/produto\/gominolas-complejo-de-setas-2000mg-30uds\/"},"modified":"2025-07-16T19:44:41","modified_gmt":"2025-07-16T19:44:41","slug":"gominolas-complejo-de-setas-2000mg-30uds","status":"publish","type":"product","link":"https:\/\/cannbliss.com\/es\/produto\/gominolas-complejo-de-setas-2000mg-30uds\/","title":{"rendered":"Gominolas Complejo de Setas 2000mg &#8211; 30uds."},"content":{"rendered":"\t\t<div data-elementor-type=\"product-post\" data-elementor-id=\"13003\" class=\"elementor elementor-13003 elementor-12334\" data-elementor-post-type=\"product\">\n\t\t\t\t\t\t<section class=\"elementor-section elementor-top-section elementor-element elementor-element-3c2fff1 elementor-section-boxed elementor-section-height-default elementor-section-height-default\" data-id=\"3c2fff1\" data-element_type=\"section\" data-e-type=\"section\">\n\t\t\t\t\t\t<div class=\"elementor-container elementor-column-gap-default\">\n\t\t\t\t\t<div class=\"elementor-column elementor-col-100 elementor-top-column elementor-element elementor-element-e237d4e\" data-id=\"e237d4e\" data-element_type=\"column\" data-e-type=\"column\">\n\t\t\t<div class=\"elementor-widget-wrap elementor-element-populated\">\n\t\t\t\t\t\t<div class=\"elementor-element elementor-element-bbb9eac elementor-widget elementor-widget-text-editor\" data-id=\"bbb9eac\" data-element_type=\"widget\" data-e-type=\"widget\" data-widget_type=\"text-editor.default\">\n\t\t\t\t<div class=\"elementor-widget-container\">\n\t\t\t\t\t\t\t\t\t<h5 class=\"titleproduct\">Descripci\u00f3n<\/h5>\n<p>Las gominolas de Complejo de 4 Setas ofrecen 2000 mg por dosis de una potente combinaci\u00f3n de Setas Melena de Le\u00f3n, Chaga, Reishi y Shiitake. Esta f\u00f3rmula favorece el bienestar mental y f\u00edsico: la Melena de Le\u00f3n mejora la funci\u00f3n cognitiva, el Chaga refuerza la inmunidad, el Reishi reduce el estr\u00e9s y el Shiitake beneficia el coraz\u00f3n y la digesti\u00f3n. Elaboradas con un 100% de cuerpos fruct\u00edferos, son veganas, sin gluten ni l\u00e1cteos y tienen un sabor natural a seta ligeramente dulce, ideal para cuidar tu salud de forma deliciosa.  <\/p>\n<p>M\u00e1s informaci\u00f3n sobre CannBliss <a href=\"https:\/\/cannbliss.com\/es\/sobre-nosotros\/\" target=\"_blank\" rel=\"noopener\">aqu\u00ed<\/a>.<\/p>\n<\/p>\n<h5 class=\"titleproduct\">Informaci\u00f3n adicional<\/h5>\n<p><b>Todos nuestros productos garantizan calidad, coherencia y transparencia<\/b><\/p>\n<\/p>\n<p><strong>Cantidad de setas por dosis (2000 mg)<\/strong>:<\/p>\n<ul>\n<li>Melena de Le\u00f3n &#8211; 500 mg<\/li>\n<li>Chaga &#8211; 500 mg<\/li>\n<li>Reishi &#8211; 500 mg<\/li>\n<li>Shiitake &#8211; 500 mg<\/li>\n<\/ul>\n<p><b>Posolog\u00eda:<\/b><\/p>\n<p>Toma 2 (dos) gominolas al d\u00eda o seg\u00fan te aconseje tu m\u00e9dico.<\/p>\n<\/p>\n<p><b>Cantidad por botella:<\/b><\/p>\n<p>30 gominolas.<\/p>\n<\/p>\n<p><b>Almacenamiento<\/b>:<\/p>\n<p>Gu\u00e1rdalo en un lugar fresco y seco, alejado del calor excesivo, la humedad y la luz solar directa. No consumir si el precinto est\u00e1 roto. <\/p>\n<\/p>\n<p><b>Precauciones<\/b>:<\/p>\n<p>No superes la dosis diaria recomendada. Mantener fuera del alcance de los ni\u00f1os y los animales dom\u00e9sticos.<\/p>\n<\/p>\n<p><b>Ingredientes<\/b>:<\/p>\n<p>Az\u00facar, jarabe de glucosa, agua, gelificante (pectina), extracto de Melena de Le\u00f3n (Hericium erinaceus), extracto de Reishi (Ganoderma lucidum), extracto de Chaga (Inonotus obliquus), extracto de Shiitake (Lentinula edodes), de cuerpos fruct\u00edferos, acidulante (\u00e1cido c\u00edtrico), aromatizante (hongo), agente de recubrimiento (aceite de colza, almid\u00f3n, cera de carnauba, aceite de triglic\u00e9ridos de cadena media).<\/p>\n<\/p>\n<p><b>Detalles adicionales<\/b>:<\/p>\n<p>Se trata de un complemento alimenticio y no est\u00e1 destinado a diagnosticar, tratar, curar o prevenir ninguna enfermedad. No debe superarse la dosis diaria recomendada. Los complementos alimenticios no deben utilizarse como sustitutos de una dieta variada y un estilo de vida sano. Consulta a tu m\u00e9dico si padeces alguna enfermedad o tomas medicaci\u00f3n. Mantener fuera del alcance de los ni\u00f1os.    <\/p>\n<\/p>\n<p><b>Informes de laboratorio<\/b>:<\/p>\n<p>XXXXXXXXX<\/p>\n<\/p>\n<p><strong>Crin de Le\u00f3n<\/strong><br \/><strong>Usos Tradicionales:<\/strong> Reconocido en la medicina de Asia Oriental por mejorar la funci\u00f3n cognitiva, la memoria, la concentraci\u00f3n y la claridad mental.<br \/><strong>Apoyo cient\u00edfico:<\/strong> Los estudios indican que la Melena de Le\u00f3n puede estimular el factor de crecimiento nervioso (NGF), favoreciendo la salud cerebral y la funci\u00f3n cognitiva. Tambi\u00e9n puede aliviar los s\u00edntomas del deterioro cognitivo leve, la ansiedad y la depresi\u00f3n. <\/p>\n<\/p>\n<p><strong>Chaga<\/strong><br \/><strong>Usos Tradicionales:<\/strong> Famoso por sus propiedades antioxidantes y potenciadoras de la inmunidad, se utiliza para promover la longevidad y la salud en general.<br \/><strong>Apoyo cient\u00edfico:<\/strong> El chaga protege las c\u00e9lulas del estr\u00e9s oxidativo gracias a su alto contenido en antioxidantes. Tambi\u00e9n puede reforzar la respuesta inmunitaria y reducir la inflamaci\u00f3n. <\/p>\n<\/p>\n<p><strong>Reishi<\/strong><br \/><strong>Usos tradicionales:<\/strong> Llamado \u201chongo de la inmortalidad\u201d en la medicina china, el Reishi es conocido por sus propiedades adapt\u00f3genas que alivian el estr\u00e9s y favorecen la relajaci\u00f3n.<br \/><strong>Respaldo cient\u00edfico:<\/strong> El Reishi favorece la salud inmunitaria, mejora el sue\u00f1o, reduce la fatiga y regula las hormonas del estr\u00e9s, favoreciendo el bienestar emocional.<\/p>\n<\/p>\n<p><strong>Shiitake<\/strong><br \/><strong>Usos Tradicionales<\/strong>: Conocido por favorecer la salud cardiovascular y potenciar la inmunidad, tambi\u00e9n es un hongo muy apreciado en la cocina.<br \/><strong>Apoyo cient\u00edfico:<\/strong> El shiitake puede reducir el colesterol, mejorar la salud del coraz\u00f3n y actuar como prebi\u00f3tico para apoyar el sistema digestivo. Tambi\u00e9n refuerza el sistema inmunitario y ayuda a combatir las infecciones. <\/p>\n<\/p>\n<p><strong>F\u00f3rmula de alta potencia:<\/strong><br \/>Cada dosis contiene 2000 mg de un extracto concentrado 20:1, elaborado exclusivamente a partir de cuerpos fruct\u00edferos y con m\u00e1s de un 40% de polisac\u00e1ridos. Cada frasco ofrece un total de 60.000 mg de esta potente mezcla de hongos, que proporciona beneficios como la mejora de la funci\u00f3n cognitiva con la Melena de Le\u00f3n, el refuerzo de la inmunidad con el Chaga, el alivio del estr\u00e9s con el Reishi y el apoyo card\u00edaco y digestivo con el Shiitake. <\/p>\n<\/p>\n<p><strong>Deliciosas y pr\u00e1cticas:<\/strong><br \/>Las gominolas Mushroom Mix tienen un sabor natural a setas, con un sutil toque dulce y un final ligeramente \u00e1cido, lo que las convierte en una forma agradable y pr\u00e1ctica de mejorar el bienestar.<\/p>\n<\/p>\n<p><strong>Seguridad y calidad:<\/strong><br \/>Producidas en una instalaci\u00f3n con certificaci\u00f3n GMP, las gominolas del Complejo 4 Setas son veganas, sin gluten, sin l\u00e1cteos, sin crueldad y sin aromas ni colorantes artificiales. Creadas para satisfacer diferentes necesidades diet\u00e9ticas sin comprometer la calidad. <\/p>\n\t\t\t\t\t\t\t\t<\/div>\n\t\t\t\t<\/div>\n\t\t\t\t\t<\/div>\n\t\t<\/div>\n\t\t\t\t\t<\/div>\n\t\t<\/section>\n\t\t\t\t<\/div>\n\t\t","protected":false},"excerpt":{"rendered":"<div class=\"flex-shrink-0 flex flex-col relative items-end\">\n<div class=\"pt-0\">\n<div class=\"gizmo-bot-avatar flex h-8 w-8 items-center justify-center overflow-hidden rounded-full\">\n<div class=\"relative p-1 rounded-sm flex items-center justify-center bg-token-main-surface-primary text-token-text-primary h-8 w-8\">Las gominolas de Complejo de 4 Setas combinan 2000 mg de Melena de Le\u00f3n, Chaga, Reishi y Shiitake para apoyar la mente, la inmunidad, el coraz\u00f3n y la digesti\u00f3n. Veganas y naturales, son una forma deliciosa de fomentar el bienestar.<\/div>\n<\/div>\n<\/div>\n<\/div>\n","protected":false},"featured_media":12503,"comment_status":"closed","ping_status":"closed","template":"","meta":[],"product_brand":[],"product_cat":[245],"product_tag":[],"class_list":{"0":"post-13003","1":"product","2":"type-product","3":"status-publish","4":"has-post-thumbnail","6":"product_cat-champinon","8":"first","9":"instock","10":"taxable","11":"shipping-taxable","12":"purchasable","13":"product-type-simple"},"yoast_head":"<!-- This site is optimized with the Yoast SEO plugin v26.9 - https:\/\/yoast.com\/product\/yoast-seo-wordpress\/ -->\n<title>Gominolas Complejo de Setas 2000mg - 30uds. - Cannbliss<\/title>\n<meta name=\"robots\" content=\"index, follow, max-snippet:-1, max-image-preview:large, max-video-preview:-1\" \/>\n<link rel=\"canonical\" href=\"https:\/\/cannbliss.com\/produto\/mushroom-complex-gummies-2000mg-30pcs\/\" \/>\n<meta property=\"og:locale\" content=\"es_ES\" \/>\n<meta property=\"og:type\" content=\"article\" \/>\n<meta property=\"og:title\" content=\"Gominolas Complejo de Setas 2000mg - 30uds. - Cannbliss\" \/>\n<meta property=\"og:description\" content=\"Las gominolas de Complejo de 4 Setas combinan 2000 mg de Melena de Le\u00f3n, Chaga, Reishi y Shiitake para apoyar la mente, la inmunidad, el coraz\u00f3n y la digesti\u00f3n. Veganas y naturales, son una forma deliciosa de fomentar el bienestar.\" \/>\n<meta property=\"og:url\" content=\"https:\/\/cannbliss.com\/produto\/mushroom-complex-gummies-2000mg-30pcs\/\" \/>\n<meta property=\"og:site_name\" content=\"Cannbliss\" \/>\n<meta property=\"article:modified_time\" content=\"2025-07-16T19:44:41+00:00\" \/>\n<meta property=\"og:image\" content=\"https:\/\/cannbliss.com\/wp-content\/uploads\/2025\/01\/mushgummies-min.jpg\" \/>\n\t<meta property=\"og:image:width\" content=\"1080\" \/>\n\t<meta property=\"og:image:height\" content=\"1080\" \/>\n\t<meta property=\"og:image:type\" content=\"image\/jpeg\" \/>\n<meta name=\"twitter:card\" content=\"summary_large_image\" \/>\n<meta name=\"twitter:label1\" content=\"Precio\" \/>\n\t<meta name=\"twitter:data1\" content=\"&euro;19,90\" \/>\n\t<meta name=\"twitter:label2\" content=\"Disponibilidad\" \/>\n\t<meta name=\"twitter:data2\" content=\"Disponible\" \/>\n<script type=\"application\/ld+json\" class=\"yoast-schema-graph\">{\"@context\":\"https:\/\/schema.org\",\"@graph\":[{\"@type\":[\"WebPage\",\"ItemPage\"],\"@id\":\"https:\/\/cannbliss.com\/produto\/mushroom-complex-gummies-2000mg-30pcs\/\",\"url\":\"https:\/\/cannbliss.com\/produto\/mushroom-complex-gummies-2000mg-30pcs\/\",\"name\":\"Gominolas Complejo de Setas 2000mg - 30uds. - Cannbliss\",\"isPartOf\":{\"@id\":\"https:\/\/cannbliss.com\/#website\"},\"primaryImageOfPage\":{\"@id\":\"https:\/\/cannbliss.com\/produto\/mushroom-complex-gummies-2000mg-30pcs\/#primaryimage\"},\"image\":{\"@id\":\"https:\/\/cannbliss.com\/produto\/mushroom-complex-gummies-2000mg-30pcs\/#primaryimage\"},\"thumbnailUrl\":\"https:\/\/cannbliss.com\/wp-content\/uploads\/2025\/01\/mushgummies-min.jpg\",\"datePublished\":\"2025-01-06T15:11:40+00:00\",\"dateModified\":\"2025-07-16T19:44:41+00:00\",\"breadcrumb\":{\"@id\":\"https:\/\/cannbliss.com\/produto\/mushroom-complex-gummies-2000mg-30pcs\/#breadcrumb\"},\"inLanguage\":\"es\",\"potentialAction\":[{\"@type\":\"ReadAction\",\"target\":[\"https:\/\/cannbliss.com\/produto\/mushroom-complex-gummies-2000mg-30pcs\/\"]}]},{\"@type\":\"ImageObject\",\"inLanguage\":\"es\",\"@id\":\"https:\/\/cannbliss.com\/produto\/mushroom-complex-gummies-2000mg-30pcs\/#primaryimage\",\"url\":\"https:\/\/cannbliss.com\/wp-content\/uploads\/2025\/01\/mushgummies-min.jpg\",\"contentUrl\":\"https:\/\/cannbliss.com\/wp-content\/uploads\/2025\/01\/mushgummies-min.jpg\",\"width\":1080,\"height\":1080},{\"@type\":\"BreadcrumbList\",\"@id\":\"https:\/\/cannbliss.com\/produto\/mushroom-complex-gummies-2000mg-30pcs\/#breadcrumb\",\"itemListElement\":[{\"@type\":\"ListItem\",\"position\":1,\"name\":\"Tienda\",\"item\":\"https:\/\/cannbliss.com\/es\/tienda\/\"},{\"@type\":\"ListItem\",\"position\":2,\"name\":\"Gominolas Complejo de Setas 2000mg &#8211; 30uds.\"}]},{\"@type\":\"WebSite\",\"@id\":\"https:\/\/cannbliss.com\/#website\",\"url\":\"https:\/\/cannbliss.com\/\",\"name\":\"Cannbliss\",\"description\":\"Produtos \u00e0 Base de \u00d3leo de C\u00e2nhamo\",\"publisher\":{\"@id\":\"https:\/\/cannbliss.com\/#organization\"},\"potentialAction\":[{\"@type\":\"SearchAction\",\"target\":{\"@type\":\"EntryPoint\",\"urlTemplate\":\"https:\/\/cannbliss.com\/?s={search_term_string}\"},\"query-input\":{\"@type\":\"PropertyValueSpecification\",\"valueRequired\":true,\"valueName\":\"search_term_string\"}}],\"inLanguage\":\"es\"},{\"@type\":\"Organization\",\"@id\":\"https:\/\/cannbliss.com\/#organization\",\"name\":\"Cannbliss\",\"url\":\"https:\/\/cannbliss.com\/\",\"logo\":{\"@type\":\"ImageObject\",\"inLanguage\":\"es\",\"@id\":\"https:\/\/cannbliss.com\/#\/schema\/logo\/image\/\",\"url\":\"https:\/\/cannbliss.com\/wp-content\/uploads\/2022\/11\/cannbliss_verdeescuro.png\",\"contentUrl\":\"https:\/\/cannbliss.com\/wp-content\/uploads\/2022\/11\/cannbliss_verdeescuro.png\",\"width\":1000,\"height\":152,\"caption\":\"Cannbliss\"},\"image\":{\"@id\":\"https:\/\/cannbliss.com\/#\/schema\/logo\/image\/\"}}]}<\/script>\n<meta property=\"product:price:amount\" content=\"19.90\" \/>\n<meta property=\"product:price:currency\" content=\"EUR\" \/>\n<meta property=\"og:availability\" content=\"instock\" \/>\n<meta property=\"product:availability\" content=\"instock\" \/>\n<meta property=\"product:retailer_item_id\" content=\"CANN080\" \/>\n<meta property=\"product:condition\" content=\"new\" \/>\n<!-- \/ Yoast SEO plugin. -->","yoast_head_json":{"title":"Gominolas Complejo de Setas 2000mg - 30uds. - Cannbliss","robots":{"index":"index","follow":"follow","max-snippet":"max-snippet:-1","max-image-preview":"max-image-preview:large","max-video-preview":"max-video-preview:-1"},"canonical":"https:\/\/cannbliss.com\/produto\/mushroom-complex-gummies-2000mg-30pcs\/","og_locale":"es_ES","og_type":"article","og_title":"Gominolas Complejo de Setas 2000mg - 30uds. - Cannbliss","og_description":"Las gominolas de Complejo de 4 Setas combinan 2000 mg de Melena de Le\u00f3n, Chaga, Reishi y Shiitake para apoyar la mente, la inmunidad, el coraz\u00f3n y la digesti\u00f3n. Veganas y naturales, son una forma deliciosa de fomentar el bienestar.","og_url":"https:\/\/cannbliss.com\/produto\/mushroom-complex-gummies-2000mg-30pcs\/","og_site_name":"Cannbliss","article_modified_time":"2025-07-16T19:44:41+00:00","og_image":[{"width":1080,"height":1080,"url":"https:\/\/cannbliss.com\/wp-content\/uploads\/2025\/01\/mushgummies-min.jpg","type":"image\/jpeg"}],"twitter_card":"summary_large_image","twitter_misc":{"Precio":"&euro;19,90","Disponibilidad":"Disponible"},"schema":{"@context":"https:\/\/schema.org","@graph":[{"@type":["WebPage","ItemPage"],"@id":"https:\/\/cannbliss.com\/produto\/mushroom-complex-gummies-2000mg-30pcs\/","url":"https:\/\/cannbliss.com\/produto\/mushroom-complex-gummies-2000mg-30pcs\/","name":"Gominolas Complejo de Setas 2000mg - 30uds. - Cannbliss","isPartOf":{"@id":"https:\/\/cannbliss.com\/#website"},"primaryImageOfPage":{"@id":"https:\/\/cannbliss.com\/produto\/mushroom-complex-gummies-2000mg-30pcs\/#primaryimage"},"image":{"@id":"https:\/\/cannbliss.com\/produto\/mushroom-complex-gummies-2000mg-30pcs\/#primaryimage"},"thumbnailUrl":"https:\/\/cannbliss.com\/wp-content\/uploads\/2025\/01\/mushgummies-min.jpg","datePublished":"2025-01-06T15:11:40+00:00","dateModified":"2025-07-16T19:44:41+00:00","breadcrumb":{"@id":"https:\/\/cannbliss.com\/produto\/mushroom-complex-gummies-2000mg-30pcs\/#breadcrumb"},"inLanguage":"es","potentialAction":[{"@type":"ReadAction","target":["https:\/\/cannbliss.com\/produto\/mushroom-complex-gummies-2000mg-30pcs\/"]}]},{"@type":"ImageObject","inLanguage":"es","@id":"https:\/\/cannbliss.com\/produto\/mushroom-complex-gummies-2000mg-30pcs\/#primaryimage","url":"https:\/\/cannbliss.com\/wp-content\/uploads\/2025\/01\/mushgummies-min.jpg","contentUrl":"https:\/\/cannbliss.com\/wp-content\/uploads\/2025\/01\/mushgummies-min.jpg","width":1080,"height":1080},{"@type":"BreadcrumbList","@id":"https:\/\/cannbliss.com\/produto\/mushroom-complex-gummies-2000mg-30pcs\/#breadcrumb","itemListElement":[{"@type":"ListItem","position":1,"name":"Tienda","item":"https:\/\/cannbliss.com\/es\/tienda\/"},{"@type":"ListItem","position":2,"name":"Gominolas Complejo de Setas 2000mg &#8211; 30uds."}]},{"@type":"WebSite","@id":"https:\/\/cannbliss.com\/#website","url":"https:\/\/cannbliss.com\/","name":"Cannbliss","description":"Produtos \u00e0 Base de \u00d3leo de C\u00e2nhamo","publisher":{"@id":"https:\/\/cannbliss.com\/#organization"},"potentialAction":[{"@type":"SearchAction","target":{"@type":"EntryPoint","urlTemplate":"https:\/\/cannbliss.com\/?s={search_term_string}"},"query-input":{"@type":"PropertyValueSpecification","valueRequired":true,"valueName":"search_term_string"}}],"inLanguage":"es"},{"@type":"Organization","@id":"https:\/\/cannbliss.com\/#organization","name":"Cannbliss","url":"https:\/\/cannbliss.com\/","logo":{"@type":"ImageObject","inLanguage":"es","@id":"https:\/\/cannbliss.com\/#\/schema\/logo\/image\/","url":"https:\/\/cannbliss.com\/wp-content\/uploads\/2022\/11\/cannbliss_verdeescuro.png","contentUrl":"https:\/\/cannbliss.com\/wp-content\/uploads\/2022\/11\/cannbliss_verdeescuro.png","width":1000,"height":152,"caption":"Cannbliss"},"image":{"@id":"https:\/\/cannbliss.com\/#\/schema\/logo\/image\/"}}]},"product_price_amount":"19.90","product_price_currency":"EUR","og_availability":"instock","product_availability":"instock","product_retailer_item_id":"CANN080","product_condition":"new"},"_links":{"self":[{"href":"https:\/\/cannbliss.com\/es\/wp-json\/wp\/v2\/product\/13003","targetHints":{"allow":["GET"]}}],"collection":[{"href":"https:\/\/cannbliss.com\/es\/wp-json\/wp\/v2\/product"}],"about":[{"href":"https:\/\/cannbliss.com\/es\/wp-json\/wp\/v2\/types\/product"}],"replies":[{"embeddable":true,"href":"https:\/\/cannbliss.com\/es\/wp-json\/wp\/v2\/comments?post=13003"}],"version-history":[{"count":3,"href":"https:\/\/cannbliss.com\/es\/wp-json\/wp\/v2\/product\/13003\/revisions"}],"predecessor-version":[{"id":13008,"href":"https:\/\/cannbliss.com\/es\/wp-json\/wp\/v2\/product\/13003\/revisions\/13008"}],"wp:featuredmedia":[{"embeddable":true,"href":"https:\/\/cannbliss.com\/es\/wp-json\/wp\/v2\/media\/12503"}],"wp:attachment":[{"href":"https:\/\/cannbliss.com\/es\/wp-json\/wp\/v2\/media?parent=13003"}],"wp:term":[{"taxonomy":"product_brand","embeddable":true,"href":"https:\/\/cannbliss.com\/es\/wp-json\/wp\/v2\/product_brand?post=13003"},{"taxonomy":"product_cat","embeddable":true,"href":"https:\/\/cannbliss.com\/es\/wp-json\/wp\/v2\/product_cat?post=13003"},{"taxonomy":"product_tag","embeddable":true,"href":"https:\/\/cannbliss.com\/es\/wp-json\/wp\/v2\/product_tag?post=13003"}],"curies":[{"name":"wp","href":"https:\/\/api.w.org\/{rel}","templated":true}]}}