{"id":12996,"date":"2024-12-11T11:56:04","date_gmt":"2024-12-11T11:56:04","guid":{"rendered":"https:\/\/cannbliss.com\/produto\/cbd-gummies-750mg-30pcs-full-spectrum\/"},"modified":"2025-06-23T12:34:34","modified_gmt":"2025-06-23T12:34:34","slug":"cbd-gummies-750mg-30pcs-full-spectrum","status":"publish","type":"product","link":"https:\/\/cannbliss.com\/es\/produto\/cbd-gummies-750mg-30pcs-full-spectrum\/","title":{"rendered":"CBD Gummies 750mg 30pcs Full Spectrum"},"content":{"rendered":"\t\t<div data-elementor-type=\"product-post\" data-elementor-id=\"12996\" class=\"elementor elementor-12996 elementor-12129\" data-elementor-post-type=\"product\">\n\t\t\t\t\t\t<section class=\"elementor-section elementor-top-section elementor-element elementor-element-dd164c6 elementor-section-boxed elementor-section-height-default elementor-section-height-default\" data-id=\"dd164c6\" data-element_type=\"section\" data-e-type=\"section\">\n\t\t\t\t\t\t<div class=\"elementor-container elementor-column-gap-default\">\n\t\t\t\t\t<div class=\"elementor-column elementor-col-100 elementor-top-column elementor-element elementor-element-f68523c\" data-id=\"f68523c\" data-element_type=\"column\" data-e-type=\"column\">\n\t\t\t<div class=\"elementor-widget-wrap elementor-element-populated\">\n\t\t\t\t\t\t<div class=\"elementor-element elementor-element-9923756 elementor-widget elementor-widget-text-editor\" data-id=\"9923756\" data-element_type=\"widget\" data-e-type=\"widget\" data-widget_type=\"text-editor.default\">\n\t\t\t\t<div class=\"elementor-widget-container\">\n\t\t\t\t\t\t\t\t\t<h5 class=\"titleproduct\">Descripci\u00f3n<\/h5>\n<p>Presentamos la \u00faltima incorporaci\u00f3n premium de Cannbliss: las gominolas de CBD. Llenas de sabor, estas gominolas de espectro completo ofrecen los beneficios combinados de los cannabinoides, terpenos y flavonoides, aprovechando el efecto s\u00e9quito. Una forma deliciosa y natural de disfrutar a diario de los beneficios hol\u00edsticos del CBD.  <\/p>\n<\/p>\n<p>Obt\u00e9n m\u00e1s informaci\u00f3n sobre CannBliss <a href=\"https:\/\/cannbliss.com\/es\/sobre-nosotros\/\" target=\"_blank\" rel=\"noopener\">aqu\u00ed<\/a>, y si quieres saber m\u00e1s sobre el potencial terap\u00e9utico del c\u00e1\u00f1amo, haz clic <a href=\"https:\/\/cannbliss.com\/es\/por-que-el-canamo\/\" target=\"_blank\" rel=\"noopener\">aqu\u00ed<\/a>.<\/p>\n<\/p>\n<h5 class=\"titleproduct\">Informaci\u00f3n adicional<\/h5>\n<p><b>Todos nuestros productos garantizan calidad, coherencia y transparencia<\/b>:<\/p>\n<p>&#8211; Libre de productos qu\u00edmicos agresivos, pesticidas y metales pesados &#8211; Sin gluten (apto para veganos) y sin OMG (no transg\u00e9nico) &#8211; Extracto de c\u00e1\u00f1amo de espectro completo, con menos del 0,2% de THC, probado en laboratorio &#8211; Calidad superior, producido en el Reino Unido a partir de semillas certificadas por la UE<\/p>\n<\/p>\n<p><strong>Ingredientes<\/strong>:<\/p>\n<p>Jarabe de glucosa, Espesante (Gelatina), Regulador de la acidez (\u00c1cido c\u00edtrico), Aromas, Colorantes (complejos de clorofila y cobre, curcumina), Conservante (Sorbato pot\u00e1sico), Extracto de c\u00e1\u00f1amo derivado del cannabidiol (CBD), Aceite de colza.<\/p>\n<\/p>\n<p><b>Posolog\u00eda:<\/b><\/p>\n<p>Dosis recomendada:<\/p>\n<ul>\n<li>1 goma<\/li>\n<li>Cantidad de CBD por dosis: 25 mg<\/li>\n<li>Dosis por envase: 30<\/li>\n<\/ul>\n<p>Como complemento alimenticio, tomar 1 (una) o 2 (dos) gominolas al d\u00eda o seg\u00fan recomiende un profesional de la salud.<\/p>\n<\/p>\n<p><b>Almacenamiento<\/b>:<\/p>\n<p>Gu\u00e1rdalo en un lugar fresco y seco, alejado del calor excesivo, la humedad y la luz solar directa. No consumir si el precinto est\u00e1 roto. <\/p>\n<\/p>\n<p><b>Precauciones<\/b>:<\/p>\n<p>No superes la dosis diaria recomendada. Se recomienda que la ingesta diaria de CBD de todas las fuentes no supere los 70 mg. Este producto no est\u00e1 indicado para mujeres embarazadas o en periodo de lactancia. Las personas que tomen medicamentos o tengan alg\u00fan problema de salud deben consultar a un profesional sanitario antes de utilizarlo. Si se producen reacciones adversas o te encuentras mal, interrumpe su uso y acude al m\u00e9dico. Mantener fuera del alcance de los ni\u00f1os y los animales dom\u00e9sticos. Los complementos alimenticios no deben utilizarse como sustitutos de una dieta equilibrada. El nivel de THC es inferior al 0,2%.       <\/p>\n<\/p>\n<p><b>Informes de laboratorio<\/b>:<\/p>\n<p>XXXXXXXXX<\/p>\n<\/p>\n<p><b>\u00bfC\u00f3mo funcionan las gominolas de CBD?<\/b><\/p>\n<p>Las gominolas de CBD act\u00faan introduciendo el CBD (cannabidiol) en el organismo a trav\u00e9s del sistema digestivo. Tras la ingesti\u00f3n, el CBD se metaboliza y entra en el torrente sangu\u00edneo, interactuando con el sistema endocannabinoide (SCE) del cuerpo para promover el equilibrio y mantener la estabilidad interna. <\/p>\n<\/p>\n<p><b>\u00bfCu\u00e1les son los sabores y experiencias gustativas t\u00edpicos de las gominolas de CBD?<\/b><\/p>\n<p>Las gominolas de CBD ofrecen una forma sabrosa y agradable de disfrutar de los beneficios del CBD. El CBD, normalmente extra\u00eddo del c\u00e1\u00f1amo, tiene un sabor fuerte y terroso que algunas personas disfrutan porque les conecta con una experiencia natural. Sin embargo, las preferencias personales var\u00edan, y no a todo el mundo le gusta este sabor caracter\u00edstico.  <\/p>\n<p>Las gominolas de CBD son una soluci\u00f3n excelente para quienes desean disfrutar de los beneficios terap\u00e9uticos naturales del CBD sin prisas. Consumir CBD no deber\u00eda verse como una prisa, sino como una experiencia relajante y beneficiosa. Mucha gente utiliza el CBD para restaurarse, rejuvenecerse y relajarse, y esta sensaci\u00f3n deber\u00eda extenderse al acto de consumirlo.  <\/p>\n<p>Las gominolas de CBD Cannbliss est\u00e1n cuidadosamente infusionadas con ricos sabores naturales.<\/p>\n<\/p>\n<p><b>\u00bfCu\u00e1nto tardan las gominolas de CBD en empezar a mostrar efectos perceptibles?<\/b><\/p>\n<p>El tiempo que se tarda en sentir los efectos de las gominolas de CBD puede variar en funci\u00f3n de factores individuales como el metabolismo, el peso corporal y la composici\u00f3n corporal \u00fanica. En la mayor\u00eda de los casos, los efectos pueden empezar a notarse entre 30 minutos y 1 hora despu\u00e9s del consumo, pero es importante ser paciente y dar al cuerpo tiempo suficiente para metabolizar el CBD. <\/p>\n\t\t\t\t\t\t\t\t<\/div>\n\t\t\t\t<\/div>\n\t\t\t\t\t<\/div>\n\t\t<\/div>\n\t\t\t\t\t<\/div>\n\t\t<\/section>\n\t\t\t\t<\/div>\n\t\t","protected":false},"excerpt":{"rendered":"<p>Descubre nuestras gominolas de CBD de potencia media, con un total de 750 mg de CBD en un pr\u00e1ctico paquete de 30 unidades. Las Gominolas de CBD Cannbliss, con su sabor a manzana y lim\u00f3n, ofrecen el equilibrio ideal entre eficacia y sencillez de uso. Con 25mg de CBD por gominola, son una opci\u00f3n excelente para cualquiera que busque una experiencia moderada de CBD.<\/p>\n","protected":false},"featured_media":12177,"comment_status":"closed","ping_status":"closed","template":"","meta":[],"product_brand":[],"product_cat":[243],"product_tag":[],"class_list":{"0":"post-12996","1":"product","2":"type-product","3":"status-publish","4":"has-post-thumbnail","6":"product_cat-gominolas","8":"first","9":"instock","10":"taxable","11":"shipping-taxable","12":"purchasable","13":"product-type-simple"},"yoast_head":"<!-- This site is optimized with the Yoast SEO plugin v26.9 - https:\/\/yoast.com\/product\/yoast-seo-wordpress\/ -->\n<title>CBD Gummies 750mg 30pcs Full Spectrum - Cannbliss<\/title>\n<meta name=\"robots\" content=\"index, follow, max-snippet:-1, max-image-preview:large, max-video-preview:-1\" \/>\n<link rel=\"canonical\" href=\"https:\/\/cannbliss.com\/produto\/cbd-gummies-750mg-30pcs-full-spectrum\/\" \/>\n<meta property=\"og:locale\" content=\"es_ES\" \/>\n<meta property=\"og:type\" content=\"article\" \/>\n<meta property=\"og:title\" content=\"CBD Gummies 750mg 30pcs Full Spectrum - Cannbliss\" \/>\n<meta property=\"og:description\" content=\"Descubre nuestras gominolas de CBD de potencia media, con un total de 750 mg de CBD en un pr\u00e1ctico paquete de 30 unidades. Las Gominolas de CBD Cannbliss, con su sabor a manzana y lim\u00f3n, ofrecen el equilibrio ideal entre eficacia y sencillez de uso. Con 25mg de CBD por gominola, son una opci\u00f3n excelente para cualquiera que busque una experiencia moderada de CBD.\" \/>\n<meta property=\"og:url\" content=\"https:\/\/cannbliss.com\/produto\/cbd-gummies-750mg-30pcs-full-spectrum\/\" \/>\n<meta property=\"og:site_name\" content=\"Cannbliss\" \/>\n<meta property=\"article:modified_time\" content=\"2025-06-23T12:34:34+00:00\" \/>\n<meta property=\"og:image\" content=\"https:\/\/cannbliss.com\/wp-content\/uploads\/2024\/12\/cannbliss-gummies-min.jpg\" \/>\n\t<meta property=\"og:image:width\" content=\"1200\" \/>\n\t<meta property=\"og:image:height\" content=\"1200\" \/>\n\t<meta property=\"og:image:type\" content=\"image\/jpeg\" \/>\n<meta name=\"twitter:card\" content=\"summary_large_image\" \/>\n<meta name=\"twitter:label1\" content=\"Precio\" \/>\n\t<meta name=\"twitter:data1\" content=\"&euro;19,90\" \/>\n\t<meta name=\"twitter:label2\" content=\"Disponibilidad\" \/>\n\t<meta name=\"twitter:data2\" content=\"Disponible\" \/>\n<script type=\"application\/ld+json\" class=\"yoast-schema-graph\">{\"@context\":\"https:\/\/schema.org\",\"@graph\":[{\"@type\":[\"WebPage\",\"ItemPage\"],\"@id\":\"https:\/\/cannbliss.com\/produto\/cbd-gummies-750mg-30pcs-full-spectrum\/\",\"url\":\"https:\/\/cannbliss.com\/produto\/cbd-gummies-750mg-30pcs-full-spectrum\/\",\"name\":\"CBD Gummies 750mg 30pcs Full Spectrum - Cannbliss\",\"isPartOf\":{\"@id\":\"https:\/\/cannbliss.com\/#website\"},\"primaryImageOfPage\":{\"@id\":\"https:\/\/cannbliss.com\/produto\/cbd-gummies-750mg-30pcs-full-spectrum\/#primaryimage\"},\"image\":{\"@id\":\"https:\/\/cannbliss.com\/produto\/cbd-gummies-750mg-30pcs-full-spectrum\/#primaryimage\"},\"thumbnailUrl\":\"https:\/\/cannbliss.com\/wp-content\/uploads\/2024\/12\/cannbliss-gummies-min.jpg\",\"datePublished\":\"2024-12-11T11:56:04+00:00\",\"dateModified\":\"2025-06-23T12:34:34+00:00\",\"breadcrumb\":{\"@id\":\"https:\/\/cannbliss.com\/produto\/cbd-gummies-750mg-30pcs-full-spectrum\/#breadcrumb\"},\"inLanguage\":\"es\",\"potentialAction\":[{\"@type\":\"ReadAction\",\"target\":[\"https:\/\/cannbliss.com\/produto\/cbd-gummies-750mg-30pcs-full-spectrum\/\"]}]},{\"@type\":\"ImageObject\",\"inLanguage\":\"es\",\"@id\":\"https:\/\/cannbliss.com\/produto\/cbd-gummies-750mg-30pcs-full-spectrum\/#primaryimage\",\"url\":\"https:\/\/cannbliss.com\/wp-content\/uploads\/2024\/12\/cannbliss-gummies-min.jpg\",\"contentUrl\":\"https:\/\/cannbliss.com\/wp-content\/uploads\/2024\/12\/cannbliss-gummies-min.jpg\",\"width\":1200,\"height\":1200},{\"@type\":\"BreadcrumbList\",\"@id\":\"https:\/\/cannbliss.com\/produto\/cbd-gummies-750mg-30pcs-full-spectrum\/#breadcrumb\",\"itemListElement\":[{\"@type\":\"ListItem\",\"position\":1,\"name\":\"Tienda\",\"item\":\"https:\/\/cannbliss.com\/es\/tienda\/\"},{\"@type\":\"ListItem\",\"position\":2,\"name\":\"CBD Gummies 750mg 30pcs Full Spectrum\"}]},{\"@type\":\"WebSite\",\"@id\":\"https:\/\/cannbliss.com\/#website\",\"url\":\"https:\/\/cannbliss.com\/\",\"name\":\"Cannbliss\",\"description\":\"Produtos \u00e0 Base de \u00d3leo de C\u00e2nhamo\",\"publisher\":{\"@id\":\"https:\/\/cannbliss.com\/#organization\"},\"potentialAction\":[{\"@type\":\"SearchAction\",\"target\":{\"@type\":\"EntryPoint\",\"urlTemplate\":\"https:\/\/cannbliss.com\/?s={search_term_string}\"},\"query-input\":{\"@type\":\"PropertyValueSpecification\",\"valueRequired\":true,\"valueName\":\"search_term_string\"}}],\"inLanguage\":\"es\"},{\"@type\":\"Organization\",\"@id\":\"https:\/\/cannbliss.com\/#organization\",\"name\":\"Cannbliss\",\"url\":\"https:\/\/cannbliss.com\/\",\"logo\":{\"@type\":\"ImageObject\",\"inLanguage\":\"es\",\"@id\":\"https:\/\/cannbliss.com\/#\/schema\/logo\/image\/\",\"url\":\"https:\/\/cannbliss.com\/wp-content\/uploads\/2022\/11\/cannbliss_verdeescuro.png\",\"contentUrl\":\"https:\/\/cannbliss.com\/wp-content\/uploads\/2022\/11\/cannbliss_verdeescuro.png\",\"width\":1000,\"height\":152,\"caption\":\"Cannbliss\"},\"image\":{\"@id\":\"https:\/\/cannbliss.com\/#\/schema\/logo\/image\/\"}}]}<\/script>\n<meta property=\"product:price:amount\" content=\"19.90\" \/>\n<meta property=\"product:price:currency\" content=\"EUR\" \/>\n<meta property=\"og:availability\" content=\"instock\" \/>\n<meta property=\"product:availability\" content=\"instock\" \/>\n<meta property=\"product:retailer_item_id\" content=\"CANN090\" \/>\n<meta property=\"product:condition\" content=\"new\" \/>\n<!-- \/ Yoast SEO plugin. -->","yoast_head_json":{"title":"CBD Gummies 750mg 30pcs Full Spectrum - Cannbliss","robots":{"index":"index","follow":"follow","max-snippet":"max-snippet:-1","max-image-preview":"max-image-preview:large","max-video-preview":"max-video-preview:-1"},"canonical":"https:\/\/cannbliss.com\/produto\/cbd-gummies-750mg-30pcs-full-spectrum\/","og_locale":"es_ES","og_type":"article","og_title":"CBD Gummies 750mg 30pcs Full Spectrum - Cannbliss","og_description":"Descubre nuestras gominolas de CBD de potencia media, con un total de 750 mg de CBD en un pr\u00e1ctico paquete de 30 unidades. Las Gominolas de CBD Cannbliss, con su sabor a manzana y lim\u00f3n, ofrecen el equilibrio ideal entre eficacia y sencillez de uso. Con 25mg de CBD por gominola, son una opci\u00f3n excelente para cualquiera que busque una experiencia moderada de CBD.","og_url":"https:\/\/cannbliss.com\/produto\/cbd-gummies-750mg-30pcs-full-spectrum\/","og_site_name":"Cannbliss","article_modified_time":"2025-06-23T12:34:34+00:00","og_image":[{"width":1200,"height":1200,"url":"https:\/\/cannbliss.com\/wp-content\/uploads\/2024\/12\/cannbliss-gummies-min.jpg","type":"image\/jpeg"}],"twitter_card":"summary_large_image","twitter_misc":{"Precio":"&euro;19,90","Disponibilidad":"Disponible"},"schema":{"@context":"https:\/\/schema.org","@graph":[{"@type":["WebPage","ItemPage"],"@id":"https:\/\/cannbliss.com\/produto\/cbd-gummies-750mg-30pcs-full-spectrum\/","url":"https:\/\/cannbliss.com\/produto\/cbd-gummies-750mg-30pcs-full-spectrum\/","name":"CBD Gummies 750mg 30pcs Full Spectrum - Cannbliss","isPartOf":{"@id":"https:\/\/cannbliss.com\/#website"},"primaryImageOfPage":{"@id":"https:\/\/cannbliss.com\/produto\/cbd-gummies-750mg-30pcs-full-spectrum\/#primaryimage"},"image":{"@id":"https:\/\/cannbliss.com\/produto\/cbd-gummies-750mg-30pcs-full-spectrum\/#primaryimage"},"thumbnailUrl":"https:\/\/cannbliss.com\/wp-content\/uploads\/2024\/12\/cannbliss-gummies-min.jpg","datePublished":"2024-12-11T11:56:04+00:00","dateModified":"2025-06-23T12:34:34+00:00","breadcrumb":{"@id":"https:\/\/cannbliss.com\/produto\/cbd-gummies-750mg-30pcs-full-spectrum\/#breadcrumb"},"inLanguage":"es","potentialAction":[{"@type":"ReadAction","target":["https:\/\/cannbliss.com\/produto\/cbd-gummies-750mg-30pcs-full-spectrum\/"]}]},{"@type":"ImageObject","inLanguage":"es","@id":"https:\/\/cannbliss.com\/produto\/cbd-gummies-750mg-30pcs-full-spectrum\/#primaryimage","url":"https:\/\/cannbliss.com\/wp-content\/uploads\/2024\/12\/cannbliss-gummies-min.jpg","contentUrl":"https:\/\/cannbliss.com\/wp-content\/uploads\/2024\/12\/cannbliss-gummies-min.jpg","width":1200,"height":1200},{"@type":"BreadcrumbList","@id":"https:\/\/cannbliss.com\/produto\/cbd-gummies-750mg-30pcs-full-spectrum\/#breadcrumb","itemListElement":[{"@type":"ListItem","position":1,"name":"Tienda","item":"https:\/\/cannbliss.com\/es\/tienda\/"},{"@type":"ListItem","position":2,"name":"CBD Gummies 750mg 30pcs Full Spectrum"}]},{"@type":"WebSite","@id":"https:\/\/cannbliss.com\/#website","url":"https:\/\/cannbliss.com\/","name":"Cannbliss","description":"Produtos \u00e0 Base de \u00d3leo de C\u00e2nhamo","publisher":{"@id":"https:\/\/cannbliss.com\/#organization"},"potentialAction":[{"@type":"SearchAction","target":{"@type":"EntryPoint","urlTemplate":"https:\/\/cannbliss.com\/?s={search_term_string}"},"query-input":{"@type":"PropertyValueSpecification","valueRequired":true,"valueName":"search_term_string"}}],"inLanguage":"es"},{"@type":"Organization","@id":"https:\/\/cannbliss.com\/#organization","name":"Cannbliss","url":"https:\/\/cannbliss.com\/","logo":{"@type":"ImageObject","inLanguage":"es","@id":"https:\/\/cannbliss.com\/#\/schema\/logo\/image\/","url":"https:\/\/cannbliss.com\/wp-content\/uploads\/2022\/11\/cannbliss_verdeescuro.png","contentUrl":"https:\/\/cannbliss.com\/wp-content\/uploads\/2022\/11\/cannbliss_verdeescuro.png","width":1000,"height":152,"caption":"Cannbliss"},"image":{"@id":"https:\/\/cannbliss.com\/#\/schema\/logo\/image\/"}}]},"product_price_amount":"19.90","product_price_currency":"EUR","og_availability":"instock","product_availability":"instock","product_retailer_item_id":"CANN090","product_condition":"new"},"_links":{"self":[{"href":"https:\/\/cannbliss.com\/es\/wp-json\/wp\/v2\/product\/12996","targetHints":{"allow":["GET"]}}],"collection":[{"href":"https:\/\/cannbliss.com\/es\/wp-json\/wp\/v2\/product"}],"about":[{"href":"https:\/\/cannbliss.com\/es\/wp-json\/wp\/v2\/types\/product"}],"replies":[{"embeddable":true,"href":"https:\/\/cannbliss.com\/es\/wp-json\/wp\/v2\/comments?post=12996"}],"version-history":[{"count":2,"href":"https:\/\/cannbliss.com\/es\/wp-json\/wp\/v2\/product\/12996\/revisions"}],"predecessor-version":[{"id":12999,"href":"https:\/\/cannbliss.com\/es\/wp-json\/wp\/v2\/product\/12996\/revisions\/12999"}],"wp:featuredmedia":[{"embeddable":true,"href":"https:\/\/cannbliss.com\/es\/wp-json\/wp\/v2\/media\/12177"}],"wp:attachment":[{"href":"https:\/\/cannbliss.com\/es\/wp-json\/wp\/v2\/media?parent=12996"}],"wp:term":[{"taxonomy":"product_brand","embeddable":true,"href":"https:\/\/cannbliss.com\/es\/wp-json\/wp\/v2\/product_brand?post=12996"},{"taxonomy":"product_cat","embeddable":true,"href":"https:\/\/cannbliss.com\/es\/wp-json\/wp\/v2\/product_cat?post=12996"},{"taxonomy":"product_tag","embeddable":true,"href":"https:\/\/cannbliss.com\/es\/wp-json\/wp\/v2\/product_tag?post=12996"}],"curies":[{"name":"wp","href":"https:\/\/api.w.org\/{rel}","templated":true}]}}