{"id":12836,"date":"2025-05-15T10:45:50","date_gmt":"2025-05-15T10:45:50","guid":{"rendered":"https:\/\/cannbliss.com\/?post_type=product&#038;p=12836"},"modified":"2025-12-02T00:00:09","modified_gmt":"2025-12-02T00:00:09","slug":"cannbliss-gotas-para-dormir-pm-30ml","status":"publish","type":"product","link":"https:\/\/cannbliss.com\/es\/produto\/cannbliss-gotas-para-dormir-pm-30ml\/","title":{"rendered":"Cannbliss Gotas para Dormir PM &#8211; 30ml"},"content":{"rendered":"\t\t<div data-elementor-type=\"product-post\" data-elementor-id=\"12836\" class=\"elementor elementor-12836 elementor-12821\" data-elementor-post-type=\"product\">\n\t\t\t\t\t\t<section class=\"elementor-section elementor-top-section elementor-element elementor-element-f1e1590 elementor-section-boxed elementor-section-height-default elementor-section-height-default\" data-id=\"f1e1590\" data-element_type=\"section\" data-e-type=\"section\">\n\t\t\t\t\t\t<div class=\"elementor-container elementor-column-gap-default\">\n\t\t\t\t\t<div class=\"elementor-column elementor-col-100 elementor-top-column elementor-element elementor-element-7b0d17b\" data-id=\"7b0d17b\" data-element_type=\"column\" data-e-type=\"column\">\n\t\t\t<div class=\"elementor-widget-wrap elementor-element-populated\">\n\t\t\t\t\t\t<div class=\"elementor-element elementor-element-93d1fa3 elementor-widget elementor-widget-text-editor\" data-id=\"93d1fa3\" data-element_type=\"widget\" data-e-type=\"widget\" data-widget_type=\"text-editor.default\">\n\t\t\t\t<div class=\"elementor-widget-container\">\n\t\t\t\t\t\t\t\t\t<h5 class=\"titleproduct\">Descripci\u00f3n<\/h5>\n<h6>Cannbliss Gotas para Dormir PM &#8211; 30ml<\/h6>\n<p>Presentamos el nuevo <strong data-start=\"770\" data-end=\"801\">Aceite de C\u00e1\u00f1amo Gotas de<\/strong> Sue\u00f1o, desarrollado para ayudar a mejorar la calidad del sue\u00f1o. <span class=\"relative -mx-px my-[-0.2rem] rounded px-px py-[0.2rem] transition-colors duration-100 ease-in-out\">Esta f\u00f3rmula combina melatonina con extractos naturales de manzanilla, melisa y aceite esencial de bergamota, proporcionando un efecto calmante y relajante.<\/span> <span class=\"relative -mx-px my-[-0.2rem] rounded px-px py-[0.2rem] transition-colors duration-100 ease-in-out\">Ideal para quien tenga problemas para conciliar el sue\u00f1o o desee un sue\u00f1o m\u00e1s profundo y reparador. <\/span><span class=\"relative -mx-px my-[-0.2rem] rounded px-px py-[0.2rem] transition-colors duration-100 ease-in-out\">Elaborado con ingredientes de alta calidad y probado por terceros para garantizar su pureza y eficacia. <\/span>M\u00e1s informaci\u00f3n sobre CannBliss <a href=\"https:\/\/cannbliss.com\/es\/sobre-nosotros\/\" target=\"_blank\" rel=\"noopener\">aqu\u00ed<\/a><\/p>\n<p><span style=\"font-family: var( --e-global-typography-text-font-family ), Sans-serif; font-size: var( --e-global-typography-text-font-size ); font-weight: var( --e-global-typography-text-font-weight );\"> <\/span><\/p>\n<h5 class=\"titleproduct\">Informaci\u00f3n adicional<\/h5>\n<\/p>\n<p><b>Ventajas<\/b>:<\/p>\n<ul>\n<li class=\"\" data-start=\"679\" data-end=\"782\">\n<p class=\"\" data-start=\"681\" data-end=\"782\"><strong data-start=\"681\" data-end=\"702\">Regulaci\u00f3n del sue\u00f1o<\/strong>: <span class=\"relative -mx-px my-[-0.2rem] rounded px-px py-[0.2rem] transition-colors duration-100 ease-in-out\">La melatonina ayuda a reducir el tiempo que se tarda en conciliar el sue\u00f1o alineando el ritmo circadiano del cuerpo.<\/span><\/p>\n<\/li>\n<li class=\"\" data-start=\"784\" data-end=\"889\">\n<p class=\"\" data-start=\"786\" data-end=\"889\"><strong data-start=\"786\" data-end=\"809\">Relajaci\u00f3n natural<\/strong>: la <span class=\"relative -mx-px my-[-0.2rem] rounded px-px py-[0.2rem] transition-colors duration-100 ease-in-out\">melisa y la manzanilla favorecen la sensaci\u00f3n de calma, aliviando el estr\u00e9s y la ansiedad.<\/span><\/p>\n<\/li>\n<li class=\"\" data-start=\"891\" data-end=\"995\">\n<p class=\"\" data-start=\"893\" data-end=\"995\"><strong data-start=\"893\" data-end=\"915\">Apoyo al bienestar<\/strong>: <span class=\"relative -mx-px my-[-0.2rem] rounded px-px py-[0.2rem] transition-colors duration-100 ease-in-out\">La combinaci\u00f3n de ingredientes naturales contribuye a un estado de \u00e1nimo equilibrado y a un sue\u00f1o de calidad.<\/span><\/p>\n<\/li>\n<\/ul>\n<p><b>Ingredientes por dosis (0,25 ml)<\/b>:<\/p>\n<ul data-start=\"1039\" data-end=\"1365\">\n<li class=\"\" data-start=\"1039\" data-end=\"1119\">\n<p class=\"\" data-start=\"1041\" data-end=\"1119\"><span class=\"relative -mx-px my-[-0.2rem] rounded px-px py-[0.2rem] transition-colors duration-100 ease-in-out\">Aceite esencial de bergamota: 7,5 mg<\/span><\/p>\n<\/li>\n<li class=\"\" data-start=\"1121\" data-end=\"1201\">\n<p class=\"\" data-start=\"1123\" data-end=\"1201\"><span class=\"relative -mx-px my-[-0.2rem] rounded px-px py-[0.2rem] transition-colors duration-100 ease-in-out\">Extracto de manzanilla: 2,5 mg<\/span><\/p>\n<\/li>\n<li class=\"\" data-start=\"1203\" data-end=\"1283\">\n<p class=\"\" data-start=\"1205\" data-end=\"1283\"><span class=\"relative -mx-px my-[-0.2rem] rounded px-px py-[0.2rem] transition-colors duration-100 ease-in-out\">Extracto de melisa: 1,25 mg<\/span><\/p>\n<\/li>\n<li class=\"\" data-start=\"1285\" data-end=\"1365\">\n<p class=\"\" data-start=\"1287\" data-end=\"1365\"><span class=\"relative -mx-px my-[-0.2rem] rounded px-px py-[0.2rem] transition-colors duration-100 ease-in-out\">Melatonina: 1 mg<\/span><\/p>\n<\/li>\n<\/ul>\n<p class=\"\" data-start=\"1367\" data-end=\"1470\">Otros ingredientes: <span class=\"relative -mx-px my-[-0.2rem] rounded px-px py-[0.2rem] transition-colors duration-100 ease-in-out\">Aceite MCT (triglic\u00e9ridos de cadena media).<\/span><\/p>\n<p data-start=\"1367\" data-end=\"1470\">\n<p><strong>Instrucciones de uso<\/strong><br \/>Agita bien antes de usar. Aplica 0,25 ml (aproximadamente 5 gotas) debajo de la lengua, espera 15 segundos y traga. Se recomienda tomar aproximadamente 1 hora antes de acostarse.  <\/p>\n<\/p>\n<p><strong>Almacenamiento<\/strong><br \/>Almacenar en un lugar fresco y seco, alejado de la luz solar directa. Mantener fuera del alcance de los ni\u00f1os. <\/p>\n<\/p>\n<p><strong>Advertencias<\/strong><\/p>\n<ul>\n<li class=\"\" data-start=\"1834\" data-end=\"1914\">\n<p class=\"\" data-start=\"1836\" data-end=\"1914\"><span class=\"relative -mx-px my-[-0.2rem] rounded px-px py-[0.2rem] transition-colors duration-100 ease-in-out\">No superes la dosis diaria recomendada.<\/span><\/p>\n<\/li>\n<li class=\"\" data-start=\"1916\" data-end=\"1996\">\n<p class=\"\" data-start=\"1918\" data-end=\"1996\"><span class=\"relative -mx-px my-[-0.2rem] rounded px-px py-[0.2rem] transition-colors duration-100 ease-in-out\">Este complemento alimenticio no sustituye a una dieta variada y equilibrada ni a un estilo de vida sano.<\/span><\/p>\n<\/li>\n<li class=\"\" data-start=\"1998\" data-end=\"2078\">\n<p class=\"\" data-start=\"2000\" data-end=\"2078\"><span class=\"relative -mx-px my-[-0.2rem] rounded px-px py-[0.2rem] transition-colors duration-100 ease-in-out\">Consulta a un profesional sanitario antes de utilizarlo si est\u00e1s embarazada, en periodo de lactancia o tomando medicaci\u00f3n.<\/span><\/p>\n<\/li>\n<\/ul>\n<p><b>Informes de laboratorio<\/b>:<\/p>\n<p>XXXXX<\/p>\n\t\t\t\t\t\t\t\t<\/div>\n\t\t\t\t<\/div>\n\t\t\t\t\t<\/div>\n\t\t<\/div>\n\t\t\t\t\t<\/div>\n\t\t<\/section>\n\t\t\t\t<\/div>\n\t\t","protected":false},"excerpt":{"rendered":"<p>Una f\u00f3rmula natural a base de melatonina, manzanilla, melisa y bergamota, cuidadosamente desarrollada para favorecer un sue\u00f1o tranquilo, profundo y verdaderamente reparador.<\/p>\n","protected":false},"featured_media":12824,"comment_status":"open","ping_status":"closed","template":"","meta":[],"product_brand":[],"product_cat":[235],"product_tag":[],"class_list":{"0":"post-12836","1":"product","2":"type-product","3":"status-publish","4":"has-post-thumbnail","6":"product_cat-gotas-nocturnas","8":"first","9":"instock","10":"taxable","11":"shipping-taxable","12":"purchasable","13":"product-type-simple"},"yoast_head":"<!-- This site is optimized with the Yoast SEO plugin v26.9 - https:\/\/yoast.com\/product\/yoast-seo-wordpress\/ -->\n<title>Cannbliss Gotas para Dormir PM - 30ml - Cannbliss<\/title>\n<meta name=\"robots\" content=\"index, follow, max-snippet:-1, max-image-preview:large, max-video-preview:-1\" \/>\n<link rel=\"canonical\" href=\"https:\/\/cannbliss.com\/produto\/cannbliss-sleep-drops-pm\/\" \/>\n<meta property=\"og:locale\" content=\"es_ES\" \/>\n<meta property=\"og:type\" content=\"article\" \/>\n<meta property=\"og:title\" content=\"Cannbliss Gotas para Dormir PM - 30ml - Cannbliss\" \/>\n<meta property=\"og:description\" content=\"Una f\u00f3rmula natural a base de melatonina, manzanilla, melisa y bergamota, cuidadosamente desarrollada para favorecer un sue\u00f1o tranquilo, profundo y verdaderamente reparador.\" \/>\n<meta property=\"og:url\" content=\"https:\/\/cannbliss.com\/produto\/cannbliss-sleep-drops-pm\/\" \/>\n<meta property=\"og:site_name\" content=\"Cannbliss\" \/>\n<meta property=\"article:modified_time\" content=\"2025-12-02T00:00:09+00:00\" \/>\n<meta property=\"og:image\" content=\"https:\/\/cannbliss.com\/wp-content\/uploads\/2025\/05\/SLEEPPM_1.jpg\" \/>\n\t<meta property=\"og:image:width\" content=\"2500\" \/>\n\t<meta property=\"og:image:height\" content=\"2500\" \/>\n\t<meta property=\"og:image:type\" content=\"image\/jpeg\" \/>\n<meta name=\"twitter:card\" content=\"summary_large_image\" \/>\n<meta name=\"twitter:label1\" content=\"Precio\" \/>\n\t<meta name=\"twitter:data1\" content=\"&euro;25,15\" \/>\n\t<meta name=\"twitter:label2\" content=\"Disponibilidad\" \/>\n\t<meta name=\"twitter:data2\" content=\"Disponible\" \/>\n<script type=\"application\/ld+json\" class=\"yoast-schema-graph\">{\"@context\":\"https:\/\/schema.org\",\"@graph\":[{\"@type\":[\"WebPage\",\"ItemPage\"],\"@id\":\"https:\/\/cannbliss.com\/produto\/cannbliss-sleep-drops-pm\/\",\"url\":\"https:\/\/cannbliss.com\/produto\/cannbliss-sleep-drops-pm\/\",\"name\":\"Cannbliss Gotas para Dormir PM - 30ml - Cannbliss\",\"isPartOf\":{\"@id\":\"https:\/\/cannbliss.com\/#website\"},\"primaryImageOfPage\":{\"@id\":\"https:\/\/cannbliss.com\/produto\/cannbliss-sleep-drops-pm\/#primaryimage\"},\"image\":{\"@id\":\"https:\/\/cannbliss.com\/produto\/cannbliss-sleep-drops-pm\/#primaryimage\"},\"thumbnailUrl\":\"https:\/\/cannbliss.com\/wp-content\/uploads\/2025\/05\/SLEEPPM_1.jpg\",\"datePublished\":\"2025-05-15T10:45:50+00:00\",\"dateModified\":\"2025-12-02T00:00:09+00:00\",\"breadcrumb\":{\"@id\":\"https:\/\/cannbliss.com\/produto\/cannbliss-sleep-drops-pm\/#breadcrumb\"},\"inLanguage\":\"es\",\"potentialAction\":[{\"@type\":\"ReadAction\",\"target\":[\"https:\/\/cannbliss.com\/produto\/cannbliss-sleep-drops-pm\/\"]}]},{\"@type\":\"ImageObject\",\"inLanguage\":\"es\",\"@id\":\"https:\/\/cannbliss.com\/produto\/cannbliss-sleep-drops-pm\/#primaryimage\",\"url\":\"https:\/\/cannbliss.com\/wp-content\/uploads\/2025\/05\/SLEEPPM_1.jpg\",\"contentUrl\":\"https:\/\/cannbliss.com\/wp-content\/uploads\/2025\/05\/SLEEPPM_1.jpg\",\"width\":2500,\"height\":2500,\"caption\":\"cannbliss gotas para dormir PM\"},{\"@type\":\"BreadcrumbList\",\"@id\":\"https:\/\/cannbliss.com\/produto\/cannbliss-sleep-drops-pm\/#breadcrumb\",\"itemListElement\":[{\"@type\":\"ListItem\",\"position\":1,\"name\":\"Tienda\",\"item\":\"https:\/\/cannbliss.com\/es\/tienda\/\"},{\"@type\":\"ListItem\",\"position\":2,\"name\":\"Cannbliss Gotas para Dormir PM &#8211; 30ml\"}]},{\"@type\":\"WebSite\",\"@id\":\"https:\/\/cannbliss.com\/#website\",\"url\":\"https:\/\/cannbliss.com\/\",\"name\":\"Cannbliss\",\"description\":\"Produtos \u00e0 Base de \u00d3leo de C\u00e2nhamo\",\"publisher\":{\"@id\":\"https:\/\/cannbliss.com\/#organization\"},\"potentialAction\":[{\"@type\":\"SearchAction\",\"target\":{\"@type\":\"EntryPoint\",\"urlTemplate\":\"https:\/\/cannbliss.com\/?s={search_term_string}\"},\"query-input\":{\"@type\":\"PropertyValueSpecification\",\"valueRequired\":true,\"valueName\":\"search_term_string\"}}],\"inLanguage\":\"es\"},{\"@type\":\"Organization\",\"@id\":\"https:\/\/cannbliss.com\/#organization\",\"name\":\"Cannbliss\",\"url\":\"https:\/\/cannbliss.com\/\",\"logo\":{\"@type\":\"ImageObject\",\"inLanguage\":\"es\",\"@id\":\"https:\/\/cannbliss.com\/#\/schema\/logo\/image\/\",\"url\":\"https:\/\/cannbliss.com\/wp-content\/uploads\/2022\/11\/cannbliss_verdeescuro.png\",\"contentUrl\":\"https:\/\/cannbliss.com\/wp-content\/uploads\/2022\/11\/cannbliss_verdeescuro.png\",\"width\":1000,\"height\":152,\"caption\":\"Cannbliss\"},\"image\":{\"@id\":\"https:\/\/cannbliss.com\/#\/schema\/logo\/image\/\"}}]}<\/script>\n<meta property=\"product:price:amount\" content=\"25.15\" \/>\n<meta property=\"product:price:currency\" content=\"EUR\" \/>\n<meta property=\"og:availability\" content=\"instock\" \/>\n<meta property=\"product:availability\" content=\"instock\" \/>\n<meta property=\"product:retailer_item_id\" content=\"CANN0421\" \/>\n<meta property=\"product:condition\" content=\"new\" \/>\n<!-- \/ Yoast SEO plugin. -->","yoast_head_json":{"title":"Cannbliss Gotas para Dormir PM - 30ml - Cannbliss","robots":{"index":"index","follow":"follow","max-snippet":"max-snippet:-1","max-image-preview":"max-image-preview:large","max-video-preview":"max-video-preview:-1"},"canonical":"https:\/\/cannbliss.com\/produto\/cannbliss-sleep-drops-pm\/","og_locale":"es_ES","og_type":"article","og_title":"Cannbliss Gotas para Dormir PM - 30ml - Cannbliss","og_description":"Una f\u00f3rmula natural a base de melatonina, manzanilla, melisa y bergamota, cuidadosamente desarrollada para favorecer un sue\u00f1o tranquilo, profundo y verdaderamente reparador.","og_url":"https:\/\/cannbliss.com\/produto\/cannbliss-sleep-drops-pm\/","og_site_name":"Cannbliss","article_modified_time":"2025-12-02T00:00:09+00:00","og_image":[{"width":2500,"height":2500,"url":"https:\/\/cannbliss.com\/wp-content\/uploads\/2025\/05\/SLEEPPM_1.jpg","type":"image\/jpeg"}],"twitter_card":"summary_large_image","twitter_misc":{"Precio":"&euro;25,15","Disponibilidad":"Disponible"},"schema":{"@context":"https:\/\/schema.org","@graph":[{"@type":["WebPage","ItemPage"],"@id":"https:\/\/cannbliss.com\/produto\/cannbliss-sleep-drops-pm\/","url":"https:\/\/cannbliss.com\/produto\/cannbliss-sleep-drops-pm\/","name":"Cannbliss Gotas para Dormir PM - 30ml - Cannbliss","isPartOf":{"@id":"https:\/\/cannbliss.com\/#website"},"primaryImageOfPage":{"@id":"https:\/\/cannbliss.com\/produto\/cannbliss-sleep-drops-pm\/#primaryimage"},"image":{"@id":"https:\/\/cannbliss.com\/produto\/cannbliss-sleep-drops-pm\/#primaryimage"},"thumbnailUrl":"https:\/\/cannbliss.com\/wp-content\/uploads\/2025\/05\/SLEEPPM_1.jpg","datePublished":"2025-05-15T10:45:50+00:00","dateModified":"2025-12-02T00:00:09+00:00","breadcrumb":{"@id":"https:\/\/cannbliss.com\/produto\/cannbliss-sleep-drops-pm\/#breadcrumb"},"inLanguage":"es","potentialAction":[{"@type":"ReadAction","target":["https:\/\/cannbliss.com\/produto\/cannbliss-sleep-drops-pm\/"]}]},{"@type":"ImageObject","inLanguage":"es","@id":"https:\/\/cannbliss.com\/produto\/cannbliss-sleep-drops-pm\/#primaryimage","url":"https:\/\/cannbliss.com\/wp-content\/uploads\/2025\/05\/SLEEPPM_1.jpg","contentUrl":"https:\/\/cannbliss.com\/wp-content\/uploads\/2025\/05\/SLEEPPM_1.jpg","width":2500,"height":2500,"caption":"cannbliss gotas para dormir PM"},{"@type":"BreadcrumbList","@id":"https:\/\/cannbliss.com\/produto\/cannbliss-sleep-drops-pm\/#breadcrumb","itemListElement":[{"@type":"ListItem","position":1,"name":"Tienda","item":"https:\/\/cannbliss.com\/es\/tienda\/"},{"@type":"ListItem","position":2,"name":"Cannbliss Gotas para Dormir PM &#8211; 30ml"}]},{"@type":"WebSite","@id":"https:\/\/cannbliss.com\/#website","url":"https:\/\/cannbliss.com\/","name":"Cannbliss","description":"Produtos \u00e0 Base de \u00d3leo de C\u00e2nhamo","publisher":{"@id":"https:\/\/cannbliss.com\/#organization"},"potentialAction":[{"@type":"SearchAction","target":{"@type":"EntryPoint","urlTemplate":"https:\/\/cannbliss.com\/?s={search_term_string}"},"query-input":{"@type":"PropertyValueSpecification","valueRequired":true,"valueName":"search_term_string"}}],"inLanguage":"es"},{"@type":"Organization","@id":"https:\/\/cannbliss.com\/#organization","name":"Cannbliss","url":"https:\/\/cannbliss.com\/","logo":{"@type":"ImageObject","inLanguage":"es","@id":"https:\/\/cannbliss.com\/#\/schema\/logo\/image\/","url":"https:\/\/cannbliss.com\/wp-content\/uploads\/2022\/11\/cannbliss_verdeescuro.png","contentUrl":"https:\/\/cannbliss.com\/wp-content\/uploads\/2022\/11\/cannbliss_verdeescuro.png","width":1000,"height":152,"caption":"Cannbliss"},"image":{"@id":"https:\/\/cannbliss.com\/#\/schema\/logo\/image\/"}}]},"product_price_amount":"25.15","product_price_currency":"EUR","og_availability":"instock","product_availability":"instock","product_retailer_item_id":"CANN0421","product_condition":"new"},"_links":{"self":[{"href":"https:\/\/cannbliss.com\/es\/wp-json\/wp\/v2\/product\/12836","targetHints":{"allow":["GET"]}}],"collection":[{"href":"https:\/\/cannbliss.com\/es\/wp-json\/wp\/v2\/product"}],"about":[{"href":"https:\/\/cannbliss.com\/es\/wp-json\/wp\/v2\/types\/product"}],"replies":[{"embeddable":true,"href":"https:\/\/cannbliss.com\/es\/wp-json\/wp\/v2\/comments?post=12836"}],"version-history":[{"count":3,"href":"https:\/\/cannbliss.com\/es\/wp-json\/wp\/v2\/product\/12836\/revisions"}],"predecessor-version":[{"id":13010,"href":"https:\/\/cannbliss.com\/es\/wp-json\/wp\/v2\/product\/12836\/revisions\/13010"}],"wp:featuredmedia":[{"embeddable":true,"href":"https:\/\/cannbliss.com\/es\/wp-json\/wp\/v2\/media\/12824"}],"wp:attachment":[{"href":"https:\/\/cannbliss.com\/es\/wp-json\/wp\/v2\/media?parent=12836"}],"wp:term":[{"taxonomy":"product_brand","embeddable":true,"href":"https:\/\/cannbliss.com\/es\/wp-json\/wp\/v2\/product_brand?post=12836"},{"taxonomy":"product_cat","embeddable":true,"href":"https:\/\/cannbliss.com\/es\/wp-json\/wp\/v2\/product_cat?post=12836"},{"taxonomy":"product_tag","embeddable":true,"href":"https:\/\/cannbliss.com\/es\/wp-json\/wp\/v2\/product_tag?post=12836"}],"curies":[{"name":"wp","href":"https:\/\/api.w.org\/{rel}","templated":true}]}}