{"id":10959,"date":"2022-11-30T18:11:24","date_gmt":"2022-11-30T18:11:24","guid":{"rendered":"https:\/\/cannbliss.com\/produto\/aceite-de-canamo-20-6000-mg-espectro-completo-con-mct-30ml\/"},"modified":"2026-03-23T13:44:30","modified_gmt":"2026-03-23T13:44:30","slug":"aceite-de-canamo-20-6000-mg-espectro-completo-con-mct-30ml","status":"publish","type":"product","link":"https:\/\/cannbliss.com\/es\/produto\/aceite-de-canamo-20-6000-mg-espectro-completo-con-mct-30ml\/","title":{"rendered":"Aceite de C\u00e1\u00f1amo 20% 6000 mg Espectro Completo con MCT &#8211; 30ml"},"content":{"rendered":"\t\t<div data-elementor-type=\"product-post\" data-elementor-id=\"10959\" class=\"elementor elementor-10959 elementor-6254\" data-elementor-post-type=\"product\">\n\t\t\t\t\t\t<section class=\"elementor-section elementor-top-section elementor-element elementor-element-12edd43 elementor-section-boxed elementor-section-height-default elementor-section-height-default\" data-id=\"12edd43\" data-element_type=\"section\" data-e-type=\"section\">\n\t\t\t\t\t\t<div class=\"elementor-container elementor-column-gap-default\">\n\t\t\t\t\t<div class=\"elementor-column elementor-col-100 elementor-top-column elementor-element elementor-element-c7ac30a\" data-id=\"c7ac30a\" data-element_type=\"column\" data-e-type=\"column\">\n\t\t\t<div class=\"elementor-widget-wrap elementor-element-populated\">\n\t\t\t\t\t\t<div class=\"elementor-element elementor-element-91646b7 elementor-widget elementor-widget-text-editor\" data-id=\"91646b7\" data-element_type=\"widget\" data-e-type=\"widget\" data-widget_type=\"text-editor.default\">\n\t\t\t\t<div class=\"elementor-widget-container\">\n\t\t\t\t\t\t\t\t\t<h5 class=\"titleproduct\">Descripci\u00f3n<\/h5>\n<h6>Aceite de C\u00e1\u00f1amo 20% 6000 mg Espectro Completo con MCT &#8211; 30 ml<\/h6>\n<p>El Aceite de C\u00e1\u00f1amo 20% 6000 mg CannBliss es adecuado para los consumidores experimentados de c\u00e1\u00f1amo que desean maximizar el potencial de este compuesto mediante una mayor concentraci\u00f3n, para sentir plenamente sus efectos. Todos nuestros productos de C\u00e1\u00f1amo se cultivan ecol\u00f3gicamente en la UE a partir de c\u00e1\u00f1amo de la mejor calidad y se someten a pruebas en laboratorios independientes para garantizar complementos alimenticios de primera calidad, sanos, 100% naturales y seguros, sin efectos psicoactivos ni riesgo de intoxicaci\u00f3n, que ayudan a potenciar tu salud y bienestar de forma hol\u00edstica, e incluso a tratar o mitigar los efectos de diversas patolog\u00edas. <\/p>\n<\/p>\n<p>Obt\u00e9n m\u00e1s informaci\u00f3n sobre CannBliss <a href=\"https:\/\/cannbliss.com\/es\/sobre-nosotros\/\" target=\"_blank\" rel=\"noopener\">aqu\u00ed<\/a>, y si quieres saber m\u00e1s sobre el potencial terap\u00e9utico del c\u00e1\u00f1amo, haz clic <a href=\"https:\/\/cannbliss.com\/es\/por-que-el-canamo\/\" target=\"_blank\" rel=\"noopener\">aqu\u00ed<\/a>.<\/p>\n<\/p>\n<h5 class=\"titleproduct\">Informaci\u00f3n adicional<\/h5>\n<p><b>Todos nuestros productos garantizan calidad, coherencia y transparencia<\/b>:<\/p>\n<p>&#8211; Sin productos qu\u00edmicos agresivos, pesticidas ni metales pesados &#8211; Sin gluten (apto para veganos) y sin OMG (no transg\u00e9nico) &#8211; Extracto de c\u00e1\u00f1amo de espectro completo, con menos del 0,2% de THC, probado en laboratorio<\/p>\n<p>&#8211; Calidad superior, producida en la UE a partir de semillas certificadas por la UE<\/p>\n<\/p>\n<p><b>Ingredientes<\/b>:<\/p>\n<p>Aceite de semillas de c\u00e1\u00f1amo, extracto de c\u00e1\u00f1amo y aceite MCT; Sabor de menta: aroma de menta; Sabor de naranja: aroma de naranja; Contiene menos del 0,2% de THC.<\/p>\n<\/p>\n<p>I<b>nformaci\u00f3n del producto<\/b>: &#8211; Dosis &#8211; 5 gotas &#8211; Cantidad de c\u00e1\u00f1amo por 5 gotas &#8211; 33 mg &#8211; Cantidad de c\u00e1\u00f1amo por gota &#8211; 6,7 mg &#8211; Raciones de 5 gotas por envase de 30 ml &#8211; 180 &#8211; Raciones de 1 gota por envase de 30 ml &#8211; 900<\/p>\n<\/p>\n<p><b>Posolog\u00eda<\/b>: Para obtener los mejores resultados, toma 5 gotas bajo la lengua dos veces al d\u00eda y mantenlas durante al menos 1 minuto, despu\u00e9s tr\u00e1galas. Agita bien antes de usar. <\/p>\n<p><span lang=\"EN-US\"> <\/span><\/p>\n<p><b>Conservaci\u00f3n<\/b>: No refrigerar. Gu\u00e1rdalo lejos del calor, la luz y la humedad. <\/p>\n<\/p>\n<p><b>Advertencias<\/b>: No superar la dosis diaria indicada. No utilizar si el precinto de seguridad est\u00e1 da\u00f1ado. Un complemento alimenticio no sustituye a una dieta variada y equilibrada ni a un estilo de vida sano. Mantener fuera del alcance de los ni\u00f1os y los animales dom\u00e9sticos. No se recomienda a mujeres embarazadas o en per\u00edodo de lactancia. Si experimentas alg\u00fan efecto adverso tras su uso, interrumpe su consumo y consulta a tu m\u00e9dico. Consulta a un m\u00e9dico sobre la toma de este producto si tienes alg\u00fan problema de salud.      <\/p>\n<\/p>\n<p><b>Informes de laboratorio<\/b>:<\/p>\n<p><a href=\"https:\/\/cannbliss.com\/wp-content\/uploads\/2025\/07\/Lote-LTSP0922.pdf\" target=\"_blank\" rel=\"noopener\">Lote LTSP0922<\/a><\/p>\n\t\t\t\t\t\t\t\t<\/div>\n\t\t\t\t<\/div>\n\t\t\t\t\t<\/div>\n\t\t<\/div>\n\t\t\t\t\t<\/div>\n\t\t<\/section>\n\t\t\t\t<\/div>\n\t\t","protected":false},"excerpt":{"rendered":"<p><span style=\"color: #1c1c1c;\"><strong>Este aceite se ha creado especialmente para usuarios m\u00e1s experimentados que desean maximizar el efecto del C\u00e1\u00f1amo.<\/strong><\/span><br \/>\nUn complemento alimenticio de primera calidad, 100% natural y sin efectos psicoactivos, creado en la UE a partir de c\u00e1\u00f1amo org\u00e1nico de alta calidad, ideal para quienes desean sentir plenamente el efecto transformador del C\u00e1\u00f1amo.<\/p>\n<p>M\u00e1s informaci\u00f3n sobre este aceite a continuaci\u00f3n.<\/p>\n","protected":false},"featured_media":10938,"comment_status":"open","ping_status":"closed","template":"","meta":[],"product_brand":[],"product_cat":[234],"product_tag":[],"class_list":{"0":"post-10959","1":"product","2":"type-product","3":"status-publish","4":"has-post-thumbnail","6":"product_cat-aceites-de-canamo","8":"first","9":"instock","10":"taxable","11":"shipping-taxable","12":"purchasable","13":"product-type-variable"},"yoast_head":"<!-- This site is optimized with the Yoast SEO plugin v26.9 - https:\/\/yoast.com\/product\/yoast-seo-wordpress\/ -->\n<title>Aceite de C\u00e1\u00f1amo 20% 6000 mg Espectro Completo con MCT - 30ml - Cannbliss<\/title>\n<meta name=\"description\" content=\"Este aceite se ha creado especialmente para los usuarios m\u00e1s experimentados que desean maximizar el efecto del C\u00e1\u00f1amo. Un complemento alimenticio de primera calidad.\" \/>\n<meta name=\"robots\" content=\"index, follow, max-snippet:-1, max-image-preview:large, max-video-preview:-1\" \/>\n<link rel=\"canonical\" href=\"https:\/\/cannbliss.com\/es\/produto\/aceite-de-canamo-20-6000-mg-espectro-completo-con-mct-30ml\/\" \/>\n<meta property=\"og:locale\" content=\"es_ES\" \/>\n<meta property=\"og:type\" content=\"article\" \/>\n<meta property=\"og:title\" content=\"Aceite de C\u00e1\u00f1amo 20% 6000 mg Espectro Completo con MCT - 30ml - Cannbliss\" \/>\n<meta property=\"og:description\" content=\"Este aceite se ha creado especialmente para los usuarios m\u00e1s experimentados que desean maximizar el efecto del C\u00e1\u00f1amo. Un complemento alimenticio de primera calidad.\" \/>\n<meta property=\"og:url\" content=\"https:\/\/cannbliss.com\/es\/produto\/aceite-de-canamo-20-6000-mg-espectro-completo-con-mct-30ml\/\" \/>\n<meta property=\"og:site_name\" content=\"Cannbliss\" \/>\n<meta property=\"article:modified_time\" content=\"2026-03-23T13:44:30+00:00\" \/>\n<meta property=\"og:image\" content=\"https:\/\/cannbliss.com\/wp-content\/uploads\/2022\/11\/Sabor-natural_6000_Upd_1-min.jpg\" \/>\n\t<meta property=\"og:image:width\" content=\"1080\" \/>\n\t<meta property=\"og:image:height\" content=\"1080\" \/>\n\t<meta property=\"og:image:type\" content=\"image\/jpeg\" \/>\n<meta name=\"twitter:card\" content=\"summary_large_image\" \/>\n<meta name=\"twitter:label1\" content=\"Disponibilidad\" \/>\n\t<meta name=\"twitter:data1\" content=\"Disponible\" \/>\n<script type=\"application\/ld+json\" class=\"yoast-schema-graph\">{\"@context\":\"https:\/\/schema.org\",\"@graph\":[{\"@type\":[\"WebPage\",\"ItemPage\"],\"@id\":\"https:\/\/cannbliss.com\/es\/produto\/aceite-de-canamo-20-6000-mg-espectro-completo-con-mct-30ml\/\",\"url\":\"https:\/\/cannbliss.com\/es\/produto\/aceite-de-canamo-20-6000-mg-espectro-completo-con-mct-30ml\/\",\"name\":\"Aceite de C\u00e1\u00f1amo 20% 6000 mg Espectro Completo con MCT - 30ml - Cannbliss\",\"isPartOf\":{\"@id\":\"https:\/\/cannbliss.com\/#website\"},\"primaryImageOfPage\":{\"@id\":\"https:\/\/cannbliss.com\/es\/produto\/aceite-de-canamo-20-6000-mg-espectro-completo-con-mct-30ml\/#primaryimage\"},\"image\":{\"@id\":\"https:\/\/cannbliss.com\/es\/produto\/aceite-de-canamo-20-6000-mg-espectro-completo-con-mct-30ml\/#primaryimage\"},\"thumbnailUrl\":\"https:\/\/cannbliss.com\/wp-content\/uploads\/2022\/11\/Sabor-natural_6000_Upd_1-min.jpg\",\"datePublished\":\"2022-11-30T18:11:24+00:00\",\"dateModified\":\"2026-03-23T13:44:30+00:00\",\"description\":\"Este aceite se ha creado especialmente para los usuarios m\u00e1s experimentados que desean maximizar el efecto del C\u00e1\u00f1amo. Un complemento alimenticio de primera calidad.\",\"breadcrumb\":{\"@id\":\"https:\/\/cannbliss.com\/es\/produto\/aceite-de-canamo-20-6000-mg-espectro-completo-con-mct-30ml\/#breadcrumb\"},\"inLanguage\":\"es\",\"potentialAction\":[{\"@type\":\"ReadAction\",\"target\":[\"https:\/\/cannbliss.com\/es\/produto\/aceite-de-canamo-20-6000-mg-espectro-completo-con-mct-30ml\/\"]}]},{\"@type\":\"ImageObject\",\"inLanguage\":\"es\",\"@id\":\"https:\/\/cannbliss.com\/es\/produto\/aceite-de-canamo-20-6000-mg-espectro-completo-con-mct-30ml\/#primaryimage\",\"url\":\"https:\/\/cannbliss.com\/wp-content\/uploads\/2022\/11\/Sabor-natural_6000_Upd_1-min.jpg\",\"contentUrl\":\"https:\/\/cannbliss.com\/wp-content\/uploads\/2022\/11\/Sabor-natural_6000_Upd_1-min.jpg\",\"width\":1080,\"height\":1080},{\"@type\":\"BreadcrumbList\",\"@id\":\"https:\/\/cannbliss.com\/es\/produto\/aceite-de-canamo-20-6000-mg-espectro-completo-con-mct-30ml\/#breadcrumb\",\"itemListElement\":[{\"@type\":\"ListItem\",\"position\":1,\"name\":\"Tienda\",\"item\":\"https:\/\/cannbliss.com\/es\/tienda\/\"},{\"@type\":\"ListItem\",\"position\":2,\"name\":\"Aceite de C\u00e1\u00f1amo 20% 6000 mg Espectro Completo con MCT &#8211; 30ml\"}]},{\"@type\":\"WebSite\",\"@id\":\"https:\/\/cannbliss.com\/#website\",\"url\":\"https:\/\/cannbliss.com\/\",\"name\":\"Cannbliss\",\"description\":\"Produtos \u00e0 Base de \u00d3leo de C\u00e2nhamo\",\"publisher\":{\"@id\":\"https:\/\/cannbliss.com\/#organization\"},\"potentialAction\":[{\"@type\":\"SearchAction\",\"target\":{\"@type\":\"EntryPoint\",\"urlTemplate\":\"https:\/\/cannbliss.com\/?s={search_term_string}\"},\"query-input\":{\"@type\":\"PropertyValueSpecification\",\"valueRequired\":true,\"valueName\":\"search_term_string\"}}],\"inLanguage\":\"es\"},{\"@type\":\"Organization\",\"@id\":\"https:\/\/cannbliss.com\/#organization\",\"name\":\"Cannbliss\",\"url\":\"https:\/\/cannbliss.com\/\",\"logo\":{\"@type\":\"ImageObject\",\"inLanguage\":\"es\",\"@id\":\"https:\/\/cannbliss.com\/#\/schema\/logo\/image\/\",\"url\":\"https:\/\/cannbliss.com\/wp-content\/uploads\/2022\/11\/cannbliss_verdeescuro.png\",\"contentUrl\":\"https:\/\/cannbliss.com\/wp-content\/uploads\/2022\/11\/cannbliss_verdeescuro.png\",\"width\":1000,\"height\":152,\"caption\":\"Cannbliss\"},\"image\":{\"@id\":\"https:\/\/cannbliss.com\/#\/schema\/logo\/image\/\"}}]}<\/script>\n<meta property=\"og:availability\" content=\"instock\" \/>\n<meta property=\"product:availability\" content=\"instock\" \/>\n<meta property=\"product:retailer_item_id\" content=\"CANN03\" \/>\n<meta property=\"product:condition\" content=\"new\" \/>\n<!-- \/ Yoast SEO plugin. -->","yoast_head_json":{"title":"Aceite de C\u00e1\u00f1amo 20% 6000 mg Espectro Completo con MCT - 30ml - Cannbliss","description":"Este aceite se ha creado especialmente para los usuarios m\u00e1s experimentados que desean maximizar el efecto del C\u00e1\u00f1amo. Un complemento alimenticio de primera calidad.","robots":{"index":"index","follow":"follow","max-snippet":"max-snippet:-1","max-image-preview":"max-image-preview:large","max-video-preview":"max-video-preview:-1"},"canonical":"https:\/\/cannbliss.com\/es\/produto\/aceite-de-canamo-20-6000-mg-espectro-completo-con-mct-30ml\/","og_locale":"es_ES","og_type":"article","og_title":"Aceite de C\u00e1\u00f1amo 20% 6000 mg Espectro Completo con MCT - 30ml - Cannbliss","og_description":"Este aceite se ha creado especialmente para los usuarios m\u00e1s experimentados que desean maximizar el efecto del C\u00e1\u00f1amo. Un complemento alimenticio de primera calidad.","og_url":"https:\/\/cannbliss.com\/es\/produto\/aceite-de-canamo-20-6000-mg-espectro-completo-con-mct-30ml\/","og_site_name":"Cannbliss","article_modified_time":"2026-03-23T13:44:30+00:00","og_image":[{"width":1080,"height":1080,"url":"https:\/\/cannbliss.com\/wp-content\/uploads\/2022\/11\/Sabor-natural_6000_Upd_1-min.jpg","type":"image\/jpeg"}],"twitter_card":"summary_large_image","twitter_misc":{"Disponibilidad":"Disponible"},"schema":{"@context":"https:\/\/schema.org","@graph":[{"@type":["WebPage","ItemPage"],"@id":"https:\/\/cannbliss.com\/es\/produto\/aceite-de-canamo-20-6000-mg-espectro-completo-con-mct-30ml\/","url":"https:\/\/cannbliss.com\/es\/produto\/aceite-de-canamo-20-6000-mg-espectro-completo-con-mct-30ml\/","name":"Aceite de C\u00e1\u00f1amo 20% 6000 mg Espectro Completo con MCT - 30ml - Cannbliss","isPartOf":{"@id":"https:\/\/cannbliss.com\/#website"},"primaryImageOfPage":{"@id":"https:\/\/cannbliss.com\/es\/produto\/aceite-de-canamo-20-6000-mg-espectro-completo-con-mct-30ml\/#primaryimage"},"image":{"@id":"https:\/\/cannbliss.com\/es\/produto\/aceite-de-canamo-20-6000-mg-espectro-completo-con-mct-30ml\/#primaryimage"},"thumbnailUrl":"https:\/\/cannbliss.com\/wp-content\/uploads\/2022\/11\/Sabor-natural_6000_Upd_1-min.jpg","datePublished":"2022-11-30T18:11:24+00:00","dateModified":"2026-03-23T13:44:30+00:00","description":"Este aceite se ha creado especialmente para los usuarios m\u00e1s experimentados que desean maximizar el efecto del C\u00e1\u00f1amo. Un complemento alimenticio de primera calidad.","breadcrumb":{"@id":"https:\/\/cannbliss.com\/es\/produto\/aceite-de-canamo-20-6000-mg-espectro-completo-con-mct-30ml\/#breadcrumb"},"inLanguage":"es","potentialAction":[{"@type":"ReadAction","target":["https:\/\/cannbliss.com\/es\/produto\/aceite-de-canamo-20-6000-mg-espectro-completo-con-mct-30ml\/"]}]},{"@type":"ImageObject","inLanguage":"es","@id":"https:\/\/cannbliss.com\/es\/produto\/aceite-de-canamo-20-6000-mg-espectro-completo-con-mct-30ml\/#primaryimage","url":"https:\/\/cannbliss.com\/wp-content\/uploads\/2022\/11\/Sabor-natural_6000_Upd_1-min.jpg","contentUrl":"https:\/\/cannbliss.com\/wp-content\/uploads\/2022\/11\/Sabor-natural_6000_Upd_1-min.jpg","width":1080,"height":1080},{"@type":"BreadcrumbList","@id":"https:\/\/cannbliss.com\/es\/produto\/aceite-de-canamo-20-6000-mg-espectro-completo-con-mct-30ml\/#breadcrumb","itemListElement":[{"@type":"ListItem","position":1,"name":"Tienda","item":"https:\/\/cannbliss.com\/es\/tienda\/"},{"@type":"ListItem","position":2,"name":"Aceite de C\u00e1\u00f1amo 20% 6000 mg Espectro Completo con MCT &#8211; 30ml"}]},{"@type":"WebSite","@id":"https:\/\/cannbliss.com\/#website","url":"https:\/\/cannbliss.com\/","name":"Cannbliss","description":"Produtos \u00e0 Base de \u00d3leo de C\u00e2nhamo","publisher":{"@id":"https:\/\/cannbliss.com\/#organization"},"potentialAction":[{"@type":"SearchAction","target":{"@type":"EntryPoint","urlTemplate":"https:\/\/cannbliss.com\/?s={search_term_string}"},"query-input":{"@type":"PropertyValueSpecification","valueRequired":true,"valueName":"search_term_string"}}],"inLanguage":"es"},{"@type":"Organization","@id":"https:\/\/cannbliss.com\/#organization","name":"Cannbliss","url":"https:\/\/cannbliss.com\/","logo":{"@type":"ImageObject","inLanguage":"es","@id":"https:\/\/cannbliss.com\/#\/schema\/logo\/image\/","url":"https:\/\/cannbliss.com\/wp-content\/uploads\/2022\/11\/cannbliss_verdeescuro.png","contentUrl":"https:\/\/cannbliss.com\/wp-content\/uploads\/2022\/11\/cannbliss_verdeescuro.png","width":1000,"height":152,"caption":"Cannbliss"},"image":{"@id":"https:\/\/cannbliss.com\/#\/schema\/logo\/image\/"}}]},"og_availability":"instock","product_availability":"instock","product_retailer_item_id":"CANN03","product_condition":"new"},"_links":{"self":[{"href":"https:\/\/cannbliss.com\/es\/wp-json\/wp\/v2\/product\/10959","targetHints":{"allow":["GET"]}}],"collection":[{"href":"https:\/\/cannbliss.com\/es\/wp-json\/wp\/v2\/product"}],"about":[{"href":"https:\/\/cannbliss.com\/es\/wp-json\/wp\/v2\/types\/product"}],"replies":[{"embeddable":true,"href":"https:\/\/cannbliss.com\/es\/wp-json\/wp\/v2\/comments?post=10959"}],"version-history":[{"count":3,"href":"https:\/\/cannbliss.com\/es\/wp-json\/wp\/v2\/product\/10959\/revisions"}],"predecessor-version":[{"id":13147,"href":"https:\/\/cannbliss.com\/es\/wp-json\/wp\/v2\/product\/10959\/revisions\/13147"}],"wp:featuredmedia":[{"embeddable":true,"href":"https:\/\/cannbliss.com\/es\/wp-json\/wp\/v2\/media\/10938"}],"wp:attachment":[{"href":"https:\/\/cannbliss.com\/es\/wp-json\/wp\/v2\/media?parent=10959"}],"wp:term":[{"taxonomy":"product_brand","embeddable":true,"href":"https:\/\/cannbliss.com\/es\/wp-json\/wp\/v2\/product_brand?post=10959"},{"taxonomy":"product_cat","embeddable":true,"href":"https:\/\/cannbliss.com\/es\/wp-json\/wp\/v2\/product_cat?post=10959"},{"taxonomy":"product_tag","embeddable":true,"href":"https:\/\/cannbliss.com\/es\/wp-json\/wp\/v2\/product_tag?post=10959"}],"curies":[{"name":"wp","href":"https:\/\/api.w.org\/{rel}","templated":true}]}}