{"id":10942,"date":"2022-11-30T16:56:33","date_gmt":"2022-11-30T16:56:33","guid":{"rendered":"https:\/\/cannbliss.com\/produto\/aceite-de-canamo-10-3000-mg-espectro-completo-con-mct-30ml\/"},"modified":"2026-02-11T22:34:35","modified_gmt":"2026-02-11T22:34:35","slug":"aceite-de-canamo-10-3000-mg-espectro-completo-con-mct-30ml","status":"publish","type":"product","link":"https:\/\/cannbliss.com\/es\/produto\/aceite-de-canamo-10-3000-mg-espectro-completo-con-mct-30ml\/","title":{"rendered":"Aceite de C\u00e1\u00f1amo 10% 3000 mg Espectro Completo con MCT &#8211; 30ml"},"content":{"rendered":"\t\t<div data-elementor-type=\"product-post\" data-elementor-id=\"10942\" class=\"elementor elementor-10942 elementor-6198\" data-elementor-post-type=\"product\">\n\t\t\t\t\t\t<section class=\"elementor-section elementor-top-section elementor-element elementor-element-12edd43 elementor-section-boxed elementor-section-height-default elementor-section-height-default\" data-id=\"12edd43\" data-element_type=\"section\" data-e-type=\"section\">\n\t\t\t\t\t\t<div class=\"elementor-container elementor-column-gap-default\">\n\t\t\t\t\t<div class=\"elementor-column elementor-col-100 elementor-top-column elementor-element elementor-element-c7ac30a\" data-id=\"c7ac30a\" data-element_type=\"column\" data-e-type=\"column\">\n\t\t\t<div class=\"elementor-widget-wrap elementor-element-populated\">\n\t\t\t\t\t\t<div class=\"elementor-element elementor-element-16bb352 elementor-widget elementor-widget-text-editor\" data-id=\"16bb352\" data-element_type=\"widget\" data-e-type=\"widget\" data-widget_type=\"text-editor.default\">\n\t\t\t\t<div class=\"elementor-widget-container\">\n\t\t\t\t\t\t\t\t\t<h5 class=\"titleproduct\">Descripci\u00f3n<\/h5>\n<h6>Aceite de C\u00e1\u00f1amo 10% 3000 mg Espectro Completo con MCT &#8211; 30 ml<\/h6>\n<p>El Aceite de C\u00e1\u00f1amo 10% 3000 mg CannBliss es adecuado para los usuarios de c\u00e1\u00f1amo que desean aumentar a\u00fan m\u00e1s el potencial de este compuesto mediante una concentraci\u00f3n m\u00e1s alta.<br \/>\nTodos nuestros productos de C\u00e1\u00f1amo se cultivan ecol\u00f3gicamente en la UE a partir de c\u00e1\u00f1amo de la mejor calidad, y se prueban en laboratorios independientes para garantizar complementos alimenticios de primera calidad, sanos, 100% naturales y seguros, sin ning\u00fan efecto psicoactivo ni riesgo de intoxicaci\u00f3n, que ayudan a potenciar tu salud y bienestar de forma hol\u00edstica, e incluso a tratar o mitigar los efectos de diversas patolog\u00edas. <\/p>\n<p>Obt\u00e9n m\u00e1s informaci\u00f3n sobre CannBliss <a href=\"https:\/\/cannbliss.com\/es\/sobre-nosotros\/\" target=\"_blank\" rel=\"noopener\">aqu\u00ed<\/a>, y si quieres saber m\u00e1s sobre el potencial terap\u00e9utico del c\u00e1\u00f1amo, haz clic <a href=\"https:\/\/cannbliss.com\/es\/por-que-el-canamo\/\" target=\"_blank\" rel=\"noopener\">aqu\u00ed<\/a>.<\/p>\n<\/p>\n<h5 class=\"titleproduct\">Informaci\u00f3n adicional<\/h5>\n<p><b>Todos nuestros productos garantizan calidad, coherencia y transparencia<\/b>:<\/p>\n<p>&#8211; Libre de productos qu\u00edmicos agresivos, pesticidas y metales pesados &#8211; Sin gluten (apto para veganos) y sin OMG (no transg\u00e9nico) &#8211; Extracto de c\u00e1\u00f1amo de espectro completo, con menos del 0,2% de THC, probado en laboratorio &#8211; Calidad superior, producido en la UE a partir de semillas certificadas por la UE<\/p>\n<\/p>\n<p><b>Ingredientes<\/b>:<\/p>\n<p>Aceite de semillas de c\u00e1\u00f1amo, extracto de c\u00e1\u00f1amo y aceite MCT; Sabor de menta: aroma de menta; Sabor de naranja: aroma de naranja; Contiene menos del 0,2% de THC.<\/p>\n<p><span style=\"font-family: var( --e-global-typography-text-font-family ), Sans-serif; font-size: var( --e-global-typography-text-font-size ); font-weight: var( --e-global-typography-text-font-weight );\"> <\/span><\/p>\n<p><b>Informaci\u00f3n sobre el producto<\/b>:<\/p>\n<p>&#8211; Dosificaci\u00f3n &#8211; 5 gotas &#8211; Cantidad de c\u00e1\u00f1amo por 5 gotas &#8211; 16 mg &#8211; Cantidad de c\u00e1\u00f1amo por gota &#8211; 3,3 mg &#8211; Porciones de 5 gotas por envase de 30 ml &#8211; 180 &#8211; Porciones de 1 gota por envase de 30 ml &#8211; 900<\/p>\n<\/p>\n<p><b>Posolog\u00eda<\/b>: Para obtener los mejores resultados, toma 5 gotas bajo la lengua dos veces al d\u00eda y mantenlas durante al menos 1 minuto, despu\u00e9s tr\u00e1galas.<br \/>\nAgita bien antes de usar. <\/p>\n<\/p>\n<p><b>Almacenamiento<\/b>: No refrigerar.<br \/>\nGu\u00e1rdalo lejos del calor, la luz y la humedad. <\/p>\n<\/p>\n<p><b>Advertencias<\/b>: No superar la dosis diaria indicada.<br \/>\nNo utilizar si el precinto de seguridad est\u00e1 da\u00f1ado.<br \/>\nUn complemento alimenticio no sustituye a una dieta variada y equilibrada ni a un estilo de vida sano.<br \/>\nMantener fuera del alcance de los ni\u00f1os y los animales dom\u00e9sticos.<br \/>\nNo recomendado para mujeres embarazadas o en periodo de lactancia.<br \/>\nSi experimentas alg\u00fan efecto adverso tras su uso, interrumpe su consumo y consulta a tu m\u00e9dico.<br \/>\nConsulta a un m\u00e9dico sobre la toma de este producto si tienes alg\u00fan problema de salud.      <\/p>\n<\/p>\n<p><b>Informes de laboratorio<\/b>:<\/p>\n<p><a href=\"https:\/\/cannbliss.com\/wp-content\/uploads\/2023\/06\/CoA-Cannbliss-3000mg-10-2.pdf\" target=\"_blank\" rel=\"noopener\">Lote CZ01375<\/a><\/p>\n\t\t\t\t\t\t\t\t<\/div>\n\t\t\t\t<\/div>\n\t\t\t\t\t<\/div>\n\t\t<\/div>\n\t\t\t\t\t<\/div>\n\t\t<\/section>\n\t\t\t\t<\/div>\n\t\t","protected":false},"excerpt":{"rendered":"<p><span style=\"color: #1c1c1c;\"><strong>Este aceite es ideal para quienes ya utilizan c\u00e1\u00f1amo y desean aumentar el potencial de este incre\u00edble compuesto.<\/strong><\/span>  Se crea en la UE a partir de c\u00e1\u00f1amo org\u00e1nico de alta calidad, lo que da como resultado un complemento alimenticio 100% natural, seguro y sin efectos psicoactivos, perfecto para potenciar a\u00fan m\u00e1s tu bienestar.<br \/>\nM\u00e1s informaci\u00f3n sobre este aceite a continuaci\u00f3n. <\/p>\n","protected":false},"featured_media":10937,"comment_status":"open","ping_status":"closed","template":"","meta":[],"product_brand":[],"product_cat":[234],"product_tag":[],"class_list":{"0":"post-10942","1":"product","2":"type-product","3":"status-publish","4":"has-post-thumbnail","6":"product_cat-aceites-de-canamo","8":"first","9":"outofstock","10":"taxable","11":"shipping-taxable","12":"purchasable","13":"product-type-variable"},"yoast_head":"<!-- This site is optimized with the Yoast SEO plugin v26.9 - https:\/\/yoast.com\/product\/yoast-seo-wordpress\/ -->\n<title>Aceite de C\u00e1\u00f1amo 10% 3000 mg Espectro Completo con MCT - 30ml - Cannbliss<\/title>\n<meta name=\"robots\" content=\"index, follow, max-snippet:-1, max-image-preview:large, max-video-preview:-1\" \/>\n<link rel=\"canonical\" href=\"https:\/\/cannbliss.com\/es\/produto\/aceite-de-canamo-10-3000-mg-espectro-completo-con-mct-30ml\/\" \/>\n<meta property=\"og:locale\" content=\"es_ES\" \/>\n<meta property=\"og:type\" content=\"article\" \/>\n<meta property=\"og:title\" content=\"Aceite de C\u00e1\u00f1amo 10% 3000 mg Espectro Completo con MCT - 30ml - Cannbliss\" \/>\n<meta property=\"og:description\" content=\"Este aceite es ideal para quienes ya utilizan c\u00e1\u00f1amo y desean aumentar el potencial de este incre\u00edble compuesto. Se crea en la UE a partir de c\u00e1\u00f1amo org\u00e1nico de alta calidad, lo que da como resultado un complemento alimenticio 100% natural, seguro y sin efectos psicoactivos, perfecto para potenciar a\u00fan m\u00e1s tu bienestar. M\u00e1s informaci\u00f3n sobre este aceite a continuaci\u00f3n.\" \/>\n<meta property=\"og:url\" content=\"https:\/\/cannbliss.com\/es\/produto\/aceite-de-canamo-10-3000-mg-espectro-completo-con-mct-30ml\/\" \/>\n<meta property=\"og:site_name\" content=\"Cannbliss\" \/>\n<meta property=\"article:modified_time\" content=\"2026-02-11T22:34:35+00:00\" \/>\n<meta property=\"og:image\" content=\"https:\/\/cannbliss.com\/wp-content\/uploads\/2022\/11\/Sabor-natural_3000_Upd_1-min.jpg\" \/>\n\t<meta property=\"og:image:width\" content=\"1080\" \/>\n\t<meta property=\"og:image:height\" content=\"1080\" \/>\n\t<meta property=\"og:image:type\" content=\"image\/jpeg\" \/>\n<meta name=\"twitter:card\" content=\"summary_large_image\" \/>\n<meta name=\"twitter:label1\" content=\"Disponibilidad\" \/>\n\t<meta name=\"twitter:data1\" content=\"Sin existencias\" \/>\n<script type=\"application\/ld+json\" class=\"yoast-schema-graph\">{\"@context\":\"https:\/\/schema.org\",\"@graph\":[{\"@type\":[\"WebPage\",\"ItemPage\"],\"@id\":\"https:\/\/cannbliss.com\/es\/produto\/aceite-de-canamo-10-3000-mg-espectro-completo-con-mct-30ml\/\",\"url\":\"https:\/\/cannbliss.com\/es\/produto\/aceite-de-canamo-10-3000-mg-espectro-completo-con-mct-30ml\/\",\"name\":\"Aceite de C\u00e1\u00f1amo 10% 3000 mg Espectro Completo con MCT - 30ml - Cannbliss\",\"isPartOf\":{\"@id\":\"https:\/\/cannbliss.com\/#website\"},\"primaryImageOfPage\":{\"@id\":\"https:\/\/cannbliss.com\/es\/produto\/aceite-de-canamo-10-3000-mg-espectro-completo-con-mct-30ml\/#primaryimage\"},\"image\":{\"@id\":\"https:\/\/cannbliss.com\/es\/produto\/aceite-de-canamo-10-3000-mg-espectro-completo-con-mct-30ml\/#primaryimage\"},\"thumbnailUrl\":\"https:\/\/cannbliss.com\/wp-content\/uploads\/2022\/11\/Sabor-natural_3000_Upd_1-min.jpg\",\"datePublished\":\"2022-11-30T16:56:33+00:00\",\"dateModified\":\"2026-02-11T22:34:35+00:00\",\"breadcrumb\":{\"@id\":\"https:\/\/cannbliss.com\/es\/produto\/aceite-de-canamo-10-3000-mg-espectro-completo-con-mct-30ml\/#breadcrumb\"},\"inLanguage\":\"es\",\"potentialAction\":[{\"@type\":\"ReadAction\",\"target\":[\"https:\/\/cannbliss.com\/es\/produto\/aceite-de-canamo-10-3000-mg-espectro-completo-con-mct-30ml\/\"]}]},{\"@type\":\"ImageObject\",\"inLanguage\":\"es\",\"@id\":\"https:\/\/cannbliss.com\/es\/produto\/aceite-de-canamo-10-3000-mg-espectro-completo-con-mct-30ml\/#primaryimage\",\"url\":\"https:\/\/cannbliss.com\/wp-content\/uploads\/2022\/11\/Sabor-natural_3000_Upd_1-min.jpg\",\"contentUrl\":\"https:\/\/cannbliss.com\/wp-content\/uploads\/2022\/11\/Sabor-natural_3000_Upd_1-min.jpg\",\"width\":1080,\"height\":1080},{\"@type\":\"BreadcrumbList\",\"@id\":\"https:\/\/cannbliss.com\/es\/produto\/aceite-de-canamo-10-3000-mg-espectro-completo-con-mct-30ml\/#breadcrumb\",\"itemListElement\":[{\"@type\":\"ListItem\",\"position\":1,\"name\":\"Tienda\",\"item\":\"https:\/\/cannbliss.com\/es\/tienda\/\"},{\"@type\":\"ListItem\",\"position\":2,\"name\":\"Aceite de C\u00e1\u00f1amo 10% 3000 mg Espectro Completo con MCT &#8211; 30ml\"}]},{\"@type\":\"WebSite\",\"@id\":\"https:\/\/cannbliss.com\/#website\",\"url\":\"https:\/\/cannbliss.com\/\",\"name\":\"Cannbliss\",\"description\":\"Produtos \u00e0 Base de \u00d3leo de C\u00e2nhamo\",\"publisher\":{\"@id\":\"https:\/\/cannbliss.com\/#organization\"},\"potentialAction\":[{\"@type\":\"SearchAction\",\"target\":{\"@type\":\"EntryPoint\",\"urlTemplate\":\"https:\/\/cannbliss.com\/?s={search_term_string}\"},\"query-input\":{\"@type\":\"PropertyValueSpecification\",\"valueRequired\":true,\"valueName\":\"search_term_string\"}}],\"inLanguage\":\"es\"},{\"@type\":\"Organization\",\"@id\":\"https:\/\/cannbliss.com\/#organization\",\"name\":\"Cannbliss\",\"url\":\"https:\/\/cannbliss.com\/\",\"logo\":{\"@type\":\"ImageObject\",\"inLanguage\":\"es\",\"@id\":\"https:\/\/cannbliss.com\/#\/schema\/logo\/image\/\",\"url\":\"https:\/\/cannbliss.com\/wp-content\/uploads\/2022\/11\/cannbliss_verdeescuro.png\",\"contentUrl\":\"https:\/\/cannbliss.com\/wp-content\/uploads\/2022\/11\/cannbliss_verdeescuro.png\",\"width\":1000,\"height\":152,\"caption\":\"Cannbliss\"},\"image\":{\"@id\":\"https:\/\/cannbliss.com\/#\/schema\/logo\/image\/\"}}]}<\/script>\n<meta property=\"og:availability\" content=\"out of stock\" \/>\n<meta property=\"product:availability\" content=\"out of stock\" \/>\n<meta property=\"product:retailer_item_id\" content=\"CANN02\" \/>\n<meta property=\"product:condition\" content=\"new\" \/>\n<!-- \/ Yoast SEO plugin. -->","yoast_head_json":{"title":"Aceite de C\u00e1\u00f1amo 10% 3000 mg Espectro Completo con MCT - 30ml - Cannbliss","robots":{"index":"index","follow":"follow","max-snippet":"max-snippet:-1","max-image-preview":"max-image-preview:large","max-video-preview":"max-video-preview:-1"},"canonical":"https:\/\/cannbliss.com\/es\/produto\/aceite-de-canamo-10-3000-mg-espectro-completo-con-mct-30ml\/","og_locale":"es_ES","og_type":"article","og_title":"Aceite de C\u00e1\u00f1amo 10% 3000 mg Espectro Completo con MCT - 30ml - Cannbliss","og_description":"Este aceite es ideal para quienes ya utilizan c\u00e1\u00f1amo y desean aumentar el potencial de este incre\u00edble compuesto. Se crea en la UE a partir de c\u00e1\u00f1amo org\u00e1nico de alta calidad, lo que da como resultado un complemento alimenticio 100% natural, seguro y sin efectos psicoactivos, perfecto para potenciar a\u00fan m\u00e1s tu bienestar. M\u00e1s informaci\u00f3n sobre este aceite a continuaci\u00f3n.","og_url":"https:\/\/cannbliss.com\/es\/produto\/aceite-de-canamo-10-3000-mg-espectro-completo-con-mct-30ml\/","og_site_name":"Cannbliss","article_modified_time":"2026-02-11T22:34:35+00:00","og_image":[{"width":1080,"height":1080,"url":"https:\/\/cannbliss.com\/wp-content\/uploads\/2022\/11\/Sabor-natural_3000_Upd_1-min.jpg","type":"image\/jpeg"}],"twitter_card":"summary_large_image","twitter_misc":{"Disponibilidad":"Sin existencias"},"schema":{"@context":"https:\/\/schema.org","@graph":[{"@type":["WebPage","ItemPage"],"@id":"https:\/\/cannbliss.com\/es\/produto\/aceite-de-canamo-10-3000-mg-espectro-completo-con-mct-30ml\/","url":"https:\/\/cannbliss.com\/es\/produto\/aceite-de-canamo-10-3000-mg-espectro-completo-con-mct-30ml\/","name":"Aceite de C\u00e1\u00f1amo 10% 3000 mg Espectro Completo con MCT - 30ml - Cannbliss","isPartOf":{"@id":"https:\/\/cannbliss.com\/#website"},"primaryImageOfPage":{"@id":"https:\/\/cannbliss.com\/es\/produto\/aceite-de-canamo-10-3000-mg-espectro-completo-con-mct-30ml\/#primaryimage"},"image":{"@id":"https:\/\/cannbliss.com\/es\/produto\/aceite-de-canamo-10-3000-mg-espectro-completo-con-mct-30ml\/#primaryimage"},"thumbnailUrl":"https:\/\/cannbliss.com\/wp-content\/uploads\/2022\/11\/Sabor-natural_3000_Upd_1-min.jpg","datePublished":"2022-11-30T16:56:33+00:00","dateModified":"2026-02-11T22:34:35+00:00","breadcrumb":{"@id":"https:\/\/cannbliss.com\/es\/produto\/aceite-de-canamo-10-3000-mg-espectro-completo-con-mct-30ml\/#breadcrumb"},"inLanguage":"es","potentialAction":[{"@type":"ReadAction","target":["https:\/\/cannbliss.com\/es\/produto\/aceite-de-canamo-10-3000-mg-espectro-completo-con-mct-30ml\/"]}]},{"@type":"ImageObject","inLanguage":"es","@id":"https:\/\/cannbliss.com\/es\/produto\/aceite-de-canamo-10-3000-mg-espectro-completo-con-mct-30ml\/#primaryimage","url":"https:\/\/cannbliss.com\/wp-content\/uploads\/2022\/11\/Sabor-natural_3000_Upd_1-min.jpg","contentUrl":"https:\/\/cannbliss.com\/wp-content\/uploads\/2022\/11\/Sabor-natural_3000_Upd_1-min.jpg","width":1080,"height":1080},{"@type":"BreadcrumbList","@id":"https:\/\/cannbliss.com\/es\/produto\/aceite-de-canamo-10-3000-mg-espectro-completo-con-mct-30ml\/#breadcrumb","itemListElement":[{"@type":"ListItem","position":1,"name":"Tienda","item":"https:\/\/cannbliss.com\/es\/tienda\/"},{"@type":"ListItem","position":2,"name":"Aceite de C\u00e1\u00f1amo 10% 3000 mg Espectro Completo con MCT &#8211; 30ml"}]},{"@type":"WebSite","@id":"https:\/\/cannbliss.com\/#website","url":"https:\/\/cannbliss.com\/","name":"Cannbliss","description":"Produtos \u00e0 Base de \u00d3leo de C\u00e2nhamo","publisher":{"@id":"https:\/\/cannbliss.com\/#organization"},"potentialAction":[{"@type":"SearchAction","target":{"@type":"EntryPoint","urlTemplate":"https:\/\/cannbliss.com\/?s={search_term_string}"},"query-input":{"@type":"PropertyValueSpecification","valueRequired":true,"valueName":"search_term_string"}}],"inLanguage":"es"},{"@type":"Organization","@id":"https:\/\/cannbliss.com\/#organization","name":"Cannbliss","url":"https:\/\/cannbliss.com\/","logo":{"@type":"ImageObject","inLanguage":"es","@id":"https:\/\/cannbliss.com\/#\/schema\/logo\/image\/","url":"https:\/\/cannbliss.com\/wp-content\/uploads\/2022\/11\/cannbliss_verdeescuro.png","contentUrl":"https:\/\/cannbliss.com\/wp-content\/uploads\/2022\/11\/cannbliss_verdeescuro.png","width":1000,"height":152,"caption":"Cannbliss"},"image":{"@id":"https:\/\/cannbliss.com\/#\/schema\/logo\/image\/"}}]},"og_availability":"out of stock","product_availability":"out of stock","product_retailer_item_id":"CANN02","product_condition":"new"},"_links":{"self":[{"href":"https:\/\/cannbliss.com\/es\/wp-json\/wp\/v2\/product\/10942","targetHints":{"allow":["GET"]}}],"collection":[{"href":"https:\/\/cannbliss.com\/es\/wp-json\/wp\/v2\/product"}],"about":[{"href":"https:\/\/cannbliss.com\/es\/wp-json\/wp\/v2\/types\/product"}],"replies":[{"embeddable":true,"href":"https:\/\/cannbliss.com\/es\/wp-json\/wp\/v2\/comments?post=10942"}],"version-history":[{"count":2,"href":"https:\/\/cannbliss.com\/es\/wp-json\/wp\/v2\/product\/10942\/revisions"}],"predecessor-version":[{"id":11957,"href":"https:\/\/cannbliss.com\/es\/wp-json\/wp\/v2\/product\/10942\/revisions\/11957"}],"wp:featuredmedia":[{"embeddable":true,"href":"https:\/\/cannbliss.com\/es\/wp-json\/wp\/v2\/media\/10937"}],"wp:attachment":[{"href":"https:\/\/cannbliss.com\/es\/wp-json\/wp\/v2\/media?parent=10942"}],"wp:term":[{"taxonomy":"product_brand","embeddable":true,"href":"https:\/\/cannbliss.com\/es\/wp-json\/wp\/v2\/product_brand?post=10942"},{"taxonomy":"product_cat","embeddable":true,"href":"https:\/\/cannbliss.com\/es\/wp-json\/wp\/v2\/product_cat?post=10942"},{"taxonomy":"product_tag","embeddable":true,"href":"https:\/\/cannbliss.com\/es\/wp-json\/wp\/v2\/product_tag?post=10942"}],"curies":[{"name":"wp","href":"https:\/\/api.w.org\/{rel}","templated":true}]}}