{"id":10919,"date":"2022-11-30T16:39:19","date_gmt":"2022-11-30T16:39:19","guid":{"rendered":"https:\/\/cannbliss.com\/produto\/aceite-de-canamo-5-1500-mg-espectro-completo-con-mct-30ml\/"},"modified":"2025-12-02T00:00:10","modified_gmt":"2025-12-02T00:00:10","slug":"aceite-de-canamo-5-1500-mg-espectro-completo-con-mct-30ml","status":"publish","type":"product","link":"https:\/\/cannbliss.com\/es\/produto\/aceite-de-canamo-5-1500-mg-espectro-completo-con-mct-30ml\/","title":{"rendered":"Aceite de C\u00e1\u00f1amo 5% 1500 mg Espectro Completo con MCT &#8211; 30ml"},"content":{"rendered":"\t\t<div data-elementor-type=\"product-post\" data-elementor-id=\"10919\" class=\"elementor elementor-10919 elementor-6160\" data-elementor-post-type=\"product\">\n\t\t\t\t\t\t<section class=\"elementor-section elementor-top-section elementor-element elementor-element-12edd43 elementor-section-boxed elementor-section-height-default elementor-section-height-default\" data-id=\"12edd43\" data-element_type=\"section\" data-e-type=\"section\">\n\t\t\t\t\t\t<div class=\"elementor-container elementor-column-gap-default\">\n\t\t\t\t\t<div class=\"elementor-column elementor-col-100 elementor-top-column elementor-element elementor-element-c7ac30a\" data-id=\"c7ac30a\" data-element_type=\"column\" data-e-type=\"column\">\n\t\t\t<div class=\"elementor-widget-wrap elementor-element-populated\">\n\t\t\t\t\t\t<div class=\"elementor-element elementor-element-d1a0721 elementor-widget elementor-widget-text-editor\" data-id=\"d1a0721\" data-element_type=\"widget\" data-e-type=\"widget\" data-widget_type=\"text-editor.default\">\n\t\t\t\t<div class=\"elementor-widget-container\">\n\t\t\t\t\t\t\t\t\t<h5 class=\"titleproduct\">Descripci\u00f3n<\/h5>\n<h6>Aceite de C\u00e1\u00f1amo 5% 1500 mg Espectro Completo con MCT &#8211; 30 ml<\/h6>\n<p>El Aceite de C\u00e1\u00f1amo 5% 1500 mg CannBliss es la soluci\u00f3n ideal para los consumidores menos experimentados que desean introducir el c\u00e1\u00f1amo en su vida y en su dieta diaria.\nTodos nuestros productos de C\u00e1\u00f1amo se cultivan ecol\u00f3gicamente en la UE a partir de c\u00e1\u00f1amo de la mejor calidad y se someten a pruebas en laboratorios independientes para garantizar complementos alimenticios de primera calidad, sanos, 100% naturales y seguros, sin efectos psicoactivos ni riesgo de intoxicaci\u00f3n, que ayudan a potenciar tu salud y bienestar de forma hol\u00edstica, e incluso a tratar o mitigar los efectos de diversas patolog\u00edas. <\/p>\n<p>Descubre m\u00e1s sobre CannBliss&nbsp;<a href=\"https:\/\/cannbliss.com\/es\/sobre-nosotros\/\" target=\"_blank\" rel=\"noopener\">aqu\u00ed<\/a>, y si quieres saber m\u00e1s sobre el potencial terap\u00e9utico del C\u00e1\u00f1amo, haz clic <a href=\"https:\/\/cannbliss.com\/es\/por-que-el-canamo\/\" target=\"_blank\" rel=\"noopener\">aqu\u00ed<\/a>.<\/p><p><br><\/p>\n<p><\/p>\n<h5 class=\"titleproduct\">Informaci\u00f3n adicional<\/h5>\n<p><b>Todos nuestros productos garantizan calidad, coherencia y transparencia<\/b>:<\/p>\n<p><br><br><br>&#8211; Libre de productos qu\u00edmicos agresivos, pesticidas y metales pesados &#8211; Sin gluten (apto para veganos) y sin OMG (no transg\u00e9nico) &#8211; Extracto de c\u00e1\u00f1amo de espectro completo, con menos del 0,2% de THC, probado en laboratorio &#8211; Calidad superior, producido en la UE a partir de semillas certificadas por la UE<\/p><p><br><\/p>\n<p><\/p>\n<p><b>Ingredientes<\/b>:<\/p>\n<p>Aceite de semillas de c\u00e1\u00f1amo, extracto de c\u00e1\u00f1amo y aceite MCT; Sabor de menta: aroma de menta; Sabor de naranja: aroma de naranja; Contiene menos del 0,2% de THC.<\/p><p><br><\/p>\n<p><\/p>\n<p><br><br><br><br><br>I<b>nformaci\u00f3n sobre el producto<\/b>: &#8211; Dosis &#8211; 5 gotas &#8211; Cantidad de c\u00e1\u00f1amo por 5 gotas &#8211; 8 mg &#8211; Cantidad de c\u00e1\u00f1amo por gota &#8211; 1,7 mg &#8211; Raciones de 5 gotas por envase de 30 ml &#8211; 180 &#8211; Raciones de 1 gota por envase de 30 ml &#8211; 900<\/p><p><br><\/p>\n<p><\/p>\n<p><b>Posolog\u00eda<\/b>: Para obtener los mejores resultados, toma 5 gotas bajo la lengua dos veces al d\u00eda y mantenlas durante al menos 1 minuto, despu\u00e9s tr\u00e1galas.\nAgita bien antes de usar. <\/p><p><br><\/p>\n<p><\/p>\n<p><b>Almacenamiento<\/b>: No refrigerar.\nGu\u00e1rdalo lejos del calor, la luz y la humedad. <\/p><p><br><\/p>\n<p><\/p>\n<p><b>Advertencias<\/b>: No superar la dosis diaria indicada.\nNo utilizar si el precinto de seguridad est\u00e1 da\u00f1ado.\nUn complemento alimenticio no sustituye a una dieta variada y equilibrada ni a un estilo de vida sano.\nMantener fuera del alcance de los ni\u00f1os y los animales dom\u00e9sticos.\nNo recomendado para mujeres embarazadas o en periodo de lactancia.\nSi experimentas alg\u00fan efecto adverso tras su uso, interrumpe su consumo y consulta a tu m\u00e9dico.\nConsulta a un m\u00e9dico sobre la toma de este producto si tienes alg\u00fan problema de salud.      <\/p><p><br><\/p>\n<p><\/p>\n<p><b>Informes de laboratorio<\/b>:<\/p>\n<p><a href=\"https:\/\/cannbliss.com\/wp-content\/uploads\/2023\/06\/CoA-Cannbliss-1500mg-5-2.pdf\" target=\"_blank\" rel=\"noopener\"><a href=\"https:\/\/cannbliss.com\/wp-content\/uploads\/2023\/06\/CoA-Cannbliss-1500mg-5-2.pdf\">CZ01375<\/a><\/a><\/p>\t\t\t\t\t\t\t\t<\/div>\n\t\t\t\t<\/div>\n\t\t\t\t\t<\/div>\n\t\t<\/div>\n\t\t\t\t\t<\/div>\n\t\t<\/section>\n\t\t\t\t<\/div>\n\t\t","protected":false},"excerpt":{"rendered":"<p><strong><span style=\"color: #1c1c1c;\">Un aceite de c\u00e1\u00f1amo de calidad superior, ideal para introducir el c\u00e1\u00f1amo en tu vida.<\/span><\/strong> Creado a partir de c\u00e1\u00f1amo de alta calidad cultivado ecol\u00f3gicamente en la UE para garantizar un complemento alimenticio 100% natural, seguro y sin efectos psicoactivos, ideal para ayudarte a potenciar tu bienestar.<br \/>\nM\u00e1s informaci\u00f3n sobre este aceite a continuaci\u00f3n.<\/p>\n","protected":false},"featured_media":10936,"comment_status":"open","ping_status":"closed","template":"","meta":[],"product_brand":[],"product_cat":[234],"product_tag":[],"class_list":{"0":"post-10919","1":"product","2":"type-product","3":"status-publish","4":"has-post-thumbnail","6":"product_cat-aceites-de-canamo","8":"first","9":"instock","10":"taxable","11":"shipping-taxable","12":"purchasable","13":"product-type-variable"},"yoast_head":"<!-- This site is optimized with the Yoast SEO plugin v26.9 - https:\/\/yoast.com\/product\/yoast-seo-wordpress\/ -->\n<title>Aceite de C\u00e1\u00f1amo 5% 1500 mg Espectro Completo con MCT - 30ml - Cannbliss<\/title>\n<meta name=\"robots\" content=\"index, follow, max-snippet:-1, max-image-preview:large, max-video-preview:-1\" \/>\n<link rel=\"canonical\" href=\"https:\/\/cannbliss.com\/es\/produto\/aceite-de-canamo-5-1500-mg-espectro-completo-con-mct-30ml\/\" \/>\n<meta property=\"og:locale\" content=\"es_ES\" \/>\n<meta property=\"og:type\" content=\"article\" \/>\n<meta property=\"og:title\" content=\"Aceite de C\u00e1\u00f1amo 5% 1500 mg Espectro Completo con MCT - 30ml - Cannbliss\" \/>\n<meta property=\"og:description\" content=\"Un aceite de c\u00e1\u00f1amo de calidad superior, ideal para introducir el c\u00e1\u00f1amo en tu vida. Creado a partir de c\u00e1\u00f1amo de alta calidad cultivado ecol\u00f3gicamente en la UE para garantizar un complemento alimenticio 100% natural, seguro y sin efectos psicoactivos, ideal para ayudarte a potenciar tu bienestar. M\u00e1s informaci\u00f3n sobre este aceite a continuaci\u00f3n.\" \/>\n<meta property=\"og:url\" content=\"https:\/\/cannbliss.com\/es\/produto\/aceite-de-canamo-5-1500-mg-espectro-completo-con-mct-30ml\/\" \/>\n<meta property=\"og:site_name\" content=\"Cannbliss\" \/>\n<meta property=\"article:modified_time\" content=\"2025-12-02T00:00:10+00:00\" \/>\n<meta property=\"og:image\" content=\"https:\/\/cannbliss.com\/wp-content\/uploads\/2022\/11\/Sabor-natural_1500_Upd_1-min.jpg\" \/>\n\t<meta property=\"og:image:width\" content=\"1080\" \/>\n\t<meta property=\"og:image:height\" content=\"1080\" \/>\n\t<meta property=\"og:image:type\" content=\"image\/jpeg\" \/>\n<meta name=\"twitter:card\" content=\"summary_large_image\" \/>\n<meta name=\"twitter:label1\" content=\"Disponibilidad\" \/>\n\t<meta name=\"twitter:data1\" content=\"Disponible\" \/>\n<script type=\"application\/ld+json\" class=\"yoast-schema-graph\">{\"@context\":\"https:\/\/schema.org\",\"@graph\":[{\"@type\":[\"WebPage\",\"ItemPage\"],\"@id\":\"https:\/\/cannbliss.com\/es\/produto\/aceite-de-canamo-5-1500-mg-espectro-completo-con-mct-30ml\/\",\"url\":\"https:\/\/cannbliss.com\/es\/produto\/aceite-de-canamo-5-1500-mg-espectro-completo-con-mct-30ml\/\",\"name\":\"Aceite de C\u00e1\u00f1amo 5% 1500 mg Espectro Completo con MCT - 30ml - Cannbliss\",\"isPartOf\":{\"@id\":\"https:\/\/cannbliss.com\/#website\"},\"primaryImageOfPage\":{\"@id\":\"https:\/\/cannbliss.com\/es\/produto\/aceite-de-canamo-5-1500-mg-espectro-completo-con-mct-30ml\/#primaryimage\"},\"image\":{\"@id\":\"https:\/\/cannbliss.com\/es\/produto\/aceite-de-canamo-5-1500-mg-espectro-completo-con-mct-30ml\/#primaryimage\"},\"thumbnailUrl\":\"https:\/\/cannbliss.com\/wp-content\/uploads\/2022\/11\/Sabor-natural_1500_Upd_1-min.jpg\",\"datePublished\":\"2022-11-30T16:39:19+00:00\",\"dateModified\":\"2025-12-02T00:00:10+00:00\",\"breadcrumb\":{\"@id\":\"https:\/\/cannbliss.com\/es\/produto\/aceite-de-canamo-5-1500-mg-espectro-completo-con-mct-30ml\/#breadcrumb\"},\"inLanguage\":\"es\",\"potentialAction\":[{\"@type\":\"ReadAction\",\"target\":[\"https:\/\/cannbliss.com\/es\/produto\/aceite-de-canamo-5-1500-mg-espectro-completo-con-mct-30ml\/\"]}]},{\"@type\":\"ImageObject\",\"inLanguage\":\"es\",\"@id\":\"https:\/\/cannbliss.com\/es\/produto\/aceite-de-canamo-5-1500-mg-espectro-completo-con-mct-30ml\/#primaryimage\",\"url\":\"https:\/\/cannbliss.com\/wp-content\/uploads\/2022\/11\/Sabor-natural_1500_Upd_1-min.jpg\",\"contentUrl\":\"https:\/\/cannbliss.com\/wp-content\/uploads\/2022\/11\/Sabor-natural_1500_Upd_1-min.jpg\",\"width\":1080,\"height\":1080,\"caption\":\"\u00d3leo de\"},{\"@type\":\"BreadcrumbList\",\"@id\":\"https:\/\/cannbliss.com\/es\/produto\/aceite-de-canamo-5-1500-mg-espectro-completo-con-mct-30ml\/#breadcrumb\",\"itemListElement\":[{\"@type\":\"ListItem\",\"position\":1,\"name\":\"Tienda\",\"item\":\"https:\/\/cannbliss.com\/es\/tienda\/\"},{\"@type\":\"ListItem\",\"position\":2,\"name\":\"Aceite de C\u00e1\u00f1amo 5% 1500 mg Espectro Completo con MCT &#8211; 30ml\"}]},{\"@type\":\"WebSite\",\"@id\":\"https:\/\/cannbliss.com\/#website\",\"url\":\"https:\/\/cannbliss.com\/\",\"name\":\"Cannbliss\",\"description\":\"Produtos \u00e0 Base de \u00d3leo de C\u00e2nhamo\",\"publisher\":{\"@id\":\"https:\/\/cannbliss.com\/#organization\"},\"potentialAction\":[{\"@type\":\"SearchAction\",\"target\":{\"@type\":\"EntryPoint\",\"urlTemplate\":\"https:\/\/cannbliss.com\/?s={search_term_string}\"},\"query-input\":{\"@type\":\"PropertyValueSpecification\",\"valueRequired\":true,\"valueName\":\"search_term_string\"}}],\"inLanguage\":\"es\"},{\"@type\":\"Organization\",\"@id\":\"https:\/\/cannbliss.com\/#organization\",\"name\":\"Cannbliss\",\"url\":\"https:\/\/cannbliss.com\/\",\"logo\":{\"@type\":\"ImageObject\",\"inLanguage\":\"es\",\"@id\":\"https:\/\/cannbliss.com\/#\/schema\/logo\/image\/\",\"url\":\"https:\/\/cannbliss.com\/wp-content\/uploads\/2022\/11\/cannbliss_verdeescuro.png\",\"contentUrl\":\"https:\/\/cannbliss.com\/wp-content\/uploads\/2022\/11\/cannbliss_verdeescuro.png\",\"width\":1000,\"height\":152,\"caption\":\"Cannbliss\"},\"image\":{\"@id\":\"https:\/\/cannbliss.com\/#\/schema\/logo\/image\/\"}}]}<\/script>\n<meta property=\"og:availability\" content=\"instock\" \/>\n<meta property=\"product:availability\" content=\"instock\" \/>\n<meta property=\"product:retailer_item_id\" content=\"CANN01\" \/>\n<meta property=\"product:condition\" content=\"new\" \/>\n<!-- \/ Yoast SEO plugin. -->","yoast_head_json":{"title":"Aceite de C\u00e1\u00f1amo 5% 1500 mg Espectro Completo con MCT - 30ml - Cannbliss","robots":{"index":"index","follow":"follow","max-snippet":"max-snippet:-1","max-image-preview":"max-image-preview:large","max-video-preview":"max-video-preview:-1"},"canonical":"https:\/\/cannbliss.com\/es\/produto\/aceite-de-canamo-5-1500-mg-espectro-completo-con-mct-30ml\/","og_locale":"es_ES","og_type":"article","og_title":"Aceite de C\u00e1\u00f1amo 5% 1500 mg Espectro Completo con MCT - 30ml - Cannbliss","og_description":"Un aceite de c\u00e1\u00f1amo de calidad superior, ideal para introducir el c\u00e1\u00f1amo en tu vida. Creado a partir de c\u00e1\u00f1amo de alta calidad cultivado ecol\u00f3gicamente en la UE para garantizar un complemento alimenticio 100% natural, seguro y sin efectos psicoactivos, ideal para ayudarte a potenciar tu bienestar. M\u00e1s informaci\u00f3n sobre este aceite a continuaci\u00f3n.","og_url":"https:\/\/cannbliss.com\/es\/produto\/aceite-de-canamo-5-1500-mg-espectro-completo-con-mct-30ml\/","og_site_name":"Cannbliss","article_modified_time":"2025-12-02T00:00:10+00:00","og_image":[{"width":1080,"height":1080,"url":"https:\/\/cannbliss.com\/wp-content\/uploads\/2022\/11\/Sabor-natural_1500_Upd_1-min.jpg","type":"image\/jpeg"}],"twitter_card":"summary_large_image","twitter_misc":{"Disponibilidad":"Disponible"},"schema":{"@context":"https:\/\/schema.org","@graph":[{"@type":["WebPage","ItemPage"],"@id":"https:\/\/cannbliss.com\/es\/produto\/aceite-de-canamo-5-1500-mg-espectro-completo-con-mct-30ml\/","url":"https:\/\/cannbliss.com\/es\/produto\/aceite-de-canamo-5-1500-mg-espectro-completo-con-mct-30ml\/","name":"Aceite de C\u00e1\u00f1amo 5% 1500 mg Espectro Completo con MCT - 30ml - Cannbliss","isPartOf":{"@id":"https:\/\/cannbliss.com\/#website"},"primaryImageOfPage":{"@id":"https:\/\/cannbliss.com\/es\/produto\/aceite-de-canamo-5-1500-mg-espectro-completo-con-mct-30ml\/#primaryimage"},"image":{"@id":"https:\/\/cannbliss.com\/es\/produto\/aceite-de-canamo-5-1500-mg-espectro-completo-con-mct-30ml\/#primaryimage"},"thumbnailUrl":"https:\/\/cannbliss.com\/wp-content\/uploads\/2022\/11\/Sabor-natural_1500_Upd_1-min.jpg","datePublished":"2022-11-30T16:39:19+00:00","dateModified":"2025-12-02T00:00:10+00:00","breadcrumb":{"@id":"https:\/\/cannbliss.com\/es\/produto\/aceite-de-canamo-5-1500-mg-espectro-completo-con-mct-30ml\/#breadcrumb"},"inLanguage":"es","potentialAction":[{"@type":"ReadAction","target":["https:\/\/cannbliss.com\/es\/produto\/aceite-de-canamo-5-1500-mg-espectro-completo-con-mct-30ml\/"]}]},{"@type":"ImageObject","inLanguage":"es","@id":"https:\/\/cannbliss.com\/es\/produto\/aceite-de-canamo-5-1500-mg-espectro-completo-con-mct-30ml\/#primaryimage","url":"https:\/\/cannbliss.com\/wp-content\/uploads\/2022\/11\/Sabor-natural_1500_Upd_1-min.jpg","contentUrl":"https:\/\/cannbliss.com\/wp-content\/uploads\/2022\/11\/Sabor-natural_1500_Upd_1-min.jpg","width":1080,"height":1080,"caption":"\u00d3leo de"},{"@type":"BreadcrumbList","@id":"https:\/\/cannbliss.com\/es\/produto\/aceite-de-canamo-5-1500-mg-espectro-completo-con-mct-30ml\/#breadcrumb","itemListElement":[{"@type":"ListItem","position":1,"name":"Tienda","item":"https:\/\/cannbliss.com\/es\/tienda\/"},{"@type":"ListItem","position":2,"name":"Aceite de C\u00e1\u00f1amo 5% 1500 mg Espectro Completo con MCT &#8211; 30ml"}]},{"@type":"WebSite","@id":"https:\/\/cannbliss.com\/#website","url":"https:\/\/cannbliss.com\/","name":"Cannbliss","description":"Produtos \u00e0 Base de \u00d3leo de C\u00e2nhamo","publisher":{"@id":"https:\/\/cannbliss.com\/#organization"},"potentialAction":[{"@type":"SearchAction","target":{"@type":"EntryPoint","urlTemplate":"https:\/\/cannbliss.com\/?s={search_term_string}"},"query-input":{"@type":"PropertyValueSpecification","valueRequired":true,"valueName":"search_term_string"}}],"inLanguage":"es"},{"@type":"Organization","@id":"https:\/\/cannbliss.com\/#organization","name":"Cannbliss","url":"https:\/\/cannbliss.com\/","logo":{"@type":"ImageObject","inLanguage":"es","@id":"https:\/\/cannbliss.com\/#\/schema\/logo\/image\/","url":"https:\/\/cannbliss.com\/wp-content\/uploads\/2022\/11\/cannbliss_verdeescuro.png","contentUrl":"https:\/\/cannbliss.com\/wp-content\/uploads\/2022\/11\/cannbliss_verdeescuro.png","width":1000,"height":152,"caption":"Cannbliss"},"image":{"@id":"https:\/\/cannbliss.com\/#\/schema\/logo\/image\/"}}]},"og_availability":"instock","product_availability":"instock","product_retailer_item_id":"CANN01","product_condition":"new"},"_links":{"self":[{"href":"https:\/\/cannbliss.com\/es\/wp-json\/wp\/v2\/product\/10919","targetHints":{"allow":["GET"]}}],"collection":[{"href":"https:\/\/cannbliss.com\/es\/wp-json\/wp\/v2\/product"}],"about":[{"href":"https:\/\/cannbliss.com\/es\/wp-json\/wp\/v2\/types\/product"}],"replies":[{"embeddable":true,"href":"https:\/\/cannbliss.com\/es\/wp-json\/wp\/v2\/comments?post=10919"}],"version-history":[{"count":2,"href":"https:\/\/cannbliss.com\/es\/wp-json\/wp\/v2\/product\/10919\/revisions"}],"predecessor-version":[{"id":10977,"href":"https:\/\/cannbliss.com\/es\/wp-json\/wp\/v2\/product\/10919\/revisions\/10977"}],"wp:featuredmedia":[{"embeddable":true,"href":"https:\/\/cannbliss.com\/es\/wp-json\/wp\/v2\/media\/10936"}],"wp:attachment":[{"href":"https:\/\/cannbliss.com\/es\/wp-json\/wp\/v2\/media?parent=10919"}],"wp:term":[{"taxonomy":"product_brand","embeddable":true,"href":"https:\/\/cannbliss.com\/es\/wp-json\/wp\/v2\/product_brand?post=10919"},{"taxonomy":"product_cat","embeddable":true,"href":"https:\/\/cannbliss.com\/es\/wp-json\/wp\/v2\/product_cat?post=10919"},{"taxonomy":"product_tag","embeddable":true,"href":"https:\/\/cannbliss.com\/es\/wp-json\/wp\/v2\/product_tag?post=10919"}],"curies":[{"name":"wp","href":"https:\/\/api.w.org\/{rel}","templated":true}]}}