{"id":10788,"date":"2024-03-20T17:38:17","date_gmt":"2024-03-20T17:38:17","guid":{"rendered":"https:\/\/cannbliss.com\/produto\/balsamo-muscular-de-canamo-500mg-50ml\/"},"modified":"2025-12-02T00:00:09","modified_gmt":"2025-12-02T00:00:09","slug":"balsamo-muscular-de-canamo-500mg-50ml","status":"publish","type":"product","link":"https:\/\/cannbliss.com\/es\/produto\/balsamo-muscular-de-canamo-500mg-50ml\/","title":{"rendered":"B\u00e1lsamo Muscular de C\u00e1\u00f1amo 500mg &#8211; 50ml"},"content":{"rendered":"\t\t<div data-elementor-type=\"product-post\" data-elementor-id=\"10788\" class=\"elementor elementor-10788 elementor-9323\" data-elementor-post-type=\"product\">\n\t\t\t\t\t\t<section class=\"elementor-section elementor-top-section elementor-element elementor-element-e5fbec0 elementor-section-boxed elementor-section-height-default elementor-section-height-default\" data-id=\"e5fbec0\" data-element_type=\"section\" data-e-type=\"section\">\n\t\t\t\t\t\t<div class=\"elementor-container elementor-column-gap-default\">\n\t\t\t\t\t<div class=\"elementor-column elementor-col-100 elementor-top-column elementor-element elementor-element-9708114\" data-id=\"9708114\" data-element_type=\"column\" data-e-type=\"column\">\n\t\t\t<div class=\"elementor-widget-wrap elementor-element-populated\">\n\t\t\t\t\t\t<div class=\"elementor-element elementor-element-522cd0c elementor-widget elementor-widget-text-editor\" data-id=\"522cd0c\" data-element_type=\"widget\" data-e-type=\"widget\" data-widget_type=\"text-editor.default\">\n\t\t\t\t<div class=\"elementor-widget-container\">\n\t\t\t\t\t\t\t\t\t<h5 class=\"titleproduct\">Descripci\u00f3n<\/h5>\n<h6>B\u00e1lsamo Muscular de C\u00e1\u00f1amo 500mg &#8211; 50ml<\/h6>\n<p>Nuestro b\u00e1lsamo muscular Cannbliss, de eficacia probada, proporciona C\u00e1\u00f1amo espec\u00edfico para aliviar el dolor muscular, el dolor de espalda y el dolor articular.<\/p>\n<p>Obt\u00e9n m\u00e1s informaci\u00f3n sobre CannBliss <a href=\"https:\/\/cannbliss.com\/es\/sobre-nosotros\/\" target=\"_blank\" rel=\"noopener\">aqu\u00ed<\/a>, y si quieres saber m\u00e1s sobre el potencial terap\u00e9utico del c\u00e1\u00f1amo, haz clic <a href=\"https:\/\/cannbliss.com\/es\/por-que-el-canamo\/\" target=\"_blank\" rel=\"noopener\">aqu\u00ed<\/a>.<\/p>\n<\/p>\n<h5 class=\"titleproduct\">Informaci\u00f3n adicional<\/h5>\n<p><b>Todos nuestros productos garantizan calidad, coherencia y transparencia<\/b>:<\/p>\n<p>&#8211; Libre de productos qu\u00edmicos agresivos, pesticidas y metales pesados &#8211; Sin gluten (apto para veganos) y sin OMG (no transg\u00e9nico) &#8211; Extracto de c\u00e1\u00f1amo de espectro completo, con menos del 0,2% de THC, probado en laboratorio &#8211; Calidad superior, producido en el Reino Unido a partir de semillas certificadas por la UE<\/p>\n<\/p>\n<p><strong>Ingredientes<\/strong>:<\/p>\n<p>Aceite vegetal hidrogenado (soja), manteca de semilla de Theobroma cacao, aceite de hoja de Eucalyptus globulus (eucalipto), aceite de Melaleuca leucadendron (cajeput), aceite de Gaultheria procumbens (gaulteria), aceite de Mentha Arvensis (menta verde), aceite del fruto de Olea Europaea, 500 mg de c\u00e1\u00f1amo, vitamina E (D-tocoferol mezclado, aceite de semillas de Helianthus Annuus (girasol), limoneno, linalool.<\/p>\n<\/p>\n<p><b>Posolog\u00eda:<\/b><\/p>\n<p>Extiende una fina capa del b\u00e1lsamo muscular sobre la zona afectada.<br \/>\nPerfecto despu\u00e9s de un ejercicio o deporte intensos, utiliza el B\u00e1lsamo Muscular de C\u00e1\u00f1amo como parte de tu rutina. <\/p>\n<\/p>\n<p><b>Almacenamiento<\/b>:<\/p>\n<p>Guarda este producto en un lugar fresco y seco.<br \/>\nMantener alejado de la luz solar directa.<br \/>\nMantener fuera de la vista y del alcance de los ni\u00f1os.  <\/p>\n<\/p>\n<p><b>Ingredientes naturales<\/b>:<\/p>\n<p>Nuestras cremas para el dolor est\u00e1n elaboradas con c\u00e1\u00f1amo ecol\u00f3gico y son totalmente veganas.<br \/>\nUtilizamos aceites esenciales naturales en nuestros productos t\u00f3picos para fomentar el bienestar.<br \/>\nNos enorgullecemos de nuestros productos, desde la semilla hasta el estante, elaborados con nuestro c\u00e1\u00f1amo ecol\u00f3gico (\u00a1que es estupendo para el medio ambiente!).<br \/>\nLas propiedades naturales de los aceites esenciales ayudan a calmar y suavizar la piel, al tiempo que utilizan los principios de la aromaterapia para rejuvenecer y energizar la mente.   <\/p>\n<\/p>\n<p><b>Informes de laboratorio<\/b>:<\/p>\n<p>AR-23-CC-086555-01<\/p>\n<\/p>\n<p><b>\u00bfC\u00f3mo alivia el c\u00e1\u00f1amo el dolor?<\/b><\/p>\n<p>El compuesto de c\u00e1\u00f1amo es un antiinflamatorio natural y una forma muy suave de controlar y aliviar el dolor.<br \/>\nAplicado directamente sobre la piel, act\u00faa inmediatamente para aliviar el dolor muscular y articular. <\/p>\n<\/p>\n<p><b>\u00bfAyuda el c\u00e1\u00f1amo a aliviar el dolor de la artritis?<\/b><\/p>\n<p>S\u00ed, como antiinflamatorio natural, aliviar\u00e1 las molestias del dolor artr\u00edtico y te sugerimos que lo apliques t\u00f3picamente con la mayor libertad posible.  <\/p>\n<\/p>\n<p><b>\u00bfPuedo utilizar el c\u00e1\u00f1amo para hacer deporte?<\/b><\/p>\n<p>Naturalmente, el c\u00e1\u00f1amo se utiliza en todos los grupos de edad y es cada vez m\u00e1s popular entre los atletas de alto nivel para antes y despu\u00e9s de los entrenamientos, a fin de reducir la inflamaci\u00f3n y ayudar a la recuperaci\u00f3n.<\/p>\n<\/p>\n<p><b>\u00bfAparecer\u00e1 el c\u00e1\u00f1amo en un an\u00e1lisis de drogas?<\/b><\/p>\n<p>Utilizado t\u00f3picamente, el C\u00e1\u00f1amo no aparece en un an\u00e1lisis de drogas, ya que no entra en el torrente sangu\u00edneo.<br \/>\nEl c\u00e1\u00f1amo puro o aislado de amplio espectro no contiene THC, ya que se elimina.<br \/>\nEn el aceite prensado en fr\u00edo puede haber trazas de THC o niveles muy bajos; yo dir\u00eda que depende de la sensibilidad de la prueba; por ejemplo, una prueba sensible detectar\u00eda trazas de THC en el aceite de semillas de c\u00e1\u00f1amo que se encuentra en un supermercado.  <\/p>\n<\/p>\n<p><b>\u00bfQui\u00e9n debe utilizar este b\u00e1lsamo?<\/b><\/p>\n<p>El B\u00e1lsamo Muscular con C\u00e1\u00f1amo es ideal para las personas activas que buscan mejorar su recuperaci\u00f3n tras el ejercicio intenso.<br \/>\nEspecialmente formulado para aliviar los m\u00fasculos cansados y doloridos, es el complemento perfecto para cualquier r\u00e9gimen deportivo. <\/p>\n\t\t\t\t\t\t\t\t<\/div>\n\t\t\t\t<\/div>\n\t\t\t\t\t<\/div>\n\t\t<\/div>\n\t\t\t\t\t<\/div>\n\t\t<\/section>\n\t\t\t\t<\/div>\n\t\t","protected":false},"excerpt":{"rendered":"<p>Proporciona un alivio muscular espec\u00edfico con una f\u00f3rmula potente.<br \/>\nEs bueno para los dolores musculares intensos y puede ayudar a una recuperaci\u00f3n m\u00e1s r\u00e1pida gracias a las propiedades antiinflamatorias del c\u00e1\u00f1amo.<\/p>\n<ul>\n<li>C\u00e1\u00f1amo 500 mg<\/li>\n<li>B\u00e1lsamo espeso y cremoso f\u00e1cil de aplicar<\/li>\n<li>Sabor a menta fresca<\/li>\n<li>R\u00e1pida absorci\u00f3n, alcanzando r\u00e1pidamente la zona afectada<\/li>\n<li>Vegano<\/li>\n<\/ul>\n<p>Consulta a un profesional sanitario antes de utilizarlo si est\u00e1s embarazada, en periodo de lactancia o tomando medicaci\u00f3n.<\/p>\n","protected":false},"featured_media":10789,"comment_status":"open","ping_status":"closed","template":"","meta":[],"product_brand":[],"product_cat":[234,236],"product_tag":[],"class_list":{"0":"post-10788","1":"product","2":"type-product","3":"status-publish","4":"has-post-thumbnail","6":"product_cat-aceites-de-canamo","7":"product_cat-balsamo-de-canamo","9":"first","10":"instock","11":"taxable","12":"shipping-taxable","13":"purchasable","14":"product-type-simple"},"yoast_head":"<!-- This site is optimized with the Yoast SEO plugin v26.9 - https:\/\/yoast.com\/product\/yoast-seo-wordpress\/ -->\n<title>B\u00e1lsamo Muscular de C\u00e1\u00f1amo 500mg - 50ml - Cannbliss<\/title>\n<meta name=\"robots\" content=\"index, follow, max-snippet:-1, max-image-preview:large, max-video-preview:-1\" \/>\n<link rel=\"canonical\" href=\"https:\/\/cannbliss.com\/produto\/balsamo-muscular-de-canhamo-500mg-50ml\/\" \/>\n<meta property=\"og:locale\" content=\"es_ES\" \/>\n<meta property=\"og:type\" content=\"article\" \/>\n<meta property=\"og:title\" content=\"B\u00e1lsamo Muscular de C\u00e1\u00f1amo 500mg - 50ml - Cannbliss\" \/>\n<meta property=\"og:description\" content=\"Proporciona un alivio muscular espec\u00edfico con una f\u00f3rmula potente. Es bueno para los dolores musculares intensos y puede ayudar a una recuperaci\u00f3n m\u00e1s r\u00e1pida gracias a las propiedades antiinflamatorias del c\u00e1\u00f1amo.   C\u00e1\u00f1amo 500 mg  B\u00e1lsamo espeso y cremoso f\u00e1cil de aplicar  Sabor a menta fresca  R\u00e1pida absorci\u00f3n, alcanzando r\u00e1pidamente la zona afectada  Vegano  Consulta a un profesional sanitario antes de utilizarlo si est\u00e1s embarazada, en periodo de lactancia o tomando medicaci\u00f3n.\" \/>\n<meta property=\"og:url\" content=\"https:\/\/cannbliss.com\/produto\/balsamo-muscular-de-canhamo-500mg-50ml\/\" \/>\n<meta property=\"og:site_name\" content=\"Cannbliss\" \/>\n<meta property=\"article:modified_time\" content=\"2025-12-02T00:00:09+00:00\" \/>\n<meta property=\"og:image\" content=\"https:\/\/cannbliss.com\/wp-content\/uploads\/2024\/03\/recover-muscle-balm-min.jpg\" \/>\n\t<meta property=\"og:image:width\" content=\"1200\" \/>\n\t<meta property=\"og:image:height\" content=\"1200\" \/>\n\t<meta property=\"og:image:type\" content=\"image\/jpeg\" \/>\n<meta name=\"twitter:card\" content=\"summary_large_image\" \/>\n<meta name=\"twitter:label1\" content=\"Precio\" \/>\n\t<meta name=\"twitter:data1\" content=\"&euro;29,90\" \/>\n\t<meta name=\"twitter:label2\" content=\"Disponibilidad\" \/>\n\t<meta name=\"twitter:data2\" content=\"Disponible\" \/>\n<script type=\"application\/ld+json\" class=\"yoast-schema-graph\">{\"@context\":\"https:\/\/schema.org\",\"@graph\":[{\"@type\":[\"WebPage\",\"ItemPage\"],\"@id\":\"https:\/\/cannbliss.com\/produto\/balsamo-muscular-de-canhamo-500mg-50ml\/\",\"url\":\"https:\/\/cannbliss.com\/produto\/balsamo-muscular-de-canhamo-500mg-50ml\/\",\"name\":\"B\u00e1lsamo Muscular de C\u00e1\u00f1amo 500mg - 50ml - Cannbliss\",\"isPartOf\":{\"@id\":\"https:\/\/cannbliss.com\/#website\"},\"primaryImageOfPage\":{\"@id\":\"https:\/\/cannbliss.com\/produto\/balsamo-muscular-de-canhamo-500mg-50ml\/#primaryimage\"},\"image\":{\"@id\":\"https:\/\/cannbliss.com\/produto\/balsamo-muscular-de-canhamo-500mg-50ml\/#primaryimage\"},\"thumbnailUrl\":\"https:\/\/cannbliss.com\/wp-content\/uploads\/2024\/03\/recover-muscle-balm-min.jpg\",\"datePublished\":\"2024-03-20T17:38:17+00:00\",\"dateModified\":\"2025-12-02T00:00:09+00:00\",\"breadcrumb\":{\"@id\":\"https:\/\/cannbliss.com\/produto\/balsamo-muscular-de-canhamo-500mg-50ml\/#breadcrumb\"},\"inLanguage\":\"es\",\"potentialAction\":[{\"@type\":\"ReadAction\",\"target\":[\"https:\/\/cannbliss.com\/produto\/balsamo-muscular-de-canhamo-500mg-50ml\/\"]}]},{\"@type\":\"ImageObject\",\"inLanguage\":\"es\",\"@id\":\"https:\/\/cannbliss.com\/produto\/balsamo-muscular-de-canhamo-500mg-50ml\/#primaryimage\",\"url\":\"https:\/\/cannbliss.com\/wp-content\/uploads\/2024\/03\/recover-muscle-balm-min.jpg\",\"contentUrl\":\"https:\/\/cannbliss.com\/wp-content\/uploads\/2024\/03\/recover-muscle-balm-min.jpg\",\"width\":1200,\"height\":1200},{\"@type\":\"BreadcrumbList\",\"@id\":\"https:\/\/cannbliss.com\/produto\/balsamo-muscular-de-canhamo-500mg-50ml\/#breadcrumb\",\"itemListElement\":[{\"@type\":\"ListItem\",\"position\":1,\"name\":\"Tienda\",\"item\":\"https:\/\/cannbliss.com\/es\/tienda\/\"},{\"@type\":\"ListItem\",\"position\":2,\"name\":\"B\u00e1lsamo Muscular de C\u00e1\u00f1amo 500mg &#8211; 50ml\"}]},{\"@type\":\"WebSite\",\"@id\":\"https:\/\/cannbliss.com\/#website\",\"url\":\"https:\/\/cannbliss.com\/\",\"name\":\"Cannbliss\",\"description\":\"Produtos \u00e0 Base de \u00d3leo de C\u00e2nhamo\",\"publisher\":{\"@id\":\"https:\/\/cannbliss.com\/#organization\"},\"potentialAction\":[{\"@type\":\"SearchAction\",\"target\":{\"@type\":\"EntryPoint\",\"urlTemplate\":\"https:\/\/cannbliss.com\/?s={search_term_string}\"},\"query-input\":{\"@type\":\"PropertyValueSpecification\",\"valueRequired\":true,\"valueName\":\"search_term_string\"}}],\"inLanguage\":\"es\"},{\"@type\":\"Organization\",\"@id\":\"https:\/\/cannbliss.com\/#organization\",\"name\":\"Cannbliss\",\"url\":\"https:\/\/cannbliss.com\/\",\"logo\":{\"@type\":\"ImageObject\",\"inLanguage\":\"es\",\"@id\":\"https:\/\/cannbliss.com\/#\/schema\/logo\/image\/\",\"url\":\"https:\/\/cannbliss.com\/wp-content\/uploads\/2022\/11\/cannbliss_verdeescuro.png\",\"contentUrl\":\"https:\/\/cannbliss.com\/wp-content\/uploads\/2022\/11\/cannbliss_verdeescuro.png\",\"width\":1000,\"height\":152,\"caption\":\"Cannbliss\"},\"image\":{\"@id\":\"https:\/\/cannbliss.com\/#\/schema\/logo\/image\/\"}}]}<\/script>\n<meta property=\"product:price:amount\" content=\"29.90\" \/>\n<meta property=\"product:price:currency\" content=\"EUR\" \/>\n<meta property=\"og:availability\" content=\"instock\" \/>\n<meta property=\"product:availability\" content=\"instock\" \/>\n<meta property=\"product:retailer_item_id\" content=\"CANN060\" \/>\n<meta property=\"product:condition\" content=\"new\" \/>\n<!-- \/ Yoast SEO plugin. -->","yoast_head_json":{"title":"B\u00e1lsamo Muscular de C\u00e1\u00f1amo 500mg - 50ml - Cannbliss","robots":{"index":"index","follow":"follow","max-snippet":"max-snippet:-1","max-image-preview":"max-image-preview:large","max-video-preview":"max-video-preview:-1"},"canonical":"https:\/\/cannbliss.com\/produto\/balsamo-muscular-de-canhamo-500mg-50ml\/","og_locale":"es_ES","og_type":"article","og_title":"B\u00e1lsamo Muscular de C\u00e1\u00f1amo 500mg - 50ml - Cannbliss","og_description":"Proporciona un alivio muscular espec\u00edfico con una f\u00f3rmula potente. Es bueno para los dolores musculares intensos y puede ayudar a una recuperaci\u00f3n m\u00e1s r\u00e1pida gracias a las propiedades antiinflamatorias del c\u00e1\u00f1amo.   C\u00e1\u00f1amo 500 mg  B\u00e1lsamo espeso y cremoso f\u00e1cil de aplicar  Sabor a menta fresca  R\u00e1pida absorci\u00f3n, alcanzando r\u00e1pidamente la zona afectada  Vegano  Consulta a un profesional sanitario antes de utilizarlo si est\u00e1s embarazada, en periodo de lactancia o tomando medicaci\u00f3n.","og_url":"https:\/\/cannbliss.com\/produto\/balsamo-muscular-de-canhamo-500mg-50ml\/","og_site_name":"Cannbliss","article_modified_time":"2025-12-02T00:00:09+00:00","og_image":[{"width":1200,"height":1200,"url":"https:\/\/cannbliss.com\/wp-content\/uploads\/2024\/03\/recover-muscle-balm-min.jpg","type":"image\/jpeg"}],"twitter_card":"summary_large_image","twitter_misc":{"Precio":"&euro;29,90","Disponibilidad":"Disponible"},"schema":{"@context":"https:\/\/schema.org","@graph":[{"@type":["WebPage","ItemPage"],"@id":"https:\/\/cannbliss.com\/produto\/balsamo-muscular-de-canhamo-500mg-50ml\/","url":"https:\/\/cannbliss.com\/produto\/balsamo-muscular-de-canhamo-500mg-50ml\/","name":"B\u00e1lsamo Muscular de C\u00e1\u00f1amo 500mg - 50ml - Cannbliss","isPartOf":{"@id":"https:\/\/cannbliss.com\/#website"},"primaryImageOfPage":{"@id":"https:\/\/cannbliss.com\/produto\/balsamo-muscular-de-canhamo-500mg-50ml\/#primaryimage"},"image":{"@id":"https:\/\/cannbliss.com\/produto\/balsamo-muscular-de-canhamo-500mg-50ml\/#primaryimage"},"thumbnailUrl":"https:\/\/cannbliss.com\/wp-content\/uploads\/2024\/03\/recover-muscle-balm-min.jpg","datePublished":"2024-03-20T17:38:17+00:00","dateModified":"2025-12-02T00:00:09+00:00","breadcrumb":{"@id":"https:\/\/cannbliss.com\/produto\/balsamo-muscular-de-canhamo-500mg-50ml\/#breadcrumb"},"inLanguage":"es","potentialAction":[{"@type":"ReadAction","target":["https:\/\/cannbliss.com\/produto\/balsamo-muscular-de-canhamo-500mg-50ml\/"]}]},{"@type":"ImageObject","inLanguage":"es","@id":"https:\/\/cannbliss.com\/produto\/balsamo-muscular-de-canhamo-500mg-50ml\/#primaryimage","url":"https:\/\/cannbliss.com\/wp-content\/uploads\/2024\/03\/recover-muscle-balm-min.jpg","contentUrl":"https:\/\/cannbliss.com\/wp-content\/uploads\/2024\/03\/recover-muscle-balm-min.jpg","width":1200,"height":1200},{"@type":"BreadcrumbList","@id":"https:\/\/cannbliss.com\/produto\/balsamo-muscular-de-canhamo-500mg-50ml\/#breadcrumb","itemListElement":[{"@type":"ListItem","position":1,"name":"Tienda","item":"https:\/\/cannbliss.com\/es\/tienda\/"},{"@type":"ListItem","position":2,"name":"B\u00e1lsamo Muscular de C\u00e1\u00f1amo 500mg &#8211; 50ml"}]},{"@type":"WebSite","@id":"https:\/\/cannbliss.com\/#website","url":"https:\/\/cannbliss.com\/","name":"Cannbliss","description":"Produtos \u00e0 Base de \u00d3leo de C\u00e2nhamo","publisher":{"@id":"https:\/\/cannbliss.com\/#organization"},"potentialAction":[{"@type":"SearchAction","target":{"@type":"EntryPoint","urlTemplate":"https:\/\/cannbliss.com\/?s={search_term_string}"},"query-input":{"@type":"PropertyValueSpecification","valueRequired":true,"valueName":"search_term_string"}}],"inLanguage":"es"},{"@type":"Organization","@id":"https:\/\/cannbliss.com\/#organization","name":"Cannbliss","url":"https:\/\/cannbliss.com\/","logo":{"@type":"ImageObject","inLanguage":"es","@id":"https:\/\/cannbliss.com\/#\/schema\/logo\/image\/","url":"https:\/\/cannbliss.com\/wp-content\/uploads\/2022\/11\/cannbliss_verdeescuro.png","contentUrl":"https:\/\/cannbliss.com\/wp-content\/uploads\/2022\/11\/cannbliss_verdeescuro.png","width":1000,"height":152,"caption":"Cannbliss"},"image":{"@id":"https:\/\/cannbliss.com\/#\/schema\/logo\/image\/"}}]},"product_price_amount":"29.90","product_price_currency":"EUR","og_availability":"instock","product_availability":"instock","product_retailer_item_id":"CANN060","product_condition":"new"},"_links":{"self":[{"href":"https:\/\/cannbliss.com\/es\/wp-json\/wp\/v2\/product\/10788","targetHints":{"allow":["GET"]}}],"collection":[{"href":"https:\/\/cannbliss.com\/es\/wp-json\/wp\/v2\/product"}],"about":[{"href":"https:\/\/cannbliss.com\/es\/wp-json\/wp\/v2\/types\/product"}],"replies":[{"embeddable":true,"href":"https:\/\/cannbliss.com\/es\/wp-json\/wp\/v2\/comments?post=10788"}],"version-history":[{"count":2,"href":"https:\/\/cannbliss.com\/es\/wp-json\/wp\/v2\/product\/10788\/revisions"}],"predecessor-version":[{"id":10841,"href":"https:\/\/cannbliss.com\/es\/wp-json\/wp\/v2\/product\/10788\/revisions\/10841"}],"wp:featuredmedia":[{"embeddable":true,"href":"https:\/\/cannbliss.com\/es\/wp-json\/wp\/v2\/media\/10789"}],"wp:attachment":[{"href":"https:\/\/cannbliss.com\/es\/wp-json\/wp\/v2\/media?parent=10788"}],"wp:term":[{"taxonomy":"product_brand","embeddable":true,"href":"https:\/\/cannbliss.com\/es\/wp-json\/wp\/v2\/product_brand?post=10788"},{"taxonomy":"product_cat","embeddable":true,"href":"https:\/\/cannbliss.com\/es\/wp-json\/wp\/v2\/product_cat?post=10788"},{"taxonomy":"product_tag","embeddable":true,"href":"https:\/\/cannbliss.com\/es\/wp-json\/wp\/v2\/product_tag?post=10788"}],"curies":[{"name":"wp","href":"https:\/\/api.w.org\/{rel}","templated":true}]}}