{"id":10780,"date":"2024-07-31T11:29:46","date_gmt":"2024-07-31T11:29:46","guid":{"rendered":"https:\/\/cannbliss.com\/produto\/aceite-de-canamo-12-3600mg-sabor-natural-30ml\/"},"modified":"2025-03-25T13:16:01","modified_gmt":"2025-03-25T13:16:01","slug":"aceite-de-canamo-12-3600mg-sabor-natural-30ml","status":"publish","type":"product","link":"https:\/\/cannbliss.com\/es\/produto\/aceite-de-canamo-12-3600mg-sabor-natural-30ml\/","title":{"rendered":"Aceite de C\u00e1\u00f1amo 3600mg Sabor Natural &#8211; 30ml"},"content":{"rendered":"\t\t<div data-elementor-type=\"product-post\" data-elementor-id=\"10780\" class=\"elementor elementor-10780\" data-elementor-post-type=\"product\">\n\t\t\t\t\t\t<section class=\"elementor-section elementor-top-section elementor-element elementor-element-7ac13d7 elementor-section-boxed elementor-section-height-default elementor-section-height-default\" data-id=\"7ac13d7\" data-element_type=\"section\" data-e-type=\"section\">\n\t\t\t\t\t\t<div class=\"elementor-container elementor-column-gap-default\">\n\t\t\t\t\t<div class=\"elementor-column elementor-col-100 elementor-top-column elementor-element elementor-element-2be2f80\" data-id=\"2be2f80\" data-element_type=\"column\" data-e-type=\"column\">\n\t\t\t<div class=\"elementor-widget-wrap elementor-element-populated\">\n\t\t\t\t\t\t<div class=\"elementor-element elementor-element-ee5c717 elementor-widget elementor-widget-text-editor\" data-id=\"ee5c717\" data-element_type=\"widget\" data-e-type=\"widget\" data-widget_type=\"text-editor.default\">\n\t\t\t\t<div class=\"elementor-widget-container\">\n\t\t\t\t\t\t\t\t\t<h5 class=\"titleproduct\">Descripci\u00f3n<\/h5>\n<h6>Aceite de C\u00e1\u00f1amo 3600mg Sabor Natural &#8211; 30ml<\/h6>\n<p>El Aceite de C\u00e1\u00f1amo CannBliss 3600 mg es adecuado para los usuarios de c\u00e1\u00f1amo que desean aumentar a\u00fan m\u00e1s el potencial de este compuesto mediante una concentraci\u00f3n mayor. Todos nuestros productos de C\u00e1\u00f1amo se cultivan ecol\u00f3gicamente en la UE a partir de c\u00e1\u00f1amo de la mejor calidad y se someten a pruebas en laboratorios independientes para garantizar complementos alimenticios de primera calidad, sanos, 100% naturales y seguros, sin ning\u00fan efecto psicoactivo ni riesgo de intoxicaci\u00f3n, que ayudan a potenciar tu salud y bienestar de forma hol\u00edstica, e incluso a tratar o mitigar los efectos de diversas patolog\u00edas. <\/p>\n<p>Obt\u00e9n m\u00e1s informaci\u00f3n sobre CannBliss <a href=\"https:\/\/cannbliss.com\/es\/sobre-nosotros\/\" target=\"_blank\" rel=\"noopener\">aqu\u00ed<\/a>, y si quieres saber m\u00e1s sobre el potencial terap\u00e9utico del c\u00e1\u00f1amo, haz clic <a href=\"https:\/\/cannbliss.com\/es\/por-que-el-canamo\/\" target=\"_blank\" rel=\"noopener\">aqu\u00ed<\/a>.<\/p>\n<\/p>\n<h5 class=\"titleproduct\">Informaci\u00f3n adicional<\/h5>\n<p><b>Todos nuestros productos garantizan calidad, coherencia y transparencia<\/b>:<\/p>\n<p>&#8211; Libre de productos qu\u00edmicos agresivos, pesticidas y metales pesados &#8211; Sin gluten (apto para veganos) y sin OMG (no transg\u00e9nico) &#8211; Extracto de c\u00e1\u00f1amo de espectro completo, con menos del 0,2% de THC, probado en laboratorio &#8211; Calidad superior, producido en la UE a partir de semillas certificadas por la UE<\/p>\n<\/p>\n<p>Omega <b>3<\/b>:<\/p>\n<p>Disminuye la inflamaci\u00f3n; Protege contra las enfermedades cardiovasculares; Ayuda a combatir la depresi\u00f3n; Combate el asma; Ayuda a controlar la glucemia; Previene el Alzheimer; Mejora la calidad de la piel.<\/p>\n<\/p>\n<p>  Omega <strong> 6<\/strong>:<\/p>\n<p>Reduce el colesterol malo y los triglic\u00e9ridos; Mejora la funci\u00f3n cardiovascular; Mejora la visi\u00f3n y la salud ocular; Refuerza el sistema inmunitario; Depresi\u00f3n y ansiedad; Previene la hipertensi\u00f3n; Ayuda a prevenir la osteoporosis.<\/p>\n<\/p>\n<p>Omega <strong>9<\/strong>:<\/p>\n<p>Mantiene buenos niveles de colesterol; Combate la inflamaci\u00f3n; Regula la tensi\u00f3n arterial; Reduce los triglic\u00e9ridos; Mejora la libido; Preserva la salud cerebral<\/p>\n<\/p>\n<p><strong>Laboratorio de Reclamaciones<\/strong>:<\/p>\n<p>Fabricado en un laboratorio farmac\u00e9utico de alta calidad con certificaci\u00f3n GMP. Contiene 3600mg con 30ml de sabor natural. Contenido de THC inferior al 0,2%. Rico en \u00e1cidos grasos con una alta concentraci\u00f3n de Omega 3,6,9. Gran sabor y excelente absorci\u00f3n.     Contiene antioxidantes (vitamina E), caratona (precursor de la VitaMediamina A), fitosteroles, fosfol\u00edpidos y minerales: calcio, magnesio, azufre, potasio, f\u00f3sforo, hierro y zinc.<\/p>\n<p><span style=\"font-family: var( --e-global-typography-text-font-family ), Sans-serif; font-size: var( --e-global-typography-text-font-size ); font-weight: var( --e-global-typography-text-font-weight );\"> <\/span><\/p>\n<p><b>Dosificaci\u00f3n<\/b>:<\/p>\n<p>Toma 0,20 ml al d\u00eda, 7 gotas; si es necesario, t\u00f3malo dos veces al d\u00eda. Ag\u00edtalo bien antes de tomarlo.  Por cada 0,20 ml tenemos una concentraci\u00f3n de Cannabis sativa, C\u00e1\u00f1amo (Aceite de Semillas &#8211; THC \u2264 0,2%) &#8211; 24,0 mg.<\/p>\n<\/p>\n<p><b>Almacenamiento<\/b>:<\/p>\n<p>No refrigerar. Gu\u00e1rdalo lejos del calor, la luz y la humedad. <\/p>\n<\/p>\n<p><strong>Requisitos especiales:<\/strong><\/p>\n<p>Halal; Kosher; Ecol\u00f3gico; Vegano; Sin BSE\/TSE; OGM; Nanopart\u00edculas; sin TiO2 a\u00f1adido.<\/p>\n<\/p>\n<p><b>Advertencias<\/b>:<\/p>\n<p>Cantidad de aceite de c\u00e1\u00f1amo 30 ml; No superar la ingesta diaria recomendada; Los complementos alimenticios no deben utilizarse como sustitutos de una dieta variada.<br \/>\nConservar en un lugar seco, en el envase original, a una temperatura inferior a 25 C; Mantener alejado de la luz y el calor.<br \/>\nMantener fuera del alcance y de la vista de los ni\u00f1os y menores de 18 a\u00f1os.<br \/>\nNo debe utilizarse en caso de embarazo o lactancia, salvo consejo m\u00e9dico.<br \/>\nLote y caducidad (24 meses).<br \/>\nRecuerda leer la informaci\u00f3n del envase, incluidos los ingredientes, de los productos antes de usarlos. La informaci\u00f3n facilitada puede variar seg\u00fan el lote (comprueba siempre la etiqueta).     <\/p>\n<\/p>\n<p><b>Informes de laboratorio<\/b>:<\/p>\n<p>Lote CZ01375<\/p>\n\t\t\t\t\t\t\t\t<\/div>\n\t\t\t\t<\/div>\n\t\t\t\t\t<\/div>\n\t\t<\/div>\n\t\t\t\t\t<\/div>\n\t\t<\/section>\n\t\t\t\t<\/div>\n\t\t","protected":false},"excerpt":{"rendered":"<p><em><strong>Producto certificado por la DGAV<\/strong><\/em><br \/>\n<span style=\"color: #1c1c1c;\"><strong>Este aceite se extrae por presi\u00f3n en fr\u00edo de las semillas de Cannabis Sativa. Fabricado en un laboratorio farmac\u00e9utico de la UE con certificaci\u00f3n GMP, es seguro, eficaz y de la m\u00e1xima calidad. <\/strong><\/span><br \/>\nSe crea en la UE a partir de c\u00e1\u00f1amo org\u00e1nico de alta calidad, lo que da como resultado un complemento alimenticio 100% natural, seguro y sin efectos psicoactivos, perfecto para potenciar a\u00fan m\u00e1s tu bienestar. El aceite de semillas de c\u00e1\u00f1amo tiene una alta concentraci\u00f3n de \u00e1cidos grasos Omega 3, 6 y 9, as\u00ed como antioxidantes. <\/p>\n<p>A continuaci\u00f3n encontrar\u00e1s m\u00e1s informaci\u00f3n sobre este aceite.<\/p>\n","protected":false},"featured_media":10781,"comment_status":"closed","ping_status":"closed","template":"","meta":[],"product_brand":[],"product_cat":[234],"product_tag":[],"class_list":{"0":"post-10780","1":"product","2":"type-product","3":"status-publish","4":"has-post-thumbnail","6":"product_cat-aceites-de-canamo","8":"first","9":"instock","10":"sale","11":"taxable","12":"shipping-taxable","13":"purchasable","14":"product-type-simple"},"yoast_head":"<!-- This site is optimized with the Yoast SEO plugin v26.9 - https:\/\/yoast.com\/product\/yoast-seo-wordpress\/ -->\n<title>Aceite de C\u00e1\u00f1amo 3600mg Sabor Natural - 30ml - Cannbliss<\/title>\n<meta name=\"description\" content=\"Los aceites de semillas de c\u00e1\u00f1amo tienen una alta concentraci\u00f3n de \u00e1cidos grasos Omega 3,6,9, as\u00ed como antioxidantes.\" \/>\n<meta name=\"robots\" content=\"index, follow, max-snippet:-1, max-image-preview:large, max-video-preview:-1\" \/>\n<link rel=\"canonical\" href=\"https:\/\/cannbliss.com\/es\/produto\/aceite-de-canamo-12-3600mg-sabor-natural-30ml\/\" \/>\n<meta property=\"og:locale\" content=\"es_ES\" \/>\n<meta property=\"og:type\" content=\"article\" \/>\n<meta property=\"og:title\" content=\"Aceite de C\u00e1\u00f1amo 3600mg Sabor Natural - 30ml - Cannbliss\" \/>\n<meta property=\"og:description\" content=\"Los aceites de semillas de c\u00e1\u00f1amo tienen una alta concentraci\u00f3n de \u00e1cidos grasos Omega 3,6,9, as\u00ed como antioxidantes.\" \/>\n<meta property=\"og:url\" content=\"https:\/\/cannbliss.com\/es\/produto\/aceite-de-canamo-12-3600mg-sabor-natural-30ml\/\" \/>\n<meta property=\"og:site_name\" content=\"Cannbliss\" \/>\n<meta property=\"article:modified_time\" content=\"2025-03-25T13:16:01+00:00\" \/>\n<meta property=\"og:image\" content=\"https:\/\/cannbliss.com\/wp-content\/uploads\/2024\/07\/mockup_3600_3-min.jpg\" \/>\n\t<meta property=\"og:image:width\" content=\"1200\" \/>\n\t<meta property=\"og:image:height\" content=\"1200\" \/>\n\t<meta property=\"og:image:type\" content=\"image\/jpeg\" \/>\n<meta name=\"twitter:card\" content=\"summary_large_image\" \/>\n<meta name=\"twitter:label1\" content=\"Precio\" \/>\n\t<meta name=\"twitter:data1\" content=\"&euro;30,00\" \/>\n\t<meta name=\"twitter:label2\" content=\"Disponibilidad\" \/>\n\t<meta name=\"twitter:data2\" content=\"Disponible\" \/>\n<script type=\"application\/ld+json\" class=\"yoast-schema-graph\">{\"@context\":\"https:\/\/schema.org\",\"@graph\":[{\"@type\":[\"WebPage\",\"ItemPage\"],\"@id\":\"https:\/\/cannbliss.com\/es\/produto\/aceite-de-canamo-12-3600mg-sabor-natural-30ml\/\",\"url\":\"https:\/\/cannbliss.com\/es\/produto\/aceite-de-canamo-12-3600mg-sabor-natural-30ml\/\",\"name\":\"Aceite de C\u00e1\u00f1amo 3600mg Sabor Natural - 30ml - Cannbliss\",\"isPartOf\":{\"@id\":\"https:\/\/cannbliss.com\/#website\"},\"primaryImageOfPage\":{\"@id\":\"https:\/\/cannbliss.com\/es\/produto\/aceite-de-canamo-12-3600mg-sabor-natural-30ml\/#primaryimage\"},\"image\":{\"@id\":\"https:\/\/cannbliss.com\/es\/produto\/aceite-de-canamo-12-3600mg-sabor-natural-30ml\/#primaryimage\"},\"thumbnailUrl\":\"https:\/\/cannbliss.com\/wp-content\/uploads\/2024\/07\/mockup_3600_3-min.jpg\",\"datePublished\":\"2024-07-31T11:29:46+00:00\",\"dateModified\":\"2025-03-25T13:16:01+00:00\",\"description\":\"Los aceites de semillas de c\u00e1\u00f1amo tienen una alta concentraci\u00f3n de \u00e1cidos grasos Omega 3,6,9, as\u00ed como antioxidantes.\",\"breadcrumb\":{\"@id\":\"https:\/\/cannbliss.com\/es\/produto\/aceite-de-canamo-12-3600mg-sabor-natural-30ml\/#breadcrumb\"},\"inLanguage\":\"es\",\"potentialAction\":[{\"@type\":\"ReadAction\",\"target\":[\"https:\/\/cannbliss.com\/es\/produto\/aceite-de-canamo-12-3600mg-sabor-natural-30ml\/\"]}]},{\"@type\":\"ImageObject\",\"inLanguage\":\"es\",\"@id\":\"https:\/\/cannbliss.com\/es\/produto\/aceite-de-canamo-12-3600mg-sabor-natural-30ml\/#primaryimage\",\"url\":\"https:\/\/cannbliss.com\/wp-content\/uploads\/2024\/07\/mockup_3600_3-min.jpg\",\"contentUrl\":\"https:\/\/cannbliss.com\/wp-content\/uploads\/2024\/07\/mockup_3600_3-min.jpg\",\"width\":1200,\"height\":1200,\"caption\":\"Aceite de c\u00e1\u00f1amo 3600 mg\"},{\"@type\":\"BreadcrumbList\",\"@id\":\"https:\/\/cannbliss.com\/es\/produto\/aceite-de-canamo-12-3600mg-sabor-natural-30ml\/#breadcrumb\",\"itemListElement\":[{\"@type\":\"ListItem\",\"position\":1,\"name\":\"Tienda\",\"item\":\"https:\/\/cannbliss.com\/es\/tienda\/\"},{\"@type\":\"ListItem\",\"position\":2,\"name\":\"Aceite de C\u00e1\u00f1amo 3600mg Sabor Natural &#8211; 30ml\"}]},{\"@type\":\"WebSite\",\"@id\":\"https:\/\/cannbliss.com\/#website\",\"url\":\"https:\/\/cannbliss.com\/\",\"name\":\"Cannbliss\",\"description\":\"Produtos \u00e0 Base de \u00d3leo de C\u00e2nhamo\",\"publisher\":{\"@id\":\"https:\/\/cannbliss.com\/#organization\"},\"potentialAction\":[{\"@type\":\"SearchAction\",\"target\":{\"@type\":\"EntryPoint\",\"urlTemplate\":\"https:\/\/cannbliss.com\/?s={search_term_string}\"},\"query-input\":{\"@type\":\"PropertyValueSpecification\",\"valueRequired\":true,\"valueName\":\"search_term_string\"}}],\"inLanguage\":\"es\"},{\"@type\":\"Organization\",\"@id\":\"https:\/\/cannbliss.com\/#organization\",\"name\":\"Cannbliss\",\"url\":\"https:\/\/cannbliss.com\/\",\"logo\":{\"@type\":\"ImageObject\",\"inLanguage\":\"es\",\"@id\":\"https:\/\/cannbliss.com\/#\/schema\/logo\/image\/\",\"url\":\"https:\/\/cannbliss.com\/wp-content\/uploads\/2022\/11\/cannbliss_verdeescuro.png\",\"contentUrl\":\"https:\/\/cannbliss.com\/wp-content\/uploads\/2022\/11\/cannbliss_verdeescuro.png\",\"width\":1000,\"height\":152,\"caption\":\"Cannbliss\"},\"image\":{\"@id\":\"https:\/\/cannbliss.com\/#\/schema\/logo\/image\/\"}}]}<\/script>\n<meta property=\"product:price:amount\" content=\"30.00\" \/>\n<meta property=\"product:price:currency\" content=\"EUR\" \/>\n<meta property=\"og:availability\" content=\"instock\" \/>\n<meta property=\"product:availability\" content=\"instock\" \/>\n<meta property=\"product:retailer_item_id\" content=\"CANN054\" \/>\n<meta property=\"product:condition\" content=\"new\" \/>\n<!-- \/ Yoast SEO plugin. -->","yoast_head_json":{"title":"Aceite de C\u00e1\u00f1amo 3600mg Sabor Natural - 30ml - Cannbliss","description":"Los aceites de semillas de c\u00e1\u00f1amo tienen una alta concentraci\u00f3n de \u00e1cidos grasos Omega 3,6,9, as\u00ed como antioxidantes.","robots":{"index":"index","follow":"follow","max-snippet":"max-snippet:-1","max-image-preview":"max-image-preview:large","max-video-preview":"max-video-preview:-1"},"canonical":"https:\/\/cannbliss.com\/es\/produto\/aceite-de-canamo-12-3600mg-sabor-natural-30ml\/","og_locale":"es_ES","og_type":"article","og_title":"Aceite de C\u00e1\u00f1amo 3600mg Sabor Natural - 30ml - Cannbliss","og_description":"Los aceites de semillas de c\u00e1\u00f1amo tienen una alta concentraci\u00f3n de \u00e1cidos grasos Omega 3,6,9, as\u00ed como antioxidantes.","og_url":"https:\/\/cannbliss.com\/es\/produto\/aceite-de-canamo-12-3600mg-sabor-natural-30ml\/","og_site_name":"Cannbliss","article_modified_time":"2025-03-25T13:16:01+00:00","og_image":[{"width":1200,"height":1200,"url":"https:\/\/cannbliss.com\/wp-content\/uploads\/2024\/07\/mockup_3600_3-min.jpg","type":"image\/jpeg"}],"twitter_card":"summary_large_image","twitter_misc":{"Precio":"&euro;30,00","Disponibilidad":"Disponible"},"schema":{"@context":"https:\/\/schema.org","@graph":[{"@type":["WebPage","ItemPage"],"@id":"https:\/\/cannbliss.com\/es\/produto\/aceite-de-canamo-12-3600mg-sabor-natural-30ml\/","url":"https:\/\/cannbliss.com\/es\/produto\/aceite-de-canamo-12-3600mg-sabor-natural-30ml\/","name":"Aceite de C\u00e1\u00f1amo 3600mg Sabor Natural - 30ml - Cannbliss","isPartOf":{"@id":"https:\/\/cannbliss.com\/#website"},"primaryImageOfPage":{"@id":"https:\/\/cannbliss.com\/es\/produto\/aceite-de-canamo-12-3600mg-sabor-natural-30ml\/#primaryimage"},"image":{"@id":"https:\/\/cannbliss.com\/es\/produto\/aceite-de-canamo-12-3600mg-sabor-natural-30ml\/#primaryimage"},"thumbnailUrl":"https:\/\/cannbliss.com\/wp-content\/uploads\/2024\/07\/mockup_3600_3-min.jpg","datePublished":"2024-07-31T11:29:46+00:00","dateModified":"2025-03-25T13:16:01+00:00","description":"Los aceites de semillas de c\u00e1\u00f1amo tienen una alta concentraci\u00f3n de \u00e1cidos grasos Omega 3,6,9, as\u00ed como antioxidantes.","breadcrumb":{"@id":"https:\/\/cannbliss.com\/es\/produto\/aceite-de-canamo-12-3600mg-sabor-natural-30ml\/#breadcrumb"},"inLanguage":"es","potentialAction":[{"@type":"ReadAction","target":["https:\/\/cannbliss.com\/es\/produto\/aceite-de-canamo-12-3600mg-sabor-natural-30ml\/"]}]},{"@type":"ImageObject","inLanguage":"es","@id":"https:\/\/cannbliss.com\/es\/produto\/aceite-de-canamo-12-3600mg-sabor-natural-30ml\/#primaryimage","url":"https:\/\/cannbliss.com\/wp-content\/uploads\/2024\/07\/mockup_3600_3-min.jpg","contentUrl":"https:\/\/cannbliss.com\/wp-content\/uploads\/2024\/07\/mockup_3600_3-min.jpg","width":1200,"height":1200,"caption":"Aceite de c\u00e1\u00f1amo 3600 mg"},{"@type":"BreadcrumbList","@id":"https:\/\/cannbliss.com\/es\/produto\/aceite-de-canamo-12-3600mg-sabor-natural-30ml\/#breadcrumb","itemListElement":[{"@type":"ListItem","position":1,"name":"Tienda","item":"https:\/\/cannbliss.com\/es\/tienda\/"},{"@type":"ListItem","position":2,"name":"Aceite de C\u00e1\u00f1amo 3600mg Sabor Natural &#8211; 30ml"}]},{"@type":"WebSite","@id":"https:\/\/cannbliss.com\/#website","url":"https:\/\/cannbliss.com\/","name":"Cannbliss","description":"Produtos \u00e0 Base de \u00d3leo de C\u00e2nhamo","publisher":{"@id":"https:\/\/cannbliss.com\/#organization"},"potentialAction":[{"@type":"SearchAction","target":{"@type":"EntryPoint","urlTemplate":"https:\/\/cannbliss.com\/?s={search_term_string}"},"query-input":{"@type":"PropertyValueSpecification","valueRequired":true,"valueName":"search_term_string"}}],"inLanguage":"es"},{"@type":"Organization","@id":"https:\/\/cannbliss.com\/#organization","name":"Cannbliss","url":"https:\/\/cannbliss.com\/","logo":{"@type":"ImageObject","inLanguage":"es","@id":"https:\/\/cannbliss.com\/#\/schema\/logo\/image\/","url":"https:\/\/cannbliss.com\/wp-content\/uploads\/2022\/11\/cannbliss_verdeescuro.png","contentUrl":"https:\/\/cannbliss.com\/wp-content\/uploads\/2022\/11\/cannbliss_verdeescuro.png","width":1000,"height":152,"caption":"Cannbliss"},"image":{"@id":"https:\/\/cannbliss.com\/#\/schema\/logo\/image\/"}}]},"product_price_amount":"30.00","product_price_currency":"EUR","og_availability":"instock","product_availability":"instock","product_retailer_item_id":"CANN054","product_condition":"new"},"_links":{"self":[{"href":"https:\/\/cannbliss.com\/es\/wp-json\/wp\/v2\/product\/10780","targetHints":{"allow":["GET"]}}],"collection":[{"href":"https:\/\/cannbliss.com\/es\/wp-json\/wp\/v2\/product"}],"about":[{"href":"https:\/\/cannbliss.com\/es\/wp-json\/wp\/v2\/types\/product"}],"replies":[{"embeddable":true,"href":"https:\/\/cannbliss.com\/es\/wp-json\/wp\/v2\/comments?post=10780"}],"version-history":[{"count":9,"href":"https:\/\/cannbliss.com\/es\/wp-json\/wp\/v2\/product\/10780\/revisions"}],"predecessor-version":[{"id":12593,"href":"https:\/\/cannbliss.com\/es\/wp-json\/wp\/v2\/product\/10780\/revisions\/12593"}],"wp:featuredmedia":[{"embeddable":true,"href":"https:\/\/cannbliss.com\/es\/wp-json\/wp\/v2\/media\/10781"}],"wp:attachment":[{"href":"https:\/\/cannbliss.com\/es\/wp-json\/wp\/v2\/media?parent=10780"}],"wp:term":[{"taxonomy":"product_brand","embeddable":true,"href":"https:\/\/cannbliss.com\/es\/wp-json\/wp\/v2\/product_brand?post=10780"},{"taxonomy":"product_cat","embeddable":true,"href":"https:\/\/cannbliss.com\/es\/wp-json\/wp\/v2\/product_cat?post=10780"},{"taxonomy":"product_tag","embeddable":true,"href":"https:\/\/cannbliss.com\/es\/wp-json\/wp\/v2\/product_tag?post=10780"}],"curies":[{"name":"wp","href":"https:\/\/api.w.org\/{rel}","templated":true}]}}