{"id":10777,"date":"2024-01-22T09:45:43","date_gmt":"2024-01-22T09:45:43","guid":{"rendered":"https:\/\/cannbliss.com\/produto\/gotas-de-noche-de-aceite-de-canamo-2000mg-con-lavanda-y-valeriana-30ml\/"},"modified":"2026-04-16T11:28:04","modified_gmt":"2026-04-16T11:28:04","slug":"gotas-de-noche-de-aceite-de-canamo-2000mg-con-lavanda-y-valeriana-30ml","status":"publish","type":"product","link":"https:\/\/cannbliss.com\/es\/produto\/gotas-de-noche-de-aceite-de-canamo-2000mg-con-lavanda-y-valeriana-30ml\/","title":{"rendered":"Gotas de Noche de Aceite de C\u00e1\u00f1amo 2000mg con Lavanda y Valeriana &#8211; 30ml"},"content":{"rendered":"\t\t<div data-elementor-type=\"product-post\" data-elementor-id=\"10777\" class=\"elementor elementor-10777 elementor-8910\" data-elementor-post-type=\"product\">\n\t\t\t\t\t\t<section class=\"elementor-section elementor-top-section elementor-element elementor-element-12edd43 elementor-section-boxed elementor-section-height-default elementor-section-height-default\" data-id=\"12edd43\" data-element_type=\"section\" data-e-type=\"section\">\n\t\t\t\t\t\t<div class=\"elementor-container elementor-column-gap-default\">\n\t\t\t\t\t<div class=\"elementor-column elementor-col-100 elementor-top-column elementor-element elementor-element-c7ac30a\" data-id=\"c7ac30a\" data-element_type=\"column\" data-e-type=\"column\">\n\t\t\t<div class=\"elementor-widget-wrap elementor-element-populated\">\n\t\t\t\t\t\t<div class=\"elementor-element elementor-element-91646b7 elementor-widget elementor-widget-text-editor\" data-id=\"91646b7\" data-element_type=\"widget\" data-e-type=\"widget\" data-widget_type=\"text-editor.default\">\n\t\t\t\t<div class=\"elementor-widget-container\">\n\t\t\t\t\t\t\t\t\t<h5 class=\"titleproduct\">Descripci\u00f3n<\/h5>\n<h6>Gotas de Noche de Aceite de C\u00e1\u00f1amo 2000mg con Lavanda y Valeriana &#8211; 30ml<\/h6>\n<p>Presentamos el \u00faltimo aceite de c\u00e1\u00f1amo: Gotas Nocturnas.<br \/>\nEste aceite se ha dise\u00f1ado espec\u00edficamente para ayudar a conciliar mejor el sue\u00f1o con la adici\u00f3n de lavanda y valeriana, junto con el poder del c\u00e1\u00f1amo.<br \/>\nMaravillosamente aromatizado con azahar, es la elecci\u00f3n perfecta para cualquiera que busque una soluci\u00f3n para el sue\u00f1o agitado o el insomnio.<br \/>\nProducido a partir de plantas de c\u00e1\u00f1amo de cultivo ecol\u00f3gico certificado por la UE y extra\u00eddo en el Reino Unido, nuestro aceite de c\u00e1\u00f1amo de calidad cumple plenamente la normativa vigente de la UE sobre productos de c\u00e1\u00f1amo.<br \/>\nNuestros productos son probados por terceros para garantizar su consistencia y calidad.    <\/p>\n<p>Obt\u00e9n m\u00e1s informaci\u00f3n sobre CannBliss <a href=\"https:\/\/cannbliss.com\/es\/sobre-nosotros\/\" target=\"_blank\" rel=\"noopener\">aqu\u00ed<\/a>, y si quieres saber m\u00e1s sobre el potencial terap\u00e9utico del c\u00e1\u00f1amo, haz clic <a href=\"https:\/\/cannbliss.com\/es\/por-que-el-canamo\/\" target=\"_blank\" rel=\"noopener\">aqu\u00ed<\/a>.<\/p>\n<p><span style=\"font-family: var( --e-global-typography-text-font-family ), Sans-serif; font-size: var( --e-global-typography-text-font-size ); font-weight: var( --e-global-typography-text-font-weight );\"> <\/span><\/p>\n<h5 class=\"titleproduct\">Informaci\u00f3n adicional<\/h5>\n<p><b>Todos nuestros productos garantizan calidad, coherencia y transparencia<\/b>:<\/p>\n<p>&#8211; Sin productos qu\u00edmicos agresivos, pesticidas ni metales pesados &#8211; Vegano y sin OMG (no transg\u00e9nico) &#8211; Extracto de c\u00e1\u00f1amo, con 0% de THC, probado en laboratorio<\/p>\n<p>&#8211; Calidad superior, producida en el Reino Unido a partir de semillas certificadas por la UE<\/p>\n<\/p>\n<p><b>Ingredientes<\/b>:<\/p>\n<p>Aceite MCT derivado del coco, 2000 mg de extracto de c\u00e1\u00f1amo, extracto de valeriana, extracto de pasiflora, aceite de lavanda, aromas.<\/p>\n<p>En infusi\u00f3n con 1200 mg de ra\u00edz de Valeriana Officinalis y 1000 mg de hierba Passiflora Incarnata.<\/p>\n<\/p>\n<p>I<b>nformaci\u00f3n sobre el producto<\/b>: &#8211; Dosis de toma &#8211; 1 pipeta &#8211; Tama\u00f1o del frasco &#8211; 30 ml &#8211; Tama\u00f1o de la pipeta &#8211; 1 ml &#8211; Cantidad de c\u00e1\u00f1amo por frasco &#8211; 2000 mg &#8211; Cantidad de c\u00e1\u00f1amo por pipeta llena &#8211; 66 mg<\/p>\n<\/p>\n<p><b>Posolog\u00eda<\/b>: Coloca el aceite bajo la lengua hasta 15 minutos antes de acostarte.<br \/>\nMantenlo durante 1 minuto antes de tragarlo. <\/p>\n<p><span lang=\"EN-US\"> <\/span><\/p>\n<p><b>Almacenamiento: Almacena<\/b> este producto en un lugar fresco y seco.<br \/>\nGu\u00e1rdalo en posici\u00f3n vertical.<br \/>\nMantener alejado de la luz solar directa.<br \/>\nMantener fuera de la vista y del alcance de los ni\u00f1os.   <\/p>\n<\/p>\n<p><b>Advertencias<\/b>: Dosis diaria m\u00e1xima recomendada: 70 mg.<br \/>\nNo superar la dosis diaria recomendada.<br \/>\nEste complemento alimenticio debe tomarse como parte de una dieta variada y un estilo de vida saludable.<br \/>\nConsulta a un profesional de la salud antes de utilizarlo si est\u00e1s embarazada, en periodo de lactancia o tomando medicaci\u00f3n.<br \/>\nEste producto no debe utilizarse como medicamento.    <\/p>\n<\/p>\n<p><b>Informes de laboratorio<\/b>:<\/p>\n<p><a href=\"https:\/\/cannbliss.com\/wp-content\/uploads\/2024\/03\/Cold-Pressed-Sleep-Oil-1.pdf\" target=\"_blank\" rel=\"noopener\"><a href=\"https:\/\/cannbliss.com\/wp-content\/uploads\/2024\/03\/Cold-Pressed-Sleep-Oil-1.pdf\">SUP0048<\/a><\/a><\/p>\n\t\t\t\t\t\t\t\t<\/div>\n\t\t\t\t<\/div>\n\t\t\t\t\t<\/div>\n\t\t<\/div>\n\t\t\t\t\t<\/div>\n\t\t<\/section>\n\t\t\t\t<\/div>\n\t\t","protected":false},"excerpt":{"rendered":"<p><span style=\"color: #1c1c1c;\"><strong>Una dosis media-alta de c\u00e1\u00f1amo con valeriana y lavanda a\u00f1adidas para favorecer un mejor sue\u00f1o.<\/strong><\/span>  Este aceite de c\u00e1\u00f1amo se ha dise\u00f1ado espec\u00edficamente para ayudar a conciliar mejor el sue\u00f1o con la adici\u00f3n de lavanda y valeriana, junto con el poder del c\u00e1\u00f1amo.<br \/>\nA continuaci\u00f3n encontrar\u00e1s m\u00e1s informaci\u00f3n sobre este aceite. <\/p>\n","protected":false},"featured_media":10778,"comment_status":"open","ping_status":"closed","template":"","meta":[],"product_brand":[],"product_cat":[234,235],"product_tag":[],"class_list":{"0":"post-10777","1":"product","2":"type-product","3":"status-publish","4":"has-post-thumbnail","6":"product_cat-aceites-de-canamo","7":"product_cat-gotas-nocturnas","9":"first","10":"instock","11":"taxable","12":"shipping-taxable","13":"purchasable","14":"product-type-simple"},"yoast_head":"<!-- This site is optimized with the Yoast SEO plugin v26.9 - https:\/\/yoast.com\/product\/yoast-seo-wordpress\/ -->\n<title>Gotas de Noche de Aceite de C\u00e1\u00f1amo 2000mg con Lavanda y Valeriana - 30ml - Cannbliss<\/title>\n<meta name=\"description\" content=\"Una dosis media-alta de c\u00e1\u00f1amo con valeriana y lavanda a\u00f1adidas para ayudar a conciliar mejor el sue\u00f1o, mitigar el insomnio y las noches en vela.\" \/>\n<meta name=\"robots\" content=\"index, follow, max-snippet:-1, max-image-preview:large, max-video-preview:-1\" \/>\n<link rel=\"canonical\" href=\"https:\/\/cannbliss.com\/produto\/oleo-de-canhamo-night-drops-2000mg-com-lavanda-e-valeriana-30ml\/\" \/>\n<meta property=\"og:locale\" content=\"es_ES\" \/>\n<meta property=\"og:type\" content=\"article\" \/>\n<meta property=\"og:title\" content=\"Gotas de Noche de Aceite de C\u00e1\u00f1amo 2000mg con Lavanda y Valeriana - 30ml - Cannbliss\" \/>\n<meta property=\"og:description\" content=\"Una dosis media-alta de c\u00e1\u00f1amo con valeriana y lavanda a\u00f1adidas para ayudar a conciliar mejor el sue\u00f1o, mitigar el insomnio y las noches en vela.\" \/>\n<meta property=\"og:url\" content=\"https:\/\/cannbliss.com\/produto\/oleo-de-canhamo-night-drops-2000mg-com-lavanda-e-valeriana-30ml\/\" \/>\n<meta property=\"og:site_name\" content=\"Cannbliss\" \/>\n<meta property=\"article:modified_time\" content=\"2026-04-16T11:28:04+00:00\" \/>\n<meta property=\"og:image\" content=\"https:\/\/cannbliss.com\/wp-content\/uploads\/2023\/11\/Cannbliss-Mockup-2000mg-amber-bottle-min-scaled.jpg\" \/>\n\t<meta property=\"og:image:width\" content=\"2560\" \/>\n\t<meta property=\"og:image:height\" content=\"2560\" \/>\n\t<meta property=\"og:image:type\" content=\"image\/jpeg\" \/>\n<meta name=\"twitter:card\" content=\"summary_large_image\" \/>\n<meta name=\"twitter:label1\" content=\"Precio\" \/>\n\t<meta name=\"twitter:data1\" content=\"&euro;29,90\" \/>\n\t<meta name=\"twitter:label2\" content=\"Disponibilidad\" \/>\n\t<meta name=\"twitter:data2\" content=\"Disponible\" \/>\n<script type=\"application\/ld+json\" class=\"yoast-schema-graph\">{\"@context\":\"https:\/\/schema.org\",\"@graph\":[{\"@type\":[\"WebPage\",\"ItemPage\"],\"@id\":\"https:\/\/cannbliss.com\/produto\/oleo-de-canhamo-night-drops-2000mg-com-lavanda-e-valeriana-30ml\/\",\"url\":\"https:\/\/cannbliss.com\/produto\/oleo-de-canhamo-night-drops-2000mg-com-lavanda-e-valeriana-30ml\/\",\"name\":\"Gotas de Noche de Aceite de C\u00e1\u00f1amo 2000mg con Lavanda y Valeriana - 30ml - Cannbliss\",\"isPartOf\":{\"@id\":\"https:\/\/cannbliss.com\/#website\"},\"primaryImageOfPage\":{\"@id\":\"https:\/\/cannbliss.com\/produto\/oleo-de-canhamo-night-drops-2000mg-com-lavanda-e-valeriana-30ml\/#primaryimage\"},\"image\":{\"@id\":\"https:\/\/cannbliss.com\/produto\/oleo-de-canhamo-night-drops-2000mg-com-lavanda-e-valeriana-30ml\/#primaryimage\"},\"thumbnailUrl\":\"https:\/\/cannbliss.com\/wp-content\/uploads\/2023\/11\/Cannbliss-Mockup-2000mg-amber-bottle-min-scaled.jpg\",\"datePublished\":\"2024-01-22T09:45:43+00:00\",\"dateModified\":\"2026-04-16T11:28:04+00:00\",\"description\":\"Una dosis media-alta de c\u00e1\u00f1amo con valeriana y lavanda a\u00f1adidas para ayudar a conciliar mejor el sue\u00f1o, mitigar el insomnio y las noches en vela.\",\"breadcrumb\":{\"@id\":\"https:\/\/cannbliss.com\/produto\/oleo-de-canhamo-night-drops-2000mg-com-lavanda-e-valeriana-30ml\/#breadcrumb\"},\"inLanguage\":\"es\",\"potentialAction\":[{\"@type\":\"ReadAction\",\"target\":[\"https:\/\/cannbliss.com\/produto\/oleo-de-canhamo-night-drops-2000mg-com-lavanda-e-valeriana-30ml\/\"]}]},{\"@type\":\"ImageObject\",\"inLanguage\":\"es\",\"@id\":\"https:\/\/cannbliss.com\/produto\/oleo-de-canhamo-night-drops-2000mg-com-lavanda-e-valeriana-30ml\/#primaryimage\",\"url\":\"https:\/\/cannbliss.com\/wp-content\/uploads\/2023\/11\/Cannbliss-Mockup-2000mg-amber-bottle-min-scaled.jpg\",\"contentUrl\":\"https:\/\/cannbliss.com\/wp-content\/uploads\/2023\/11\/Cannbliss-Mockup-2000mg-amber-bottle-min-scaled.jpg\",\"width\":2560,\"height\":2560,\"caption\":\"\u00d3leo Night Drops 2000mg \u2013 F\u00f3rmula Sono Profundo (C\u00e2nhamo, Valeriana & Lavanda)\"},{\"@type\":\"BreadcrumbList\",\"@id\":\"https:\/\/cannbliss.com\/produto\/oleo-de-canhamo-night-drops-2000mg-com-lavanda-e-valeriana-30ml\/#breadcrumb\",\"itemListElement\":[{\"@type\":\"ListItem\",\"position\":1,\"name\":\"Tienda\",\"item\":\"https:\/\/cannbliss.com\/es\/tienda\/\"},{\"@type\":\"ListItem\",\"position\":2,\"name\":\"Gotas de Noche de Aceite de C\u00e1\u00f1amo 2000mg con Lavanda y Valeriana &#8211; 30ml\"}]},{\"@type\":\"WebSite\",\"@id\":\"https:\/\/cannbliss.com\/#website\",\"url\":\"https:\/\/cannbliss.com\/\",\"name\":\"Cannbliss\",\"description\":\"Produtos \u00e0 Base de \u00d3leo de C\u00e2nhamo\",\"publisher\":{\"@id\":\"https:\/\/cannbliss.com\/#organization\"},\"potentialAction\":[{\"@type\":\"SearchAction\",\"target\":{\"@type\":\"EntryPoint\",\"urlTemplate\":\"https:\/\/cannbliss.com\/?s={search_term_string}\"},\"query-input\":{\"@type\":\"PropertyValueSpecification\",\"valueRequired\":true,\"valueName\":\"search_term_string\"}}],\"inLanguage\":\"es\"},{\"@type\":\"Organization\",\"@id\":\"https:\/\/cannbliss.com\/#organization\",\"name\":\"Cannbliss\",\"url\":\"https:\/\/cannbliss.com\/\",\"logo\":{\"@type\":\"ImageObject\",\"inLanguage\":\"es\",\"@id\":\"https:\/\/cannbliss.com\/#\/schema\/logo\/image\/\",\"url\":\"https:\/\/cannbliss.com\/wp-content\/uploads\/2022\/11\/cannbliss_verdeescuro.png\",\"contentUrl\":\"https:\/\/cannbliss.com\/wp-content\/uploads\/2022\/11\/cannbliss_verdeescuro.png\",\"width\":1000,\"height\":152,\"caption\":\"Cannbliss\"},\"image\":{\"@id\":\"https:\/\/cannbliss.com\/#\/schema\/logo\/image\/\"}}]}<\/script>\n<meta property=\"product:price:amount\" content=\"29.90\" \/>\n<meta property=\"product:price:currency\" content=\"EUR\" \/>\n<meta property=\"og:availability\" content=\"instock\" \/>\n<meta property=\"product:availability\" content=\"instock\" \/>\n<meta property=\"product:retailer_item_id\" content=\"CANN042\" \/>\n<meta property=\"product:condition\" content=\"new\" \/>\n<!-- \/ Yoast SEO plugin. -->","yoast_head_json":{"title":"Gotas de Noche de Aceite de C\u00e1\u00f1amo 2000mg con Lavanda y Valeriana - 30ml - Cannbliss","description":"Una dosis media-alta de c\u00e1\u00f1amo con valeriana y lavanda a\u00f1adidas para ayudar a conciliar mejor el sue\u00f1o, mitigar el insomnio y las noches en vela.","robots":{"index":"index","follow":"follow","max-snippet":"max-snippet:-1","max-image-preview":"max-image-preview:large","max-video-preview":"max-video-preview:-1"},"canonical":"https:\/\/cannbliss.com\/produto\/oleo-de-canhamo-night-drops-2000mg-com-lavanda-e-valeriana-30ml\/","og_locale":"es_ES","og_type":"article","og_title":"Gotas de Noche de Aceite de C\u00e1\u00f1amo 2000mg con Lavanda y Valeriana - 30ml - Cannbliss","og_description":"Una dosis media-alta de c\u00e1\u00f1amo con valeriana y lavanda a\u00f1adidas para ayudar a conciliar mejor el sue\u00f1o, mitigar el insomnio y las noches en vela.","og_url":"https:\/\/cannbliss.com\/produto\/oleo-de-canhamo-night-drops-2000mg-com-lavanda-e-valeriana-30ml\/","og_site_name":"Cannbliss","article_modified_time":"2026-04-16T11:28:04+00:00","og_image":[{"width":2560,"height":2560,"url":"https:\/\/cannbliss.com\/wp-content\/uploads\/2023\/11\/Cannbliss-Mockup-2000mg-amber-bottle-min-scaled.jpg","type":"image\/jpeg"}],"twitter_card":"summary_large_image","twitter_misc":{"Precio":"&euro;29,90","Disponibilidad":"Disponible"},"schema":{"@context":"https:\/\/schema.org","@graph":[{"@type":["WebPage","ItemPage"],"@id":"https:\/\/cannbliss.com\/produto\/oleo-de-canhamo-night-drops-2000mg-com-lavanda-e-valeriana-30ml\/","url":"https:\/\/cannbliss.com\/produto\/oleo-de-canhamo-night-drops-2000mg-com-lavanda-e-valeriana-30ml\/","name":"Gotas de Noche de Aceite de C\u00e1\u00f1amo 2000mg con Lavanda y Valeriana - 30ml - Cannbliss","isPartOf":{"@id":"https:\/\/cannbliss.com\/#website"},"primaryImageOfPage":{"@id":"https:\/\/cannbliss.com\/produto\/oleo-de-canhamo-night-drops-2000mg-com-lavanda-e-valeriana-30ml\/#primaryimage"},"image":{"@id":"https:\/\/cannbliss.com\/produto\/oleo-de-canhamo-night-drops-2000mg-com-lavanda-e-valeriana-30ml\/#primaryimage"},"thumbnailUrl":"https:\/\/cannbliss.com\/wp-content\/uploads\/2023\/11\/Cannbliss-Mockup-2000mg-amber-bottle-min-scaled.jpg","datePublished":"2024-01-22T09:45:43+00:00","dateModified":"2026-04-16T11:28:04+00:00","description":"Una dosis media-alta de c\u00e1\u00f1amo con valeriana y lavanda a\u00f1adidas para ayudar a conciliar mejor el sue\u00f1o, mitigar el insomnio y las noches en vela.","breadcrumb":{"@id":"https:\/\/cannbliss.com\/produto\/oleo-de-canhamo-night-drops-2000mg-com-lavanda-e-valeriana-30ml\/#breadcrumb"},"inLanguage":"es","potentialAction":[{"@type":"ReadAction","target":["https:\/\/cannbliss.com\/produto\/oleo-de-canhamo-night-drops-2000mg-com-lavanda-e-valeriana-30ml\/"]}]},{"@type":"ImageObject","inLanguage":"es","@id":"https:\/\/cannbliss.com\/produto\/oleo-de-canhamo-night-drops-2000mg-com-lavanda-e-valeriana-30ml\/#primaryimage","url":"https:\/\/cannbliss.com\/wp-content\/uploads\/2023\/11\/Cannbliss-Mockup-2000mg-amber-bottle-min-scaled.jpg","contentUrl":"https:\/\/cannbliss.com\/wp-content\/uploads\/2023\/11\/Cannbliss-Mockup-2000mg-amber-bottle-min-scaled.jpg","width":2560,"height":2560,"caption":"\u00d3leo Night Drops 2000mg \u2013 F\u00f3rmula Sono Profundo (C\u00e2nhamo, Valeriana & Lavanda)"},{"@type":"BreadcrumbList","@id":"https:\/\/cannbliss.com\/produto\/oleo-de-canhamo-night-drops-2000mg-com-lavanda-e-valeriana-30ml\/#breadcrumb","itemListElement":[{"@type":"ListItem","position":1,"name":"Tienda","item":"https:\/\/cannbliss.com\/es\/tienda\/"},{"@type":"ListItem","position":2,"name":"Gotas de Noche de Aceite de C\u00e1\u00f1amo 2000mg con Lavanda y Valeriana &#8211; 30ml"}]},{"@type":"WebSite","@id":"https:\/\/cannbliss.com\/#website","url":"https:\/\/cannbliss.com\/","name":"Cannbliss","description":"Produtos \u00e0 Base de \u00d3leo de C\u00e2nhamo","publisher":{"@id":"https:\/\/cannbliss.com\/#organization"},"potentialAction":[{"@type":"SearchAction","target":{"@type":"EntryPoint","urlTemplate":"https:\/\/cannbliss.com\/?s={search_term_string}"},"query-input":{"@type":"PropertyValueSpecification","valueRequired":true,"valueName":"search_term_string"}}],"inLanguage":"es"},{"@type":"Organization","@id":"https:\/\/cannbliss.com\/#organization","name":"Cannbliss","url":"https:\/\/cannbliss.com\/","logo":{"@type":"ImageObject","inLanguage":"es","@id":"https:\/\/cannbliss.com\/#\/schema\/logo\/image\/","url":"https:\/\/cannbliss.com\/wp-content\/uploads\/2022\/11\/cannbliss_verdeescuro.png","contentUrl":"https:\/\/cannbliss.com\/wp-content\/uploads\/2022\/11\/cannbliss_verdeescuro.png","width":1000,"height":152,"caption":"Cannbliss"},"image":{"@id":"https:\/\/cannbliss.com\/#\/schema\/logo\/image\/"}}]},"product_price_amount":"29.90","product_price_currency":"EUR","og_availability":"instock","product_availability":"instock","product_retailer_item_id":"CANN042","product_condition":"new"},"_links":{"self":[{"href":"https:\/\/cannbliss.com\/es\/wp-json\/wp\/v2\/product\/10777","targetHints":{"allow":["GET"]}}],"collection":[{"href":"https:\/\/cannbliss.com\/es\/wp-json\/wp\/v2\/product"}],"about":[{"href":"https:\/\/cannbliss.com\/es\/wp-json\/wp\/v2\/types\/product"}],"replies":[{"embeddable":true,"href":"https:\/\/cannbliss.com\/es\/wp-json\/wp\/v2\/comments?post=10777"}],"version-history":[{"count":1,"href":"https:\/\/cannbliss.com\/es\/wp-json\/wp\/v2\/product\/10777\/revisions"}],"predecessor-version":[{"id":10779,"href":"https:\/\/cannbliss.com\/es\/wp-json\/wp\/v2\/product\/10777\/revisions\/10779"}],"wp:featuredmedia":[{"embeddable":true,"href":"https:\/\/cannbliss.com\/es\/wp-json\/wp\/v2\/media\/10778"}],"wp:attachment":[{"href":"https:\/\/cannbliss.com\/es\/wp-json\/wp\/v2\/media?parent=10777"}],"wp:term":[{"taxonomy":"product_brand","embeddable":true,"href":"https:\/\/cannbliss.com\/es\/wp-json\/wp\/v2\/product_brand?post=10777"},{"taxonomy":"product_cat","embeddable":true,"href":"https:\/\/cannbliss.com\/es\/wp-json\/wp\/v2\/product_cat?post=10777"},{"taxonomy":"product_tag","embeddable":true,"href":"https:\/\/cannbliss.com\/es\/wp-json\/wp\/v2\/product_tag?post=10777"}],"curies":[{"name":"wp","href":"https:\/\/api.w.org\/{rel}","templated":true}]}}