{"id":10725,"date":"2021-03-04T20:09:18","date_gmt":"2021-03-04T20:09:18","guid":{"rendered":"https:\/\/cannbliss.com\/condiciones-generales\/"},"modified":"2024-12-04T17:28:31","modified_gmt":"2024-12-04T17:28:31","slug":"condiciones-generales","status":"publish","type":"page","link":"https:\/\/cannbliss.com\/es\/condiciones-generales\/","title":{"rendered":"Condiciones generales"},"content":{"rendered":"\t\t<div data-elementor-type=\"wp-page\" data-elementor-id=\"10725\" class=\"elementor elementor-10725 elementor-1376\" data-elementor-post-type=\"page\">\n\t\t\t\t\t\t<section class=\"elementor-section elementor-top-section elementor-element elementor-element-61a29fb4 elementor-section-stretched elementor-section-boxed elementor-section-height-default elementor-section-height-default\" data-id=\"61a29fb4\" data-element_type=\"section\" data-e-type=\"section\" data-settings=\"{&quot;background_background&quot;:&quot;classic&quot;,&quot;stretch_section&quot;:&quot;section-stretched&quot;}\">\n\t\t\t\t\t\t<div class=\"elementor-container elementor-column-gap-default\">\n\t\t\t\t\t<div class=\"elementor-column elementor-col-100 elementor-top-column elementor-element elementor-element-78a84b05\" data-id=\"78a84b05\" data-element_type=\"column\" data-e-type=\"column\">\n\t\t\t<div class=\"elementor-widget-wrap elementor-element-populated\">\n\t\t\t\t\t\t<div class=\"elementor-element elementor-element-38b82498 elementor-widget elementor-widget-heading\" data-id=\"38b82498\" data-element_type=\"widget\" data-e-type=\"widget\" data-widget_type=\"heading.default\">\n\t\t\t\t<div class=\"elementor-widget-container\">\n\t\t\t\t\t<h2 class=\"elementor-heading-title elementor-size-default\">Condiciones generales<\/h2>\t\t\t\t<\/div>\n\t\t\t\t<\/div>\n\t\t\t\t<section class=\"elementor-section elementor-inner-section elementor-element elementor-element-3fa9156 elementor-section-boxed elementor-section-height-default elementor-section-height-default\" data-id=\"3fa9156\" data-element_type=\"section\" data-e-type=\"section\">\n\t\t\t\t\t\t<div class=\"elementor-container elementor-column-gap-default\">\n\t\t\t\t\t<div class=\"elementor-column elementor-col-100 elementor-inner-column elementor-element elementor-element-755d17b6\" data-id=\"755d17b6\" data-element_type=\"column\" data-e-type=\"column\" data-settings=\"{&quot;background_background&quot;:&quot;classic&quot;}\">\n\t\t\t<div class=\"elementor-widget-wrap elementor-element-populated\">\n\t\t\t\t\t\t<div class=\"elementor-element elementor-element-7592e3d1 elementor-widget elementor-widget-text-editor\" data-id=\"7592e3d1\" data-element_type=\"widget\" data-e-type=\"widget\" data-widget_type=\"text-editor.default\">\n\t\t\t\t<div class=\"elementor-widget-container\">\n\t\t\t\t\t\t\t\t\t<p><span style=\"font-weight: 400;\">La compra de productos en E-Commerce en la Tienda Online de Cannbliss Unipessoal Lda est\u00e1 sujeta a los siguientes t\u00e9rminos y condiciones:<\/span><\/p><p><br \/>1.<br \/>Objeto<span style=\"font-weight: 400;\"> 1.1 Las presentes Condiciones Generales, junto con el formulario de pedido y los dem\u00e1s elementos a los que se hace referencia en el mismo, tienen por objeto regular los t\u00e9rminos y condiciones que rigen la prestaci\u00f3n del Servicio Cannbliss <\/span>.<\/p><p><span style=\"font-weight: 400;\"> 1.2 La compra de cualquier producto en la Tienda Online Cannbliss implica la aceptaci\u00f3n de estas Condiciones Generales de Venta Online.<\/span><\/p><p><span style=\"font-weight: 400;\"> 1.3.<br \/>O acesso \u00e0 Loja Online Cannbliss \u00e9 de car\u00e1cter gratuito e n\u00e3o exige a subscri\u00e7\u00e3o pr\u00e9via ou registo do utilizador. <\/span><\/p><p>\u00a0<\/p><p>2. Informaci\u00f3n sobre el producto, el precio y el contenido<\/p><p><span style=\"font-weight: 400;\"> 2.1 Cannbliss se reserva el derecho a modificar, sin previo aviso y en cualquier momento, la informaci\u00f3n y oferta comercial presentada sobre: productos, precios, promociones, condiciones comerciales y servicios.<\/span><\/p><p><span style=\"font-weight: 400;\"> 2.2 Los art\u00edculos a la venta en la tienda online est\u00e1n sujetos a las existencias y los pedidos se procesar\u00e1n por orden de llegada.<br \/>En caso de falta de existencias temporal o permanente, se informar\u00e1 de ello al cliente. <\/span><\/p><p><span style=\"font-weight: 400;\"> 2.3 De acuerdo con la legislaci\u00f3n portuguesa, los precios de los productos se indican en \u20ac (euros) e incluyen el IVA al tipo legal vigente, as\u00ed como los gastos de env\u00edo.<\/span><\/p><p>2.4 Las muestras est\u00e1n limitadas a una venta por persona.<\/p><p>\u00a0<\/p><ol start=\"3\"><li><span style=\"font-weight: 400;\"> Pedidos y pagos<\/span><\/li><\/ol><p><span style=\"font-weight: 400;\"> 3.1 Para realizar una compra en la Tienda Online de Cannbliss, el usuario debe registrarse como cliente o completar la compra como invitado.<\/span><\/p><p><span style=\"font-weight: 400;\">Puedes realizar tu pedido seleccionando los productos que desees.<br \/>Debes seguir todos los pasos descritos en el formulario de pedido para que \u00e9ste se finalice con \u00e9xito. <\/span><\/p><p><span style=\"font-weight: 400;\"> 3.2 Tras confirmar tu pedido en la tienda online de Cannbliss, debes seleccionar el m\u00e9todo de pago que desees entre las opciones disponibles: Multibanco, MB WAY, Visa, Mastercard, Paypal.<\/span><\/p><p><span style=\"font-weight: 400;\">Cualquier pedido realizado en la tienda online de Cannbliss s\u00f3lo se tramitar\u00e1 una vez recibido el pago.<br \/>La formalizaci\u00f3n del pedido no constituye en s\u00ed misma una reserva de los productos. <\/span><\/p><p><span style=\"font-weight: 400;\"> 3.3 Una vez confirmado el pedido en la tienda online de Cannbliss, se enviar\u00e1 un correo electr\u00f3nico a la direcci\u00f3n de contacto registrada por el cliente al realizar el pedido, con todos los detalles sobre la entrega, la facturaci\u00f3n y la informaci\u00f3n de pago.<br \/>Si el cliente no recibe el correo electr\u00f3nico de confirmaci\u00f3n del pedido, deber\u00e1 ponerse en contacto con Cannbliss en contato@cannbliss.com. <\/span><\/p><p><span style=\"font-weight: 400;\"> 3.4 Los cambios en las condiciones de los pedidos no enviados o la cancelaci\u00f3n de un pedido no enviado pueden realizarse previa solicitud por correo electr\u00f3nico a contato@cannbliss.com.<\/span><\/p><p><span style=\"font-weight: 400;\"> 3.5 Los pedidos s\u00f3lo se enviar\u00e1n una vez confirmadas las existencias y el pago, y se tramitar\u00e1n por orden de llegada.<\/span><\/p><p><span style=\"font-weight: 400;\"> 3.6 Si un pedido no puede cumplirse en parte o en su totalidad, el cliente ser\u00e1 contactado inmediatamente por Cannbliss.<\/span><\/p><p><span style=\"font-weight: 400;\"> 3.7 Tras recibir los datos del pedido, el usuario dispone de 3 d\u00edas laborables para realizar el pago.<br \/>Si no realiza el pago en este plazo, el pedido se cancelar\u00e1 autom\u00e1ticamente. <\/span><\/p><p><span style=\"font-weight: 400;\"> 3.8 La Tienda Online Cannbliss ofrece a los usuarios la siguiente forma de pago: transferencia bancaria.<\/span><\/p><p><span style=\"font-weight: 400;\"> 3.9 El justificante de la transferencia bancaria debe enviarse a la direcci\u00f3n de correo electr\u00f3nico contato@cannbliss.com.<\/span><\/p><p><span style=\"font-weight: 400;\"> 3.10 Los pagos se reciben en euros, independientemente de la moneda en la que se realice la transacci\u00f3n.<br \/>Los tipos de conversi\u00f3n para los pagos realizados en otras divisas correr\u00e1n a cargo del cliente. <\/span><\/p><p>\u00a0<\/p><ol start=\"4\"><li><span style=\"font-weight: 400;\"> Gastos de env\u00edo<\/span><\/li><\/ol><p><span style=\"font-weight: 400;\"> 4.1 Los gastos de env\u00edo son gratuitos para pedidos superiores a 70 euros dentro de la Uni\u00f3n Europea. Por debajo de esa cantidad, se a\u00f1ade un coste de env\u00edo de 6 \u20ac.<\/span><\/p><p><span style=\"font-weight: 400;\"> 4.2.<br \/>Encomendas pagas ser\u00e3o processadas e enviadas no dia \u00fatil seguinte ao da encomenda. <\/span><\/p><p><span style=\"font-weight: 400;\"> 4.3 Los env\u00edos se realizan a trav\u00e9s de CTT.<\/span><\/p><p><span style=\"font-weight: 400;\"> 4.4 Los pedidos al Reino Unido, Suiza y Noruega tendr\u00e1n un coste de env\u00edo que se indicar\u00e1 durante el proceso de pago.<\/span><\/p><p>\u00a0<\/p><ol start=\"5\"><li><span style=\"font-weight: 400;\"> Entrega<\/span><\/li><\/ol><p><span style=\"font-weight: 400;\"> 5.1 Los pedidos s\u00f3lo se enviar\u00e1n una vez confirmadas las existencias y el pago, y lo antes posible.<\/span><\/p><p><span style=\"font-weight: 400;\"> 5.2 Los pedidos se entregar\u00e1n en la direcci\u00f3n indicada por el cliente y de acuerdo con los horarios de entrega del transportista.<br \/>No se pueden realizar entregas a domicilio en apartados de correos.<br \/>Los pedidos pueden entregarse fuera de Portugal continental, siempre que la direcci\u00f3n est\u00e9 dentro de la zona de entrega del transportista. <\/span><\/p><p><span style=\"font-weight: 400;\"> 5.3 Dado que el servicio de transporte se contrata a una empresa, Cannbliss no puede ocuparse de los posibles retrasos en las entregas y, en tales casos, no se pueden garantizar los plazos exactos de entrega.<\/span><\/p><p><span style=\"font-weight: 400;\"> 5.4 Si por cualquier motivo el cliente no puede recibir el paquete o recogerlo en el lugar indicado por el transportista, se ruega al cliente que se ponga en contacto inmediatamente con Cannbliss por correo electr\u00f3nico en lcontato@cannbliss.com.<\/span><\/p><p><span style=\"font-weight: 400;\"> 5.5 Todos los productos enviados por Cannbliss deben ser revisados en el momento de la entrega.<br \/>Si el cliente comprueba que el paquete est\u00e1 da\u00f1ado, deber\u00e1 devolverlo inmediatamente al transportista, indicar el motivo de la devoluci\u00f3n en el albar\u00e1n de entrega e informar inmediatamente a Cannbliss Unipessoal Lda. por correo electr\u00f3nico a contato@cannbliss.com. <\/span><\/p><p><span style=\"font-weight: 400;\"> 5.6 Si, tras la entrega, el cliente comprueba que alguno de los art\u00edculos no es conforme, se le ruega que se ponga inmediatamente en contacto con Cannbliss por correo electr\u00f3nico a la direcci\u00f3n contato@cannbliss.com indicando el n\u00famero de pedido o el n\u00famero de documento que acompa\u00f1aba al pedido, adjuntando im\u00e1genes del embalaje tal como lo recibi\u00f3 y de todos los art\u00edculos, para que la situaci\u00f3n pueda resolverse lo antes posible.<\/span><\/p><p>\u00a0<\/p><p><span style=\"font-weight: 400;\">6. <\/span><span style=\"font-weight: 400;\">Estas condiciones generales de venta en l\u00ednea pueden modificarse sin previo aviso, por lo que deben consultarse antes de realizar cualquier pedido.<\/span><\/p><p>\u00a0<\/p><p><span style=\"font-weight: 400;\">7. Protecci\u00f3n de datos<\/span><\/p><p><span style=\"font-weight: 400;\">El Cliente debe declarar expresamente que autoriza la recogida o actualizaci\u00f3n de sus datos de contacto, para su integraci\u00f3n en ficheros de CANNBLISS con fines de gesti\u00f3n de clientes, relaciones comerciales, as\u00ed como para el env\u00edo de publicidad sobre productos y servicios en los t\u00e9rminos de la Ley n\u00ba 6\/99, la Ley n\u00ba 41\/2004 y la Directiva n\u00ba 2002\/58\/CE, mediante tratamiento automatizado y elaboraci\u00f3n de perfiles, a trav\u00e9s de todos los canales de comunicaci\u00f3n disponibles, incluidos los medios electr\u00f3nicos.<\/span><\/p><p><span style=\"font-weight: 400;\">El consentimiento expreso debe darse al registrarse en la Tienda Online, utilizando la opci\u00f3n all\u00ed indicada.<\/span><\/p><p><span style=\"font-weight: 400;\">Los datos de contacto recogidos se conservar\u00e1n mientras cumplan la finalidad para la que fueron tratados, o hasta que se haya ejercido el derecho de oposici\u00f3n, rectificaci\u00f3n o cancelaci\u00f3n.<\/span><\/p><p><span style=\"font-weight: 400;\">El interesado tiene derecho a acceder gratuitamente a los datos almacenados, as\u00ed como a solicitar su limitaci\u00f3n, rectificaci\u00f3n, oposici\u00f3n o supresi\u00f3n cuando, entre otros motivos legales, los datos de contacto sean inexactos o hayan dejado de ser necesarios para los fines para los que fueron recogidos.<\/span><\/p><p><span style=\"font-weight: 400;\">El interesado tambi\u00e9n tiene derecho a retirar su consentimiento en cualquier momento, sin que ello ponga en peligro la licitud del tratamiento efectuado sobre la base del consentimiento previamente otorgado.<\/span><\/p><p><span style=\"font-weight: 400;\">Si es t\u00e9cnicamente posible, puedes solicitar la portabilidad de tus datos a otro responsable del tratamiento, en cuyo caso s\u00f3lo se conservar\u00e1n para el ejercicio o la defensa de reclamaciones.<\/span><\/p><p><span style=\"font-weight: 400;\">En el ejercicio de algunos de los derechos mencionados, nos reservamos el derecho de conservar los datos exclusivamente a efectos de la declaraci\u00f3n, el ejercicio o la defensa de un derecho en un procedimiento judicial.<\/span><\/p><p><span style=\"font-weight: 400;\">Para ejercer estos derechos o cualquier otra cuesti\u00f3n adicional que puedas tener en relaci\u00f3n con la protecci\u00f3n de datos, puedes ponerte en contacto con CANNBLISS UNIPESSOAL LDA por escrito en la Avenida Rui Nogueira Simoes 9A 1600-868 Lisboa o por correo electr\u00f3nico en contato@cannbliss.com , y autenticar y probar la identidad del interesado.<\/span><\/p><p><span style=\"font-weight: 400;\">Tambi\u00e9n queremos informarte de que puedes presentar una reclamaci\u00f3n ante la Comisi\u00f3n Nacional de Protecci\u00f3n de Datos si consideras que tus derechos no han sido debidamente atendidos.<br \/>Para m\u00e1s informaci\u00f3n, consulta <\/span><a href=\"https:\/\/www.cnpd.pt\/\"><span style=\"font-weight: 400;\">https:\/\/www.cnpd.pt\/<\/span><\/a><span style=\"font-weight: 400;\">.<\/span><\/p><p><span style=\"font-weight: 400;\">Cannbliss no transfiere los datos de contacto recogidos a terceros.<br \/>Si existe un motivo leg\u00edtimo para la transferencia, se informar\u00e1 previamente al Cliente y se le comunicar\u00e1 la identidad de los destinatarios y la finalidad del tratamiento de los datos transferidos. <\/span><\/p><p><span style=\"font-weight: 400;\">La transferencia s\u00f3lo tendr\u00e1 lugar cuando el tercero ofrezca garant\u00edas suficientes de que existen medidas t\u00e9cnicas y organizativas apropiadas para que el tratamiento cumpla los requisitos y obligaciones derivados de la legislaci\u00f3n aplicable en materia de protecci\u00f3n de datos y garantice la defensa de los derechos del interesado.<\/span><\/p><p>\u00a0<\/p><p><span style=\"font-weight: 400;\">8. <\/span>Declaraci\u00f3n de responsabilidad<\/p><p><span style=\"font-weight: 400;\">Cannbliss declara y garantiza expresamente que:<\/span><\/p><p><span style=\"background-color: transparent;\"> a) Tratar\u00e1 adecuadamente los Datos Personales que recabe de sus Clientes en el marco de la prestaci\u00f3n del Servicio de Tienda Online; que dichos datos ser\u00e1n tratados de forma l\u00edcita, confidencial, leal y transparente, y de manera que se garantice su seguridad, comprometi\u00e9ndose a proteger dichos Datos Personales contra la destrucci\u00f3n accidental o il\u00edcita, la p\u00e9rdida accidental, la alteraci\u00f3n, la difusi\u00f3n o el acceso no autorizado;<\/span><\/p><p><span style=\"background-color: transparent;\"> b) Est\u00e1 en condiciones de garantizar todas las medidas t\u00e9cnicas y organizativas apropiadas para que el tratamiento de los Datos Personales cumpla los requisitos de la vigente Ley de Protecci\u00f3n de Datos Personales, aprobada por la Ley n\u00ba 67\/98, de 26 de octubre, y del Reglamento (UE) 2016\/679 del Parlamento Europeo y del Consejo, de 27 de abril de 2016 (\u00abGDPR\u00bb), que entrar\u00e1 en vigor el 25 de mayo de 2018;<\/span><\/p><p><span style=\"background-color: transparent;\"> c) Los Datos Personales se destinan \u00fanicamente al cumplimiento de los pedidos realizados en la Tienda Online, y s\u00f3lo se recogen los necesarios, adecuados, pertinentes y limitados a dicha finalidad;<\/span><\/p><p><span style=\"background-color: transparent;\"> d) Mantendr\u00e1 los Datos Personales exactos y actualizados;<\/span><\/p><p><span style=\"background-color: transparent;\"> f) No utilizar\u00e1 los Datos Personales a los que tenga acceso para fines distintos de los previstos en las presentes Condiciones Generales;<\/span><\/p><p><span style=\"background-color: transparent;\"> g) A petici\u00f3n del Cliente, destruir dichos Datos Personales de forma inmediata y eficaz.<\/span><\/p>\t\t\t\t\t\t\t\t<\/div>\n\t\t\t\t<\/div>\n\t\t\t\t\t<\/div>\n\t\t<\/div>\n\t\t\t\t\t<\/div>\n\t\t<\/section>\n\t\t\t\t\t<\/div>\n\t\t<\/div>\n\t\t\t\t\t<\/div>\n\t\t<\/section>\n\t\t\t\t<\/div>\n\t\t","protected":false},"excerpt":{"rendered":"<p>Condiciones generales La compra de productos en E-Commerce en la Tienda Online de Cannbliss Unipessoal Lda est\u00e1 sujeta a los siguientes t\u00e9rminos y condiciones: 1.Objeto 1.1 Las presentes Condiciones Generales, junto con el formulario de pedido y los dem\u00e1s elementos a los que se hace referencia en el mismo, tienen por objeto regular los t\u00e9rminos [&hellip;]<\/p>\n","protected":false},"author":1,"featured_media":0,"parent":0,"menu_order":0,"comment_status":"closed","ping_status":"closed","template":"","meta":{"footnotes":""},"class_list":["post-10725","page","type-page","status-publish","hentry"],"yoast_head":"<!-- This site is optimized with the Yoast SEO plugin v26.9 - https:\/\/yoast.com\/product\/yoast-seo-wordpress\/ -->\n<title>Condiciones generales - Cannbliss<\/title>\n<meta name=\"description\" content=\"La compra de productos en E-Commerce en la Tienda Online de Cannbliss Unipessoal Lda est\u00e1 sujeta a los siguientes t\u00e9rminos y condiciones.\" \/>\n<meta name=\"robots\" content=\"index, follow, max-snippet:-1, max-image-preview:large, max-video-preview:-1\" \/>\n<link rel=\"canonical\" href=\"https:\/\/cannbliss.com\/es\/condiciones-generales\/\" \/>\n<meta property=\"og:locale\" content=\"es_ES\" \/>\n<meta property=\"og:type\" content=\"article\" \/>\n<meta property=\"og:title\" content=\"Condiciones generales - Cannbliss\" \/>\n<meta property=\"og:description\" content=\"La compra de productos en E-Commerce en la Tienda Online de Cannbliss Unipessoal Lda est\u00e1 sujeta a los siguientes t\u00e9rminos y condiciones.\" \/>\n<meta property=\"og:url\" content=\"https:\/\/cannbliss.com\/es\/condiciones-generales\/\" \/>\n<meta property=\"og:site_name\" content=\"Cannbliss\" \/>\n<meta property=\"article:modified_time\" content=\"2024-12-04T17:28:31+00:00\" \/>\n<meta name=\"twitter:card\" content=\"summary_large_image\" \/>\n<meta name=\"twitter:label1\" content=\"Tiempo de lectura\" \/>\n\t<meta name=\"twitter:data1\" content=\"8 minutos\" \/>\n<script type=\"application\/ld+json\" class=\"yoast-schema-graph\">{\"@context\":\"https:\/\/schema.org\",\"@graph\":[{\"@type\":\"WebPage\",\"@id\":\"https:\/\/cannbliss.com\/es\/condiciones-generales\/\",\"url\":\"https:\/\/cannbliss.com\/es\/condiciones-generales\/\",\"name\":\"Condiciones generales - Cannbliss\",\"isPartOf\":{\"@id\":\"https:\/\/cannbliss.com\/#website\"},\"datePublished\":\"2021-03-04T20:09:18+00:00\",\"dateModified\":\"2024-12-04T17:28:31+00:00\",\"description\":\"La compra de productos en E-Commerce en la Tienda Online de Cannbliss Unipessoal Lda est\u00e1 sujeta a los siguientes t\u00e9rminos y condiciones.\",\"inLanguage\":\"es\",\"potentialAction\":[{\"@type\":\"ReadAction\",\"target\":[\"https:\/\/cannbliss.com\/es\/condiciones-generales\/\"]}]},{\"@type\":\"WebSite\",\"@id\":\"https:\/\/cannbliss.com\/#website\",\"url\":\"https:\/\/cannbliss.com\/\",\"name\":\"Cannbliss\",\"description\":\"Produtos \u00e0 Base de \u00d3leo de C\u00e2nhamo\",\"publisher\":{\"@id\":\"https:\/\/cannbliss.com\/#organization\"},\"potentialAction\":[{\"@type\":\"SearchAction\",\"target\":{\"@type\":\"EntryPoint\",\"urlTemplate\":\"https:\/\/cannbliss.com\/?s={search_term_string}\"},\"query-input\":{\"@type\":\"PropertyValueSpecification\",\"valueRequired\":true,\"valueName\":\"search_term_string\"}}],\"inLanguage\":\"es\"},{\"@type\":\"Organization\",\"@id\":\"https:\/\/cannbliss.com\/#organization\",\"name\":\"Cannbliss\",\"url\":\"https:\/\/cannbliss.com\/\",\"logo\":{\"@type\":\"ImageObject\",\"inLanguage\":\"es\",\"@id\":\"https:\/\/cannbliss.com\/#\/schema\/logo\/image\/\",\"url\":\"https:\/\/cannbliss.com\/wp-content\/uploads\/2022\/11\/cannbliss_verdeescuro.png\",\"contentUrl\":\"https:\/\/cannbliss.com\/wp-content\/uploads\/2022\/11\/cannbliss_verdeescuro.png\",\"width\":1000,\"height\":152,\"caption\":\"Cannbliss\"},\"image\":{\"@id\":\"https:\/\/cannbliss.com\/#\/schema\/logo\/image\/\"}}]}<\/script>\n<!-- \/ Yoast SEO plugin. -->","yoast_head_json":{"title":"Condiciones generales - Cannbliss","description":"La compra de productos en E-Commerce en la Tienda Online de Cannbliss Unipessoal Lda est\u00e1 sujeta a los siguientes t\u00e9rminos y condiciones.","robots":{"index":"index","follow":"follow","max-snippet":"max-snippet:-1","max-image-preview":"max-image-preview:large","max-video-preview":"max-video-preview:-1"},"canonical":"https:\/\/cannbliss.com\/es\/condiciones-generales\/","og_locale":"es_ES","og_type":"article","og_title":"Condiciones generales - Cannbliss","og_description":"La compra de productos en E-Commerce en la Tienda Online de Cannbliss Unipessoal Lda est\u00e1 sujeta a los siguientes t\u00e9rminos y condiciones.","og_url":"https:\/\/cannbliss.com\/es\/condiciones-generales\/","og_site_name":"Cannbliss","article_modified_time":"2024-12-04T17:28:31+00:00","twitter_card":"summary_large_image","twitter_misc":{"Tiempo de lectura":"8 minutos"},"schema":{"@context":"https:\/\/schema.org","@graph":[{"@type":"WebPage","@id":"https:\/\/cannbliss.com\/es\/condiciones-generales\/","url":"https:\/\/cannbliss.com\/es\/condiciones-generales\/","name":"Condiciones generales - Cannbliss","isPartOf":{"@id":"https:\/\/cannbliss.com\/#website"},"datePublished":"2021-03-04T20:09:18+00:00","dateModified":"2024-12-04T17:28:31+00:00","description":"La compra de productos en E-Commerce en la Tienda Online de Cannbliss Unipessoal Lda est\u00e1 sujeta a los siguientes t\u00e9rminos y condiciones.","inLanguage":"es","potentialAction":[{"@type":"ReadAction","target":["https:\/\/cannbliss.com\/es\/condiciones-generales\/"]}]},{"@type":"WebSite","@id":"https:\/\/cannbliss.com\/#website","url":"https:\/\/cannbliss.com\/","name":"Cannbliss","description":"Produtos \u00e0 Base de \u00d3leo de C\u00e2nhamo","publisher":{"@id":"https:\/\/cannbliss.com\/#organization"},"potentialAction":[{"@type":"SearchAction","target":{"@type":"EntryPoint","urlTemplate":"https:\/\/cannbliss.com\/?s={search_term_string}"},"query-input":{"@type":"PropertyValueSpecification","valueRequired":true,"valueName":"search_term_string"}}],"inLanguage":"es"},{"@type":"Organization","@id":"https:\/\/cannbliss.com\/#organization","name":"Cannbliss","url":"https:\/\/cannbliss.com\/","logo":{"@type":"ImageObject","inLanguage":"es","@id":"https:\/\/cannbliss.com\/#\/schema\/logo\/image\/","url":"https:\/\/cannbliss.com\/wp-content\/uploads\/2022\/11\/cannbliss_verdeescuro.png","contentUrl":"https:\/\/cannbliss.com\/wp-content\/uploads\/2022\/11\/cannbliss_verdeescuro.png","width":1000,"height":152,"caption":"Cannbliss"},"image":{"@id":"https:\/\/cannbliss.com\/#\/schema\/logo\/image\/"}}]}},"_links":{"self":[{"href":"https:\/\/cannbliss.com\/es\/wp-json\/wp\/v2\/pages\/10725","targetHints":{"allow":["GET"]}}],"collection":[{"href":"https:\/\/cannbliss.com\/es\/wp-json\/wp\/v2\/pages"}],"about":[{"href":"https:\/\/cannbliss.com\/es\/wp-json\/wp\/v2\/types\/page"}],"author":[{"embeddable":true,"href":"https:\/\/cannbliss.com\/es\/wp-json\/wp\/v2\/users\/1"}],"replies":[{"embeddable":true,"href":"https:\/\/cannbliss.com\/es\/wp-json\/wp\/v2\/comments?post=10725"}],"version-history":[{"count":4,"href":"https:\/\/cannbliss.com\/es\/wp-json\/wp\/v2\/pages\/10725\/revisions"}],"predecessor-version":[{"id":12045,"href":"https:\/\/cannbliss.com\/es\/wp-json\/wp\/v2\/pages\/10725\/revisions\/12045"}],"wp:attachment":[{"href":"https:\/\/cannbliss.com\/es\/wp-json\/wp\/v2\/media?parent=10725"}],"curies":[{"name":"wp","href":"https:\/\/api.w.org\/{rel}","templated":true}]}}