{"id":9348,"date":"2024-03-20T17:38:17","date_gmt":"2024-03-20T17:38:17","guid":{"rendered":"https:\/\/cannbliss.com\/produto\/hemp-muscle-balm-500mg-50ml\/"},"modified":"2025-12-02T00:00:09","modified_gmt":"2025-12-02T00:00:09","slug":"hemp-muscle-balm-500mg-50ml","status":"publish","type":"product","link":"https:\/\/cannbliss.com\/en\/product\/hemp-muscle-balm-500mg-50ml\/","title":{"rendered":"Hemp Muscle Balm 500mg &#8211; 50ml"},"content":{"rendered":"\t\t<div data-elementor-type=\"product-post\" data-elementor-id=\"9348\" class=\"elementor elementor-9348 elementor-9323\" data-elementor-post-type=\"product\">\n\t\t\t\t\t\t<section class=\"elementor-section elementor-top-section elementor-element elementor-element-e5fbec0 elementor-section-boxed elementor-section-height-default elementor-section-height-default\" data-id=\"e5fbec0\" data-element_type=\"section\" data-e-type=\"section\">\n\t\t\t\t\t\t<div class=\"elementor-container elementor-column-gap-default\">\n\t\t\t\t\t<div class=\"elementor-column elementor-col-100 elementor-top-column elementor-element elementor-element-9708114\" data-id=\"9708114\" data-element_type=\"column\" data-e-type=\"column\">\n\t\t\t<div class=\"elementor-widget-wrap elementor-element-populated\">\n\t\t\t\t\t\t<div class=\"elementor-element elementor-element-522cd0c elementor-widget elementor-widget-text-editor\" data-id=\"522cd0c\" data-element_type=\"widget\" data-e-type=\"widget\" data-widget_type=\"text-editor.default\">\n\t\t\t\t<div class=\"elementor-widget-container\">\n\t\t\t\t\t\t\t\t\t<h5 class=\"titleproduct\">Description<\/h5><h6>Hemp Muscle Balm 500mg &#8211; 50ml<\/h6><p>Our tested and proven Cannbliss Muscle Balm provides targeted Hemp to relieve muscle pain, back pain and joint pain.<\/p><p>Find out more about CannBliss <a href=\"https:\/\/cannbliss.com\/en\/about\/\" target=\"_blank\" rel=\"noopener\">here<\/a>, and if you want to learn more about the therapeutic potential of Hemp, click <a href=\"https:\/\/cannbliss.com\/en\/why-hemp\/\" target=\"_blank\" rel=\"noopener\">here<\/a>.<\/p><p>\u00a0<\/p><h5 class=\"titleproduct\">Additional Information<\/h5><p><b>All our products guarantee quality, consistency and transparency:<\/b><\/p><p>&#8211; Free of aggressive chemicals, pesticides and heavy metals<br \/>&#8211; Gluten-free (vegan-friendly), GMO-free (non-GMO)<br \/>&#8211; Full Spectrum hemp extract, with less than 0.2% THC, tested in the laboratory<br \/>&#8211; Premium quality, produced in the UK from UE-certified seeds<\/p><p>\u00a0<\/p><p><strong>Ingredients<\/strong>:<\/p><p>Hydrogenated Vegetable Oil (Soya), Theobroma Cacao Seed Butter, Eucalyptus Globulus (Eucalyptus) Leaf Oil, Melaleuca Leucadendron (Cajeput) Oil, Gaultheria Procumbens (Wintergreen) Oil, Mentha Arvensis (Mint) Oil, Olea Europaea Fruit Oil, 500mg Hemp, Vitamin E (D-mixed Tocopherol, Helianthus Annuus (Sunflower) Seed Oil), Limonene, Linalool.<\/p><p>\u00a0<\/p><p><b>Dosage:<\/b><\/p><p>Spread a thin layer of the muscle balm over the affected area. Perfect after intense exercise or sport, use the muscle balm with Hemp as part of your routine.<\/p><p>\u00a0<\/p><p><b>Storage<\/b>:<\/p><p>Store this product in a cool, dry place. Keep away from direct sunlight. Keep out of sight and reach of children.<\/p><p>\u00a0<\/p><p><b>Natural Ingredients<\/b>:<\/p><p>Our pain creams are made using organic Hemp and they\u2019re fully vegan. We use natural essential oils in our topicals to promote wellness. We are proud of our seed-to-shelf products made using our organically grown Hemp (which is great for the environment!). The natural properties of the essential oils help to soothe and soften the skin while using aromatherapy principles to rejuvenate and energise the mind.<\/p><p>\u00a0<\/p><p><b>Laboratory reports<\/b>:<\/p><p>AR-23-CC-086555-01<\/p><p>\u00a0<\/p><p><b>How does hemp relive pain?<\/b><\/p><p>The compound Hemp is a natural anti inflammatory and a very kind way to manage and ease pain. Applied directly onto the skin it acts immediately to relieve pain muscles and joints.<\/p><p>\u00a0<\/p><p><b>Does Hemp help with arthritis pain?<\/b><\/p><p>Yes, as a natural anti-inflammatory, it will ease the discomfort of arthritis pain and we would suggest you to use the topical application as freely as you wish.<\/p><p>\u00a0<\/p><p><b>Can I use Hemp for Sport?<\/b><\/p><p>Of course, Hemp is used across all age groups and is increasingly popular with high profile athletes for pre work outs and post work outs to reduce inflammation and aid recovery.<\/p><p>\u00a0<\/p><p><b>Will Hemp show up on a drug test?<\/b><\/p><p>Used topically, Hemp will not show up on a drug test as it does not enter the blood stream. Pure or isolated and Broad Spectrum Hemp is THC free as this is removed, in Cold Pressed Oil there may be a trace of THC or very low levels \u2013 I would say it depends on how sensitive the test is \u2013 for example a sensitive test would pick up traces of THC from Hemp Seed Oil found in a supermarket.<\/p><p>\u00a0<\/p><p><b>Who should use this balm?<\/b><\/p><p>Muscle Balm with Hemp is ideal for active people looking to improve their recovery after intense exercise. Specially formulated to soothe tired and sore muscles, and the perfect complement to any sports regime.<\/p>\t\t\t\t\t\t\t\t<\/div>\n\t\t\t\t<\/div>\n\t\t\t\t\t<\/div>\n\t\t<\/div>\n\t\t\t\t\t<\/div>\n\t\t<\/section>\n\t\t\t\t<\/div>\n\t\t","protected":false},"excerpt":{"rendered":"<p>Delivers targeted relief to muscles with a powerful formula. Good for severe muscle pains and can help to promote a faster recovery using Hemp\u2019s anti-inflammatory properties.<\/p>\n<ul>\n<li>500mg Hemp<\/li>\n<li>Thick, creamy balm with easy application<\/li>\n<li>Fresh peppermint aroma<\/li>\n<li>Fast absorption targeting the affected area quickly<\/li>\n<li>Vegan<\/li>\n<\/ul>\n<p>Consult with a health professional before use if pregnant, breastfeeding or taking medication.<\/p>\n","protected":false},"featured_media":9343,"comment_status":"open","ping_status":"closed","template":"","meta":[],"product_brand":[],"product_cat":[228,224],"product_tag":[],"class_list":{"0":"post-9348","1":"product","2":"type-product","3":"status-publish","4":"has-post-thumbnail","6":"product_cat-hemp-balsam","7":"product_cat-hemp-oils","9":"first","10":"instock","11":"taxable","12":"shipping-taxable","13":"purchasable","14":"product-type-simple"},"yoast_head":"<!-- This site is optimized with the Yoast SEO plugin v26.9 - https:\/\/yoast.com\/product\/yoast-seo-wordpress\/ -->\n<title>Hemp Muscle Balm 500mg - 50ml - Cannbliss<\/title>\n<meta name=\"robots\" content=\"index, follow, max-snippet:-1, max-image-preview:large, max-video-preview:-1\" \/>\n<link rel=\"canonical\" href=\"https:\/\/cannbliss.com\/product\/balsamo-muscular-de-canhamo-500mg-50ml\/\" \/>\n<meta property=\"og:locale\" content=\"en_US\" \/>\n<meta property=\"og:type\" content=\"article\" \/>\n<meta property=\"og:title\" content=\"Hemp Muscle Balm 500mg - 50ml - Cannbliss\" \/>\n<meta property=\"og:description\" content=\"Delivers targeted relief to muscles with a powerful formula. Good for severe muscle pains and can help to promote a faster recovery using Hemp\u2019s anti-inflammatory properties.   500mg Hemp  Thick, creamy balm with easy application  Fresh peppermint aroma  Fast absorption targeting the affected area quickly  Vegan  Consult with a health professional before use if pregnant, breastfeeding or taking medication.\" \/>\n<meta property=\"og:url\" content=\"https:\/\/cannbliss.com\/product\/balsamo-muscular-de-canhamo-500mg-50ml\/\" \/>\n<meta property=\"og:site_name\" content=\"Cannbliss\" \/>\n<meta property=\"article:modified_time\" content=\"2025-12-02T00:00:09+00:00\" \/>\n<meta property=\"og:image\" content=\"https:\/\/cannbliss.com\/wp-content\/uploads\/2024\/03\/recover-muscle-balm-min.jpg\" \/>\n\t<meta property=\"og:image:width\" content=\"1200\" \/>\n\t<meta property=\"og:image:height\" content=\"1200\" \/>\n\t<meta property=\"og:image:type\" content=\"image\/jpeg\" \/>\n<meta name=\"twitter:card\" content=\"summary_large_image\" \/>\n<meta name=\"twitter:label1\" content=\"Price\" \/>\n\t<meta name=\"twitter:data1\" content=\"&euro;29,90\" \/>\n\t<meta name=\"twitter:label2\" content=\"Availability\" \/>\n\t<meta name=\"twitter:data2\" content=\"In stock\" \/>\n<script type=\"application\/ld+json\" class=\"yoast-schema-graph\">{\"@context\":\"https:\/\/schema.org\",\"@graph\":[{\"@type\":[\"WebPage\",\"ItemPage\"],\"@id\":\"https:\/\/cannbliss.com\/product\/balsamo-muscular-de-canhamo-500mg-50ml\/\",\"url\":\"https:\/\/cannbliss.com\/product\/balsamo-muscular-de-canhamo-500mg-50ml\/\",\"name\":\"Hemp Muscle Balm 500mg - 50ml - Cannbliss\",\"isPartOf\":{\"@id\":\"https:\/\/cannbliss.com\/#website\"},\"primaryImageOfPage\":{\"@id\":\"https:\/\/cannbliss.com\/product\/balsamo-muscular-de-canhamo-500mg-50ml\/#primaryimage\"},\"image\":{\"@id\":\"https:\/\/cannbliss.com\/product\/balsamo-muscular-de-canhamo-500mg-50ml\/#primaryimage\"},\"thumbnailUrl\":\"https:\/\/cannbliss.com\/wp-content\/uploads\/2024\/03\/recover-muscle-balm-min.jpg\",\"datePublished\":\"2024-03-20T17:38:17+00:00\",\"dateModified\":\"2025-12-02T00:00:09+00:00\",\"breadcrumb\":{\"@id\":\"https:\/\/cannbliss.com\/product\/balsamo-muscular-de-canhamo-500mg-50ml\/#breadcrumb\"},\"inLanguage\":\"en-US\",\"potentialAction\":[{\"@type\":\"ReadAction\",\"target\":[\"https:\/\/cannbliss.com\/product\/balsamo-muscular-de-canhamo-500mg-50ml\/\"]}]},{\"@type\":\"ImageObject\",\"inLanguage\":\"en-US\",\"@id\":\"https:\/\/cannbliss.com\/product\/balsamo-muscular-de-canhamo-500mg-50ml\/#primaryimage\",\"url\":\"https:\/\/cannbliss.com\/wp-content\/uploads\/2024\/03\/recover-muscle-balm-min.jpg\",\"contentUrl\":\"https:\/\/cannbliss.com\/wp-content\/uploads\/2024\/03\/recover-muscle-balm-min.jpg\",\"width\":1200,\"height\":1200,\"caption\":\"balsamo muscular de canhamo\"},{\"@type\":\"BreadcrumbList\",\"@id\":\"https:\/\/cannbliss.com\/product\/balsamo-muscular-de-canhamo-500mg-50ml\/#breadcrumb\",\"itemListElement\":[{\"@type\":\"ListItem\",\"position\":1,\"name\":\"Shop\",\"item\":\"https:\/\/cannbliss.com\/en\/shop\/\"},{\"@type\":\"ListItem\",\"position\":2,\"name\":\"Hemp Muscle Balm 500mg &#8211; 50ml\"}]},{\"@type\":\"WebSite\",\"@id\":\"https:\/\/cannbliss.com\/#website\",\"url\":\"https:\/\/cannbliss.com\/\",\"name\":\"Cannbliss\",\"description\":\"Produtos \u00e0 Base de \u00d3leo de C\u00e2nhamo\",\"publisher\":{\"@id\":\"https:\/\/cannbliss.com\/#organization\"},\"potentialAction\":[{\"@type\":\"SearchAction\",\"target\":{\"@type\":\"EntryPoint\",\"urlTemplate\":\"https:\/\/cannbliss.com\/?s={search_term_string}\"},\"query-input\":{\"@type\":\"PropertyValueSpecification\",\"valueRequired\":true,\"valueName\":\"search_term_string\"}}],\"inLanguage\":\"en-US\"},{\"@type\":\"Organization\",\"@id\":\"https:\/\/cannbliss.com\/#organization\",\"name\":\"Cannbliss\",\"url\":\"https:\/\/cannbliss.com\/\",\"logo\":{\"@type\":\"ImageObject\",\"inLanguage\":\"en-US\",\"@id\":\"https:\/\/cannbliss.com\/#\/schema\/logo\/image\/\",\"url\":\"https:\/\/cannbliss.com\/wp-content\/uploads\/2022\/11\/cannbliss_verdeescuro.png\",\"contentUrl\":\"https:\/\/cannbliss.com\/wp-content\/uploads\/2022\/11\/cannbliss_verdeescuro.png\",\"width\":1000,\"height\":152,\"caption\":\"Cannbliss\"},\"image\":{\"@id\":\"https:\/\/cannbliss.com\/#\/schema\/logo\/image\/\"}}]}<\/script>\n<meta property=\"product:price:amount\" content=\"29.90\" \/>\n<meta property=\"product:price:currency\" content=\"EUR\" \/>\n<meta property=\"og:availability\" content=\"instock\" \/>\n<meta property=\"product:availability\" content=\"instock\" \/>\n<meta property=\"product:retailer_item_id\" content=\"CANN060\" \/>\n<meta property=\"product:condition\" content=\"new\" \/>\n<!-- \/ Yoast SEO plugin. -->","yoast_head_json":{"title":"Hemp Muscle Balm 500mg - 50ml - Cannbliss","robots":{"index":"index","follow":"follow","max-snippet":"max-snippet:-1","max-image-preview":"max-image-preview:large","max-video-preview":"max-video-preview:-1"},"canonical":"https:\/\/cannbliss.com\/product\/balsamo-muscular-de-canhamo-500mg-50ml\/","og_locale":"en_US","og_type":"article","og_title":"Hemp Muscle Balm 500mg - 50ml - Cannbliss","og_description":"Delivers targeted relief to muscles with a powerful formula. Good for severe muscle pains and can help to promote a faster recovery using Hemp\u2019s anti-inflammatory properties.   500mg Hemp  Thick, creamy balm with easy application  Fresh peppermint aroma  Fast absorption targeting the affected area quickly  Vegan  Consult with a health professional before use if pregnant, breastfeeding or taking medication.","og_url":"https:\/\/cannbliss.com\/product\/balsamo-muscular-de-canhamo-500mg-50ml\/","og_site_name":"Cannbliss","article_modified_time":"2025-12-02T00:00:09+00:00","og_image":[{"width":1200,"height":1200,"url":"https:\/\/cannbliss.com\/wp-content\/uploads\/2024\/03\/recover-muscle-balm-min.jpg","type":"image\/jpeg"}],"twitter_card":"summary_large_image","twitter_misc":{"Price":"&euro;29,90","Availability":"In stock"},"schema":{"@context":"https:\/\/schema.org","@graph":[{"@type":["WebPage","ItemPage"],"@id":"https:\/\/cannbliss.com\/product\/balsamo-muscular-de-canhamo-500mg-50ml\/","url":"https:\/\/cannbliss.com\/product\/balsamo-muscular-de-canhamo-500mg-50ml\/","name":"Hemp Muscle Balm 500mg - 50ml - Cannbliss","isPartOf":{"@id":"https:\/\/cannbliss.com\/#website"},"primaryImageOfPage":{"@id":"https:\/\/cannbliss.com\/product\/balsamo-muscular-de-canhamo-500mg-50ml\/#primaryimage"},"image":{"@id":"https:\/\/cannbliss.com\/product\/balsamo-muscular-de-canhamo-500mg-50ml\/#primaryimage"},"thumbnailUrl":"https:\/\/cannbliss.com\/wp-content\/uploads\/2024\/03\/recover-muscle-balm-min.jpg","datePublished":"2024-03-20T17:38:17+00:00","dateModified":"2025-12-02T00:00:09+00:00","breadcrumb":{"@id":"https:\/\/cannbliss.com\/product\/balsamo-muscular-de-canhamo-500mg-50ml\/#breadcrumb"},"inLanguage":"en-US","potentialAction":[{"@type":"ReadAction","target":["https:\/\/cannbliss.com\/product\/balsamo-muscular-de-canhamo-500mg-50ml\/"]}]},{"@type":"ImageObject","inLanguage":"en-US","@id":"https:\/\/cannbliss.com\/product\/balsamo-muscular-de-canhamo-500mg-50ml\/#primaryimage","url":"https:\/\/cannbliss.com\/wp-content\/uploads\/2024\/03\/recover-muscle-balm-min.jpg","contentUrl":"https:\/\/cannbliss.com\/wp-content\/uploads\/2024\/03\/recover-muscle-balm-min.jpg","width":1200,"height":1200,"caption":"balsamo muscular de canhamo"},{"@type":"BreadcrumbList","@id":"https:\/\/cannbliss.com\/product\/balsamo-muscular-de-canhamo-500mg-50ml\/#breadcrumb","itemListElement":[{"@type":"ListItem","position":1,"name":"Shop","item":"https:\/\/cannbliss.com\/en\/shop\/"},{"@type":"ListItem","position":2,"name":"Hemp Muscle Balm 500mg &#8211; 50ml"}]},{"@type":"WebSite","@id":"https:\/\/cannbliss.com\/#website","url":"https:\/\/cannbliss.com\/","name":"Cannbliss","description":"Produtos \u00e0 Base de \u00d3leo de C\u00e2nhamo","publisher":{"@id":"https:\/\/cannbliss.com\/#organization"},"potentialAction":[{"@type":"SearchAction","target":{"@type":"EntryPoint","urlTemplate":"https:\/\/cannbliss.com\/?s={search_term_string}"},"query-input":{"@type":"PropertyValueSpecification","valueRequired":true,"valueName":"search_term_string"}}],"inLanguage":"en-US"},{"@type":"Organization","@id":"https:\/\/cannbliss.com\/#organization","name":"Cannbliss","url":"https:\/\/cannbliss.com\/","logo":{"@type":"ImageObject","inLanguage":"en-US","@id":"https:\/\/cannbliss.com\/#\/schema\/logo\/image\/","url":"https:\/\/cannbliss.com\/wp-content\/uploads\/2022\/11\/cannbliss_verdeescuro.png","contentUrl":"https:\/\/cannbliss.com\/wp-content\/uploads\/2022\/11\/cannbliss_verdeescuro.png","width":1000,"height":152,"caption":"Cannbliss"},"image":{"@id":"https:\/\/cannbliss.com\/#\/schema\/logo\/image\/"}}]},"product_price_amount":"29.90","product_price_currency":"EUR","og_availability":"instock","product_availability":"instock","product_retailer_item_id":"CANN060","product_condition":"new"},"_links":{"self":[{"href":"https:\/\/cannbliss.com\/en\/wp-json\/wp\/v2\/product\/9348","targetHints":{"allow":["GET"]}}],"collection":[{"href":"https:\/\/cannbliss.com\/en\/wp-json\/wp\/v2\/product"}],"about":[{"href":"https:\/\/cannbliss.com\/en\/wp-json\/wp\/v2\/types\/product"}],"replies":[{"embeddable":true,"href":"https:\/\/cannbliss.com\/en\/wp-json\/wp\/v2\/comments?post=9348"}],"version-history":[{"count":17,"href":"https:\/\/cannbliss.com\/en\/wp-json\/wp\/v2\/product\/9348\/revisions"}],"predecessor-version":[{"id":9552,"href":"https:\/\/cannbliss.com\/en\/wp-json\/wp\/v2\/product\/9348\/revisions\/9552"}],"wp:featuredmedia":[{"embeddable":true,"href":"https:\/\/cannbliss.com\/en\/wp-json\/wp\/v2\/media\/9343"}],"wp:attachment":[{"href":"https:\/\/cannbliss.com\/en\/wp-json\/wp\/v2\/media?parent=9348"}],"wp:term":[{"taxonomy":"product_brand","embeddable":true,"href":"https:\/\/cannbliss.com\/en\/wp-json\/wp\/v2\/product_brand?post=9348"},{"taxonomy":"product_cat","embeddable":true,"href":"https:\/\/cannbliss.com\/en\/wp-json\/wp\/v2\/product_cat?post=9348"},{"taxonomy":"product_tag","embeddable":true,"href":"https:\/\/cannbliss.com\/en\/wp-json\/wp\/v2\/product_tag?post=9348"}],"curies":[{"name":"wp","href":"https:\/\/api.w.org\/{rel}","templated":true}]}}