{"id":8911,"date":"2024-01-22T09:45:43","date_gmt":"2024-01-22T09:45:43","guid":{"rendered":"https:\/\/cannbliss.com\/?post_type=product&#038;p=8911"},"modified":"2026-04-16T11:28:04","modified_gmt":"2026-04-16T11:28:04","slug":"sleepwell-cbd-oil-2000mg-with-lavender-and-valerian-30ml","status":"publish","type":"product","link":"https:\/\/cannbliss.com\/en\/product\/sleepwell-cbd-oil-2000mg-with-lavender-and-valerian-30ml\/","title":{"rendered":"Hemp Oil Night Drops 2000mg with Lavender and Valerian &#8211; 30ml"},"content":{"rendered":"\t\t<div data-elementor-type=\"product-post\" data-elementor-id=\"8911\" class=\"elementor elementor-8911 elementor-8910\" data-elementor-post-type=\"product\">\n\t\t\t\t\t\t<section class=\"elementor-section elementor-top-section elementor-element elementor-element-12edd43 elementor-section-boxed elementor-section-height-default elementor-section-height-default\" data-id=\"12edd43\" data-element_type=\"section\" data-e-type=\"section\">\n\t\t\t\t\t\t<div class=\"elementor-container elementor-column-gap-default\">\n\t\t\t\t\t<div class=\"elementor-column elementor-col-100 elementor-top-column elementor-element elementor-element-c7ac30a\" data-id=\"c7ac30a\" data-element_type=\"column\" data-e-type=\"column\">\n\t\t\t<div class=\"elementor-widget-wrap elementor-element-populated\">\n\t\t\t\t\t\t<div class=\"elementor-element elementor-element-91646b7 elementor-widget elementor-widget-text-editor\" data-id=\"91646b7\" data-element_type=\"widget\" data-e-type=\"widget\" data-widget_type=\"text-editor.default\">\n\t\t\t\t<div class=\"elementor-widget-container\">\n\t\t\t\t\t\t\t\t\t<h5 class=\"titleproduct\">Description<\/h5><h6>Hemp Oil Night Drops 2000mg with Lavender and Valerian &#8211; 30ml<\/h6><p>Introducing the latest hemp oil &#8211; Night Drops. This oil has been specifically designed to help promote better sleep with the addition of lavender and valerian, along with the power of hemp. Wonderfully flavoured with orange blossom, this is the perfect choice for anyone looking for a solution to restless sleep or insomnia. Produced from EU-certified organically grown hemp plants and extracted in the UK, our quality hemp oil is fully compliant with current EU regulations for hemp products. Our products are tested by third parties to guarantee consistency and quality.<\/p><p>Find out more about CannBliss <a href=\"https:\/\/cannbliss.com\/en\/about\/\" target=\"_blank\" rel=\"noopener\">here<\/a>, and if you want to learn more about the therapeutic potential of Hemp, click <a href=\"https:\/\/cannbliss.com\/en\/why-hemp\/\" target=\"_blank\" rel=\"noopener\">here<\/a>.<\/p><p>\u00a0<\/p><h5 class=\"titleproduct\">Additional Information<\/h5><p><b>All our products guarantee quality, consistency and transparency:<\/b><\/p><p>&#8211; Free of aggressive chemicals, pesticides and heavy metals<br \/>&#8211; Vegan and GMO-free (non-GMO)<br \/>&#8211; Hemp extract, 0% THC, laboratory tested<\/p><p>&#8211; Premium quality, produced in the UK from EU-certified seeds<\/p><p>\u00a0<\/p><p><b>Ingredients<\/b>:<\/p><p>Coconut-derived MCT oil, Cannabidiol 2000mg hemp extract, valerian extract, passionflower extract, lavender oil, flavourings.<\/p><p>Infused with 1200 mg of Valeriana Officinalis root and 1000 mg of Passiflora Incarnata herb.<\/p><p>\u00a0<\/p><p><b>Product information<\/b>:<br \/>&#8211; Take the dosage &#8211; 1 pipette<br \/>&#8211; Bottle size &#8211; 30ml<br \/>&#8211; Pipette size &#8211; 1ml<br \/>&#8211; Amount of hemp per bottle &#8211; 2000mg<br \/>&#8211; Amount of hemp per pipette &#8211; 66mg<\/p><p>\u00a0<\/p><p><b>Dosage<\/b>: Place the oil under the tongue up to 15 minutes before going to bed. Hold for 1 minute before swallowing.<\/p><p>\u00a0<\/p><p><b>Storage<\/b>: Store this product in a cool, dry place. Store upright. Keep away from direct sunlight. Keep out of sight and reach of children.<\/p><p>\u00a0<\/p><p><b>Warnings<\/b>: Maximum recommended daily dose: 70 mg. Do not exceed the recommended daily dose. This food supplement should be taken as part of a varied diet and a healthy lifestyle. Consult a health professional before use if you are pregnant, breastfeeding or taking medication. This product is not intended to be used as a medicine.<\/p><p>\u00a0<\/p><p><b>Laboratory reports<\/b>:<\/p><p><a href=\"https:\/\/cannbliss.com\/wp-content\/uploads\/2024\/03\/Cold-Pressed-Sleep-Oil-1.pdf\" target=\"_blank\" rel=\"noopener\">SUP0048<\/a><\/p>\t\t\t\t\t\t\t\t<\/div>\n\t\t\t\t<\/div>\n\t\t\t\t\t<\/div>\n\t\t<\/div>\n\t\t\t\t\t<\/div>\n\t\t<\/section>\n\t\t\t\t<\/div>\n\t\t","protected":false},"excerpt":{"rendered":"<p><span style=\"color: #1c1c1c;\"><strong>A medium-high dose of hemp with added valerian and lavender to promote better sleep.<\/strong><\/span><br \/>\nThis hemp oil has been specifically designed to help promote better sleep with the addition of lavender and valerian, along with the power of hemp. Find out more about this oil below.<\/p>\n","protected":false},"featured_media":8726,"comment_status":"open","ping_status":"closed","template":"","meta":[],"product_brand":[],"product_cat":[224,229],"product_tag":[],"class_list":{"0":"post-8911","1":"product","2":"type-product","3":"status-publish","4":"has-post-thumbnail","6":"product_cat-hemp-oils","7":"product_cat-night-drops-en","9":"first","10":"instock","11":"taxable","12":"shipping-taxable","13":"purchasable","14":"product-type-simple"},"yoast_head":"<!-- This site is optimized with the Yoast SEO plugin v26.9 - https:\/\/yoast.com\/product\/yoast-seo-wordpress\/ -->\n<title>Hemp Oil Night Drops 2000mg with Lavender and Valerian - 30ml - Cannbliss<\/title>\n<meta name=\"description\" content=\"A medium-high dose of hemp with the addition of valerian and lavender to promote better sleep.This hemp oil has been specifically designed to help promote better sleep with the addition of lavender and valerian, along with the power of hemp.\" \/>\n<meta name=\"robots\" content=\"index, follow, max-snippet:-1, max-image-preview:large, max-video-preview:-1\" \/>\n<link rel=\"canonical\" href=\"https:\/\/cannbliss.com\/en\/product\/sleepwell-cbd-oil-2000mg-with-lavender-and-valerian-30ml\/\" \/>\n<meta property=\"og:locale\" content=\"en_US\" \/>\n<meta property=\"og:type\" content=\"article\" \/>\n<meta property=\"og:title\" content=\"Hemp Oil Night Drops 2000mg with Lavender and Valerian - 30ml - Cannbliss\" \/>\n<meta property=\"og:description\" content=\"A medium-high dose of hemp with the addition of valerian and lavender to promote better sleep.This hemp oil has been specifically designed to help promote better sleep with the addition of lavender and valerian, along with the power of hemp.\" \/>\n<meta property=\"og:url\" content=\"https:\/\/cannbliss.com\/en\/product\/sleepwell-cbd-oil-2000mg-with-lavender-and-valerian-30ml\/\" \/>\n<meta property=\"og:site_name\" content=\"Cannbliss\" \/>\n<meta property=\"article:modified_time\" content=\"2026-04-16T11:28:04+00:00\" \/>\n<meta property=\"og:image\" content=\"https:\/\/cannbliss.com\/wp-content\/uploads\/2023\/11\/Cannbliss-Mockup-2000mg-amber-bottle-min-scaled.jpg\" \/>\n\t<meta property=\"og:image:width\" content=\"2560\" \/>\n\t<meta property=\"og:image:height\" content=\"2560\" \/>\n\t<meta property=\"og:image:type\" content=\"image\/jpeg\" \/>\n<meta name=\"twitter:card\" content=\"summary_large_image\" \/>\n<meta name=\"twitter:label1\" content=\"Price\" \/>\n\t<meta name=\"twitter:data1\" content=\"&euro;29,90\" \/>\n\t<meta name=\"twitter:label2\" content=\"Availability\" \/>\n\t<meta name=\"twitter:data2\" content=\"In stock\" \/>\n<script type=\"application\/ld+json\" class=\"yoast-schema-graph\">{\"@context\":\"https:\/\/schema.org\",\"@graph\":[{\"@type\":[\"WebPage\",\"ItemPage\"],\"@id\":\"https:\/\/cannbliss.com\/en\/product\/sleepwell-cbd-oil-2000mg-with-lavender-and-valerian-30ml\/\",\"url\":\"https:\/\/cannbliss.com\/en\/product\/sleepwell-cbd-oil-2000mg-with-lavender-and-valerian-30ml\/\",\"name\":\"Hemp Oil Night Drops 2000mg with Lavender and Valerian - 30ml - Cannbliss\",\"isPartOf\":{\"@id\":\"https:\/\/cannbliss.com\/#website\"},\"primaryImageOfPage\":{\"@id\":\"https:\/\/cannbliss.com\/en\/product\/sleepwell-cbd-oil-2000mg-with-lavender-and-valerian-30ml\/#primaryimage\"},\"image\":{\"@id\":\"https:\/\/cannbliss.com\/en\/product\/sleepwell-cbd-oil-2000mg-with-lavender-and-valerian-30ml\/#primaryimage\"},\"thumbnailUrl\":\"https:\/\/cannbliss.com\/wp-content\/uploads\/2023\/11\/Cannbliss-Mockup-2000mg-amber-bottle-min-scaled.jpg\",\"datePublished\":\"2024-01-22T09:45:43+00:00\",\"dateModified\":\"2026-04-16T11:28:04+00:00\",\"description\":\"A medium-high dose of hemp with the addition of valerian and lavender to promote better sleep.This hemp oil has been specifically designed to help promote better sleep with the addition of lavender and valerian, along with the power of hemp.\",\"breadcrumb\":{\"@id\":\"https:\/\/cannbliss.com\/en\/product\/sleepwell-cbd-oil-2000mg-with-lavender-and-valerian-30ml\/#breadcrumb\"},\"inLanguage\":\"en-US\",\"potentialAction\":[{\"@type\":\"ReadAction\",\"target\":[\"https:\/\/cannbliss.com\/en\/product\/sleepwell-cbd-oil-2000mg-with-lavender-and-valerian-30ml\/\"]}]},{\"@type\":\"ImageObject\",\"inLanguage\":\"en-US\",\"@id\":\"https:\/\/cannbliss.com\/en\/product\/sleepwell-cbd-oil-2000mg-with-lavender-and-valerian-30ml\/#primaryimage\",\"url\":\"https:\/\/cannbliss.com\/wp-content\/uploads\/2023\/11\/Cannbliss-Mockup-2000mg-amber-bottle-min-scaled.jpg\",\"contentUrl\":\"https:\/\/cannbliss.com\/wp-content\/uploads\/2023\/11\/Cannbliss-Mockup-2000mg-amber-bottle-min-scaled.jpg\",\"width\":2560,\"height\":2560,\"caption\":\"\u00d3leo Night Drops 2000mg \u2013 F\u00f3rmula Sono Profundo (C\u00e2nhamo, Valeriana & Lavanda)\"},{\"@type\":\"BreadcrumbList\",\"@id\":\"https:\/\/cannbliss.com\/en\/product\/sleepwell-cbd-oil-2000mg-with-lavender-and-valerian-30ml\/#breadcrumb\",\"itemListElement\":[{\"@type\":\"ListItem\",\"position\":1,\"name\":\"Shop\",\"item\":\"https:\/\/cannbliss.com\/en\/shop\/\"},{\"@type\":\"ListItem\",\"position\":2,\"name\":\"Hemp Oil Night Drops 2000mg with Lavender and Valerian &#8211; 30ml\"}]},{\"@type\":\"WebSite\",\"@id\":\"https:\/\/cannbliss.com\/#website\",\"url\":\"https:\/\/cannbliss.com\/\",\"name\":\"Cannbliss\",\"description\":\"Produtos \u00e0 Base de \u00d3leo de C\u00e2nhamo\",\"publisher\":{\"@id\":\"https:\/\/cannbliss.com\/#organization\"},\"potentialAction\":[{\"@type\":\"SearchAction\",\"target\":{\"@type\":\"EntryPoint\",\"urlTemplate\":\"https:\/\/cannbliss.com\/?s={search_term_string}\"},\"query-input\":{\"@type\":\"PropertyValueSpecification\",\"valueRequired\":true,\"valueName\":\"search_term_string\"}}],\"inLanguage\":\"en-US\"},{\"@type\":\"Organization\",\"@id\":\"https:\/\/cannbliss.com\/#organization\",\"name\":\"Cannbliss\",\"url\":\"https:\/\/cannbliss.com\/\",\"logo\":{\"@type\":\"ImageObject\",\"inLanguage\":\"en-US\",\"@id\":\"https:\/\/cannbliss.com\/#\/schema\/logo\/image\/\",\"url\":\"https:\/\/cannbliss.com\/wp-content\/uploads\/2022\/11\/cannbliss_verdeescuro.png\",\"contentUrl\":\"https:\/\/cannbliss.com\/wp-content\/uploads\/2022\/11\/cannbliss_verdeescuro.png\",\"width\":1000,\"height\":152,\"caption\":\"Cannbliss\"},\"image\":{\"@id\":\"https:\/\/cannbliss.com\/#\/schema\/logo\/image\/\"}}]}<\/script>\n<meta property=\"product:price:amount\" content=\"29.90\" \/>\n<meta property=\"product:price:currency\" content=\"EUR\" \/>\n<meta property=\"og:availability\" content=\"instock\" \/>\n<meta property=\"product:availability\" content=\"instock\" \/>\n<meta property=\"product:retailer_item_id\" content=\"CANN042\" \/>\n<meta property=\"product:condition\" content=\"new\" \/>\n<!-- \/ Yoast SEO plugin. -->","yoast_head_json":{"title":"Hemp Oil Night Drops 2000mg with Lavender and Valerian - 30ml - Cannbliss","description":"A medium-high dose of hemp with the addition of valerian and lavender to promote better sleep.This hemp oil has been specifically designed to help promote better sleep with the addition of lavender and valerian, along with the power of hemp.","robots":{"index":"index","follow":"follow","max-snippet":"max-snippet:-1","max-image-preview":"max-image-preview:large","max-video-preview":"max-video-preview:-1"},"canonical":"https:\/\/cannbliss.com\/en\/product\/sleepwell-cbd-oil-2000mg-with-lavender-and-valerian-30ml\/","og_locale":"en_US","og_type":"article","og_title":"Hemp Oil Night Drops 2000mg with Lavender and Valerian - 30ml - Cannbliss","og_description":"A medium-high dose of hemp with the addition of valerian and lavender to promote better sleep.This hemp oil has been specifically designed to help promote better sleep with the addition of lavender and valerian, along with the power of hemp.","og_url":"https:\/\/cannbliss.com\/en\/product\/sleepwell-cbd-oil-2000mg-with-lavender-and-valerian-30ml\/","og_site_name":"Cannbliss","article_modified_time":"2026-04-16T11:28:04+00:00","og_image":[{"width":2560,"height":2560,"url":"https:\/\/cannbliss.com\/wp-content\/uploads\/2023\/11\/Cannbliss-Mockup-2000mg-amber-bottle-min-scaled.jpg","type":"image\/jpeg"}],"twitter_card":"summary_large_image","twitter_misc":{"Price":"&euro;29,90","Availability":"In stock"},"schema":{"@context":"https:\/\/schema.org","@graph":[{"@type":["WebPage","ItemPage"],"@id":"https:\/\/cannbliss.com\/en\/product\/sleepwell-cbd-oil-2000mg-with-lavender-and-valerian-30ml\/","url":"https:\/\/cannbliss.com\/en\/product\/sleepwell-cbd-oil-2000mg-with-lavender-and-valerian-30ml\/","name":"Hemp Oil Night Drops 2000mg with Lavender and Valerian - 30ml - Cannbliss","isPartOf":{"@id":"https:\/\/cannbliss.com\/#website"},"primaryImageOfPage":{"@id":"https:\/\/cannbliss.com\/en\/product\/sleepwell-cbd-oil-2000mg-with-lavender-and-valerian-30ml\/#primaryimage"},"image":{"@id":"https:\/\/cannbliss.com\/en\/product\/sleepwell-cbd-oil-2000mg-with-lavender-and-valerian-30ml\/#primaryimage"},"thumbnailUrl":"https:\/\/cannbliss.com\/wp-content\/uploads\/2023\/11\/Cannbliss-Mockup-2000mg-amber-bottle-min-scaled.jpg","datePublished":"2024-01-22T09:45:43+00:00","dateModified":"2026-04-16T11:28:04+00:00","description":"A medium-high dose of hemp with the addition of valerian and lavender to promote better sleep.This hemp oil has been specifically designed to help promote better sleep with the addition of lavender and valerian, along with the power of hemp.","breadcrumb":{"@id":"https:\/\/cannbliss.com\/en\/product\/sleepwell-cbd-oil-2000mg-with-lavender-and-valerian-30ml\/#breadcrumb"},"inLanguage":"en-US","potentialAction":[{"@type":"ReadAction","target":["https:\/\/cannbliss.com\/en\/product\/sleepwell-cbd-oil-2000mg-with-lavender-and-valerian-30ml\/"]}]},{"@type":"ImageObject","inLanguage":"en-US","@id":"https:\/\/cannbliss.com\/en\/product\/sleepwell-cbd-oil-2000mg-with-lavender-and-valerian-30ml\/#primaryimage","url":"https:\/\/cannbliss.com\/wp-content\/uploads\/2023\/11\/Cannbliss-Mockup-2000mg-amber-bottle-min-scaled.jpg","contentUrl":"https:\/\/cannbliss.com\/wp-content\/uploads\/2023\/11\/Cannbliss-Mockup-2000mg-amber-bottle-min-scaled.jpg","width":2560,"height":2560,"caption":"\u00d3leo Night Drops 2000mg \u2013 F\u00f3rmula Sono Profundo (C\u00e2nhamo, Valeriana & Lavanda)"},{"@type":"BreadcrumbList","@id":"https:\/\/cannbliss.com\/en\/product\/sleepwell-cbd-oil-2000mg-with-lavender-and-valerian-30ml\/#breadcrumb","itemListElement":[{"@type":"ListItem","position":1,"name":"Shop","item":"https:\/\/cannbliss.com\/en\/shop\/"},{"@type":"ListItem","position":2,"name":"Hemp Oil Night Drops 2000mg with Lavender and Valerian &#8211; 30ml"}]},{"@type":"WebSite","@id":"https:\/\/cannbliss.com\/#website","url":"https:\/\/cannbliss.com\/","name":"Cannbliss","description":"Produtos \u00e0 Base de \u00d3leo de C\u00e2nhamo","publisher":{"@id":"https:\/\/cannbliss.com\/#organization"},"potentialAction":[{"@type":"SearchAction","target":{"@type":"EntryPoint","urlTemplate":"https:\/\/cannbliss.com\/?s={search_term_string}"},"query-input":{"@type":"PropertyValueSpecification","valueRequired":true,"valueName":"search_term_string"}}],"inLanguage":"en-US"},{"@type":"Organization","@id":"https:\/\/cannbliss.com\/#organization","name":"Cannbliss","url":"https:\/\/cannbliss.com\/","logo":{"@type":"ImageObject","inLanguage":"en-US","@id":"https:\/\/cannbliss.com\/#\/schema\/logo\/image\/","url":"https:\/\/cannbliss.com\/wp-content\/uploads\/2022\/11\/cannbliss_verdeescuro.png","contentUrl":"https:\/\/cannbliss.com\/wp-content\/uploads\/2022\/11\/cannbliss_verdeescuro.png","width":1000,"height":152,"caption":"Cannbliss"},"image":{"@id":"https:\/\/cannbliss.com\/#\/schema\/logo\/image\/"}}]},"product_price_amount":"29.90","product_price_currency":"EUR","og_availability":"instock","product_availability":"instock","product_retailer_item_id":"CANN042","product_condition":"new"},"_links":{"self":[{"href":"https:\/\/cannbliss.com\/en\/wp-json\/wp\/v2\/product\/8911","targetHints":{"allow":["GET"]}}],"collection":[{"href":"https:\/\/cannbliss.com\/en\/wp-json\/wp\/v2\/product"}],"about":[{"href":"https:\/\/cannbliss.com\/en\/wp-json\/wp\/v2\/types\/product"}],"replies":[{"embeddable":true,"href":"https:\/\/cannbliss.com\/en\/wp-json\/wp\/v2\/comments?post=8911"}],"version-history":[{"count":15,"href":"https:\/\/cannbliss.com\/en\/wp-json\/wp\/v2\/product\/8911\/revisions"}],"predecessor-version":[{"id":9561,"href":"https:\/\/cannbliss.com\/en\/wp-json\/wp\/v2\/product\/8911\/revisions\/9561"}],"wp:featuredmedia":[{"embeddable":true,"href":"https:\/\/cannbliss.com\/en\/wp-json\/wp\/v2\/media\/8726"}],"wp:attachment":[{"href":"https:\/\/cannbliss.com\/en\/wp-json\/wp\/v2\/media?parent=8911"}],"wp:term":[{"taxonomy":"product_brand","embeddable":true,"href":"https:\/\/cannbliss.com\/en\/wp-json\/wp\/v2\/product_brand?post=8911"},{"taxonomy":"product_cat","embeddable":true,"href":"https:\/\/cannbliss.com\/en\/wp-json\/wp\/v2\/product_cat?post=8911"},{"taxonomy":"product_tag","embeddable":true,"href":"https:\/\/cannbliss.com\/en\/wp-json\/wp\/v2\/product_tag?post=8911"}],"curies":[{"name":"wp","href":"https:\/\/api.w.org\/{rel}","templated":true}]}}