{"id":8872,"date":"2024-01-11T10:21:36","date_gmt":"2024-01-11T10:21:36","guid":{"rendered":"https:\/\/cannbliss.com\/produto\/pack-2x-hemp-oil-5-1500-mg-30ml-natural-flavor-special-price\/"},"modified":"2024-12-19T14:07:43","modified_gmt":"2024-12-19T14:07:43","slug":"pack-2x-hemp-oil-5-1500-mg-30ml-natural-flavor-special-price","status":"publish","type":"product","link":"https:\/\/cannbliss.com\/en\/product\/pack-2x-hemp-oil-5-1500-mg-30ml-natural-flavor-special-price\/","title":{"rendered":"Pack 2X Hemp Oil 5% 1500 mg &#8211; 30ml Natural Flavor &#8211; Special Price"},"content":{"rendered":"\t\t<div data-elementor-type=\"product-post\" data-elementor-id=\"8872\" class=\"elementor elementor-8872\" data-elementor-post-type=\"product\">\n\t\t\t\t\t\t<section class=\"elementor-section elementor-top-section elementor-element elementor-element-117eca3 elementor-section-boxed elementor-section-height-default elementor-section-height-default\" data-id=\"117eca3\" data-element_type=\"section\" data-e-type=\"section\">\n\t\t\t\t\t\t<div class=\"elementor-container elementor-column-gap-default\">\n\t\t\t\t\t<div class=\"elementor-column elementor-col-100 elementor-top-column elementor-element elementor-element-7bab376\" data-id=\"7bab376\" data-element_type=\"column\" data-e-type=\"column\">\n\t\t\t<div class=\"elementor-widget-wrap elementor-element-populated\">\n\t\t\t\t\t\t<div class=\"elementor-element elementor-element-a103db9 elementor-widget elementor-widget-text-editor\" data-id=\"a103db9\" data-element_type=\"widget\" data-e-type=\"widget\" data-widget_type=\"text-editor.default\">\n\t\t\t\t<div class=\"elementor-widget-container\">\n\t\t\t\t\t\t\t\t\t<h5 class=\"titleproduct\">Description<\/h5>\n<h6>Hemp Oil 5% 1500 mg Full Spectrum with MCT &#8211; 30 ml<\/h6>\n<p>Hemp Oil 5% 1500 mg CannBliss is the ideal solution for less experienced users who want to introduce Hemp into their lives and daily diet. All our Hemp products are organically grown in the EU from the highest quality hemp and tested by independent laboratories to guarantee premium quality, healthy, 100% natural, safe food supplements without any psychoactive effects or risk of intoxication, which help to boost your health and wellbeing in a holistic way, and even treat or mitigate the effects of various pathologies.<\/p>\n<p>Find out more about CannBliss <a href=\"https:\/\/cannbliss.com\/en\/about\/\" target=\"_blank\" rel=\"noopener\">here<\/a>, and if you want to learn more about the therapeutic potential of Hemp, click <a href=\"https:\/\/cannbliss.com\/en\/why-hemp\/\" target=\"_blank\" rel=\"noopener\">here<\/a>.<\/p>\n<\/p>\n<h5 class=\"titleproduct\">Additional Information<\/h5>\n<p><b>All our products guarantee quality, consistency and transparency:<\/b><\/p>\n<p>&#8211; Free of aggressive chemicals, pesticides and heavy metals<br \/>&#8211; Gluten-free (vegan-friendly), GMO-free (non-GMO)<br \/>&#8211; Full Spectrum hemp extract, with less than 0.2% THC, tested in the laboratory<br \/>&#8211; Premium quality, produced in the EU from EU-certified seeds<\/p>\n<\/p>\n<p><b>Ingredients:<\/b><\/p>\n<p>Hemp seed oil, hemp extract and MCT oil. Contains less than 0.2 per cent THC.<\/p>\n<\/p>\n<p><b>Product information<\/b>:<br \/>&#8211; Take the dosage &#8211; 5 drops<br \/>&#8211; Amount of Hemp per 5 drops &#8211; 8 mg<br \/>&#8211; Amount of Hemp per drop &#8211; 1.7 mg<br \/>&#8211; Portions of 5 drops per container 30 ml &#8211; 180<br \/>&#8211; Portions of 1 drop per container 30 ml &#8211; 900<br \/>&#8211; Portions of 5 drops per container 3 ml (Sample) &#8211; 20<\/p>\n<\/p>\n<p><b>Dosage:<\/b> For best results take 5 drops under the tongue twice a day and hold for at least 1 minute, then swallow. Shake well before use.<\/p>\n<\/p>\n<p><b>Storage:<\/b> Do not refrigerate. Store away from heat, light and humidity.<\/p>\n<\/p>\n<p><b>Warnings:<\/b> Do not exceed the recommended daily dose. Do not use if the safety seal is damaged. A food supplement is no substitute for a varied and balanced diet or a healthy lifestyle. Keep out of reach of children and pets. Not recommended for pregnant or breastfeeding women. If you experience any adverse effects after use, discontinue use and consult your doctor. Consult a doctor about consuming this product in case of health problems.<\/p>\n<\/p>\n<p><b>Laboratory reports:<\/b><\/p>\n<p><a href=\"https:\/\/cannbliss.com\/wp-content\/uploads\/2023\/06\/CoA-Cannbliss-1500mg-5-2.pdf\" target=\"_blank\" rel=\"noopener\">CZ01375<\/a><\/p>\n\t\t\t\t\t\t\t\t<\/div>\n\t\t\t\t<\/div>\n\t\t\t\t\t<\/div>\n\t\t<\/div>\n\t\t\t\t\t<\/div>\n\t\t<\/section>\n\t\t\t\t<\/div>\n\t\t","protected":false},"excerpt":{"rendered":"<p><strong>A premium quality Hemp oil, ideal for introducing Hemp into your life. In a pack of 2 units at a special price<\/strong>. Created from high-quality hemp produced organically in the EU, to guarantee a 100% natural, safe food supplement without psycho-active effects, ideal to help reinforce your well-being. It is created in the EU from high-quality organic hemp, resulting in a 100% natural, safe food supplement with no psychoactive effects, perfect for further boosting your well-being.<\/p>\n","protected":false},"featured_media":8863,"comment_status":"closed","ping_status":"closed","template":"","meta":[],"product_brand":[],"product_cat":[224],"product_tag":[],"class_list":{"0":"post-8872","1":"product","2":"type-product","3":"status-publish","4":"has-post-thumbnail","6":"product_cat-hemp-oils","8":"first","9":"outofstock","10":"taxable","11":"shipping-taxable","12":"purchasable","13":"product-type-simple"},"yoast_head":"<!-- This site is optimized with the Yoast SEO plugin v26.9 - https:\/\/yoast.com\/product\/yoast-seo-wordpress\/ -->\n<title>Pack 2X Hemp Oil 5% 1500 mg - 30ml Natural Flavor - Special Price - Cannbliss<\/title>\n<meta name=\"description\" content=\"A premium quality Hemp oil, ideal for introducing Hemp into your life. In a Pack of 2 units at a special price.\" \/>\n<meta name=\"robots\" content=\"index, follow, max-snippet:-1, max-image-preview:large, max-video-preview:-1\" \/>\n<link rel=\"canonical\" href=\"https:\/\/cannbliss.com\/en\/product\/pack-2x-hemp-oil-5-1500-mg-30ml-natural-flavor-special-price\/\" \/>\n<meta property=\"og:locale\" content=\"en_US\" \/>\n<meta property=\"og:type\" content=\"article\" \/>\n<meta property=\"og:title\" content=\"Pack 2X Hemp Oil 5% 1500 mg - 30ml Natural Flavor - Special Price - Cannbliss\" \/>\n<meta property=\"og:description\" content=\"A premium quality Hemp oil, ideal for introducing Hemp into your life. In a Pack of 2 units at a special price.\" \/>\n<meta property=\"og:url\" content=\"https:\/\/cannbliss.com\/en\/product\/pack-2x-hemp-oil-5-1500-mg-30ml-natural-flavor-special-price\/\" \/>\n<meta property=\"og:site_name\" content=\"Cannbliss\" \/>\n<meta property=\"article:modified_time\" content=\"2024-12-19T14:07:43+00:00\" \/>\n<meta property=\"og:image\" content=\"https:\/\/cannbliss.com\/wp-content\/uploads\/2024\/01\/oleo-natural-1500mg-pack2-sfundo-min.png\" \/>\n\t<meta property=\"og:image:width\" content=\"1080\" \/>\n\t<meta property=\"og:image:height\" content=\"1080\" \/>\n\t<meta property=\"og:image:type\" content=\"image\/png\" \/>\n<meta name=\"twitter:card\" content=\"summary_large_image\" \/>\n<meta name=\"twitter:label1\" content=\"Price\" \/>\n\t<meta name=\"twitter:data1\" content=\"&euro;59,00\" \/>\n\t<meta name=\"twitter:label2\" content=\"Availability\" \/>\n\t<meta name=\"twitter:data2\" content=\"Out of stock\" \/>\n<script type=\"application\/ld+json\" class=\"yoast-schema-graph\">{\"@context\":\"https:\/\/schema.org\",\"@graph\":[{\"@type\":[\"WebPage\",\"ItemPage\"],\"@id\":\"https:\/\/cannbliss.com\/en\/product\/pack-2x-hemp-oil-5-1500-mg-30ml-natural-flavor-special-price\/\",\"url\":\"https:\/\/cannbliss.com\/en\/product\/pack-2x-hemp-oil-5-1500-mg-30ml-natural-flavor-special-price\/\",\"name\":\"Pack 2X Hemp Oil 5% 1500 mg - 30ml Natural Flavor - Special Price - Cannbliss\",\"isPartOf\":{\"@id\":\"https:\/\/cannbliss.com\/#website\"},\"primaryImageOfPage\":{\"@id\":\"https:\/\/cannbliss.com\/en\/product\/pack-2x-hemp-oil-5-1500-mg-30ml-natural-flavor-special-price\/#primaryimage\"},\"image\":{\"@id\":\"https:\/\/cannbliss.com\/en\/product\/pack-2x-hemp-oil-5-1500-mg-30ml-natural-flavor-special-price\/#primaryimage\"},\"thumbnailUrl\":\"https:\/\/cannbliss.com\/wp-content\/uploads\/2024\/01\/oleo-natural-1500mg-pack2-sfundo-min.png\",\"datePublished\":\"2024-01-11T10:21:36+00:00\",\"dateModified\":\"2024-12-19T14:07:43+00:00\",\"description\":\"A premium quality Hemp oil, ideal for introducing Hemp into your life. In a Pack of 2 units at a special price.\",\"breadcrumb\":{\"@id\":\"https:\/\/cannbliss.com\/en\/product\/pack-2x-hemp-oil-5-1500-mg-30ml-natural-flavor-special-price\/#breadcrumb\"},\"inLanguage\":\"en-US\",\"potentialAction\":[{\"@type\":\"ReadAction\",\"target\":[\"https:\/\/cannbliss.com\/en\/product\/pack-2x-hemp-oil-5-1500-mg-30ml-natural-flavor-special-price\/\"]}]},{\"@type\":\"ImageObject\",\"inLanguage\":\"en-US\",\"@id\":\"https:\/\/cannbliss.com\/en\/product\/pack-2x-hemp-oil-5-1500-mg-30ml-natural-flavor-special-price\/#primaryimage\",\"url\":\"https:\/\/cannbliss.com\/wp-content\/uploads\/2024\/01\/oleo-natural-1500mg-pack2-sfundo-min.png\",\"contentUrl\":\"https:\/\/cannbliss.com\/wp-content\/uploads\/2024\/01\/oleo-natural-1500mg-pack2-sfundo-min.png\",\"width\":1080,\"height\":1080},{\"@type\":\"BreadcrumbList\",\"@id\":\"https:\/\/cannbliss.com\/en\/product\/pack-2x-hemp-oil-5-1500-mg-30ml-natural-flavor-special-price\/#breadcrumb\",\"itemListElement\":[{\"@type\":\"ListItem\",\"position\":1,\"name\":\"Shop\",\"item\":\"https:\/\/cannbliss.com\/en\/shop\/\"},{\"@type\":\"ListItem\",\"position\":2,\"name\":\"Pack 2X Hemp Oil 5% 1500 mg &#8211; 30ml Natural Flavor &#8211; Special Price\"}]},{\"@type\":\"WebSite\",\"@id\":\"https:\/\/cannbliss.com\/#website\",\"url\":\"https:\/\/cannbliss.com\/\",\"name\":\"Cannbliss\",\"description\":\"Produtos \u00e0 Base de \u00d3leo de C\u00e2nhamo\",\"publisher\":{\"@id\":\"https:\/\/cannbliss.com\/#organization\"},\"potentialAction\":[{\"@type\":\"SearchAction\",\"target\":{\"@type\":\"EntryPoint\",\"urlTemplate\":\"https:\/\/cannbliss.com\/?s={search_term_string}\"},\"query-input\":{\"@type\":\"PropertyValueSpecification\",\"valueRequired\":true,\"valueName\":\"search_term_string\"}}],\"inLanguage\":\"en-US\"},{\"@type\":\"Organization\",\"@id\":\"https:\/\/cannbliss.com\/#organization\",\"name\":\"Cannbliss\",\"url\":\"https:\/\/cannbliss.com\/\",\"logo\":{\"@type\":\"ImageObject\",\"inLanguage\":\"en-US\",\"@id\":\"https:\/\/cannbliss.com\/#\/schema\/logo\/image\/\",\"url\":\"https:\/\/cannbliss.com\/wp-content\/uploads\/2022\/11\/cannbliss_verdeescuro.png\",\"contentUrl\":\"https:\/\/cannbliss.com\/wp-content\/uploads\/2022\/11\/cannbliss_verdeescuro.png\",\"width\":1000,\"height\":152,\"caption\":\"Cannbliss\"},\"image\":{\"@id\":\"https:\/\/cannbliss.com\/#\/schema\/logo\/image\/\"}}]}<\/script>\n<meta property=\"product:price:amount\" content=\"59.00\" \/>\n<meta property=\"product:price:currency\" content=\"EUR\" \/>\n<meta property=\"og:availability\" content=\"out of stock\" \/>\n<meta property=\"product:availability\" content=\"out of stock\" \/>\n<meta property=\"product:retailer_item_id\" content=\"CANN045\" \/>\n<meta property=\"product:condition\" content=\"new\" \/>\n<!-- \/ Yoast SEO plugin. -->","yoast_head_json":{"title":"Pack 2X Hemp Oil 5% 1500 mg - 30ml Natural Flavor - Special Price - Cannbliss","description":"A premium quality Hemp oil, ideal for introducing Hemp into your life. In a Pack of 2 units at a special price.","robots":{"index":"index","follow":"follow","max-snippet":"max-snippet:-1","max-image-preview":"max-image-preview:large","max-video-preview":"max-video-preview:-1"},"canonical":"https:\/\/cannbliss.com\/en\/product\/pack-2x-hemp-oil-5-1500-mg-30ml-natural-flavor-special-price\/","og_locale":"en_US","og_type":"article","og_title":"Pack 2X Hemp Oil 5% 1500 mg - 30ml Natural Flavor - Special Price - Cannbliss","og_description":"A premium quality Hemp oil, ideal for introducing Hemp into your life. In a Pack of 2 units at a special price.","og_url":"https:\/\/cannbliss.com\/en\/product\/pack-2x-hemp-oil-5-1500-mg-30ml-natural-flavor-special-price\/","og_site_name":"Cannbliss","article_modified_time":"2024-12-19T14:07:43+00:00","og_image":[{"width":1080,"height":1080,"url":"https:\/\/cannbliss.com\/wp-content\/uploads\/2024\/01\/oleo-natural-1500mg-pack2-sfundo-min.png","type":"image\/png"}],"twitter_card":"summary_large_image","twitter_misc":{"Price":"&euro;59,00","Availability":"Out of stock"},"schema":{"@context":"https:\/\/schema.org","@graph":[{"@type":["WebPage","ItemPage"],"@id":"https:\/\/cannbliss.com\/en\/product\/pack-2x-hemp-oil-5-1500-mg-30ml-natural-flavor-special-price\/","url":"https:\/\/cannbliss.com\/en\/product\/pack-2x-hemp-oil-5-1500-mg-30ml-natural-flavor-special-price\/","name":"Pack 2X Hemp Oil 5% 1500 mg - 30ml Natural Flavor - Special Price - Cannbliss","isPartOf":{"@id":"https:\/\/cannbliss.com\/#website"},"primaryImageOfPage":{"@id":"https:\/\/cannbliss.com\/en\/product\/pack-2x-hemp-oil-5-1500-mg-30ml-natural-flavor-special-price\/#primaryimage"},"image":{"@id":"https:\/\/cannbliss.com\/en\/product\/pack-2x-hemp-oil-5-1500-mg-30ml-natural-flavor-special-price\/#primaryimage"},"thumbnailUrl":"https:\/\/cannbliss.com\/wp-content\/uploads\/2024\/01\/oleo-natural-1500mg-pack2-sfundo-min.png","datePublished":"2024-01-11T10:21:36+00:00","dateModified":"2024-12-19T14:07:43+00:00","description":"A premium quality Hemp oil, ideal for introducing Hemp into your life. In a Pack of 2 units at a special price.","breadcrumb":{"@id":"https:\/\/cannbliss.com\/en\/product\/pack-2x-hemp-oil-5-1500-mg-30ml-natural-flavor-special-price\/#breadcrumb"},"inLanguage":"en-US","potentialAction":[{"@type":"ReadAction","target":["https:\/\/cannbliss.com\/en\/product\/pack-2x-hemp-oil-5-1500-mg-30ml-natural-flavor-special-price\/"]}]},{"@type":"ImageObject","inLanguage":"en-US","@id":"https:\/\/cannbliss.com\/en\/product\/pack-2x-hemp-oil-5-1500-mg-30ml-natural-flavor-special-price\/#primaryimage","url":"https:\/\/cannbliss.com\/wp-content\/uploads\/2024\/01\/oleo-natural-1500mg-pack2-sfundo-min.png","contentUrl":"https:\/\/cannbliss.com\/wp-content\/uploads\/2024\/01\/oleo-natural-1500mg-pack2-sfundo-min.png","width":1080,"height":1080},{"@type":"BreadcrumbList","@id":"https:\/\/cannbliss.com\/en\/product\/pack-2x-hemp-oil-5-1500-mg-30ml-natural-flavor-special-price\/#breadcrumb","itemListElement":[{"@type":"ListItem","position":1,"name":"Shop","item":"https:\/\/cannbliss.com\/en\/shop\/"},{"@type":"ListItem","position":2,"name":"Pack 2X Hemp Oil 5% 1500 mg &#8211; 30ml Natural Flavor &#8211; Special Price"}]},{"@type":"WebSite","@id":"https:\/\/cannbliss.com\/#website","url":"https:\/\/cannbliss.com\/","name":"Cannbliss","description":"Produtos \u00e0 Base de \u00d3leo de C\u00e2nhamo","publisher":{"@id":"https:\/\/cannbliss.com\/#organization"},"potentialAction":[{"@type":"SearchAction","target":{"@type":"EntryPoint","urlTemplate":"https:\/\/cannbliss.com\/?s={search_term_string}"},"query-input":{"@type":"PropertyValueSpecification","valueRequired":true,"valueName":"search_term_string"}}],"inLanguage":"en-US"},{"@type":"Organization","@id":"https:\/\/cannbliss.com\/#organization","name":"Cannbliss","url":"https:\/\/cannbliss.com\/","logo":{"@type":"ImageObject","inLanguage":"en-US","@id":"https:\/\/cannbliss.com\/#\/schema\/logo\/image\/","url":"https:\/\/cannbliss.com\/wp-content\/uploads\/2022\/11\/cannbliss_verdeescuro.png","contentUrl":"https:\/\/cannbliss.com\/wp-content\/uploads\/2022\/11\/cannbliss_verdeescuro.png","width":1000,"height":152,"caption":"Cannbliss"},"image":{"@id":"https:\/\/cannbliss.com\/#\/schema\/logo\/image\/"}}]},"product_price_amount":"59.00","product_price_currency":"EUR","og_availability":"out of stock","product_availability":"out of stock","product_retailer_item_id":"CANN045","product_condition":"new"},"_links":{"self":[{"href":"https:\/\/cannbliss.com\/en\/wp-json\/wp\/v2\/product\/8872","targetHints":{"allow":["GET"]}}],"collection":[{"href":"https:\/\/cannbliss.com\/en\/wp-json\/wp\/v2\/product"}],"about":[{"href":"https:\/\/cannbliss.com\/en\/wp-json\/wp\/v2\/types\/product"}],"replies":[{"embeddable":true,"href":"https:\/\/cannbliss.com\/en\/wp-json\/wp\/v2\/comments?post=8872"}],"version-history":[{"count":3,"href":"https:\/\/cannbliss.com\/en\/wp-json\/wp\/v2\/product\/8872\/revisions"}],"predecessor-version":[{"id":8875,"href":"https:\/\/cannbliss.com\/en\/wp-json\/wp\/v2\/product\/8872\/revisions\/8875"}],"wp:featuredmedia":[{"embeddable":true,"href":"https:\/\/cannbliss.com\/en\/wp-json\/wp\/v2\/media\/8863"}],"wp:attachment":[{"href":"https:\/\/cannbliss.com\/en\/wp-json\/wp\/v2\/media?parent=8872"}],"wp:term":[{"taxonomy":"product_brand","embeddable":true,"href":"https:\/\/cannbliss.com\/en\/wp-json\/wp\/v2\/product_brand?post=8872"},{"taxonomy":"product_cat","embeddable":true,"href":"https:\/\/cannbliss.com\/en\/wp-json\/wp\/v2\/product_cat?post=8872"},{"taxonomy":"product_tag","embeddable":true,"href":"https:\/\/cannbliss.com\/en\/wp-json\/wp\/v2\/product_tag?post=8872"}],"curies":[{"name":"wp","href":"https:\/\/api.w.org\/{rel}","templated":true}]}}