{"id":7638,"date":"2022-11-30T18:11:24","date_gmt":"2022-11-30T18:11:24","guid":{"rendered":"https:\/\/cannbliss.com\/produto\/oleo-cbd-6000mg\/"},"modified":"2026-03-23T13:44:30","modified_gmt":"2026-03-23T13:44:30","slug":"hemp-oil-6000mg","status":"publish","type":"product","link":"https:\/\/cannbliss.com\/en\/product\/hemp-oil-6000mg\/","title":{"rendered":"Hemp Oil 20% 6000 mg Full Spectrum with MCT &#8211; 30ml"},"content":{"rendered":"\t\t<div data-elementor-type=\"product-post\" data-elementor-id=\"7638\" class=\"elementor elementor-7638 elementor-6254\" data-elementor-post-type=\"product\">\n\t\t\t\t\t\t<section class=\"elementor-section elementor-top-section elementor-element elementor-element-12edd43 elementor-section-boxed elementor-section-height-default elementor-section-height-default\" data-id=\"12edd43\" data-element_type=\"section\" data-e-type=\"section\">\n\t\t\t\t\t\t<div class=\"elementor-container elementor-column-gap-default\">\n\t\t\t\t\t<div class=\"elementor-column elementor-col-100 elementor-top-column elementor-element elementor-element-c7ac30a\" data-id=\"c7ac30a\" data-element_type=\"column\" data-e-type=\"column\">\n\t\t\t<div class=\"elementor-widget-wrap elementor-element-populated\">\n\t\t\t\t\t\t<div class=\"elementor-element elementor-element-91646b7 elementor-widget elementor-widget-text-editor\" data-id=\"91646b7\" data-element_type=\"widget\" data-e-type=\"widget\" data-widget_type=\"text-editor.default\">\n\t\t\t\t<div class=\"elementor-widget-container\">\n\t\t\t\t\t\t\t\t\t<h5 class=\"titleproduct\">Description<\/h5>\n<h6>Hemp Oil 20% 6000 mg Full Spectrum with MCT &#8211; 30 ml<\/h6>\n<p>Hemp Oil 20% 6000 mg CannBliss is suitable for experienced Hemp users who want to maximise the potential of this compound through a higher concentration in order to feel its effects to the full. All our Hemp products are organically grown in the EU from the highest quality hemp and tested by independent laboratories to guarantee premium quality, healthy, 100% natural, safe food supplements without any psychoactive effects or risk of intoxication, which help to boost your health and wellbeing in a holistic way, and even treat or mitigate the effects of various pathologies. <\/p>\n<\/p>\n<p>Find out more about CannBliss <a href=\"https:\/\/cannbliss.com\/en\/about\/\" target=\"_blank\" rel=\"noopener\">here<\/a>, and if you want to learn more about the therapeutic potential of Hemp, click <a href=\"https:\/\/cannbliss.com\/en\/why-hemp\/\" target=\"_blank\" rel=\"noopener\">here<\/a>.<\/p>\n<\/p>\n<h5 class=\"titleproduct\">Additional Information<\/h5>\n<p><b>All our products guarantee quality, consistency and transparency:<\/b><\/p>\n<p>&#8211; Free of harsh chemicals, pesticides, and heavy metals<br \/>&#8211; Gluten-free (vegan-friendly), and GMO-free (non-GMO)<br \/>&#8211; Full Spectrum hemp extract, with less than 0.2% THC, lab-tested<\/p>\n<p>&#8211; Premium quality, produced in the EU from EU-certified seeds<\/p>\n<\/p>\n<p><b>Ingredients<\/b>:<\/p>\n<p>Hemp seed oil, hemp extract and MCT oil; Contains less than 0.2% THC.<\/p>\n<\/p>\n<p><b>Product information<\/b>:<br \/>&#8211; Take dosage &#8211; 5 drops<br \/>&#8211; Amount of Hemp per 5 drops &#8211; 33 mg<br \/>&#8211; Amount of Hemp per drop &#8211; 6.7 mg<br \/>&#8211; Servings of 5 drops per 30 ml container &#8211; 180<br \/>&#8211; Servings of 1 drop per 30 ml container &#8211; 900<\/p>\n<\/p>\n<p><b>Dosage:<\/b> For best results take 5 drops under the tongue twice a day and hold for at least 1 minute, then swallow. Shake well before use. <\/p>\n<p><span lang=\"EN-US\"> <\/span><\/p>\n<p><b>Storage:<\/b> Do not refrigerate. Store away from heat, light and humidity. <\/p>\n<\/p>\n<p><b>Warnings:<\/b> Do not exceed the recommended daily dose. Do not use if the safety seal is damaged. A food supplement is no substitute for a varied and balanced diet or a healthy lifestyle. Keep out of reach of children and pets. Not recommended for pregnant or breastfeeding women. If you experience any adverse effects after use, discontinue use and consult your doctor. Consult a doctor about consuming this product in case of health problems.      <\/p>\n<\/p>\n<p><b>Laboratory reports<\/b>:<\/p>\n<p><a href=\"https:\/\/cannbliss.com\/wp-content\/uploads\/2025\/07\/Lote-LTSP0922.pdf\" target=\"_blank\" rel=\"noopener\">Lot LTSP0922<\/a><\/p>\n\t\t\t\t\t\t\t\t<\/div>\n\t\t\t\t<\/div>\n\t\t\t\t\t<\/div>\n\t\t<\/div>\n\t\t\t\t\t<\/div>\n\t\t<\/section>\n\t\t\t\t<\/div>\n\t\t","protected":false},"excerpt":{"rendered":"<p><span style=\"color: #1c1c1c;\"><strong>This oil has been specially created for more experienced users who want to maximize the effect of Hemp.<\/strong><\/span><br \/>\nA premium food supplement, 100% natural and with no psychoactive effects, created in the EU from high quality organic hemp, ideal for those who want to feel the transformative effect of Hemp to the full.<\/p>\n<p>Find out more about this oil below.<\/p>\n","protected":false},"featured_media":7778,"comment_status":"open","ping_status":"closed","template":"","meta":[],"product_brand":[],"product_cat":[224],"product_tag":[],"class_list":{"0":"post-7638","1":"product","2":"type-product","3":"status-publish","4":"has-post-thumbnail","6":"product_cat-hemp-oils","8":"first","9":"instock","10":"taxable","11":"shipping-taxable","12":"purchasable","13":"product-type-variable"},"yoast_head":"<!-- This site is optimized with the Yoast SEO plugin v26.9 - https:\/\/yoast.com\/product\/yoast-seo-wordpress\/ -->\n<title>Hemp Oil 20% 6000 mg Full Spectrum with MCT - 30ml - Cannbliss<\/title>\n<meta name=\"description\" content=\"This oil has been specially created for more experienced users who want to maximise the effect of Hemp. A premium food supplement.\" \/>\n<meta name=\"robots\" content=\"index, follow, max-snippet:-1, max-image-preview:large, max-video-preview:-1\" \/>\n<link rel=\"canonical\" href=\"https:\/\/cannbliss.com\/en\/product\/hemp-oil-6000mg\/\" \/>\n<meta property=\"og:locale\" content=\"en_US\" \/>\n<meta property=\"og:type\" content=\"article\" \/>\n<meta property=\"og:title\" content=\"Hemp Oil 20% 6000 mg Full Spectrum with MCT - 30ml - Cannbliss\" \/>\n<meta property=\"og:description\" content=\"This oil has been specially created for more experienced users who want to maximise the effect of Hemp. A premium food supplement.\" \/>\n<meta property=\"og:url\" content=\"https:\/\/cannbliss.com\/en\/product\/hemp-oil-6000mg\/\" \/>\n<meta property=\"og:site_name\" content=\"Cannbliss\" \/>\n<meta property=\"article:modified_time\" content=\"2026-03-23T13:44:30+00:00\" \/>\n<meta property=\"og:image\" content=\"https:\/\/cannbliss.com\/wp-content\/uploads\/2022\/11\/Sabor-natural_6000_Upd_1-min.jpg\" \/>\n\t<meta property=\"og:image:width\" content=\"1080\" \/>\n\t<meta property=\"og:image:height\" content=\"1080\" \/>\n\t<meta property=\"og:image:type\" content=\"image\/jpeg\" \/>\n<meta name=\"twitter:card\" content=\"summary_large_image\" \/>\n<meta name=\"twitter:label1\" content=\"Availability\" \/>\n\t<meta name=\"twitter:data1\" content=\"In stock\" \/>\n<script type=\"application\/ld+json\" class=\"yoast-schema-graph\">{\"@context\":\"https:\/\/schema.org\",\"@graph\":[{\"@type\":[\"WebPage\",\"ItemPage\"],\"@id\":\"https:\/\/cannbliss.com\/en\/product\/hemp-oil-6000mg\/\",\"url\":\"https:\/\/cannbliss.com\/en\/product\/hemp-oil-6000mg\/\",\"name\":\"Hemp Oil 20% 6000 mg Full Spectrum with MCT - 30ml - Cannbliss\",\"isPartOf\":{\"@id\":\"https:\/\/cannbliss.com\/#website\"},\"primaryImageOfPage\":{\"@id\":\"https:\/\/cannbliss.com\/en\/product\/hemp-oil-6000mg\/#primaryimage\"},\"image\":{\"@id\":\"https:\/\/cannbliss.com\/en\/product\/hemp-oil-6000mg\/#primaryimage\"},\"thumbnailUrl\":\"https:\/\/cannbliss.com\/wp-content\/uploads\/2022\/11\/Sabor-natural_6000_Upd_1-min.jpg\",\"datePublished\":\"2022-11-30T18:11:24+00:00\",\"dateModified\":\"2026-03-23T13:44:30+00:00\",\"description\":\"This oil has been specially created for more experienced users who want to maximise the effect of Hemp. A premium food supplement.\",\"breadcrumb\":{\"@id\":\"https:\/\/cannbliss.com\/en\/product\/hemp-oil-6000mg\/#breadcrumb\"},\"inLanguage\":\"en-US\",\"potentialAction\":[{\"@type\":\"ReadAction\",\"target\":[\"https:\/\/cannbliss.com\/en\/product\/hemp-oil-6000mg\/\"]}]},{\"@type\":\"ImageObject\",\"inLanguage\":\"en-US\",\"@id\":\"https:\/\/cannbliss.com\/en\/product\/hemp-oil-6000mg\/#primaryimage\",\"url\":\"https:\/\/cannbliss.com\/wp-content\/uploads\/2022\/11\/Sabor-natural_6000_Upd_1-min.jpg\",\"contentUrl\":\"https:\/\/cannbliss.com\/wp-content\/uploads\/2022\/11\/Sabor-natural_6000_Upd_1-min.jpg\",\"width\":1080,\"height\":1080},{\"@type\":\"BreadcrumbList\",\"@id\":\"https:\/\/cannbliss.com\/en\/product\/hemp-oil-6000mg\/#breadcrumb\",\"itemListElement\":[{\"@type\":\"ListItem\",\"position\":1,\"name\":\"Shop\",\"item\":\"https:\/\/cannbliss.com\/en\/shop\/\"},{\"@type\":\"ListItem\",\"position\":2,\"name\":\"Hemp Oil 20% 6000 mg Full Spectrum with MCT &#8211; 30ml\"}]},{\"@type\":\"WebSite\",\"@id\":\"https:\/\/cannbliss.com\/#website\",\"url\":\"https:\/\/cannbliss.com\/\",\"name\":\"Cannbliss\",\"description\":\"Produtos \u00e0 Base de \u00d3leo de C\u00e2nhamo\",\"publisher\":{\"@id\":\"https:\/\/cannbliss.com\/#organization\"},\"potentialAction\":[{\"@type\":\"SearchAction\",\"target\":{\"@type\":\"EntryPoint\",\"urlTemplate\":\"https:\/\/cannbliss.com\/?s={search_term_string}\"},\"query-input\":{\"@type\":\"PropertyValueSpecification\",\"valueRequired\":true,\"valueName\":\"search_term_string\"}}],\"inLanguage\":\"en-US\"},{\"@type\":\"Organization\",\"@id\":\"https:\/\/cannbliss.com\/#organization\",\"name\":\"Cannbliss\",\"url\":\"https:\/\/cannbliss.com\/\",\"logo\":{\"@type\":\"ImageObject\",\"inLanguage\":\"en-US\",\"@id\":\"https:\/\/cannbliss.com\/#\/schema\/logo\/image\/\",\"url\":\"https:\/\/cannbliss.com\/wp-content\/uploads\/2022\/11\/cannbliss_verdeescuro.png\",\"contentUrl\":\"https:\/\/cannbliss.com\/wp-content\/uploads\/2022\/11\/cannbliss_verdeescuro.png\",\"width\":1000,\"height\":152,\"caption\":\"Cannbliss\"},\"image\":{\"@id\":\"https:\/\/cannbliss.com\/#\/schema\/logo\/image\/\"}}]}<\/script>\n<meta property=\"og:availability\" content=\"instock\" \/>\n<meta property=\"product:availability\" content=\"instock\" \/>\n<meta property=\"product:retailer_item_id\" content=\"CANN03\" \/>\n<meta property=\"product:condition\" content=\"new\" \/>\n<!-- \/ Yoast SEO plugin. -->","yoast_head_json":{"title":"Hemp Oil 20% 6000 mg Full Spectrum with MCT - 30ml - Cannbliss","description":"This oil has been specially created for more experienced users who want to maximise the effect of Hemp. A premium food supplement.","robots":{"index":"index","follow":"follow","max-snippet":"max-snippet:-1","max-image-preview":"max-image-preview:large","max-video-preview":"max-video-preview:-1"},"canonical":"https:\/\/cannbliss.com\/en\/product\/hemp-oil-6000mg\/","og_locale":"en_US","og_type":"article","og_title":"Hemp Oil 20% 6000 mg Full Spectrum with MCT - 30ml - Cannbliss","og_description":"This oil has been specially created for more experienced users who want to maximise the effect of Hemp. A premium food supplement.","og_url":"https:\/\/cannbliss.com\/en\/product\/hemp-oil-6000mg\/","og_site_name":"Cannbliss","article_modified_time":"2026-03-23T13:44:30+00:00","og_image":[{"width":1080,"height":1080,"url":"https:\/\/cannbliss.com\/wp-content\/uploads\/2022\/11\/Sabor-natural_6000_Upd_1-min.jpg","type":"image\/jpeg"}],"twitter_card":"summary_large_image","twitter_misc":{"Availability":"In stock"},"schema":{"@context":"https:\/\/schema.org","@graph":[{"@type":["WebPage","ItemPage"],"@id":"https:\/\/cannbliss.com\/en\/product\/hemp-oil-6000mg\/","url":"https:\/\/cannbliss.com\/en\/product\/hemp-oil-6000mg\/","name":"Hemp Oil 20% 6000 mg Full Spectrum with MCT - 30ml - Cannbliss","isPartOf":{"@id":"https:\/\/cannbliss.com\/#website"},"primaryImageOfPage":{"@id":"https:\/\/cannbliss.com\/en\/product\/hemp-oil-6000mg\/#primaryimage"},"image":{"@id":"https:\/\/cannbliss.com\/en\/product\/hemp-oil-6000mg\/#primaryimage"},"thumbnailUrl":"https:\/\/cannbliss.com\/wp-content\/uploads\/2022\/11\/Sabor-natural_6000_Upd_1-min.jpg","datePublished":"2022-11-30T18:11:24+00:00","dateModified":"2026-03-23T13:44:30+00:00","description":"This oil has been specially created for more experienced users who want to maximise the effect of Hemp. A premium food supplement.","breadcrumb":{"@id":"https:\/\/cannbliss.com\/en\/product\/hemp-oil-6000mg\/#breadcrumb"},"inLanguage":"en-US","potentialAction":[{"@type":"ReadAction","target":["https:\/\/cannbliss.com\/en\/product\/hemp-oil-6000mg\/"]}]},{"@type":"ImageObject","inLanguage":"en-US","@id":"https:\/\/cannbliss.com\/en\/product\/hemp-oil-6000mg\/#primaryimage","url":"https:\/\/cannbliss.com\/wp-content\/uploads\/2022\/11\/Sabor-natural_6000_Upd_1-min.jpg","contentUrl":"https:\/\/cannbliss.com\/wp-content\/uploads\/2022\/11\/Sabor-natural_6000_Upd_1-min.jpg","width":1080,"height":1080},{"@type":"BreadcrumbList","@id":"https:\/\/cannbliss.com\/en\/product\/hemp-oil-6000mg\/#breadcrumb","itemListElement":[{"@type":"ListItem","position":1,"name":"Shop","item":"https:\/\/cannbliss.com\/en\/shop\/"},{"@type":"ListItem","position":2,"name":"Hemp Oil 20% 6000 mg Full Spectrum with MCT &#8211; 30ml"}]},{"@type":"WebSite","@id":"https:\/\/cannbliss.com\/#website","url":"https:\/\/cannbliss.com\/","name":"Cannbliss","description":"Produtos \u00e0 Base de \u00d3leo de C\u00e2nhamo","publisher":{"@id":"https:\/\/cannbliss.com\/#organization"},"potentialAction":[{"@type":"SearchAction","target":{"@type":"EntryPoint","urlTemplate":"https:\/\/cannbliss.com\/?s={search_term_string}"},"query-input":{"@type":"PropertyValueSpecification","valueRequired":true,"valueName":"search_term_string"}}],"inLanguage":"en-US"},{"@type":"Organization","@id":"https:\/\/cannbliss.com\/#organization","name":"Cannbliss","url":"https:\/\/cannbliss.com\/","logo":{"@type":"ImageObject","inLanguage":"en-US","@id":"https:\/\/cannbliss.com\/#\/schema\/logo\/image\/","url":"https:\/\/cannbliss.com\/wp-content\/uploads\/2022\/11\/cannbliss_verdeescuro.png","contentUrl":"https:\/\/cannbliss.com\/wp-content\/uploads\/2022\/11\/cannbliss_verdeescuro.png","width":1000,"height":152,"caption":"Cannbliss"},"image":{"@id":"https:\/\/cannbliss.com\/#\/schema\/logo\/image\/"}}]},"og_availability":"instock","product_availability":"instock","product_retailer_item_id":"CANN03","product_condition":"new"},"_links":{"self":[{"href":"https:\/\/cannbliss.com\/en\/wp-json\/wp\/v2\/product\/7638","targetHints":{"allow":["GET"]}}],"collection":[{"href":"https:\/\/cannbliss.com\/en\/wp-json\/wp\/v2\/product"}],"about":[{"href":"https:\/\/cannbliss.com\/en\/wp-json\/wp\/v2\/types\/product"}],"replies":[{"embeddable":true,"href":"https:\/\/cannbliss.com\/en\/wp-json\/wp\/v2\/comments?post=7638"}],"version-history":[{"count":23,"href":"https:\/\/cannbliss.com\/en\/wp-json\/wp\/v2\/product\/7638\/revisions"}],"predecessor-version":[{"id":13145,"href":"https:\/\/cannbliss.com\/en\/wp-json\/wp\/v2\/product\/7638\/revisions\/13145"}],"wp:featuredmedia":[{"embeddable":true,"href":"https:\/\/cannbliss.com\/en\/wp-json\/wp\/v2\/media\/7778"}],"wp:attachment":[{"href":"https:\/\/cannbliss.com\/en\/wp-json\/wp\/v2\/media?parent=7638"}],"wp:term":[{"taxonomy":"product_brand","embeddable":true,"href":"https:\/\/cannbliss.com\/en\/wp-json\/wp\/v2\/product_brand?post=7638"},{"taxonomy":"product_cat","embeddable":true,"href":"https:\/\/cannbliss.com\/en\/wp-json\/wp\/v2\/product_cat?post=7638"},{"taxonomy":"product_tag","embeddable":true,"href":"https:\/\/cannbliss.com\/en\/wp-json\/wp\/v2\/product_tag?post=7638"}],"curies":[{"name":"wp","href":"https:\/\/api.w.org\/{rel}","templated":true}]}}