{"id":7634,"date":"2022-11-30T16:56:33","date_gmt":"2022-11-30T16:56:33","guid":{"rendered":"https:\/\/cannbliss.com\/produto\/oleo-cbd-3000mg\/"},"modified":"2026-02-11T22:34:35","modified_gmt":"2026-02-11T22:34:35","slug":"hemp-oil-3000mg","status":"publish","type":"product","link":"https:\/\/cannbliss.com\/en\/product\/hemp-oil-3000mg\/","title":{"rendered":"Hemp Oil 10% 3000 mg Full Spectrum with MCT \u2013 30 ml"},"content":{"rendered":"\t\t<div data-elementor-type=\"product-post\" data-elementor-id=\"7634\" class=\"elementor elementor-7634 elementor-6198\" data-elementor-post-type=\"product\">\n\t\t\t\t\t\t<section class=\"elementor-section elementor-top-section elementor-element elementor-element-12edd43 elementor-section-boxed elementor-section-height-default elementor-section-height-default\" data-id=\"12edd43\" data-element_type=\"section\" data-e-type=\"section\">\n\t\t\t\t\t\t<div class=\"elementor-container elementor-column-gap-default\">\n\t\t\t\t\t<div class=\"elementor-column elementor-col-100 elementor-top-column elementor-element elementor-element-c7ac30a\" data-id=\"c7ac30a\" data-element_type=\"column\" data-e-type=\"column\">\n\t\t\t<div class=\"elementor-widget-wrap elementor-element-populated\">\n\t\t\t\t\t\t<div class=\"elementor-element elementor-element-16bb352 elementor-widget elementor-widget-text-editor\" data-id=\"16bb352\" data-element_type=\"widget\" data-e-type=\"widget\" data-widget_type=\"text-editor.default\">\n\t\t\t\t<div class=\"elementor-widget-container\">\n\t\t\t\t\t\t\t\t\t<h5 class=\"titleproduct\">Description<\/h5><h6>Hemp Oil 10% 3000 mg Full Spectrum with MCT &#8211; 30 ml<\/h6><p>CannBliss Hemp Oil 10% 3500 mg is perfect for users who already take Hemp and wish to further enhance the potential of this incredible substance. All our Hemp oil products are created in the EU from the highest quality organic hemp, and tested by independent third-party laboratories, to guarantee premium grade food supplements that are safe, healthy, 100% natural and free from psychoactive effects or risks of intoxication, that will help promote your overall health and well-being, and even to treat or reduce the effects of several illnesses and medical conditions.<\/p><p>Discover more about CannBliss\u00a0<a href=\"https:\/\/cannbliss.com\/en\/about\/\" target=\"_blank\" rel=\"noopener\">here<\/a>, and if you want to learn more about the therapeutic potential of Hemp, click <a href=\"https:\/\/cannbliss.com\/en\/why-cbd\/\" target=\"_blank\" rel=\"noopener\">here<\/a>.<\/p><p>\u00a0<\/p><h5 class=\"titleproduct\">Additional Information<\/h5><p><b>All our products guarantee quality, consistency and transparency<\/b>:<\/p><p>&#8211; Free of harsh chemicals, pesticides, and heavy metals<br \/>&#8211; Gluten-Free, Vegan Friendly, NON-GMO<br \/>&#8211; Full spectrum hemp extract, with less than 0,2% THC, and lab tested<br \/>&#8211; Premium grade, produced in EU from EU certified seeds<\/p><p>\u00a0<\/p><p><b>Ingredients<\/b>:\u00a0<\/p><p>Hemp Seed Oil, Hemp Extract and MCT Oil; Mint flavour: mint flavouring agent; Orange flavor: orange flavouring agent; Contains less than 0.2% THC.<\/p><p><span style=\"font-family: var( --e-global-typography-text-font-family ), Sans-serif; font-size: var( --e-global-typography-text-font-size ); font-weight: var( --e-global-typography-text-font-weight );\">\u00a0<\/span><\/p><p><b>Product information<\/b>:<\/p><p>&#8211; Serving per dose &#8211; 5 drops<br \/>&#8211; Amount of Hemp per 5 drops &#8211; 16 mg<br \/>&#8211; Amount of Hemp per drop &#8211; 3.3 mg<br \/>&#8211; Servings of 5 drops per container 30 ml &#8211; 180<br \/>&#8211; Servings of 1 drop per container 30 ml &#8211; 900<\/p><p>\u00a0<\/p><p><b>Dosage<\/b>: For better results apply 5 drops under the tongue twice a day, hold for at least 1 minute and swallow. Shake well before use.<\/p><p>\u00a0<\/p><p><b>Storage<\/b>: Do not refrigerate. Store away from heat, light and moisture.<\/p><p>\u00a0<\/p><p><b>Precautions<\/b>: Do not exceed the recommended daily dose. It is recommended that no more than 70mg of pure Hemp is ingested daily from all sources. This product is not intended for pregnant or lactating mothers. Individuals taking medication or that suffer from any medical condition should consult a healthcare professional prior to use. In case of adverse reaction or if you feel unwell, discontinue use and seek medical advice. Food Supplements should not be used as a substitute for a balanced diet. Keep out of reach of children and pets.<\/p><p>\u00a0<\/p><p><b>Lab Reports<\/b>:<\/p><p><a href=\"https:\/\/cannbliss.com\/wp-content\/uploads\/2023\/04\/CP_canhamo-Oil-1000-mg_LTSP0922-2.pdf\" target=\"_blank\" rel=\"noopener\">Batch LTSP0922<\/a><\/p>\t\t\t\t\t\t\t\t<\/div>\n\t\t\t\t<\/div>\n\t\t\t\t\t<\/div>\n\t\t<\/div>\n\t\t\t\t\t<\/div>\n\t\t<\/section>\n\t\t\t\t<\/div>\n\t\t","protected":false},"excerpt":{"rendered":"<p><span style=\"color: #1c1c1c;\"><strong>This oil is ideal for those who already use Hemp, and wish to further increase the potential of this incredible compound.<\/strong><\/span><br \/>\nIt\u2019s created in the EU from high quality organic hemp, resulting in a 100% natural, safe and non-psychoactive food supplement, that is perfect to reinforce your well-being even more. Learn more about this oil, below.<\/p>\n","protected":false},"featured_media":7776,"comment_status":"open","ping_status":"closed","template":"","meta":[],"product_brand":[],"product_cat":[224],"product_tag":[],"class_list":{"0":"post-7634","1":"product","2":"type-product","3":"status-publish","4":"has-post-thumbnail","6":"product_cat-hemp-oils","8":"first","9":"outofstock","10":"taxable","11":"shipping-taxable","12":"purchasable","13":"product-type-variable"},"yoast_head":"<!-- This site is optimized with the Yoast SEO plugin v26.9 - https:\/\/yoast.com\/product\/yoast-seo-wordpress\/ -->\n<title>Hemp Oil 10% 3000 mg Full Spectrum with MCT \u2013 30 ml - Cannbliss<\/title>\n<meta name=\"robots\" content=\"index, follow, max-snippet:-1, max-image-preview:large, max-video-preview:-1\" \/>\n<link rel=\"canonical\" href=\"https:\/\/cannbliss.com\/en\/produto\/hemp-oil-3000mg\/\" \/>\n<meta property=\"og:locale\" content=\"en_US\" \/>\n<meta property=\"og:type\" content=\"article\" \/>\n<meta property=\"og:title\" content=\"Hemp Oil 10% 3000 mg Full Spectrum with MCT \u2013 30 ml - Cannbliss\" \/>\n<meta property=\"og:description\" content=\"This oil is ideal for those who already use Hemp, and wish to further increase the potential of this incredible compound. It\u2019s created in the EU from high quality organic hemp, resulting in a 100% natural, safe and non-psychoactive food supplement, that is perfect to reinforce your well-being even more. Learn more about this oil, below.\" \/>\n<meta property=\"og:url\" content=\"https:\/\/cannbliss.com\/en\/produto\/hemp-oil-3000mg\/\" \/>\n<meta property=\"og:site_name\" content=\"Cannbliss\" \/>\n<meta property=\"article:modified_time\" content=\"2026-02-11T22:34:35+00:00\" \/>\n<meta property=\"og:image\" content=\"https:\/\/cannbliss.com\/wp-content\/uploads\/2022\/11\/Sabor-natural_3000_Upd_1-min.jpg\" \/>\n\t<meta property=\"og:image:width\" content=\"1080\" \/>\n\t<meta property=\"og:image:height\" content=\"1080\" \/>\n\t<meta property=\"og:image:type\" content=\"image\/jpeg\" \/>\n<meta name=\"twitter:card\" content=\"summary_large_image\" \/>\n<meta name=\"twitter:label1\" content=\"Availability\" \/>\n\t<meta name=\"twitter:data1\" content=\"Out of stock\" \/>\n<script type=\"application\/ld+json\" class=\"yoast-schema-graph\">{\"@context\":\"https:\/\/schema.org\",\"@graph\":[{\"@type\":[\"WebPage\",\"ItemPage\"],\"@id\":\"https:\/\/cannbliss.com\/en\/produto\/hemp-oil-3000mg\/\",\"url\":\"https:\/\/cannbliss.com\/en\/produto\/hemp-oil-3000mg\/\",\"name\":\"Hemp Oil 10% 3000 mg Full Spectrum with MCT \u2013 30 ml - Cannbliss\",\"isPartOf\":{\"@id\":\"https:\/\/cannbliss.com\/#website\"},\"primaryImageOfPage\":{\"@id\":\"https:\/\/cannbliss.com\/en\/produto\/hemp-oil-3000mg\/#primaryimage\"},\"image\":{\"@id\":\"https:\/\/cannbliss.com\/en\/produto\/hemp-oil-3000mg\/#primaryimage\"},\"thumbnailUrl\":\"https:\/\/cannbliss.com\/wp-content\/uploads\/2022\/11\/Sabor-natural_3000_Upd_1-min.jpg\",\"datePublished\":\"2022-11-30T16:56:33+00:00\",\"dateModified\":\"2026-02-11T22:34:35+00:00\",\"breadcrumb\":{\"@id\":\"https:\/\/cannbliss.com\/en\/produto\/hemp-oil-3000mg\/#breadcrumb\"},\"inLanguage\":\"en-US\",\"potentialAction\":[{\"@type\":\"ReadAction\",\"target\":[\"https:\/\/cannbliss.com\/en\/produto\/hemp-oil-3000mg\/\"]}]},{\"@type\":\"ImageObject\",\"inLanguage\":\"en-US\",\"@id\":\"https:\/\/cannbliss.com\/en\/produto\/hemp-oil-3000mg\/#primaryimage\",\"url\":\"https:\/\/cannbliss.com\/wp-content\/uploads\/2022\/11\/Sabor-natural_3000_Upd_1-min.jpg\",\"contentUrl\":\"https:\/\/cannbliss.com\/wp-content\/uploads\/2022\/11\/Sabor-natural_3000_Upd_1-min.jpg\",\"width\":1080,\"height\":1080},{\"@type\":\"BreadcrumbList\",\"@id\":\"https:\/\/cannbliss.com\/en\/produto\/hemp-oil-3000mg\/#breadcrumb\",\"itemListElement\":[{\"@type\":\"ListItem\",\"position\":1,\"name\":\"Shop\",\"item\":\"https:\/\/cannbliss.com\/en\/shop\/\"},{\"@type\":\"ListItem\",\"position\":2,\"name\":\"Hemp Oil 10% 3000 mg Full Spectrum with MCT \u2013 30 ml\"}]},{\"@type\":\"WebSite\",\"@id\":\"https:\/\/cannbliss.com\/#website\",\"url\":\"https:\/\/cannbliss.com\/\",\"name\":\"Cannbliss\",\"description\":\"Produtos \u00e0 Base de \u00d3leo de C\u00e2nhamo\",\"publisher\":{\"@id\":\"https:\/\/cannbliss.com\/#organization\"},\"potentialAction\":[{\"@type\":\"SearchAction\",\"target\":{\"@type\":\"EntryPoint\",\"urlTemplate\":\"https:\/\/cannbliss.com\/?s={search_term_string}\"},\"query-input\":{\"@type\":\"PropertyValueSpecification\",\"valueRequired\":true,\"valueName\":\"search_term_string\"}}],\"inLanguage\":\"en-US\"},{\"@type\":\"Organization\",\"@id\":\"https:\/\/cannbliss.com\/#organization\",\"name\":\"Cannbliss\",\"url\":\"https:\/\/cannbliss.com\/\",\"logo\":{\"@type\":\"ImageObject\",\"inLanguage\":\"en-US\",\"@id\":\"https:\/\/cannbliss.com\/#\/schema\/logo\/image\/\",\"url\":\"https:\/\/cannbliss.com\/wp-content\/uploads\/2022\/11\/cannbliss_verdeescuro.png\",\"contentUrl\":\"https:\/\/cannbliss.com\/wp-content\/uploads\/2022\/11\/cannbliss_verdeescuro.png\",\"width\":1000,\"height\":152,\"caption\":\"Cannbliss\"},\"image\":{\"@id\":\"https:\/\/cannbliss.com\/#\/schema\/logo\/image\/\"}}]}<\/script>\n<meta property=\"og:availability\" content=\"out of stock\" \/>\n<meta property=\"product:availability\" content=\"out of stock\" \/>\n<meta property=\"product:retailer_item_id\" content=\"CANN02\" \/>\n<meta property=\"product:condition\" content=\"new\" \/>\n<!-- \/ Yoast SEO plugin. -->","yoast_head_json":{"title":"Hemp Oil 10% 3000 mg Full Spectrum with MCT \u2013 30 ml - Cannbliss","robots":{"index":"index","follow":"follow","max-snippet":"max-snippet:-1","max-image-preview":"max-image-preview:large","max-video-preview":"max-video-preview:-1"},"canonical":"https:\/\/cannbliss.com\/en\/produto\/hemp-oil-3000mg\/","og_locale":"en_US","og_type":"article","og_title":"Hemp Oil 10% 3000 mg Full Spectrum with MCT \u2013 30 ml - Cannbliss","og_description":"This oil is ideal for those who already use Hemp, and wish to further increase the potential of this incredible compound. It\u2019s created in the EU from high quality organic hemp, resulting in a 100% natural, safe and non-psychoactive food supplement, that is perfect to reinforce your well-being even more. Learn more about this oil, below.","og_url":"https:\/\/cannbliss.com\/en\/produto\/hemp-oil-3000mg\/","og_site_name":"Cannbliss","article_modified_time":"2026-02-11T22:34:35+00:00","og_image":[{"width":1080,"height":1080,"url":"https:\/\/cannbliss.com\/wp-content\/uploads\/2022\/11\/Sabor-natural_3000_Upd_1-min.jpg","type":"image\/jpeg"}],"twitter_card":"summary_large_image","twitter_misc":{"Availability":"Out of stock"},"schema":{"@context":"https:\/\/schema.org","@graph":[{"@type":["WebPage","ItemPage"],"@id":"https:\/\/cannbliss.com\/en\/produto\/hemp-oil-3000mg\/","url":"https:\/\/cannbliss.com\/en\/produto\/hemp-oil-3000mg\/","name":"Hemp Oil 10% 3000 mg Full Spectrum with MCT \u2013 30 ml - Cannbliss","isPartOf":{"@id":"https:\/\/cannbliss.com\/#website"},"primaryImageOfPage":{"@id":"https:\/\/cannbliss.com\/en\/produto\/hemp-oil-3000mg\/#primaryimage"},"image":{"@id":"https:\/\/cannbliss.com\/en\/produto\/hemp-oil-3000mg\/#primaryimage"},"thumbnailUrl":"https:\/\/cannbliss.com\/wp-content\/uploads\/2022\/11\/Sabor-natural_3000_Upd_1-min.jpg","datePublished":"2022-11-30T16:56:33+00:00","dateModified":"2026-02-11T22:34:35+00:00","breadcrumb":{"@id":"https:\/\/cannbliss.com\/en\/produto\/hemp-oil-3000mg\/#breadcrumb"},"inLanguage":"en-US","potentialAction":[{"@type":"ReadAction","target":["https:\/\/cannbliss.com\/en\/produto\/hemp-oil-3000mg\/"]}]},{"@type":"ImageObject","inLanguage":"en-US","@id":"https:\/\/cannbliss.com\/en\/produto\/hemp-oil-3000mg\/#primaryimage","url":"https:\/\/cannbliss.com\/wp-content\/uploads\/2022\/11\/Sabor-natural_3000_Upd_1-min.jpg","contentUrl":"https:\/\/cannbliss.com\/wp-content\/uploads\/2022\/11\/Sabor-natural_3000_Upd_1-min.jpg","width":1080,"height":1080},{"@type":"BreadcrumbList","@id":"https:\/\/cannbliss.com\/en\/produto\/hemp-oil-3000mg\/#breadcrumb","itemListElement":[{"@type":"ListItem","position":1,"name":"Shop","item":"https:\/\/cannbliss.com\/en\/shop\/"},{"@type":"ListItem","position":2,"name":"Hemp Oil 10% 3000 mg Full Spectrum with MCT \u2013 30 ml"}]},{"@type":"WebSite","@id":"https:\/\/cannbliss.com\/#website","url":"https:\/\/cannbliss.com\/","name":"Cannbliss","description":"Produtos \u00e0 Base de \u00d3leo de C\u00e2nhamo","publisher":{"@id":"https:\/\/cannbliss.com\/#organization"},"potentialAction":[{"@type":"SearchAction","target":{"@type":"EntryPoint","urlTemplate":"https:\/\/cannbliss.com\/?s={search_term_string}"},"query-input":{"@type":"PropertyValueSpecification","valueRequired":true,"valueName":"search_term_string"}}],"inLanguage":"en-US"},{"@type":"Organization","@id":"https:\/\/cannbliss.com\/#organization","name":"Cannbliss","url":"https:\/\/cannbliss.com\/","logo":{"@type":"ImageObject","inLanguage":"en-US","@id":"https:\/\/cannbliss.com\/#\/schema\/logo\/image\/","url":"https:\/\/cannbliss.com\/wp-content\/uploads\/2022\/11\/cannbliss_verdeescuro.png","contentUrl":"https:\/\/cannbliss.com\/wp-content\/uploads\/2022\/11\/cannbliss_verdeescuro.png","width":1000,"height":152,"caption":"Cannbliss"},"image":{"@id":"https:\/\/cannbliss.com\/#\/schema\/logo\/image\/"}}]},"og_availability":"out of stock","product_availability":"out of stock","product_retailer_item_id":"CANN02","product_condition":"new"},"_links":{"self":[{"href":"https:\/\/cannbliss.com\/en\/wp-json\/wp\/v2\/product\/7634","targetHints":{"allow":["GET"]}}],"collection":[{"href":"https:\/\/cannbliss.com\/en\/wp-json\/wp\/v2\/product"}],"about":[{"href":"https:\/\/cannbliss.com\/en\/wp-json\/wp\/v2\/types\/product"}],"replies":[{"embeddable":true,"href":"https:\/\/cannbliss.com\/en\/wp-json\/wp\/v2\/comments?post=7634"}],"version-history":[{"count":21,"href":"https:\/\/cannbliss.com\/en\/wp-json\/wp\/v2\/product\/7634\/revisions"}],"predecessor-version":[{"id":8226,"href":"https:\/\/cannbliss.com\/en\/wp-json\/wp\/v2\/product\/7634\/revisions\/8226"}],"wp:featuredmedia":[{"embeddable":true,"href":"https:\/\/cannbliss.com\/en\/wp-json\/wp\/v2\/media\/7776"}],"wp:attachment":[{"href":"https:\/\/cannbliss.com\/en\/wp-json\/wp\/v2\/media?parent=7634"}],"wp:term":[{"taxonomy":"product_brand","embeddable":true,"href":"https:\/\/cannbliss.com\/en\/wp-json\/wp\/v2\/product_brand?post=7634"},{"taxonomy":"product_cat","embeddable":true,"href":"https:\/\/cannbliss.com\/en\/wp-json\/wp\/v2\/product_cat?post=7634"},{"taxonomy":"product_tag","embeddable":true,"href":"https:\/\/cannbliss.com\/en\/wp-json\/wp\/v2\/product_tag?post=7634"}],"curies":[{"name":"wp","href":"https:\/\/api.w.org\/{rel}","templated":true}]}}