{"id":12838,"date":"2025-05-15T10:45:50","date_gmt":"2025-05-15T10:45:50","guid":{"rendered":"https:\/\/cannbliss.com\/produto\/cannbliss-sleep-drops-pm-30ml\/"},"modified":"2025-12-02T00:00:09","modified_gmt":"2025-12-02T00:00:09","slug":"cannbliss-sleep-drops-pm-30ml","status":"publish","type":"product","link":"https:\/\/cannbliss.com\/en\/product\/cannbliss-sleep-drops-pm-30ml\/","title":{"rendered":"Cannbliss Sleep Drops PM &#8211; 30ml"},"content":{"rendered":"\t\t<div data-elementor-type=\"product-post\" data-elementor-id=\"12838\" class=\"elementor elementor-12838 elementor-12821\" data-elementor-post-type=\"product\">\n\t\t\t\t\t\t<section class=\"elementor-section elementor-top-section elementor-element elementor-element-f1e1590 elementor-section-boxed elementor-section-height-default elementor-section-height-default\" data-id=\"f1e1590\" data-element_type=\"section\" data-e-type=\"section\">\n\t\t\t\t\t\t<div class=\"elementor-container elementor-column-gap-default\">\n\t\t\t\t\t<div class=\"elementor-column elementor-col-100 elementor-top-column elementor-element elementor-element-7b0d17b\" data-id=\"7b0d17b\" data-element_type=\"column\" data-e-type=\"column\">\n\t\t\t<div class=\"elementor-widget-wrap elementor-element-populated\">\n\t\t\t\t\t\t<div class=\"elementor-element elementor-element-93d1fa3 elementor-widget elementor-widget-text-editor\" data-id=\"93d1fa3\" data-element_type=\"widget\" data-e-type=\"widget\" data-widget_type=\"text-editor.default\">\n\t\t\t\t<div class=\"elementor-widget-container\">\n\t\t\t\t\t\t\t\t\t<h5 class=\"titleproduct\">Description<\/h5>\n<h6>Cannbliss Sleep Drops PM &#8211; 30ml<\/h6>\n<p>Introducing the new Sleep <strong data-start=\"770\" data-end=\"801\">Drops Hemp Oil<\/strong>, developed to help improve sleep quality. <span class=\"relative -mx-px my-[-0.2rem] rounded px-px py-[0.2rem] transition-colors duration-100 ease-in-out\">This formula combines melatonin with natural extracts of chamomile, melissa and bergamot essential oil, providing a calming and relaxing effect.<\/span> <span class=\"relative -mx-px my-[-0.2rem] rounded px-px py-[0.2rem] transition-colors duration-100 ease-in-out\">Ideal for anyone who has trouble falling asleep or wants a deeper, more restorative sleep. <\/span><span class=\"relative -mx-px my-[-0.2rem] rounded px-px py-[0.2rem] transition-colors duration-100 ease-in-out\">Produced with high-quality ingredients and third-party tested to guarantee purity and efficacy. <\/span>Find out more about CannBliss <a href=\"https:\/\/cannbliss.com\/en\/about\/\" target=\"_blank\" rel=\"noopener\">here<\/a><\/p>\n<p><span style=\"font-family: var( --e-global-typography-text-font-family ), Sans-serif; font-size: var( --e-global-typography-text-font-size ); font-weight: var( --e-global-typography-text-font-weight );\"> <\/span><\/p>\n<h5 class=\"titleproduct\">Additional Information<\/h5>\n<\/p>\n<p><b>Benefits<\/b>:<\/p>\n<ul>\n<li class=\"\" data-start=\"679\" data-end=\"782\">\n<p class=\"\" data-start=\"681\" data-end=\"782\"><strong data-start=\"681\" data-end=\"702\">Sleep regulation<\/strong>: <span class=\"relative -mx-px my-[-0.2rem] rounded px-px py-[0.2rem] transition-colors duration-100 ease-in-out\">Melatonin helps reduce the time it takes to fall asleep by aligning the body&#8217;s circadian rhythm.<\/span><\/p>\n<\/li>\n<li class=\"\" data-start=\"784\" data-end=\"889\">\n<p class=\"\" data-start=\"786\" data-end=\"889\"><strong data-start=\"786\" data-end=\"809\">Natural Relaxation<\/strong>: <span class=\"relative -mx-px my-[-0.2rem] rounded px-px py-[0.2rem] transition-colors duration-100 ease-in-out\">Melissa and chamomile promote a feeling of calm, relieving stress and anxiety.<\/span><\/p>\n<\/li>\n<li class=\"\" data-start=\"891\" data-end=\"995\">\n<p class=\"\" data-start=\"893\" data-end=\"995\"><strong data-start=\"893\" data-end=\"915\">Well-being support<\/strong>: <span class=\"relative -mx-px my-[-0.2rem] rounded px-px py-[0.2rem] transition-colors duration-100 ease-in-out\">The combination of natural ingredients contributes to a balanced state of mind and quality sleep.<\/span><\/p>\n<\/li>\n<\/ul>\n<p><b>Ingredients per dose (0.25ml)<\/b>:<\/p>\n<ul data-start=\"1039\" data-end=\"1365\">\n<li class=\"\" data-start=\"1039\" data-end=\"1119\">\n<p class=\"\" data-start=\"1041\" data-end=\"1119\"><span class=\"relative -mx-px my-[-0.2rem] rounded px-px py-[0.2rem] transition-colors duration-100 ease-in-out\">Bergamot essential oil: 7.5 mg<\/span><\/p>\n<\/li>\n<li class=\"\" data-start=\"1121\" data-end=\"1201\">\n<p class=\"\" data-start=\"1123\" data-end=\"1201\"><span class=\"relative -mx-px my-[-0.2rem] rounded px-px py-[0.2rem] transition-colors duration-100 ease-in-out\">Chamomile extract: 2.5 mg<\/span><\/p>\n<\/li>\n<li class=\"\" data-start=\"1203\" data-end=\"1283\">\n<p class=\"\" data-start=\"1205\" data-end=\"1283\"><span class=\"relative -mx-px my-[-0.2rem] rounded px-px py-[0.2rem] transition-colors duration-100 ease-in-out\">Melissa extract: 1.25 mg<\/span><\/p>\n<\/li>\n<li class=\"\" data-start=\"1285\" data-end=\"1365\">\n<p class=\"\" data-start=\"1287\" data-end=\"1365\"><span class=\"relative -mx-px my-[-0.2rem] rounded px-px py-[0.2rem] transition-colors duration-100 ease-in-out\">Melatonin: 1 mg<\/span><\/p>\n<\/li>\n<\/ul>\n<p class=\"\" data-start=\"1367\" data-end=\"1470\">Other ingredients: <span class=\"relative -mx-px my-[-0.2rem] rounded px-px py-[0.2rem] transition-colors duration-100 ease-in-out\">MCT oil (medium chain triglycerides).<\/span><\/p>\n<p data-start=\"1367\" data-end=\"1470\">\n<p><strong>Instructions for use<\/strong><br \/>Shake well before use. Apply 0.25 ml (approximately 5 drops) under the tongue, wait 15 seconds and swallow. It is recommended to take about 1 hour before bedtime.  <\/p>\n<\/p>\n<p><strong>Storage<\/strong><br \/>Store in a cool, dry place away from direct sunlight. Keep out of reach of children. <\/p>\n<\/p>\n<p><strong>Warnings<\/strong><\/p>\n<ul>\n<li class=\"\" data-start=\"1834\" data-end=\"1914\">\n<p class=\"\" data-start=\"1836\" data-end=\"1914\"><span class=\"relative -mx-px my-[-0.2rem] rounded px-px py-[0.2rem] transition-colors duration-100 ease-in-out\">Do not exceed the recommended daily dose.<\/span><\/p>\n<\/li>\n<li class=\"\" data-start=\"1916\" data-end=\"1996\">\n<p class=\"\" data-start=\"1918\" data-end=\"1996\"><span class=\"relative -mx-px my-[-0.2rem] rounded px-px py-[0.2rem] transition-colors duration-100 ease-in-out\">This food supplement is not a substitute for a varied and balanced diet or a healthy lifestyle.<\/span><\/p>\n<\/li>\n<li class=\"\" data-start=\"1998\" data-end=\"2078\">\n<p class=\"\" data-start=\"2000\" data-end=\"2078\"><span class=\"relative -mx-px my-[-0.2rem] rounded px-px py-[0.2rem] transition-colors duration-100 ease-in-out\">Consult a health professional before use if you are pregnant, breastfeeding or taking medication.<\/span><\/p>\n<\/li>\n<\/ul>\n<p><b>Laboratory reports<\/b>:<\/p>\n<p>XXXXX<\/p>\n\t\t\t\t\t\t\t\t<\/div>\n\t\t\t\t<\/div>\n\t\t\t\t\t<\/div>\n\t\t<\/div>\n\t\t\t\t\t<\/div>\n\t\t<\/section>\n\t\t\t\t<\/div>\n\t\t","protected":false},"excerpt":{"rendered":"<p>A natural formula based on melatonin, chamomile, melissa and bergamot, carefully developed to promote a peaceful, deep and truly restorative sleep.<\/p>\n","protected":false},"featured_media":12823,"comment_status":"open","ping_status":"closed","template":"","meta":[],"product_brand":[],"product_cat":[229],"product_tag":[],"class_list":{"0":"post-12838","1":"product","2":"type-product","3":"status-publish","4":"has-post-thumbnail","6":"product_cat-night-drops-en","8":"first","9":"instock","10":"taxable","11":"shipping-taxable","12":"purchasable","13":"product-type-simple"},"yoast_head":"<!-- This site is optimized with the Yoast SEO plugin v26.9 - https:\/\/yoast.com\/product\/yoast-seo-wordpress\/ -->\n<title>Cannbliss Sleep Drops PM - 30ml - Cannbliss<\/title>\n<meta name=\"robots\" content=\"index, follow, max-snippet:-1, max-image-preview:large, max-video-preview:-1\" \/>\n<link rel=\"canonical\" href=\"https:\/\/cannbliss.com\/en\/product\/cannbliss-sleep-drops-pm-30ml\/\" \/>\n<meta property=\"og:locale\" content=\"en_US\" \/>\n<meta property=\"og:type\" content=\"article\" \/>\n<meta property=\"og:title\" content=\"Cannbliss Sleep Drops PM - 30ml - Cannbliss\" \/>\n<meta property=\"og:description\" content=\"A natural formula based on melatonin, chamomile, melissa and bergamot, carefully developed to promote a peaceful, deep and truly restorative sleep.\" \/>\n<meta property=\"og:url\" content=\"https:\/\/cannbliss.com\/en\/product\/cannbliss-sleep-drops-pm-30ml\/\" \/>\n<meta property=\"og:site_name\" content=\"Cannbliss\" \/>\n<meta property=\"article:modified_time\" content=\"2025-12-02T00:00:09+00:00\" \/>\n<meta property=\"og:image\" content=\"https:\/\/cannbliss.com\/wp-content\/uploads\/2025\/05\/SLEEPPM_1.jpg\" \/>\n\t<meta property=\"og:image:width\" content=\"2500\" \/>\n\t<meta property=\"og:image:height\" content=\"2500\" \/>\n\t<meta property=\"og:image:type\" content=\"image\/jpeg\" \/>\n<meta name=\"twitter:card\" content=\"summary_large_image\" \/>\n<meta name=\"twitter:label1\" content=\"Price\" \/>\n\t<meta name=\"twitter:data1\" content=\"&euro;25,15\" \/>\n\t<meta name=\"twitter:label2\" content=\"Availability\" \/>\n\t<meta name=\"twitter:data2\" content=\"In stock\" \/>\n<script type=\"application\/ld+json\" class=\"yoast-schema-graph\">{\"@context\":\"https:\/\/schema.org\",\"@graph\":[{\"@type\":[\"WebPage\",\"ItemPage\"],\"@id\":\"https:\/\/cannbliss.com\/en\/product\/cannbliss-sleep-drops-pm-30ml\/\",\"url\":\"https:\/\/cannbliss.com\/en\/product\/cannbliss-sleep-drops-pm-30ml\/\",\"name\":\"Cannbliss Sleep Drops PM - 30ml - Cannbliss\",\"isPartOf\":{\"@id\":\"https:\/\/cannbliss.com\/#website\"},\"primaryImageOfPage\":{\"@id\":\"https:\/\/cannbliss.com\/en\/product\/cannbliss-sleep-drops-pm-30ml\/#primaryimage\"},\"image\":{\"@id\":\"https:\/\/cannbliss.com\/en\/product\/cannbliss-sleep-drops-pm-30ml\/#primaryimage\"},\"thumbnailUrl\":\"https:\/\/cannbliss.com\/wp-content\/uploads\/2025\/05\/SLEEPPM_1.jpg\",\"datePublished\":\"2025-05-15T10:45:50+00:00\",\"dateModified\":\"2025-12-02T00:00:09+00:00\",\"breadcrumb\":{\"@id\":\"https:\/\/cannbliss.com\/en\/product\/cannbliss-sleep-drops-pm-30ml\/#breadcrumb\"},\"inLanguage\":\"en-US\",\"potentialAction\":[{\"@type\":\"ReadAction\",\"target\":[\"https:\/\/cannbliss.com\/en\/product\/cannbliss-sleep-drops-pm-30ml\/\"]}]},{\"@type\":\"ImageObject\",\"inLanguage\":\"en-US\",\"@id\":\"https:\/\/cannbliss.com\/en\/product\/cannbliss-sleep-drops-pm-30ml\/#primaryimage\",\"url\":\"https:\/\/cannbliss.com\/wp-content\/uploads\/2025\/05\/SLEEPPM_1.jpg\",\"contentUrl\":\"https:\/\/cannbliss.com\/wp-content\/uploads\/2025\/05\/SLEEPPM_1.jpg\",\"width\":2500,\"height\":2500,\"caption\":\"cannbliss sleep drops PM\"},{\"@type\":\"BreadcrumbList\",\"@id\":\"https:\/\/cannbliss.com\/en\/product\/cannbliss-sleep-drops-pm-30ml\/#breadcrumb\",\"itemListElement\":[{\"@type\":\"ListItem\",\"position\":1,\"name\":\"Shop\",\"item\":\"https:\/\/cannbliss.com\/en\/shop\/\"},{\"@type\":\"ListItem\",\"position\":2,\"name\":\"Cannbliss Sleep Drops PM &#8211; 30ml\"}]},{\"@type\":\"WebSite\",\"@id\":\"https:\/\/cannbliss.com\/#website\",\"url\":\"https:\/\/cannbliss.com\/\",\"name\":\"Cannbliss\",\"description\":\"Produtos \u00e0 Base de \u00d3leo de C\u00e2nhamo\",\"publisher\":{\"@id\":\"https:\/\/cannbliss.com\/#organization\"},\"potentialAction\":[{\"@type\":\"SearchAction\",\"target\":{\"@type\":\"EntryPoint\",\"urlTemplate\":\"https:\/\/cannbliss.com\/?s={search_term_string}\"},\"query-input\":{\"@type\":\"PropertyValueSpecification\",\"valueRequired\":true,\"valueName\":\"search_term_string\"}}],\"inLanguage\":\"en-US\"},{\"@type\":\"Organization\",\"@id\":\"https:\/\/cannbliss.com\/#organization\",\"name\":\"Cannbliss\",\"url\":\"https:\/\/cannbliss.com\/\",\"logo\":{\"@type\":\"ImageObject\",\"inLanguage\":\"en-US\",\"@id\":\"https:\/\/cannbliss.com\/#\/schema\/logo\/image\/\",\"url\":\"https:\/\/cannbliss.com\/wp-content\/uploads\/2022\/11\/cannbliss_verdeescuro.png\",\"contentUrl\":\"https:\/\/cannbliss.com\/wp-content\/uploads\/2022\/11\/cannbliss_verdeescuro.png\",\"width\":1000,\"height\":152,\"caption\":\"Cannbliss\"},\"image\":{\"@id\":\"https:\/\/cannbliss.com\/#\/schema\/logo\/image\/\"}}]}<\/script>\n<meta property=\"product:price:amount\" content=\"25.15\" \/>\n<meta property=\"product:price:currency\" content=\"EUR\" \/>\n<meta property=\"og:availability\" content=\"instock\" \/>\n<meta property=\"product:availability\" content=\"instock\" \/>\n<meta property=\"product:retailer_item_id\" content=\"CANN0421\" \/>\n<meta property=\"product:condition\" content=\"new\" \/>\n<!-- \/ Yoast SEO plugin. -->","yoast_head_json":{"title":"Cannbliss Sleep Drops PM - 30ml - Cannbliss","robots":{"index":"index","follow":"follow","max-snippet":"max-snippet:-1","max-image-preview":"max-image-preview:large","max-video-preview":"max-video-preview:-1"},"canonical":"https:\/\/cannbliss.com\/en\/product\/cannbliss-sleep-drops-pm-30ml\/","og_locale":"en_US","og_type":"article","og_title":"Cannbliss Sleep Drops PM - 30ml - Cannbliss","og_description":"A natural formula based on melatonin, chamomile, melissa and bergamot, carefully developed to promote a peaceful, deep and truly restorative sleep.","og_url":"https:\/\/cannbliss.com\/en\/product\/cannbliss-sleep-drops-pm-30ml\/","og_site_name":"Cannbliss","article_modified_time":"2025-12-02T00:00:09+00:00","og_image":[{"width":2500,"height":2500,"url":"https:\/\/cannbliss.com\/wp-content\/uploads\/2025\/05\/SLEEPPM_1.jpg","type":"image\/jpeg"}],"twitter_card":"summary_large_image","twitter_misc":{"Price":"&euro;25,15","Availability":"In stock"},"schema":{"@context":"https:\/\/schema.org","@graph":[{"@type":["WebPage","ItemPage"],"@id":"https:\/\/cannbliss.com\/en\/product\/cannbliss-sleep-drops-pm-30ml\/","url":"https:\/\/cannbliss.com\/en\/product\/cannbliss-sleep-drops-pm-30ml\/","name":"Cannbliss Sleep Drops PM - 30ml - Cannbliss","isPartOf":{"@id":"https:\/\/cannbliss.com\/#website"},"primaryImageOfPage":{"@id":"https:\/\/cannbliss.com\/en\/product\/cannbliss-sleep-drops-pm-30ml\/#primaryimage"},"image":{"@id":"https:\/\/cannbliss.com\/en\/product\/cannbliss-sleep-drops-pm-30ml\/#primaryimage"},"thumbnailUrl":"https:\/\/cannbliss.com\/wp-content\/uploads\/2025\/05\/SLEEPPM_1.jpg","datePublished":"2025-05-15T10:45:50+00:00","dateModified":"2025-12-02T00:00:09+00:00","breadcrumb":{"@id":"https:\/\/cannbliss.com\/en\/product\/cannbliss-sleep-drops-pm-30ml\/#breadcrumb"},"inLanguage":"en-US","potentialAction":[{"@type":"ReadAction","target":["https:\/\/cannbliss.com\/en\/product\/cannbliss-sleep-drops-pm-30ml\/"]}]},{"@type":"ImageObject","inLanguage":"en-US","@id":"https:\/\/cannbliss.com\/en\/product\/cannbliss-sleep-drops-pm-30ml\/#primaryimage","url":"https:\/\/cannbliss.com\/wp-content\/uploads\/2025\/05\/SLEEPPM_1.jpg","contentUrl":"https:\/\/cannbliss.com\/wp-content\/uploads\/2025\/05\/SLEEPPM_1.jpg","width":2500,"height":2500,"caption":"cannbliss sleep drops PM"},{"@type":"BreadcrumbList","@id":"https:\/\/cannbliss.com\/en\/product\/cannbliss-sleep-drops-pm-30ml\/#breadcrumb","itemListElement":[{"@type":"ListItem","position":1,"name":"Shop","item":"https:\/\/cannbliss.com\/en\/shop\/"},{"@type":"ListItem","position":2,"name":"Cannbliss Sleep Drops PM &#8211; 30ml"}]},{"@type":"WebSite","@id":"https:\/\/cannbliss.com\/#website","url":"https:\/\/cannbliss.com\/","name":"Cannbliss","description":"Produtos \u00e0 Base de \u00d3leo de C\u00e2nhamo","publisher":{"@id":"https:\/\/cannbliss.com\/#organization"},"potentialAction":[{"@type":"SearchAction","target":{"@type":"EntryPoint","urlTemplate":"https:\/\/cannbliss.com\/?s={search_term_string}"},"query-input":{"@type":"PropertyValueSpecification","valueRequired":true,"valueName":"search_term_string"}}],"inLanguage":"en-US"},{"@type":"Organization","@id":"https:\/\/cannbliss.com\/#organization","name":"Cannbliss","url":"https:\/\/cannbliss.com\/","logo":{"@type":"ImageObject","inLanguage":"en-US","@id":"https:\/\/cannbliss.com\/#\/schema\/logo\/image\/","url":"https:\/\/cannbliss.com\/wp-content\/uploads\/2022\/11\/cannbliss_verdeescuro.png","contentUrl":"https:\/\/cannbliss.com\/wp-content\/uploads\/2022\/11\/cannbliss_verdeescuro.png","width":1000,"height":152,"caption":"Cannbliss"},"image":{"@id":"https:\/\/cannbliss.com\/#\/schema\/logo\/image\/"}}]},"product_price_amount":"25.15","product_price_currency":"EUR","og_availability":"instock","product_availability":"instock","product_retailer_item_id":"CANN0421","product_condition":"new"},"_links":{"self":[{"href":"https:\/\/cannbliss.com\/en\/wp-json\/wp\/v2\/product\/12838","targetHints":{"allow":["GET"]}}],"collection":[{"href":"https:\/\/cannbliss.com\/en\/wp-json\/wp\/v2\/product"}],"about":[{"href":"https:\/\/cannbliss.com\/en\/wp-json\/wp\/v2\/types\/product"}],"replies":[{"embeddable":true,"href":"https:\/\/cannbliss.com\/en\/wp-json\/wp\/v2\/comments?post=12838"}],"version-history":[{"count":3,"href":"https:\/\/cannbliss.com\/en\/wp-json\/wp\/v2\/product\/12838\/revisions"}],"predecessor-version":[{"id":13009,"href":"https:\/\/cannbliss.com\/en\/wp-json\/wp\/v2\/product\/12838\/revisions\/13009"}],"wp:featuredmedia":[{"embeddable":true,"href":"https:\/\/cannbliss.com\/en\/wp-json\/wp\/v2\/media\/12823"}],"wp:attachment":[{"href":"https:\/\/cannbliss.com\/en\/wp-json\/wp\/v2\/media?parent=12838"}],"wp:term":[{"taxonomy":"product_brand","embeddable":true,"href":"https:\/\/cannbliss.com\/en\/wp-json\/wp\/v2\/product_brand?post=12838"},{"taxonomy":"product_cat","embeddable":true,"href":"https:\/\/cannbliss.com\/en\/wp-json\/wp\/v2\/product_cat?post=12838"},{"taxonomy":"product_tag","embeddable":true,"href":"https:\/\/cannbliss.com\/en\/wp-json\/wp\/v2\/product_tag?post=12838"}],"curies":[{"name":"wp","href":"https:\/\/api.w.org\/{rel}","templated":true}]}}