{"id":10539,"date":"2024-07-31T13:30:26","date_gmt":"2024-07-31T13:30:26","guid":{"rendered":"https:\/\/cannbliss.com\/produto\/hemp-oil-24-7200mg-natural-flavour-30ml\/"},"modified":"2025-12-02T00:00:09","modified_gmt":"2025-12-02T00:00:09","slug":"hemp-oil-24-7200mg-natural-flavour-30ml","status":"publish","type":"product","link":"https:\/\/cannbliss.com\/en\/product\/hemp-oil-24-7200mg-natural-flavour-30ml\/","title":{"rendered":"Hemp Oil 7200mg Natural Flavour &#8211; 30ml"},"content":{"rendered":"\t\t<div data-elementor-type=\"product-post\" data-elementor-id=\"10539\" class=\"elementor elementor-10539 elementor-10526\" data-elementor-post-type=\"product\">\n\t\t\t\t\t\t<section class=\"elementor-section elementor-top-section elementor-element elementor-element-768cc63 elementor-section-boxed elementor-section-height-default elementor-section-height-default\" data-id=\"768cc63\" data-element_type=\"section\" data-e-type=\"section\">\n\t\t\t\t\t\t<div class=\"elementor-container elementor-column-gap-default\">\n\t\t\t\t\t<div class=\"elementor-column elementor-col-100 elementor-top-column elementor-element elementor-element-eb8f20d\" data-id=\"eb8f20d\" data-element_type=\"column\" data-e-type=\"column\">\n\t\t\t<div class=\"elementor-widget-wrap elementor-element-populated\">\n\t\t\t\t\t\t<div class=\"elementor-element elementor-element-76c169d elementor-widget elementor-widget-text-editor\" data-id=\"76c169d\" data-element_type=\"widget\" data-e-type=\"widget\" data-widget_type=\"text-editor.default\">\n\t\t\t\t<div class=\"elementor-widget-container\">\n\t\t\t\t\t\t\t\t\t<h5 class=\"titleproduct\">Description<\/h5>\n<h6>Hemp Oil 7200mg Natural Flavour &#8211; 30ml<\/h6>\n<p>CannBliss Hemp Oil 7200mg is suitable for Hemp users who want to further increase the potential of this compound through a higher concentration.<br \/>\nAll our Hemp products are organically grown in the EU from the highest quality hemp and tested by independent laboratories to guarantee premium quality, healthy, 100% natural, safe food supplements without any psychoactive effects or risk of intoxication, which help to boost your health and wellbeing in a holistic way, and even treat or mitigate the effects of various pathologies. <\/p>\n<p>Find out more about CannBliss <a href=\"https:\/\/cannbliss.com\/en\/about\/\" target=\"_blank\" rel=\"noopener\">here<\/a>, and if you want to learn more about the therapeutic potential of Hemp, click <a href=\"https:\/\/cannbliss.com\/en\/why-hemp\/\" target=\"_blank\" rel=\"noopener\">here<\/a>.<\/p>\n<\/p>\n<h5 class=\"titleproduct\">Additional Information<\/h5>\n<p><b>All our products guarantee quality, consistency and transparency:<\/b><\/p>\n<p>&#8211; Free from aggressive chemicals, pesticides and heavy metals<br \/>&#8211; Gluten-free (vegan-friendly), and GMO-free (non-GMO)<br \/>&#8211; Full Spectrum hemp extract, with less than 0.2% THC, tested in the laboratory<br \/>&#8211; Premium quality, produced in the EU from EU-certified seeds<\/p>\n<\/p>\n<p><b>Omega 3:<\/b><\/p>\n<p>Decreases inflammation; Protects against cardiovascular disease; Helps fight depression; Fights asthma; Helps control glycaemia; Prevents Alzheimer&#8217;s; Improves skin quality.<\/p>\n<\/p>\n<p> <strong> Omega 6<\/strong>:<\/p>\n<p>Reduces bad cholesterol and triglycerides; Improves cardiovascular function; Improves vision and eye health; Strengthens the immune system; Depression and anxiety; Prevents hypertension; Helps prevent osteoporosis.<\/p>\n<\/p>\n<p><strong>Omega 9<\/strong>:<\/p>\n<p>Maintains good cholesterol levels; Fights inflammation; Regulates blood pressure; Lowers triglycerides; Improves libido; Preserves brain health<\/p>\n<\/p>\n<p><strong>Laboratory Claims:<\/strong><\/p>\n<p>Manufactured in a high quality GMP certified pharmaceutical laboratory. Contains 7200mg with 30ml Natural flavor. THC content of less than 0.2%. Rich in fatty acids with a high concentration of Omega 3,6,9. Great taste and excellent absorption. Contains antioxidants (Vitamin E), Caratone (precursor of VitaMediamin A), phytosterols, phospholipids and minerals; calcium, magnesium, sulphur, potassium, phosphorus, iron and zinc.     <\/p>\n<p><span style=\"font-family: var( --e-global-typography-text-font-family ), Sans-serif; font-size: var( --e-global-typography-text-font-size ); font-weight: var( --e-global-typography-text-font-weight );\"> <\/span><\/p>\n<p><b>Dosage:<\/b><\/p>\n<p>Take 0.20 ml a day, 7 drops; if needed, take twice a day. Shake well before taking.  For every 0.20ml we have a concentration of Cannabis sativa, Hemp (Seed Oil &#8211; THC \u2264 0.2%) &#8211; 48.0 mg.<\/p>\n<\/p>\n<p><b>Storage<\/b>:<\/p>\n<p>Do not refrigerate. Store away from heat, light and humidity. <\/p>\n<\/p>\n<p><strong>Special Requirements:<\/strong><\/p>\n<p>Halal; Kosher; Organic; Vegan; BSE\/TSE free; GMO; Nanoparticles; no TiO2 added.<\/p>\n<\/p>\n<p><b>Warnings:<\/b><\/p>\n<p>Hemp oil quantity 30ml; Do not exceed the recommended daily intake; Food supplements should not be used as a substitute for a varied diet. Store in a dry place in the original packaging and at a temperature below 25 C; Keep away from light and heat. Keep out of the reach and sight of children and children under 18. Not to be used in case of pregnancy or when breastfeeding, unless advised by a doctor. Batch and shelf life (24 months). We remind you to read the information on the packaging, including the ingredients, of the products before use. The information provided may vary according to the batch (always check the label).     <\/p>\n<\/p>\n<p><b>Laboratory reports<\/b>:<\/p>\n<p>Lot CZ01375<\/p>\n\t\t\t\t\t\t\t\t<\/div>\n\t\t\t\t<\/div>\n\t\t\t\t\t<\/div>\n\t\t<\/div>\n\t\t\t\t\t<\/div>\n\t\t<\/section>\n\t\t\t\t<\/div>\n\t\t","protected":false},"excerpt":{"rendered":"<p><em><strong>Product certified by the DGAV<\/strong><\/em><br \/>\n<span style=\"color: #1c1c1c;\"><strong>This oil is cold pressed from the seeds of Cannabis Sativa. Manufactured in a GMP-certified pharmaceutical laboratory in the EU, it is safe, effective and of the highest quality. <\/strong><\/span><br \/>\nIt is created in the EU from high-quality organic hemp, resulting in a 100% natural, safe food supplement with no psychoactive effects, perfect for further boosting your well-being. Hemp seed oil has a high concentration of Omega 3, 6 and 9 fatty acids as well as antioxidants.<\/p>\n<p>Find out more about this oil below.<\/p>\n","protected":false},"featured_media":10502,"comment_status":"open","ping_status":"closed","template":"","meta":[],"product_brand":[],"product_cat":[224],"product_tag":[],"class_list":{"0":"post-10539","1":"product","2":"type-product","3":"status-publish","4":"has-post-thumbnail","6":"product_cat-hemp-oils","8":"first","9":"instock","10":"taxable","11":"shipping-taxable","12":"purchasable","13":"product-type-simple"},"yoast_head":"<!-- This site is optimized with the Yoast SEO plugin v26.9 - https:\/\/yoast.com\/product\/yoast-seo-wordpress\/ -->\n<title>Hemp Oil 7200mg Natural Flavour - 30ml - Cannbliss<\/title>\n<meta name=\"description\" content=\"Hemp seed oil 30ml with a concentration of 7200mg with a high concentration of Omega 3, 6, 9 fatty acids as well as antioxidants.\" \/>\n<meta name=\"robots\" content=\"index, follow, max-snippet:-1, max-image-preview:large, max-video-preview:-1\" \/>\n<link rel=\"canonical\" href=\"https:\/\/cannbliss.com\/en\/product\/hemp-oil-24-7200mg-natural-flavour-30ml\/\" \/>\n<meta property=\"og:locale\" content=\"en_US\" \/>\n<meta property=\"og:type\" content=\"article\" \/>\n<meta property=\"og:title\" content=\"Hemp Oil 7200mg Natural Flavour - 30ml - Cannbliss\" \/>\n<meta property=\"og:description\" content=\"Hemp seed oil 30ml with a concentration of 7200mg with a high concentration of Omega 3, 6, 9 fatty acids as well as antioxidants.\" \/>\n<meta property=\"og:url\" content=\"https:\/\/cannbliss.com\/en\/product\/hemp-oil-24-7200mg-natural-flavour-30ml\/\" \/>\n<meta property=\"og:site_name\" content=\"Cannbliss\" \/>\n<meta property=\"article:modified_time\" content=\"2025-12-02T00:00:09+00:00\" \/>\n<meta property=\"og:image\" content=\"https:\/\/cannbliss.com\/wp-content\/uploads\/2024\/07\/mockup_7200-min-scaled.jpg\" \/>\n\t<meta property=\"og:image:width\" content=\"2560\" \/>\n\t<meta property=\"og:image:height\" content=\"2560\" \/>\n\t<meta property=\"og:image:type\" content=\"image\/jpeg\" \/>\n<meta name=\"twitter:card\" content=\"summary_large_image\" \/>\n<meta name=\"twitter:label1\" content=\"Price\" \/>\n\t<meta name=\"twitter:data1\" content=\"&euro;49,00\" \/>\n\t<meta name=\"twitter:label2\" content=\"Availability\" \/>\n\t<meta name=\"twitter:data2\" content=\"In stock\" \/>\n<script type=\"application\/ld+json\" class=\"yoast-schema-graph\">{\"@context\":\"https:\/\/schema.org\",\"@graph\":[{\"@type\":[\"WebPage\",\"ItemPage\"],\"@id\":\"https:\/\/cannbliss.com\/en\/product\/hemp-oil-24-7200mg-natural-flavour-30ml\/\",\"url\":\"https:\/\/cannbliss.com\/en\/product\/hemp-oil-24-7200mg-natural-flavour-30ml\/\",\"name\":\"Hemp Oil 7200mg Natural Flavour - 30ml - Cannbliss\",\"isPartOf\":{\"@id\":\"https:\/\/cannbliss.com\/#website\"},\"primaryImageOfPage\":{\"@id\":\"https:\/\/cannbliss.com\/en\/product\/hemp-oil-24-7200mg-natural-flavour-30ml\/#primaryimage\"},\"image\":{\"@id\":\"https:\/\/cannbliss.com\/en\/product\/hemp-oil-24-7200mg-natural-flavour-30ml\/#primaryimage\"},\"thumbnailUrl\":\"https:\/\/cannbliss.com\/wp-content\/uploads\/2024\/07\/mockup_7200-min-scaled.jpg\",\"datePublished\":\"2024-07-31T13:30:26+00:00\",\"dateModified\":\"2025-12-02T00:00:09+00:00\",\"description\":\"Hemp seed oil 30ml with a concentration of 7200mg with a high concentration of Omega 3, 6, 9 fatty acids as well as antioxidants.\",\"breadcrumb\":{\"@id\":\"https:\/\/cannbliss.com\/en\/product\/hemp-oil-24-7200mg-natural-flavour-30ml\/#breadcrumb\"},\"inLanguage\":\"en-US\",\"potentialAction\":[{\"@type\":\"ReadAction\",\"target\":[\"https:\/\/cannbliss.com\/en\/product\/hemp-oil-24-7200mg-natural-flavour-30ml\/\"]}]},{\"@type\":\"ImageObject\",\"inLanguage\":\"en-US\",\"@id\":\"https:\/\/cannbliss.com\/en\/product\/hemp-oil-24-7200mg-natural-flavour-30ml\/#primaryimage\",\"url\":\"https:\/\/cannbliss.com\/wp-content\/uploads\/2024\/07\/mockup_7200-min-scaled.jpg\",\"contentUrl\":\"https:\/\/cannbliss.com\/wp-content\/uploads\/2024\/07\/mockup_7200-min-scaled.jpg\",\"width\":2560,\"height\":2560,\"caption\":\"\u00d3leo C\u00e2nhamo 24% 7200mg\"},{\"@type\":\"BreadcrumbList\",\"@id\":\"https:\/\/cannbliss.com\/en\/product\/hemp-oil-24-7200mg-natural-flavour-30ml\/#breadcrumb\",\"itemListElement\":[{\"@type\":\"ListItem\",\"position\":1,\"name\":\"Shop\",\"item\":\"https:\/\/cannbliss.com\/en\/shop\/\"},{\"@type\":\"ListItem\",\"position\":2,\"name\":\"Hemp Oil 7200mg Natural Flavour &#8211; 30ml\"}]},{\"@type\":\"WebSite\",\"@id\":\"https:\/\/cannbliss.com\/#website\",\"url\":\"https:\/\/cannbliss.com\/\",\"name\":\"Cannbliss\",\"description\":\"Produtos \u00e0 Base de \u00d3leo de C\u00e2nhamo\",\"publisher\":{\"@id\":\"https:\/\/cannbliss.com\/#organization\"},\"potentialAction\":[{\"@type\":\"SearchAction\",\"target\":{\"@type\":\"EntryPoint\",\"urlTemplate\":\"https:\/\/cannbliss.com\/?s={search_term_string}\"},\"query-input\":{\"@type\":\"PropertyValueSpecification\",\"valueRequired\":true,\"valueName\":\"search_term_string\"}}],\"inLanguage\":\"en-US\"},{\"@type\":\"Organization\",\"@id\":\"https:\/\/cannbliss.com\/#organization\",\"name\":\"Cannbliss\",\"url\":\"https:\/\/cannbliss.com\/\",\"logo\":{\"@type\":\"ImageObject\",\"inLanguage\":\"en-US\",\"@id\":\"https:\/\/cannbliss.com\/#\/schema\/logo\/image\/\",\"url\":\"https:\/\/cannbliss.com\/wp-content\/uploads\/2022\/11\/cannbliss_verdeescuro.png\",\"contentUrl\":\"https:\/\/cannbliss.com\/wp-content\/uploads\/2022\/11\/cannbliss_verdeescuro.png\",\"width\":1000,\"height\":152,\"caption\":\"Cannbliss\"},\"image\":{\"@id\":\"https:\/\/cannbliss.com\/#\/schema\/logo\/image\/\"}}]}<\/script>\n<meta property=\"product:price:amount\" content=\"49.00\" \/>\n<meta property=\"product:price:currency\" content=\"EUR\" \/>\n<meta property=\"og:availability\" content=\"instock\" \/>\n<meta property=\"product:availability\" content=\"instock\" \/>\n<meta property=\"product:retailer_item_id\" content=\"CANN055\" \/>\n<meta property=\"product:condition\" content=\"new\" \/>\n<!-- \/ Yoast SEO plugin. -->","yoast_head_json":{"title":"Hemp Oil 7200mg Natural Flavour - 30ml - Cannbliss","description":"Hemp seed oil 30ml with a concentration of 7200mg with a high concentration of Omega 3, 6, 9 fatty acids as well as antioxidants.","robots":{"index":"index","follow":"follow","max-snippet":"max-snippet:-1","max-image-preview":"max-image-preview:large","max-video-preview":"max-video-preview:-1"},"canonical":"https:\/\/cannbliss.com\/en\/product\/hemp-oil-24-7200mg-natural-flavour-30ml\/","og_locale":"en_US","og_type":"article","og_title":"Hemp Oil 7200mg Natural Flavour - 30ml - Cannbliss","og_description":"Hemp seed oil 30ml with a concentration of 7200mg with a high concentration of Omega 3, 6, 9 fatty acids as well as antioxidants.","og_url":"https:\/\/cannbliss.com\/en\/product\/hemp-oil-24-7200mg-natural-flavour-30ml\/","og_site_name":"Cannbliss","article_modified_time":"2025-12-02T00:00:09+00:00","og_image":[{"width":2560,"height":2560,"url":"https:\/\/cannbliss.com\/wp-content\/uploads\/2024\/07\/mockup_7200-min-scaled.jpg","type":"image\/jpeg"}],"twitter_card":"summary_large_image","twitter_misc":{"Price":"&euro;49,00","Availability":"In stock"},"schema":{"@context":"https:\/\/schema.org","@graph":[{"@type":["WebPage","ItemPage"],"@id":"https:\/\/cannbliss.com\/en\/product\/hemp-oil-24-7200mg-natural-flavour-30ml\/","url":"https:\/\/cannbliss.com\/en\/product\/hemp-oil-24-7200mg-natural-flavour-30ml\/","name":"Hemp Oil 7200mg Natural Flavour - 30ml - Cannbliss","isPartOf":{"@id":"https:\/\/cannbliss.com\/#website"},"primaryImageOfPage":{"@id":"https:\/\/cannbliss.com\/en\/product\/hemp-oil-24-7200mg-natural-flavour-30ml\/#primaryimage"},"image":{"@id":"https:\/\/cannbliss.com\/en\/product\/hemp-oil-24-7200mg-natural-flavour-30ml\/#primaryimage"},"thumbnailUrl":"https:\/\/cannbliss.com\/wp-content\/uploads\/2024\/07\/mockup_7200-min-scaled.jpg","datePublished":"2024-07-31T13:30:26+00:00","dateModified":"2025-12-02T00:00:09+00:00","description":"Hemp seed oil 30ml with a concentration of 7200mg with a high concentration of Omega 3, 6, 9 fatty acids as well as antioxidants.","breadcrumb":{"@id":"https:\/\/cannbliss.com\/en\/product\/hemp-oil-24-7200mg-natural-flavour-30ml\/#breadcrumb"},"inLanguage":"en-US","potentialAction":[{"@type":"ReadAction","target":["https:\/\/cannbliss.com\/en\/product\/hemp-oil-24-7200mg-natural-flavour-30ml\/"]}]},{"@type":"ImageObject","inLanguage":"en-US","@id":"https:\/\/cannbliss.com\/en\/product\/hemp-oil-24-7200mg-natural-flavour-30ml\/#primaryimage","url":"https:\/\/cannbliss.com\/wp-content\/uploads\/2024\/07\/mockup_7200-min-scaled.jpg","contentUrl":"https:\/\/cannbliss.com\/wp-content\/uploads\/2024\/07\/mockup_7200-min-scaled.jpg","width":2560,"height":2560,"caption":"\u00d3leo C\u00e2nhamo 24% 7200mg"},{"@type":"BreadcrumbList","@id":"https:\/\/cannbliss.com\/en\/product\/hemp-oil-24-7200mg-natural-flavour-30ml\/#breadcrumb","itemListElement":[{"@type":"ListItem","position":1,"name":"Shop","item":"https:\/\/cannbliss.com\/en\/shop\/"},{"@type":"ListItem","position":2,"name":"Hemp Oil 7200mg Natural Flavour &#8211; 30ml"}]},{"@type":"WebSite","@id":"https:\/\/cannbliss.com\/#website","url":"https:\/\/cannbliss.com\/","name":"Cannbliss","description":"Produtos \u00e0 Base de \u00d3leo de C\u00e2nhamo","publisher":{"@id":"https:\/\/cannbliss.com\/#organization"},"potentialAction":[{"@type":"SearchAction","target":{"@type":"EntryPoint","urlTemplate":"https:\/\/cannbliss.com\/?s={search_term_string}"},"query-input":{"@type":"PropertyValueSpecification","valueRequired":true,"valueName":"search_term_string"}}],"inLanguage":"en-US"},{"@type":"Organization","@id":"https:\/\/cannbliss.com\/#organization","name":"Cannbliss","url":"https:\/\/cannbliss.com\/","logo":{"@type":"ImageObject","inLanguage":"en-US","@id":"https:\/\/cannbliss.com\/#\/schema\/logo\/image\/","url":"https:\/\/cannbliss.com\/wp-content\/uploads\/2022\/11\/cannbliss_verdeescuro.png","contentUrl":"https:\/\/cannbliss.com\/wp-content\/uploads\/2022\/11\/cannbliss_verdeescuro.png","width":1000,"height":152,"caption":"Cannbliss"},"image":{"@id":"https:\/\/cannbliss.com\/#\/schema\/logo\/image\/"}}]},"product_price_amount":"49.00","product_price_currency":"EUR","og_availability":"instock","product_availability":"instock","product_retailer_item_id":"CANN055","product_condition":"new"},"_links":{"self":[{"href":"https:\/\/cannbliss.com\/en\/wp-json\/wp\/v2\/product\/10539","targetHints":{"allow":["GET"]}}],"collection":[{"href":"https:\/\/cannbliss.com\/en\/wp-json\/wp\/v2\/product"}],"about":[{"href":"https:\/\/cannbliss.com\/en\/wp-json\/wp\/v2\/types\/product"}],"replies":[{"embeddable":true,"href":"https:\/\/cannbliss.com\/en\/wp-json\/wp\/v2\/comments?post=10539"}],"version-history":[{"count":14,"href":"https:\/\/cannbliss.com\/en\/wp-json\/wp\/v2\/product\/10539\/revisions"}],"predecessor-version":[{"id":12587,"href":"https:\/\/cannbliss.com\/en\/wp-json\/wp\/v2\/product\/10539\/revisions\/12587"}],"wp:featuredmedia":[{"embeddable":true,"href":"https:\/\/cannbliss.com\/en\/wp-json\/wp\/v2\/media\/10502"}],"wp:attachment":[{"href":"https:\/\/cannbliss.com\/en\/wp-json\/wp\/v2\/media?parent=10539"}],"wp:term":[{"taxonomy":"product_brand","embeddable":true,"href":"https:\/\/cannbliss.com\/en\/wp-json\/wp\/v2\/product_brand?post=10539"},{"taxonomy":"product_cat","embeddable":true,"href":"https:\/\/cannbliss.com\/en\/wp-json\/wp\/v2\/product_cat?post=10539"},{"taxonomy":"product_tag","embeddable":true,"href":"https:\/\/cannbliss.com\/en\/wp-json\/wp\/v2\/product_tag?post=10539"}],"curies":[{"name":"wp","href":"https:\/\/api.w.org\/{rel}","templated":true}]}}