{"id":4754,"date":"2021-02-09T17:56:32","date_gmt":"2021-02-09T17:56:32","guid":{"rendered":"https:\/\/cannbliss.com\/cart-2\/"},"modified":"2023-03-17T17:22:24","modified_gmt":"2023-03-17T17:22:24","slug":"cart","status":"publish","type":"page","link":"https:\/\/cannbliss.com\/en\/cart\/","title":{"rendered":"Cart"},"content":{"rendered":"\t\t<div data-elementor-type=\"wp-page\" data-elementor-id=\"4754\" class=\"elementor elementor-4754 elementor-8\" data-elementor-post-type=\"page\">\n\t\t\t\t\t\t<section class=\"elementor-section elementor-top-section elementor-element elementor-element-603c34f elementor-section-stretched elementor-section-boxed elementor-section-height-default elementor-section-height-default\" data-id=\"603c34f\" data-element_type=\"section\" data-e-type=\"section\" data-settings=\"{&quot;background_background&quot;:&quot;classic&quot;,&quot;stretch_section&quot;:&quot;section-stretched&quot;}\">\n\t\t\t\t\t\t<div class=\"elementor-container elementor-column-gap-default\">\n\t\t\t\t\t<div class=\"elementor-column elementor-col-100 elementor-top-column elementor-element elementor-element-9dda9f2\" data-id=\"9dda9f2\" data-element_type=\"column\" data-e-type=\"column\">\n\t\t\t<div class=\"elementor-widget-wrap elementor-element-populated\">\n\t\t\t\t\t\t<section class=\"elementor-section elementor-inner-section elementor-element elementor-element-fa7d940 elementor-section-boxed elementor-section-height-default elementor-section-height-default\" data-id=\"fa7d940\" data-element_type=\"section\" data-e-type=\"section\">\n\t\t\t\t\t\t<div class=\"elementor-container elementor-column-gap-default\">\n\t\t\t\t\t<div class=\"elementor-column elementor-col-100 elementor-inner-column elementor-element elementor-element-4e3c7b8\" data-id=\"4e3c7b8\" data-element_type=\"column\" data-e-type=\"column\" data-settings=\"{&quot;background_background&quot;:&quot;classic&quot;}\">\n\t\t\t<div class=\"elementor-widget-wrap elementor-element-populated\">\n\t\t\t\t\t\t<div class=\"elementor-element elementor-element-7410863 e-cart-layout-two-column elementor-widget elementor-widget-woocommerce-cart\" data-id=\"7410863\" data-element_type=\"widget\" data-e-type=\"widget\" data-settings=\"{&quot;update_cart_automatically&quot;:&quot;yes&quot;}\" data-widget_type=\"woocommerce-cart.default\">\n\t\t\t\t<div class=\"elementor-widget-container\">\n\t\t\t\t\t<div class=\"woocommerce\"><div class=\"woocommerce-notices-wrapper\"><\/div><div class=\"wc-empty-cart-message\">\n\t<div class=\"cart-empty woocommerce-info\" role=\"status\">\n\t\tYour cart is currently empty.\t<\/div>\n<\/div>\t<p class=\"return-to-shop\">\n\t\t<a class=\"button wc-backward\" href=\"https:\/\/cannbliss.com\/en\/shop\/\">\n\t\t\tReturn to shop\t\t<\/a>\n\t<\/p>\n<\/div>\t\t\t\t<\/div>\n\t\t\t\t<\/div>\n\t\t\t\t\t<\/div>\n\t\t<\/div>\n\t\t\t\t\t<\/div>\n\t\t<\/section>\n\t\t\t\t\t<\/div>\n\t\t<\/div>\n\t\t\t\t\t<\/div>\n\t\t<\/section>\n\t\t\t\t<\/div>\n\t\t","protected":false},"excerpt":{"rendered":"<p>Remove item Thumbnail image Product Price Quantity Subtotal &times; CBD Oil 20% 6000 mg Full Spectrum &#8211; Mint &euro;169,00 CBD Oil 20% 6000 mg Full Spectrum &#8211; Mint quantity &euro;169,00 &times; CBD Oil 5% 1500 mg Full Spectrum &#8211; Mint &euro;109,00 CBD Oil 5% 1500 mg Full Spectrum &#8211; Mint quantity &euro;109,00 Apply Coupon Cart [&hellip;]<\/p>\n","protected":false},"author":1,"featured_media":0,"parent":0,"menu_order":0,"comment_status":"closed","ping_status":"closed","template":"elementor_header_footer","meta":{"footnotes":""},"class_list":["post-4754","page","type-page","status-publish","hentry"],"yoast_head":"<!-- This site is optimized with the Yoast SEO plugin v26.9 - https:\/\/yoast.com\/product\/yoast-seo-wordpress\/ -->\n<title>Cart - Cannbliss<\/title>\n<meta name=\"robots\" content=\"index, follow, max-snippet:-1, max-image-preview:large, max-video-preview:-1\" \/>\n<link rel=\"canonical\" href=\"https:\/\/cannbliss.com\/carrinho\/\" \/>\n<meta property=\"og:locale\" content=\"en_US\" \/>\n<meta property=\"og:type\" content=\"article\" \/>\n<meta property=\"og:title\" content=\"Cart - Cannbliss\" \/>\n<meta property=\"og:description\" content=\"Remove item Thumbnail image Product Price Quantity Subtotal &times; CBD Oil 20% 6000 mg Full Spectrum &#8211; Mint &euro;169,00 CBD Oil 20% 6000 mg Full Spectrum &#8211; Mint quantity &euro;169,00 &times; CBD Oil 5% 1500 mg Full Spectrum &#8211; Mint &euro;109,00 CBD Oil 5% 1500 mg Full Spectrum &#8211; Mint quantity &euro;109,00 Apply Coupon Cart [&hellip;]\" \/>\n<meta property=\"og:url\" content=\"https:\/\/cannbliss.com\/carrinho\/\" \/>\n<meta property=\"og:site_name\" content=\"Cannbliss\" \/>\n<meta property=\"article:modified_time\" content=\"2023-03-17T17:22:24+00:00\" \/>\n<meta property=\"og:image\" content=\"https:\/\/cannbliss.com\/wp-content\/uploads\/2022\/11\/hortela_6000-vidro-min-1000x1000.jpg\" \/>\n<meta name=\"twitter:card\" content=\"summary_large_image\" \/>\n<meta name=\"twitter:label1\" content=\"Est. reading time\" \/>\n\t<meta name=\"twitter:data1\" content=\"1 minute\" \/>\n<script type=\"application\/ld+json\" class=\"yoast-schema-graph\">{\"@context\":\"https:\/\/schema.org\",\"@graph\":[{\"@type\":\"WebPage\",\"@id\":\"https:\/\/cannbliss.com\/carrinho\/\",\"url\":\"https:\/\/cannbliss.com\/carrinho\/\",\"name\":\"Cart - Cannbliss\",\"isPartOf\":{\"@id\":\"https:\/\/cannbliss.com\/#website\"},\"primaryImageOfPage\":{\"@id\":\"https:\/\/cannbliss.com\/carrinho\/#primaryimage\"},\"image\":{\"@id\":\"https:\/\/cannbliss.com\/carrinho\/#primaryimage\"},\"thumbnailUrl\":\"https:\/\/cannbliss.com\/wp-content\/uploads\/2022\/11\/hortela_6000-vidro-min-1000x1000.jpg\",\"datePublished\":\"2021-02-09T17:56:32+00:00\",\"dateModified\":\"2023-03-17T17:22:24+00:00\",\"inLanguage\":\"en-US\",\"potentialAction\":[{\"@type\":\"ReadAction\",\"target\":[\"https:\/\/cannbliss.com\/carrinho\/\"]}]},{\"@type\":\"ImageObject\",\"inLanguage\":\"en-US\",\"@id\":\"https:\/\/cannbliss.com\/carrinho\/#primaryimage\",\"url\":\"https:\/\/cannbliss.com\/wp-content\/uploads\/2022\/11\/hortela_6000-vidro-min-1000x1000.jpg\",\"contentUrl\":\"https:\/\/cannbliss.com\/wp-content\/uploads\/2022\/11\/hortela_6000-vidro-min-1000x1000.jpg\"},{\"@type\":\"WebSite\",\"@id\":\"https:\/\/cannbliss.com\/#website\",\"url\":\"https:\/\/cannbliss.com\/\",\"name\":\"Cannbliss\",\"description\":\"Produtos \u00e0 Base de \u00d3leo de C\u00e2nhamo\",\"publisher\":{\"@id\":\"https:\/\/cannbliss.com\/#organization\"},\"potentialAction\":[{\"@type\":\"SearchAction\",\"target\":{\"@type\":\"EntryPoint\",\"urlTemplate\":\"https:\/\/cannbliss.com\/?s={search_term_string}\"},\"query-input\":{\"@type\":\"PropertyValueSpecification\",\"valueRequired\":true,\"valueName\":\"search_term_string\"}}],\"inLanguage\":\"en-US\"},{\"@type\":\"Organization\",\"@id\":\"https:\/\/cannbliss.com\/#organization\",\"name\":\"Cannbliss\",\"url\":\"https:\/\/cannbliss.com\/\",\"logo\":{\"@type\":\"ImageObject\",\"inLanguage\":\"en-US\",\"@id\":\"https:\/\/cannbliss.com\/#\/schema\/logo\/image\/\",\"url\":\"https:\/\/cannbliss.com\/wp-content\/uploads\/2022\/11\/cannbliss_verdeescuro.png\",\"contentUrl\":\"https:\/\/cannbliss.com\/wp-content\/uploads\/2022\/11\/cannbliss_verdeescuro.png\",\"width\":1000,\"height\":152,\"caption\":\"Cannbliss\"},\"image\":{\"@id\":\"https:\/\/cannbliss.com\/#\/schema\/logo\/image\/\"}}]}<\/script>\n<!-- \/ Yoast SEO plugin. -->","yoast_head_json":{"title":"Cart - Cannbliss","robots":{"index":"index","follow":"follow","max-snippet":"max-snippet:-1","max-image-preview":"max-image-preview:large","max-video-preview":"max-video-preview:-1"},"canonical":"https:\/\/cannbliss.com\/carrinho\/","og_locale":"en_US","og_type":"article","og_title":"Cart - Cannbliss","og_description":"Remove item Thumbnail image Product Price Quantity Subtotal &times; CBD Oil 20% 6000 mg Full Spectrum &#8211; Mint &euro;169,00 CBD Oil 20% 6000 mg Full Spectrum &#8211; Mint quantity &euro;169,00 &times; CBD Oil 5% 1500 mg Full Spectrum &#8211; Mint &euro;109,00 CBD Oil 5% 1500 mg Full Spectrum &#8211; Mint quantity &euro;109,00 Apply Coupon Cart [&hellip;]","og_url":"https:\/\/cannbliss.com\/carrinho\/","og_site_name":"Cannbliss","article_modified_time":"2023-03-17T17:22:24+00:00","og_image":[{"url":"https:\/\/cannbliss.com\/wp-content\/uploads\/2022\/11\/hortela_6000-vidro-min-1000x1000.jpg","type":"","width":"","height":""}],"twitter_card":"summary_large_image","twitter_misc":{"Est. reading time":"1 minute"},"schema":{"@context":"https:\/\/schema.org","@graph":[{"@type":"WebPage","@id":"https:\/\/cannbliss.com\/carrinho\/","url":"https:\/\/cannbliss.com\/carrinho\/","name":"Cart - Cannbliss","isPartOf":{"@id":"https:\/\/cannbliss.com\/#website"},"primaryImageOfPage":{"@id":"https:\/\/cannbliss.com\/carrinho\/#primaryimage"},"image":{"@id":"https:\/\/cannbliss.com\/carrinho\/#primaryimage"},"thumbnailUrl":"https:\/\/cannbliss.com\/wp-content\/uploads\/2022\/11\/hortela_6000-vidro-min-1000x1000.jpg","datePublished":"2021-02-09T17:56:32+00:00","dateModified":"2023-03-17T17:22:24+00:00","inLanguage":"en-US","potentialAction":[{"@type":"ReadAction","target":["https:\/\/cannbliss.com\/carrinho\/"]}]},{"@type":"ImageObject","inLanguage":"en-US","@id":"https:\/\/cannbliss.com\/carrinho\/#primaryimage","url":"https:\/\/cannbliss.com\/wp-content\/uploads\/2022\/11\/hortela_6000-vidro-min-1000x1000.jpg","contentUrl":"https:\/\/cannbliss.com\/wp-content\/uploads\/2022\/11\/hortela_6000-vidro-min-1000x1000.jpg"},{"@type":"WebSite","@id":"https:\/\/cannbliss.com\/#website","url":"https:\/\/cannbliss.com\/","name":"Cannbliss","description":"Produtos \u00e0 Base de \u00d3leo de C\u00e2nhamo","publisher":{"@id":"https:\/\/cannbliss.com\/#organization"},"potentialAction":[{"@type":"SearchAction","target":{"@type":"EntryPoint","urlTemplate":"https:\/\/cannbliss.com\/?s={search_term_string}"},"query-input":{"@type":"PropertyValueSpecification","valueRequired":true,"valueName":"search_term_string"}}],"inLanguage":"en-US"},{"@type":"Organization","@id":"https:\/\/cannbliss.com\/#organization","name":"Cannbliss","url":"https:\/\/cannbliss.com\/","logo":{"@type":"ImageObject","inLanguage":"en-US","@id":"https:\/\/cannbliss.com\/#\/schema\/logo\/image\/","url":"https:\/\/cannbliss.com\/wp-content\/uploads\/2022\/11\/cannbliss_verdeescuro.png","contentUrl":"https:\/\/cannbliss.com\/wp-content\/uploads\/2022\/11\/cannbliss_verdeescuro.png","width":1000,"height":152,"caption":"Cannbliss"},"image":{"@id":"https:\/\/cannbliss.com\/#\/schema\/logo\/image\/"}}]}},"_links":{"self":[{"href":"https:\/\/cannbliss.com\/en\/wp-json\/wp\/v2\/pages\/4754","targetHints":{"allow":["GET"]}}],"collection":[{"href":"https:\/\/cannbliss.com\/en\/wp-json\/wp\/v2\/pages"}],"about":[{"href":"https:\/\/cannbliss.com\/en\/wp-json\/wp\/v2\/types\/page"}],"author":[{"embeddable":true,"href":"https:\/\/cannbliss.com\/en\/wp-json\/wp\/v2\/users\/1"}],"replies":[{"embeddable":true,"href":"https:\/\/cannbliss.com\/en\/wp-json\/wp\/v2\/comments?post=4754"}],"version-history":[{"count":7,"href":"https:\/\/cannbliss.com\/en\/wp-json\/wp\/v2\/pages\/4754\/revisions"}],"predecessor-version":[{"id":7718,"href":"https:\/\/cannbliss.com\/en\/wp-json\/wp\/v2\/pages\/4754\/revisions\/7718"}],"wp:attachment":[{"href":"https:\/\/cannbliss.com\/en\/wp-json\/wp\/v2\/media?parent=4754"}],"curies":[{"name":"wp","href":"https:\/\/api.w.org\/{rel}","templated":true}]}}